{"id":4966,"date":"2021-02-10T16:10:10","date_gmt":"2021-02-10T16:10:10","guid":{"rendered":"https:\/\/alpontemocenigo.com\/servizio-di-guida-turistica-privata\/"},"modified":"2025-05-21T13:00:43","modified_gmt":"2025-05-21T13:00:43","slug":"private-reisefuehrer-service","status":"publish","type":"page","link":"https:\/\/alpontemocenigo.com\/de\/private-reisefuehrer-service\/","title":{"rendered":"Private Reisef\u00fchrer-Service"},"content":{"rendered":"\n<p>Nutzen Sie unsere Dienste und buchen Sie das private Reisef\u00fchrer-Service.<\/p>\n\n\n\n<p><br>Sie starten direkt im Hotel und ein lokaler Reisef\u00fchrer zeigt Ihnen die Stadt mit einer Tour, die auf Ihre Bed\u00fcrfnisse und Interessen abgestimmt ist.<br><\/p>\n\n\n\n<p>Besuchen Sie die Website f\u00fcr weitere Informationen:&nbsp;<a href=\"http:\/\/2guides4venice.com\/\">http:\/\/2guides4venice.com<\/a><\/p>\n","protected":false},"excerpt":{"rendered":"<p>Nutzen Sie unsere Dienste und buchen Sie das private Reisef\u00fchrer-Service. Sie starten direkt im Hotel und ein lokaler Reisef\u00fchrer zeigt Ihnen die Stadt mit einer Tour, die auf Ihre Bed\u00fcrfnisse und Interessen abgestimmt ist. Besuchen Sie die Website f\u00fcr weitere Informationen:&nbsp;http:\/\/2guides4venice.com<\/p>\n","protected":false},"author":1,"featured_media":0,"parent":0,"menu_order":0,"comment_status":"closed","ping_status":"closed","template":"","meta":{"_acf_changed":false,"footnotes":""},"class_list":["post-4966","page","type-page","status-publish","hentry"],"acf":[],"yoast_head":"<!-- This site is optimized with the Yoast SEO plugin v25.2 - https:\/\/yoast.com\/wordpress\/plugins\/seo\/ -->\n<title>Private Reisef\u00fchrer-Service | Hotel Al Ponte Mocenigo Venedig<\/title>\n<meta name=\"description\" content=\"Entdecken Sie Venedig mit einem privaten Guide. Individuelle Touren ab Hotel. Mehr Infos auf 2guides4venice.com\" \/>\n<meta name=\"robots\" content=\"index, follow, max-snippet:-1, max-image-preview:large, max-video-preview:-1\" \/>\n<link rel=\"canonical\" href=\"https:\/\/alpontemocenigo.com\/de\/private-reisefuehrer-service\/\" \/>\n<meta property=\"og:locale\" content=\"de_DE\" \/>\n<meta property=\"og:type\" content=\"article\" \/>\n<meta property=\"og:title\" content=\"Private Reisef\u00fchrer-Service | Hotel Al Ponte Mocenigo Venedig\" \/>\n<meta property=\"og:description\" content=\"Entdecken Sie Venedig mit einem privaten Guide. Individuelle Touren ab Hotel. Mehr Infos auf 2guides4venice.com\" \/>\n<meta property=\"og:url\" content=\"https:\/\/alpontemocenigo.com\/de\/private-reisefuehrer-service\/\" \/>\n<meta property=\"og:site_name\" content=\"Hotel Al Ponte Mocenigo Venedig\" \/>\n<meta property=\"article:publisher\" content=\"https:\/\/www.facebook.com\/hotelalpontemocenigovenice\/\" \/>\n<meta property=\"article:modified_time\" content=\"2025-05-21T13:00:43+00:00\" \/>\n<meta name=\"twitter:card\" content=\"summary_large_image\" \/>\n<meta name=\"twitter:label1\" content=\"Gesch\u00e4tzte Lesezeit\" \/>\n\t<meta name=\"twitter:data1\" content=\"1\u00a0Minute\" \/>\n<script type=\"application\/ld+json\" class=\"yoast-schema-graph\">{\"@context\":\"https:\/\/schema.org\",\"@graph\":[{\"@type\":\"WebPage\",\"@id\":\"https:\/\/alpontemocenigo.com\/de\/private-reisefuehrer-service\/\",\"url\":\"https:\/\/alpontemocenigo.com\/de\/private-reisefuehrer-service\/\",\"name\":\"Private Reisef\u00fchrer-Service | Hotel Al Ponte Mocenigo Venedig\",\"isPartOf\":{\"@id\":\"https:\/\/alpontemocenigo.com\/de\/#website\"},\"datePublished\":\"2021-02-10T16:10:10+00:00\",\"dateModified\":\"2025-05-21T13:00:43+00:00\",\"description\":\"Entdecken Sie Venedig mit einem privaten Guide. Individuelle Touren ab Hotel. Mehr Infos auf 2guides4venice.com\",\"breadcrumb\":{\"@id\":\"https:\/\/alpontemocenigo.com\/de\/private-reisefuehrer-service\/#breadcrumb\"},\"inLanguage\":\"de\",\"potentialAction\":[{\"@type\":\"ReadAction\",\"target\":[\"https:\/\/alpontemocenigo.com\/de\/private-reisefuehrer-service\/\"]}]},{\"@type\":\"BreadcrumbList\",\"@id\":\"https:\/\/alpontemocenigo.com\/de\/private-reisefuehrer-service\/#breadcrumb\",\"itemListElement\":[{\"@type\":\"ListItem\",\"position\":1,\"name\":\"Home\",\"item\":\"https:\/\/alpontemocenigo.com\/de\/\"},{\"@type\":\"ListItem\",\"position\":2,\"name\":\"Private Reisef\u00fchrer-Service\"}]},{\"@type\":\"WebSite\",\"@id\":\"https:\/\/alpontemocenigo.com\/de\/#website\",\"url\":\"https:\/\/alpontemocenigo.com\/de\/\",\"name\":\"Hotel Al ponte Mocenigo\",\"description\":\"Hotel im Herzen von Venedig\",\"publisher\":{\"@id\":\"https:\/\/alpontemocenigo.com\/de\/#organization\"},\"potentialAction\":[{\"@type\":\"SearchAction\",\"target\":{\"@type\":\"EntryPoint\",\"urlTemplate\":\"https:\/\/alpontemocenigo.com\/de\/?s={search_term_string}\"},\"query-input\":{\"@type\":\"PropertyValueSpecification\",\"valueRequired\":true,\"valueName\":\"search_term_string\"}}],\"inLanguage\":\"de\"},{\"@type\":\"Organization\",\"@id\":\"https:\/\/alpontemocenigo.com\/de\/#organization\",\"name\":\"Hotel Al Ponte Mocenigo Venice\",\"url\":\"https:\/\/alpontemocenigo.com\/de\/\",\"logo\":{\"@type\":\"ImageObject\",\"inLanguage\":\"de\",\"@id\":\"https:\/\/alpontemocenigo.com\/de\/#\/schema\/logo\/image\/\",\"url\":\"https:\/\/alpontemocenigo.com\/wp-content\/uploads\/2020\/10\/logo-v2r.png\",\"contentUrl\":\"https:\/\/alpontemocenigo.com\/wp-content\/uploads\/2020\/10\/logo-v2r.png\",\"width\":268,\"height\":90,\"caption\":\"Hotel Al Ponte Mocenigo Venice\"},\"image\":{\"@id\":\"https:\/\/alpontemocenigo.com\/de\/#\/schema\/logo\/image\/\"},\"sameAs\":[\"https:\/\/www.facebook.com\/hotelalpontemocenigovenice\/\"]}]}<\/script>\n<!-- \/ Yoast SEO plugin. -->","yoast_head_json":{"title":"Private Reisef\u00fchrer-Service | Hotel Al Ponte Mocenigo Venedig","description":"Entdecken Sie Venedig mit einem privaten Guide. Individuelle Touren ab Hotel. Mehr Infos auf 2guides4venice.com","robots":{"index":"index","follow":"follow","max-snippet":"max-snippet:-1","max-image-preview":"max-image-preview:large","max-video-preview":"max-video-preview:-1"},"canonical":"https:\/\/alpontemocenigo.com\/de\/private-reisefuehrer-service\/","og_locale":"de_DE","og_type":"article","og_title":"Private Reisef\u00fchrer-Service | Hotel Al Ponte Mocenigo Venedig","og_description":"Entdecken Sie Venedig mit einem privaten Guide. Individuelle Touren ab Hotel. Mehr Infos auf 2guides4venice.com","og_url":"https:\/\/alpontemocenigo.com\/de\/private-reisefuehrer-service\/","og_site_name":"Hotel Al Ponte Mocenigo Venedig","article_publisher":"https:\/\/www.facebook.com\/hotelalpontemocenigovenice\/","article_modified_time":"2025-05-21T13:00:43+00:00","twitter_card":"summary_large_image","twitter_misc":{"Gesch\u00e4tzte Lesezeit":"1\u00a0Minute"},"schema":{"@context":"https:\/\/schema.org","@graph":[{"@type":"WebPage","@id":"https:\/\/alpontemocenigo.com\/de\/private-reisefuehrer-service\/","url":"https:\/\/alpontemocenigo.com\/de\/private-reisefuehrer-service\/","name":"Private Reisef\u00fchrer-Service | Hotel Al Ponte Mocenigo Venedig","isPartOf":{"@id":"https:\/\/alpontemocenigo.com\/de\/#website"},"datePublished":"2021-02-10T16:10:10+00:00","dateModified":"2025-05-21T13:00:43+00:00","description":"Entdecken Sie Venedig mit einem privaten Guide. Individuelle Touren ab Hotel. Mehr Infos auf 2guides4venice.com","breadcrumb":{"@id":"https:\/\/alpontemocenigo.com\/de\/private-reisefuehrer-service\/#breadcrumb"},"inLanguage":"de","potentialAction":[{"@type":"ReadAction","target":["https:\/\/alpontemocenigo.com\/de\/private-reisefuehrer-service\/"]}]},{"@type":"BreadcrumbList","@id":"https:\/\/alpontemocenigo.com\/de\/private-reisefuehrer-service\/#breadcrumb","itemListElement":[{"@type":"ListItem","position":1,"name":"Home","item":"https:\/\/alpontemocenigo.com\/de\/"},{"@type":"ListItem","position":2,"name":"Private Reisef\u00fchrer-Service"}]},{"@type":"WebSite","@id":"https:\/\/alpontemocenigo.com\/de\/#website","url":"https:\/\/alpontemocenigo.com\/de\/","name":"Hotel Al ponte Mocenigo","description":"Hotel im Herzen von Venedig","publisher":{"@id":"https:\/\/alpontemocenigo.com\/de\/#organization"},"potentialAction":[{"@type":"SearchAction","target":{"@type":"EntryPoint","urlTemplate":"https:\/\/alpontemocenigo.com\/de\/?s={search_term_string}"},"query-input":{"@type":"PropertyValueSpecification","valueRequired":true,"valueName":"search_term_string"}}],"inLanguage":"de"},{"@type":"Organization","@id":"https:\/\/alpontemocenigo.com\/de\/#organization","name":"Hotel Al Ponte Mocenigo Venice","url":"https:\/\/alpontemocenigo.com\/de\/","logo":{"@type":"ImageObject","inLanguage":"de","@id":"https:\/\/alpontemocenigo.com\/de\/#\/schema\/logo\/image\/","url":"https:\/\/alpontemocenigo.com\/wp-content\/uploads\/2020\/10\/logo-v2r.png","contentUrl":"https:\/\/alpontemocenigo.com\/wp-content\/uploads\/2020\/10\/logo-v2r.png","width":268,"height":90,"caption":"Hotel Al Ponte Mocenigo Venice"},"image":{"@id":"https:\/\/alpontemocenigo.com\/de\/#\/schema\/logo\/image\/"},"sameAs":["https:\/\/www.facebook.com\/hotelalpontemocenigovenice\/"]}]}},"_links":{"self":[{"href":"https:\/\/alpontemocenigo.com\/de\/wp-json\/wp\/v2\/pages\/4966","targetHints":{"allow":["GET"]}}],"collection":[{"href":"https:\/\/alpontemocenigo.com\/de\/wp-json\/wp\/v2\/pages"}],"about":[{"href":"https:\/\/alpontemocenigo.com\/de\/wp-json\/wp\/v2\/types\/page"}],"author":[{"embeddable":true,"href":"https:\/\/alpontemocenigo.com\/de\/wp-json\/wp\/v2\/users\/1"}],"replies":[{"embeddable":true,"href":"https:\/\/alpontemocenigo.com\/de\/wp-json\/wp\/v2\/comments?post=4966"}],"version-history":[{"count":2,"href":"https:\/\/alpontemocenigo.com\/de\/wp-json\/wp\/v2\/pages\/4966\/revisions"}],"predecessor-version":[{"id":5493,"href":"https:\/\/alpontemocenigo.com\/de\/wp-json\/wp\/v2\/pages\/4966\/revisions\/5493"}],"wp:attachment":[{"href":"https:\/\/alpontemocenigo.com\/de\/wp-json\/wp\/v2\/media?parent=4966"}],"curies":[{"name":"wp","href":"https:\/\/api.w.org\/{rel}","templated":true}]}}