{"id":578,"date":"2020-10-14T09:36:16","date_gmt":"2020-10-14T09:36:16","guid":{"rendered":"https:\/\/alpontemocenigo.test\/?page_id=578"},"modified":"2020-12-11T14:21:13","modified_gmt":"2020-12-11T14:21:13","slug":"home","status":"publish","type":"page","link":"https:\/\/alpontemocenigo.com\/de\/","title":{"rendered":"Home"},"content":{"rendered":"","protected":false},"excerpt":{"rendered":"","protected":false},"author":1,"featured_media":0,"parent":0,"menu_order":0,"comment_status":"closed","ping_status":"closed","template":"","meta":{"_acf_changed":false,"footnotes":""},"class_list":["post-578","page","type-page","status-publish","hentry"],"acf":[],"yoast_head":"<!-- This site is optimized with the Yoast SEO plugin v25.2 - https:\/\/yoast.com\/wordpress\/plugins\/seo\/ -->\n<title>Hotel Al Ponte Mocenigo Venedig | Hotel im Herzen von Venedig<\/title>\n<meta name=\"description\" content=\"Das Hotel Al Ponte Mocenigo Venedig genie\u00dft eine au\u00dfergew\u00f6hnliche Lage im Herzen von Venedig: wenige Minuten von der Rialto-Br\u00fccke und nur 15 Minuten von der Piazza San Marco entfernt.\" \/>\n<meta name=\"robots\" content=\"index, follow, max-snippet:-1, max-image-preview:large, max-video-preview:-1\" \/>\n<link rel=\"canonical\" href=\"https:\/\/alpontemocenigo.com\/de\/\" \/>\n<meta property=\"og:locale\" content=\"de_DE\" \/>\n<meta property=\"og:type\" content=\"article\" \/>\n<meta property=\"og:title\" content=\"Hotel Al Ponte Mocenigo Venedig | Hotel im Herzen von Venedig\" \/>\n<meta property=\"og:description\" content=\"Das Hotel Al Ponte Mocenigo Venedig genie\u00dft eine au\u00dfergew\u00f6hnliche Lage im Herzen von Venedig: wenige Minuten von der Rialto-Br\u00fccke und nur 15 Minuten von der Piazza San Marco entfernt.\" \/>\n<meta property=\"og:url\" content=\"https:\/\/alpontemocenigo.com\/de\/\" \/>\n<meta property=\"og:site_name\" content=\"Hotel Al Ponte Mocenigo Venedig\" \/>\n<meta property=\"article:publisher\" content=\"https:\/\/www.facebook.com\/hotelalpontemocenigovenice\/\" \/>\n<meta property=\"article:modified_time\" content=\"2020-12-11T14:21:13+00:00\" \/>\n<meta name=\"twitter:card\" content=\"summary_large_image\" \/>\n<script type=\"application\/ld+json\" class=\"yoast-schema-graph\">{\"@context\":\"https:\/\/schema.org\",\"@graph\":[{\"@type\":\"WebPage\",\"@id\":\"https:\/\/alpontemocenigo.com\/de\/\",\"url\":\"https:\/\/alpontemocenigo.com\/de\/\",\"name\":\"Hotel Al Ponte Mocenigo Venedig | Hotel im Herzen von Venedig\",\"isPartOf\":{\"@id\":\"https:\/\/alpontemocenigo.com\/de\/#website\"},\"datePublished\":\"2020-10-14T09:36:16+00:00\",\"dateModified\":\"2020-12-11T14:21:13+00:00\",\"description\":\"Das Hotel Al Ponte Mocenigo Venedig genie\u00dft eine au\u00dfergew\u00f6hnliche Lage im Herzen von Venedig: wenige Minuten von der Rialto-Br\u00fccke und nur 15 Minuten von der Piazza San Marco entfernt.\",\"breadcrumb\":{\"@id\":\"https:\/\/alpontemocenigo.com\/de\/#breadcrumb\"},\"inLanguage\":\"de\",\"potentialAction\":[{\"@type\":\"ReadAction\",\"target\":[\"https:\/\/alpontemocenigo.com\/de\/\"]}]},{\"@type\":\"BreadcrumbList\",\"@id\":\"https:\/\/alpontemocenigo.com\/de\/#breadcrumb\",\"itemListElement\":[{\"@type\":\"ListItem\",\"position\":1,\"name\":\"Home\",\"item\":\"https:\/\/alpontemocenigo.com\/de\/\"},{\"@type\":\"ListItem\",\"position\":2,\"name\":\"Home\"}]},{\"@type\":\"WebSite\",\"@id\":\"https:\/\/alpontemocenigo.com\/de\/#website\",\"url\":\"https:\/\/alpontemocenigo.com\/de\/\",\"name\":\"Hotel Al ponte Mocenigo\",\"description\":\"Hotel im Herzen von Venedig\",\"publisher\":{\"@id\":\"https:\/\/alpontemocenigo.com\/de\/#organization\"},\"potentialAction\":[{\"@type\":\"SearchAction\",\"target\":{\"@type\":\"EntryPoint\",\"urlTemplate\":\"https:\/\/alpontemocenigo.com\/de\/?s={search_term_string}\"},\"query-input\":{\"@type\":\"PropertyValueSpecification\",\"valueRequired\":true,\"valueName\":\"search_term_string\"}}],\"inLanguage\":\"de\"},{\"@type\":\"Organization\",\"@id\":\"https:\/\/alpontemocenigo.com\/de\/#organization\",\"name\":\"Hotel Al Ponte Mocenigo Venice\",\"url\":\"https:\/\/alpontemocenigo.com\/de\/\",\"logo\":{\"@type\":\"ImageObject\",\"inLanguage\":\"de\",\"@id\":\"https:\/\/alpontemocenigo.com\/de\/#\/schema\/logo\/image\/\",\"url\":\"https:\/\/alpontemocenigo.com\/wp-content\/uploads\/2020\/10\/logo-v2r.png\",\"contentUrl\":\"https:\/\/alpontemocenigo.com\/wp-content\/uploads\/2020\/10\/logo-v2r.png\",\"width\":268,\"height\":90,\"caption\":\"Hotel Al Ponte Mocenigo Venice\"},\"image\":{\"@id\":\"https:\/\/alpontemocenigo.com\/de\/#\/schema\/logo\/image\/\"},\"sameAs\":[\"https:\/\/www.facebook.com\/hotelalpontemocenigovenice\/\"]}]}<\/script>\n<!-- \/ Yoast SEO plugin. -->","yoast_head_json":{"title":"Hotel Al Ponte Mocenigo Venedig | Hotel im Herzen von Venedig","description":"Das Hotel Al Ponte Mocenigo Venedig genie\u00dft eine au\u00dfergew\u00f6hnliche Lage im Herzen von Venedig: wenige Minuten von der Rialto-Br\u00fccke und nur 15 Minuten von der Piazza San Marco entfernt.","robots":{"index":"index","follow":"follow","max-snippet":"max-snippet:-1","max-image-preview":"max-image-preview:large","max-video-preview":"max-video-preview:-1"},"canonical":"https:\/\/alpontemocenigo.com\/de\/","og_locale":"de_DE","og_type":"article","og_title":"Hotel Al Ponte Mocenigo Venedig | Hotel im Herzen von Venedig","og_description":"Das Hotel Al Ponte Mocenigo Venedig genie\u00dft eine au\u00dfergew\u00f6hnliche Lage im Herzen von Venedig: wenige Minuten von der Rialto-Br\u00fccke und nur 15 Minuten von der Piazza San Marco entfernt.","og_url":"https:\/\/alpontemocenigo.com\/de\/","og_site_name":"Hotel Al Ponte Mocenigo Venedig","article_publisher":"https:\/\/www.facebook.com\/hotelalpontemocenigovenice\/","article_modified_time":"2020-12-11T14:21:13+00:00","twitter_card":"summary_large_image","schema":{"@context":"https:\/\/schema.org","@graph":[{"@type":"WebPage","@id":"https:\/\/alpontemocenigo.com\/de\/","url":"https:\/\/alpontemocenigo.com\/de\/","name":"Hotel Al Ponte Mocenigo Venedig | Hotel im Herzen von Venedig","isPartOf":{"@id":"https:\/\/alpontemocenigo.com\/de\/#website"},"datePublished":"2020-10-14T09:36:16+00:00","dateModified":"2020-12-11T14:21:13+00:00","description":"Das Hotel Al Ponte Mocenigo Venedig genie\u00dft eine au\u00dfergew\u00f6hnliche Lage im Herzen von Venedig: wenige Minuten von der Rialto-Br\u00fccke und nur 15 Minuten von der Piazza San Marco entfernt.","breadcrumb":{"@id":"https:\/\/alpontemocenigo.com\/de\/#breadcrumb"},"inLanguage":"de","potentialAction":[{"@type":"ReadAction","target":["https:\/\/alpontemocenigo.com\/de\/"]}]},{"@type":"BreadcrumbList","@id":"https:\/\/alpontemocenigo.com\/de\/#breadcrumb","itemListElement":[{"@type":"ListItem","position":1,"name":"Home","item":"https:\/\/alpontemocenigo.com\/de\/"},{"@type":"ListItem","position":2,"name":"Home"}]},{"@type":"WebSite","@id":"https:\/\/alpontemocenigo.com\/de\/#website","url":"https:\/\/alpontemocenigo.com\/de\/","name":"Hotel Al ponte Mocenigo","description":"Hotel im Herzen von Venedig","publisher":{"@id":"https:\/\/alpontemocenigo.com\/de\/#organization"},"potentialAction":[{"@type":"SearchAction","target":{"@type":"EntryPoint","urlTemplate":"https:\/\/alpontemocenigo.com\/de\/?s={search_term_string}"},"query-input":{"@type":"PropertyValueSpecification","valueRequired":true,"valueName":"search_term_string"}}],"inLanguage":"de"},{"@type":"Organization","@id":"https:\/\/alpontemocenigo.com\/de\/#organization","name":"Hotel Al Ponte Mocenigo Venice","url":"https:\/\/alpontemocenigo.com\/de\/","logo":{"@type":"ImageObject","inLanguage":"de","@id":"https:\/\/alpontemocenigo.com\/de\/#\/schema\/logo\/image\/","url":"https:\/\/alpontemocenigo.com\/wp-content\/uploads\/2020\/10\/logo-v2r.png","contentUrl":"https:\/\/alpontemocenigo.com\/wp-content\/uploads\/2020\/10\/logo-v2r.png","width":268,"height":90,"caption":"Hotel Al Ponte Mocenigo Venice"},"image":{"@id":"https:\/\/alpontemocenigo.com\/de\/#\/schema\/logo\/image\/"},"sameAs":["https:\/\/www.facebook.com\/hotelalpontemocenigovenice\/"]}]}},"_links":{"self":[{"href":"https:\/\/alpontemocenigo.com\/de\/wp-json\/wp\/v2\/pages\/578","targetHints":{"allow":["GET"]}}],"collection":[{"href":"https:\/\/alpontemocenigo.com\/de\/wp-json\/wp\/v2\/pages"}],"about":[{"href":"https:\/\/alpontemocenigo.com\/de\/wp-json\/wp\/v2\/types\/page"}],"author":[{"embeddable":true,"href":"https:\/\/alpontemocenigo.com\/de\/wp-json\/wp\/v2\/users\/1"}],"replies":[{"embeddable":true,"href":"https:\/\/alpontemocenigo.com\/de\/wp-json\/wp\/v2\/comments?post=578"}],"version-history":[{"count":15,"href":"https:\/\/alpontemocenigo.com\/de\/wp-json\/wp\/v2\/pages\/578\/revisions"}],"predecessor-version":[{"id":3824,"href":"https:\/\/alpontemocenigo.com\/de\/wp-json\/wp\/v2\/pages\/578\/revisions\/3824"}],"wp:attachment":[{"href":"https:\/\/alpontemocenigo.com\/de\/wp-json\/wp\/v2\/media?parent=578"}],"curies":[{"name":"wp","href":"https:\/\/api.w.org\/{rel}","templated":true}]}}