{"id":582,"date":"2020-10-14T09:42:18","date_gmt":"2020-10-14T09:42:18","guid":{"rendered":"https:\/\/alpontemocenigo.test\/?page_id=582"},"modified":"2025-05-21T12:46:21","modified_gmt":"2025-05-21T12:46:21","slug":"lage","status":"publish","type":"page","link":"https:\/\/alpontemocenigo.com\/de\/lage\/","title":{"rendered":"Lage"},"content":{"rendered":"\n<h3 class=\"wp-block-heading\">Ein paar Minuten nur bis Rialto<\/h3>\n\n\n\n<div style=\"height:20px\" aria-hidden=\"true\" class=\"wp-block-spacer\"><\/div>\n\n\n\n<div class=\"wp-block-group\"><div class=\"wp-block-group__inner-container is-layout-flow wp-block-group-is-layout-flow\">\n<figure class=\"wp-block-gallery columns-2 is-cropped wp-block-gallery-1 is-layout-flex wp-block-gallery-is-layout-flex\"><ul class=\"blocks-gallery-grid\"><li class=\"blocks-gallery-item\"><figure><img loading=\"lazy\" decoding=\"async\" width=\"800\" height=\"530\" src=\"https:\/\/alpontemocenigo.com\/wp-content\/uploads\/2020\/10\/Canal-grande-Venezia-55445-1.jpg\" alt=\"\" data-id=\"224\" data-full-url=\"https:\/\/alpontemocenigo.com\/wp-content\/uploads\/2020\/10\/Canal-grande-Venezia-55445-1.jpg\" data-link=\"https:\/\/alpontemocenigo.com\/?attachment_id=224\" class=\"wp-image-224\" srcset=\"https:\/\/alpontemocenigo.com\/wp-content\/uploads\/2020\/10\/Canal-grande-Venezia-55445-1.jpg 800w, https:\/\/alpontemocenigo.com\/wp-content\/uploads\/2020\/10\/Canal-grande-Venezia-55445-1-300x199.jpg 300w, https:\/\/alpontemocenigo.com\/wp-content\/uploads\/2020\/10\/Canal-grande-Venezia-55445-1-768x509.jpg 768w\" sizes=\"auto, (max-width: 800px) 100vw, 800px\" \/><\/figure><\/li><li class=\"blocks-gallery-item\"><figure><img loading=\"lazy\" decoding=\"async\" width=\"840\" height=\"560\" src=\"https:\/\/alpontemocenigo.com\/wp-content\/uploads\/2020\/10\/DSC_9666.jpg\" alt=\"\" data-id=\"664\" data-full-url=\"https:\/\/alpontemocenigo.com\/wp-content\/uploads\/2020\/10\/DSC_9666.jpg\" data-link=\"https:\/\/alpontemocenigo.com\/?attachment_id=664\" class=\"wp-image-664\" srcset=\"https:\/\/alpontemocenigo.com\/wp-content\/uploads\/2020\/10\/DSC_9666.jpg 840w, https:\/\/alpontemocenigo.com\/wp-content\/uploads\/2020\/10\/DSC_9666-300x200.jpg 300w, https:\/\/alpontemocenigo.com\/wp-content\/uploads\/2020\/10\/DSC_9666-768x512.jpg 768w\" sizes=\"auto, (max-width: 840px) 100vw, 840px\" \/><\/figure><\/li><\/ul><\/figure>\n\n\n\n<div style=\"height:20px\" aria-hidden=\"true\" class=\"wp-block-spacer\"><\/div>\n<\/div><\/div>\n\n\n\n<p>Das Hotel Al Ponte Mocenigo liegt knapp zwei Schritte von der <strong>Rialto \u2013 Br\u00fccke entfernt<\/strong>, hinter der wundersch\u00f6nen <strong>Kirche von San Stae<\/strong>, in einem besonders ruhigen und charakteristischen Bezirk Venedigs, abgelegen von den typisch touristischen Routen und dennoch mitten in der Stadt. W\u00e4hrend man zwischen den calli (Gassen)und den campielli (Pl\u00e4tzen) rund um das Hotel spazieren geht, hat man die M\u00f6glichkeit, versteckte und bezaubernde Eckchen zu entdecken, die sonst sehr leicht \u00fcbersehen werden.<\/p>\n\n\n\n<p>Das Hotel Al Ponte Mocenigo liegt au\u00dferdem nur knapp 15 Minuten von <strong>Piazza San Marco<\/strong> entfernt, welche zu Fu\u00df oder mit dem Dampfboot erreichbar ist und somit zum idealen Ausgangspunkt f\u00fcr jedes Ausflugsziel wird. Das Hotel liegt weniger als 50 Meter von der Vaporetto-Haltestelle San Stae entfernt, die rund um die Uhr in Betrieb ist und erreicht wird, ohne Br\u00fccken \u00fcberqueren zu m\u00fcssen.<\/p>\n\n\n\n<div style=\"height:36px\" aria-hidden=\"true\" class=\"wp-block-spacer\"><\/div>\n\n\n\n<h3 class=\"wp-block-heading\">Wie Sie uns erreichen<\/h3>\n\n\n\n<h3 class=\"wp-block-heading\">Mit dem Flugzeug<\/h3>\n\n\n\n<p>Um das Hotel Al Ponte Mocenigo von Venedigs Flughafen \u201eMarco Polo\u201c zu erreichen, k\u00f6nnen Sie ein Wassertaxi nehmen und direkt bis vor den Hoteleingang kommen, oder die \u00f6ffentliche Bootslinie \u201eAlilaguna\u201c nehmen \u2013 Orange Linie, Haltestelle San Stae nur 50 Meter vom Hotel entfernt.<\/p>\n\n\n\n<p>Alternativ erreichen Sie mit dem direkten \u00f6ffentlichen Bus \u201eVenezia Air Terminal\u201c in 20 Minuten Piazzale Roma. Dann geht es weiter, wie bei \u201eMit dem Zug\u201c beschrieben.<\/p>\n\n\n\n<h3 class=\"wp-block-heading\">Mit dem Auto<\/h3>\n\n\n\n<p>Sie k\u00f6nnen Ihren Wagen auf dem Piazzale Roma oder am Tronchetto parken, dann nehmen Sie das Dampfboot Nr. 2 bis zum Piazzale Roma. Dann geht es weiter, wie bei \u201eMit dem Zug\u201c beschrieben.<\/p>\n\n\n\n<h3 class=\"wp-block-heading\">Mit dem Zug<\/h3>\n\n\n\n<p>Nehmen Sie das Vaporetto der Linie 1 (nachts das der Linie N) und steigen Sie an der Haltestelle San Stae aus. Dann gehen Sie etwa 50 Meter die Salizada San Stae geradeaus entlang. Rechts bei der Hausnummer 1985 finden Sie den Hoteleingang.<\/p>\n\n\n\n<div style=\"height:20px\" aria-hidden=\"true\" class=\"wp-block-spacer\"><\/div>\n\n\n\n<iframe loading=\"lazy\" src=\"https:\/\/www.google.com\/maps\/embed?pb=!1m14!1m8!1m3!1d11197.71160823853!2d12.3301865!3d45.4410327!3m2!1i1024!2i768!4f13.1!3m3!1m2!1s0x0%3A0x16ba87828e3d21db!2sHotel%20Al%20Ponte%20Mocenigo!5e0!3m2!1sit!2sit!4v1606493382476!5m2!1sit!2sit\" width=\"100%\" height=\"300\" frameborder=\"0\" style=\"border:0;\" allowfullscreen=\"\" aria-hidden=\"false\" tabindex=\"0\"><\/iframe>\n\n\n\n<div style=\"height:20px\" aria-hidden=\"true\" class=\"wp-block-spacer\"><\/div>\n\n\n\n<p class=\"has-text-align-center\"><strong><strong>Umgebung<\/strong><\/strong><\/p>\n\n\n\n<p><br>In der Umgebung dieses eleganten und komfortablen <strong>Hotels Venedigs<\/strong> liegen viele Museen und Pal\u00e4ste von architektonischem, historischem und kulturellen Interesse. Ein Beispiel ist die <strong>Ca\u2018 Pesaro<\/strong>, ein herrlicher barocker Palast, in dem gleich zwei Museen untergebracht sind: das <strong>Museum f\u00fcr orientalische Kunst<\/strong> und die <strong>Internationale Galerie f\u00fcr Moderne Kunst <\/strong>von Venedig, in der man unter anderem Gem\u00e4lde und Skulpturen von Klimt, Chagall, Kandinsky und Rodin bewundern kann.<\/p>\n\n\n\n<p><br>Au\u00dferdem seien in umgehender N\u00e4he, das <strong>naturgeschichtliche Museum<\/strong> und der <strong>Palazzo Mocenigo<\/strong> genannt, letzterer ist der antike Wohnsitz der Familie Mocenigo, heute Niederlassung des Museums und des Studienzentrums der Geschichte der Stoffe und der lokalen Kost\u00fcme.<\/p>\n\n\n\n<p>In der Umgebung empfehlen wir Ihnen einen Besuch des Campo San Giacomo, <strong>Campo dei Frari, San Rocco <\/strong>und Campo Santa Margherita, besondere \u201evenezianische\u201c und eindrucksvolle Stadtbereiche, die tags\u00fcber und abends besonders lebhaft sind. Des weiteren charakteristisch sind auch der nahe gelegene Fisch- und Obstmarkt, der jeden Morgen die Gegend von Rialto mit seinen bunten Marktst\u00e4nden belebt.<\/p>\n\n\n\n<div style=\"height:20px\" aria-hidden=\"true\" class=\"wp-block-spacer\"><\/div>\n\n\n\n<figure class=\"wp-block-gallery columns-3 is-cropped\"><ul class=\"blocks-gallery-grid\"><li class=\"blocks-gallery-item\"><figure><a href=\"https:\/\/alpontemocenigo.com\/wp-content\/uploads\/2020\/10\/rialto_pescheria_bdt.jpg\"><img loading=\"lazy\" decoding=\"async\" width=\"840\" height=\"560\" src=\"https:\/\/alpontemocenigo.com\/wp-content\/uploads\/2020\/10\/rialto_pescheria_bdt.jpg\" alt=\"\" data-id=\"676\" data-full-url=\"https:\/\/alpontemocenigo.com\/wp-content\/uploads\/2020\/10\/rialto_pescheria_bdt.jpg\" data-link=\"https:\/\/alpontemocenigo.com\/location\/rialto_pescheria_bdt\/\" class=\"wp-image-676\" srcset=\"https:\/\/alpontemocenigo.com\/wp-content\/uploads\/2020\/10\/rialto_pescheria_bdt.jpg 840w, https:\/\/alpontemocenigo.com\/wp-content\/uploads\/2020\/10\/rialto_pescheria_bdt-300x200.jpg 300w, https:\/\/alpontemocenigo.com\/wp-content\/uploads\/2020\/10\/rialto_pescheria_bdt-768x512.jpg 768w\" sizes=\"auto, (max-width: 840px) 100vw, 840px\" \/><\/a><\/figure><\/li><li class=\"blocks-gallery-item\"><figure><a href=\"https:\/\/alpontemocenigo.com\/wp-content\/uploads\/2020\/10\/Fotolia_68104054_L.jpg\"><img loading=\"lazy\" decoding=\"async\" width=\"840\" height=\"560\" src=\"https:\/\/alpontemocenigo.com\/wp-content\/uploads\/2020\/10\/Fotolia_68104054_L.jpg\" alt=\"\" data-id=\"670\" data-full-url=\"https:\/\/alpontemocenigo.com\/wp-content\/uploads\/2020\/10\/Fotolia_68104054_L.jpg\" data-link=\"https:\/\/alpontemocenigo.com\/location\/fotolia_68104054_l\/\" class=\"wp-image-670\" srcset=\"https:\/\/alpontemocenigo.com\/wp-content\/uploads\/2020\/10\/Fotolia_68104054_L.jpg 840w, https:\/\/alpontemocenigo.com\/wp-content\/uploads\/2020\/10\/Fotolia_68104054_L-300x200.jpg 300w, https:\/\/alpontemocenigo.com\/wp-content\/uploads\/2020\/10\/Fotolia_68104054_L-768x512.jpg 768w\" sizes=\"auto, (max-width: 840px) 100vw, 840px\" \/><\/a><\/figure><\/li><li class=\"blocks-gallery-item\"><figure><a href=\"https:\/\/alpontemocenigo.com\/wp-content\/uploads\/2020\/10\/DSC_9651.jpg\"><img loading=\"lazy\" decoding=\"async\" width=\"840\" height=\"560\" src=\"https:\/\/alpontemocenigo.com\/wp-content\/uploads\/2020\/10\/DSC_9651.jpg\" alt=\"\" data-id=\"658\" data-full-url=\"https:\/\/alpontemocenigo.com\/wp-content\/uploads\/2020\/10\/DSC_9651.jpg\" data-link=\"https:\/\/alpontemocenigo.com\/location\/dsc_9651\/\" class=\"wp-image-658\" srcset=\"https:\/\/alpontemocenigo.com\/wp-content\/uploads\/2020\/10\/DSC_9651.jpg 840w, https:\/\/alpontemocenigo.com\/wp-content\/uploads\/2020\/10\/DSC_9651-300x200.jpg 300w, https:\/\/alpontemocenigo.com\/wp-content\/uploads\/2020\/10\/DSC_9651-768x512.jpg 768w\" sizes=\"auto, (max-width: 840px) 100vw, 840px\" \/><\/a><\/figure><\/li><li class=\"blocks-gallery-item\"><figure><a href=\"https:\/\/alpontemocenigo.com\/wp-content\/uploads\/2020\/10\/ca-pesaro-1.jpg\"><img loading=\"lazy\" decoding=\"async\" width=\"840\" height=\"560\" src=\"https:\/\/alpontemocenigo.com\/wp-content\/uploads\/2020\/10\/ca-pesaro-1.jpg\" alt=\"\" data-id=\"652\" data-full-url=\"https:\/\/alpontemocenigo.com\/wp-content\/uploads\/2020\/10\/ca-pesaro-1.jpg\" data-link=\"https:\/\/alpontemocenigo.com\/location\/ca-pesaro-1\/\" class=\"wp-image-652\" srcset=\"https:\/\/alpontemocenigo.com\/wp-content\/uploads\/2020\/10\/ca-pesaro-1.jpg 840w, https:\/\/alpontemocenigo.com\/wp-content\/uploads\/2020\/10\/ca-pesaro-1-300x200.jpg 300w, https:\/\/alpontemocenigo.com\/wp-content\/uploads\/2020\/10\/ca-pesaro-1-768x512.jpg 768w\" sizes=\"auto, (max-width: 840px) 100vw, 840px\" \/><\/a><\/figure><\/li><li class=\"blocks-gallery-item\"><figure><a href=\"https:\/\/alpontemocenigo.com\/wp-content\/uploads\/2020\/10\/cadoro.jpg\"><img loading=\"lazy\" decoding=\"async\" width=\"840\" height=\"560\" src=\"https:\/\/alpontemocenigo.com\/wp-content\/uploads\/2020\/10\/cadoro.jpg\" alt=\"\" data-id=\"524\" data-full-url=\"https:\/\/alpontemocenigo.com\/wp-content\/uploads\/2020\/10\/cadoro.jpg\" data-link=\"https:\/\/alpontemocenigo.com\/home\/cadoro\/\" class=\"wp-image-524\" srcset=\"https:\/\/alpontemocenigo.com\/wp-content\/uploads\/2020\/10\/cadoro.jpg 840w, https:\/\/alpontemocenigo.com\/wp-content\/uploads\/2020\/10\/cadoro-300x200.jpg 300w, https:\/\/alpontemocenigo.com\/wp-content\/uploads\/2020\/10\/cadoro-768x512.jpg 768w\" sizes=\"auto, (max-width: 840px) 100vw, 840px\" \/><\/a><\/figure><\/li><li class=\"blocks-gallery-item\"><figure><a href=\"https:\/\/alpontemocenigo.com\/wp-content\/uploads\/2020\/10\/venezia_piazza_san_marco.jpg\"><img loading=\"lazy\" decoding=\"async\" width=\"840\" height=\"560\" src=\"https:\/\/alpontemocenigo.com\/wp-content\/uploads\/2020\/10\/venezia_piazza_san_marco.jpg\" alt=\"\" data-id=\"516\" data-full-url=\"https:\/\/alpontemocenigo.com\/wp-content\/uploads\/2020\/10\/venezia_piazza_san_marco.jpg\" data-link=\"https:\/\/alpontemocenigo.com\/home\/venezia_piazza_san_marco\/\" class=\"wp-image-516\" srcset=\"https:\/\/alpontemocenigo.com\/wp-content\/uploads\/2020\/10\/venezia_piazza_san_marco.jpg 840w, https:\/\/alpontemocenigo.com\/wp-content\/uploads\/2020\/10\/venezia_piazza_san_marco-300x200.jpg 300w, https:\/\/alpontemocenigo.com\/wp-content\/uploads\/2020\/10\/venezia_piazza_san_marco-768x512.jpg 768w\" sizes=\"auto, (max-width: 840px) 100vw, 840px\" \/><\/a><\/figure><\/li><\/ul><\/figure>\n","protected":false},"excerpt":{"rendered":"<p>Ein paar Minuten nur bis Rialto Das Hotel Al Ponte Mocenigo liegt knapp zwei Schritte von der Rialto \u2013 Br\u00fccke entfernt, hinter der wundersch\u00f6nen Kirche von San Stae, in einem besonders ruhigen und charakteristischen Bezirk Venedigs, abgelegen von den typisch touristischen Routen und dennoch mitten in der Stadt. W\u00e4hrend man zwischen den calli (Gassen)und den [&hellip;]<\/p>\n","protected":false},"author":1,"featured_media":0,"parent":0,"menu_order":0,"comment_status":"closed","ping_status":"closed","template":"","meta":{"_acf_changed":false,"footnotes":""},"class_list":["post-582","page","type-page","status-publish","hentry"],"acf":[],"yoast_head":"<!-- This site is optimized with the Yoast SEO plugin v25.2 - https:\/\/yoast.com\/wordpress\/plugins\/seo\/ -->\n<title>Lage | Hotel Al Ponte Mocenigo Venedig<\/title>\n<meta name=\"description\" content=\"Lage: das Hotel Al Ponte Mocenigo liegt knapp zwei Schritte von der Rialto \u2013 Br\u00fccke entfernt, hinter der wundersch\u00f6nen Kirche von San Stae.\" \/>\n<meta name=\"robots\" content=\"index, follow, max-snippet:-1, max-image-preview:large, max-video-preview:-1\" \/>\n<link rel=\"canonical\" href=\"https:\/\/alpontemocenigo.com\/de\/lage\/\" \/>\n<meta property=\"og:locale\" content=\"de_DE\" \/>\n<meta property=\"og:type\" content=\"article\" \/>\n<meta property=\"og:title\" content=\"Lage | Hotel Al Ponte Mocenigo Venedig\" \/>\n<meta property=\"og:description\" content=\"Lage: das Hotel Al Ponte Mocenigo liegt knapp zwei Schritte von der Rialto \u2013 Br\u00fccke entfernt, hinter der wundersch\u00f6nen Kirche von San Stae.\" \/>\n<meta property=\"og:url\" content=\"https:\/\/alpontemocenigo.com\/de\/lage\/\" \/>\n<meta property=\"og:site_name\" content=\"Hotel Al Ponte Mocenigo Venedig\" \/>\n<meta property=\"article:publisher\" content=\"https:\/\/www.facebook.com\/hotelalpontemocenigovenice\/\" \/>\n<meta property=\"article:modified_time\" content=\"2025-05-21T12:46:21+00:00\" \/>\n<meta property=\"og:image\" content=\"https:\/\/alpontemocenigo.com\/wp-content\/uploads\/2020\/10\/Canal-grande-Venezia-55445-1.jpg\" \/>\n\t<meta property=\"og:image:width\" content=\"800\" \/>\n\t<meta property=\"og:image:height\" content=\"530\" \/>\n\t<meta property=\"og:image:type\" content=\"image\/jpeg\" \/>\n<meta name=\"twitter:card\" content=\"summary_large_image\" \/>\n<meta name=\"twitter:label1\" content=\"Gesch\u00e4tzte Lesezeit\" \/>\n\t<meta name=\"twitter:data1\" content=\"4\u00a0Minuten\" \/>\n<script type=\"application\/ld+json\" class=\"yoast-schema-graph\">{\"@context\":\"https:\/\/schema.org\",\"@graph\":[{\"@type\":\"WebPage\",\"@id\":\"https:\/\/alpontemocenigo.com\/de\/lage\/\",\"url\":\"https:\/\/alpontemocenigo.com\/de\/lage\/\",\"name\":\"Lage | Hotel Al Ponte Mocenigo Venedig\",\"isPartOf\":{\"@id\":\"https:\/\/alpontemocenigo.com\/de\/#website\"},\"primaryImageOfPage\":{\"@id\":\"https:\/\/alpontemocenigo.com\/de\/lage\/#primaryimage\"},\"image\":{\"@id\":\"https:\/\/alpontemocenigo.com\/de\/lage\/#primaryimage\"},\"thumbnailUrl\":\"https:\/\/alpontemocenigo.com\/wp-content\/uploads\/2020\/10\/Canal-grande-Venezia-55445-1.jpg\",\"datePublished\":\"2020-10-14T09:42:18+00:00\",\"dateModified\":\"2025-05-21T12:46:21+00:00\",\"description\":\"Lage: das Hotel Al Ponte Mocenigo liegt knapp zwei Schritte von der Rialto \u2013 Br\u00fccke entfernt, hinter der wundersch\u00f6nen Kirche von San Stae.\",\"breadcrumb\":{\"@id\":\"https:\/\/alpontemocenigo.com\/de\/lage\/#breadcrumb\"},\"inLanguage\":\"de\",\"potentialAction\":[{\"@type\":\"ReadAction\",\"target\":[\"https:\/\/alpontemocenigo.com\/de\/lage\/\"]}]},{\"@type\":\"ImageObject\",\"inLanguage\":\"de\",\"@id\":\"https:\/\/alpontemocenigo.com\/de\/lage\/#primaryimage\",\"url\":\"https:\/\/alpontemocenigo.com\/wp-content\/uploads\/2020\/10\/Canal-grande-Venezia-55445-1.jpg\",\"contentUrl\":\"https:\/\/alpontemocenigo.com\/wp-content\/uploads\/2020\/10\/Canal-grande-Venezia-55445-1.jpg\"},{\"@type\":\"BreadcrumbList\",\"@id\":\"https:\/\/alpontemocenigo.com\/de\/lage\/#breadcrumb\",\"itemListElement\":[{\"@type\":\"ListItem\",\"position\":1,\"name\":\"Home\",\"item\":\"https:\/\/alpontemocenigo.com\/de\/\"},{\"@type\":\"ListItem\",\"position\":2,\"name\":\"Lage\"}]},{\"@type\":\"WebSite\",\"@id\":\"https:\/\/alpontemocenigo.com\/de\/#website\",\"url\":\"https:\/\/alpontemocenigo.com\/de\/\",\"name\":\"Hotel Al ponte Mocenigo\",\"description\":\"Hotel im Herzen von Venedig\",\"publisher\":{\"@id\":\"https:\/\/alpontemocenigo.com\/de\/#organization\"},\"potentialAction\":[{\"@type\":\"SearchAction\",\"target\":{\"@type\":\"EntryPoint\",\"urlTemplate\":\"https:\/\/alpontemocenigo.com\/de\/?s={search_term_string}\"},\"query-input\":{\"@type\":\"PropertyValueSpecification\",\"valueRequired\":true,\"valueName\":\"search_term_string\"}}],\"inLanguage\":\"de\"},{\"@type\":\"Organization\",\"@id\":\"https:\/\/alpontemocenigo.com\/de\/#organization\",\"name\":\"Hotel Al Ponte Mocenigo Venice\",\"url\":\"https:\/\/alpontemocenigo.com\/de\/\",\"logo\":{\"@type\":\"ImageObject\",\"inLanguage\":\"de\",\"@id\":\"https:\/\/alpontemocenigo.com\/de\/#\/schema\/logo\/image\/\",\"url\":\"https:\/\/alpontemocenigo.com\/wp-content\/uploads\/2020\/10\/logo-v2r.png\",\"contentUrl\":\"https:\/\/alpontemocenigo.com\/wp-content\/uploads\/2020\/10\/logo-v2r.png\",\"width\":268,\"height\":90,\"caption\":\"Hotel Al Ponte Mocenigo Venice\"},\"image\":{\"@id\":\"https:\/\/alpontemocenigo.com\/de\/#\/schema\/logo\/image\/\"},\"sameAs\":[\"https:\/\/www.facebook.com\/hotelalpontemocenigovenice\/\"]}]}<\/script>\n<!-- \/ Yoast SEO plugin. -->","yoast_head_json":{"title":"Lage | Hotel Al Ponte Mocenigo Venedig","description":"Lage: das Hotel Al Ponte Mocenigo liegt knapp zwei Schritte von der Rialto \u2013 Br\u00fccke entfernt, hinter der wundersch\u00f6nen Kirche von San Stae.","robots":{"index":"index","follow":"follow","max-snippet":"max-snippet:-1","max-image-preview":"max-image-preview:large","max-video-preview":"max-video-preview:-1"},"canonical":"https:\/\/alpontemocenigo.com\/de\/lage\/","og_locale":"de_DE","og_type":"article","og_title":"Lage | Hotel Al Ponte Mocenigo Venedig","og_description":"Lage: das Hotel Al Ponte Mocenigo liegt knapp zwei Schritte von der Rialto \u2013 Br\u00fccke entfernt, hinter der wundersch\u00f6nen Kirche von San Stae.","og_url":"https:\/\/alpontemocenigo.com\/de\/lage\/","og_site_name":"Hotel Al Ponte Mocenigo Venedig","article_publisher":"https:\/\/www.facebook.com\/hotelalpontemocenigovenice\/","article_modified_time":"2025-05-21T12:46:21+00:00","og_image":[{"width":800,"height":530,"url":"https:\/\/alpontemocenigo.com\/wp-content\/uploads\/2020\/10\/Canal-grande-Venezia-55445-1.jpg","type":"image\/jpeg"}],"twitter_card":"summary_large_image","twitter_misc":{"Gesch\u00e4tzte Lesezeit":"4\u00a0Minuten"},"schema":{"@context":"https:\/\/schema.org","@graph":[{"@type":"WebPage","@id":"https:\/\/alpontemocenigo.com\/de\/lage\/","url":"https:\/\/alpontemocenigo.com\/de\/lage\/","name":"Lage | Hotel Al Ponte Mocenigo Venedig","isPartOf":{"@id":"https:\/\/alpontemocenigo.com\/de\/#website"},"primaryImageOfPage":{"@id":"https:\/\/alpontemocenigo.com\/de\/lage\/#primaryimage"},"image":{"@id":"https:\/\/alpontemocenigo.com\/de\/lage\/#primaryimage"},"thumbnailUrl":"https:\/\/alpontemocenigo.com\/wp-content\/uploads\/2020\/10\/Canal-grande-Venezia-55445-1.jpg","datePublished":"2020-10-14T09:42:18+00:00","dateModified":"2025-05-21T12:46:21+00:00","description":"Lage: das Hotel Al Ponte Mocenigo liegt knapp zwei Schritte von der Rialto \u2013 Br\u00fccke entfernt, hinter der wundersch\u00f6nen Kirche von San Stae.","breadcrumb":{"@id":"https:\/\/alpontemocenigo.com\/de\/lage\/#breadcrumb"},"inLanguage":"de","potentialAction":[{"@type":"ReadAction","target":["https:\/\/alpontemocenigo.com\/de\/lage\/"]}]},{"@type":"ImageObject","inLanguage":"de","@id":"https:\/\/alpontemocenigo.com\/de\/lage\/#primaryimage","url":"https:\/\/alpontemocenigo.com\/wp-content\/uploads\/2020\/10\/Canal-grande-Venezia-55445-1.jpg","contentUrl":"https:\/\/alpontemocenigo.com\/wp-content\/uploads\/2020\/10\/Canal-grande-Venezia-55445-1.jpg"},{"@type":"BreadcrumbList","@id":"https:\/\/alpontemocenigo.com\/de\/lage\/#breadcrumb","itemListElement":[{"@type":"ListItem","position":1,"name":"Home","item":"https:\/\/alpontemocenigo.com\/de\/"},{"@type":"ListItem","position":2,"name":"Lage"}]},{"@type":"WebSite","@id":"https:\/\/alpontemocenigo.com\/de\/#website","url":"https:\/\/alpontemocenigo.com\/de\/","name":"Hotel Al ponte Mocenigo","description":"Hotel im Herzen von Venedig","publisher":{"@id":"https:\/\/alpontemocenigo.com\/de\/#organization"},"potentialAction":[{"@type":"SearchAction","target":{"@type":"EntryPoint","urlTemplate":"https:\/\/alpontemocenigo.com\/de\/?s={search_term_string}"},"query-input":{"@type":"PropertyValueSpecification","valueRequired":true,"valueName":"search_term_string"}}],"inLanguage":"de"},{"@type":"Organization","@id":"https:\/\/alpontemocenigo.com\/de\/#organization","name":"Hotel Al Ponte Mocenigo Venice","url":"https:\/\/alpontemocenigo.com\/de\/","logo":{"@type":"ImageObject","inLanguage":"de","@id":"https:\/\/alpontemocenigo.com\/de\/#\/schema\/logo\/image\/","url":"https:\/\/alpontemocenigo.com\/wp-content\/uploads\/2020\/10\/logo-v2r.png","contentUrl":"https:\/\/alpontemocenigo.com\/wp-content\/uploads\/2020\/10\/logo-v2r.png","width":268,"height":90,"caption":"Hotel Al Ponte Mocenigo Venice"},"image":{"@id":"https:\/\/alpontemocenigo.com\/de\/#\/schema\/logo\/image\/"},"sameAs":["https:\/\/www.facebook.com\/hotelalpontemocenigovenice\/"]}]}},"_links":{"self":[{"href":"https:\/\/alpontemocenigo.com\/de\/wp-json\/wp\/v2\/pages\/582","targetHints":{"allow":["GET"]}}],"collection":[{"href":"https:\/\/alpontemocenigo.com\/de\/wp-json\/wp\/v2\/pages"}],"about":[{"href":"https:\/\/alpontemocenigo.com\/de\/wp-json\/wp\/v2\/types\/page"}],"author":[{"embeddable":true,"href":"https:\/\/alpontemocenigo.com\/de\/wp-json\/wp\/v2\/users\/1"}],"replies":[{"embeddable":true,"href":"https:\/\/alpontemocenigo.com\/de\/wp-json\/wp\/v2\/comments?post=582"}],"version-history":[{"count":8,"href":"https:\/\/alpontemocenigo.com\/de\/wp-json\/wp\/v2\/pages\/582\/revisions"}],"predecessor-version":[{"id":3474,"href":"https:\/\/alpontemocenigo.com\/de\/wp-json\/wp\/v2\/pages\/582\/revisions\/3474"}],"wp:attachment":[{"href":"https:\/\/alpontemocenigo.com\/de\/wp-json\/wp\/v2\/media?parent=582"}],"curies":[{"name":"wp","href":"https:\/\/api.w.org\/{rel}","templated":true}]}}