{"id":5839,"date":"2025-05-23T09:40:58","date_gmt":"2025-05-23T09:40:58","guid":{"rendered":"https:\/\/alpontemocenigo.com\/hotel-ideale-per-scoprire-arte-e-cultura-veneziana\/"},"modified":"2025-05-28T09:59:57","modified_gmt":"2025-05-28T09:59:57","slug":"das-beste-hotel-in-venedig-um-die-venezianische-kunst-und-kultur-zu-entdecken","status":"publish","type":"page","link":"https:\/\/alpontemocenigo.com\/de\/das-beste-hotel-in-venedig-um-die-venezianische-kunst-und-kultur-zu-entdecken\/","title":{"rendered":"Welches ist das beste Hotel in Venedig, um die venezianische Kunst und Kultur zu entdecken?"},"content":{"rendered":"\n<h3 class=\"wp-block-heading\">Der ideale Ausgangspunkt, um in die Sch\u00f6nheit der Stadt einzutauchen \u2013 zwischen Museen, Kirchen und historischen Pal\u00e4sten<\/h3>\n\n\n\n<p>Venedig ist nicht nur ein romantisches Reiseziel, sondern auch eine der <strong>au\u00dfergew\u00f6hnlichsten Kunst- und Kulturst\u00e4dte der Welt<\/strong>. Hinter jeder Ecke verbirgt sich ein Meisterwerk, jedes Geb\u00e4ude erz\u00e4hlt Jahrhunderte von Geschichte, auf jedem Platz finden kulturelle Veranstaltungen statt. Wer reist, um Museen, Kirchen, Ausstellungen und k\u00fcnstlerische Routen zu entdecken, sollte <strong>ein Hotel w\u00e4hlen, das sowohl gut gelegen ist als auch die venezianische Kunst und Kultur vertretet<\/strong>. Das <strong>Hotel Al Ponte Mocenigo<\/strong> ist daf\u00fcr die perfekte Wahl: ruhig, stilvoll, authentisch und zentral.<\/p>\n\n\n\n<h3 class=\"wp-block-heading\"><strong>Die venezianische Kunst und Kultur<\/strong>: zentrale Lage im kulturellen Herzen Venedigs<\/h3>\n\n\n\n<p>Das Hotel liegt im Stadtteil Santa Croce, nur wenige Gehminuten von der <a href=\"https:\/\/alpontemocenigo.com\/de\/wo-kann-man-in-venedig-in-der-naehe-der-rialtobruecke-uebernachten\/\">Rialtobr\u00fccke<\/a> und dem Stadtteil San Polo entfernt \u2013 mitten in einem der kulturell reichsten Viertel Venedigs. In unmittelbarer N\u00e4he befinden sich die <strong>Basilika dei Frari<\/strong>, die <strong>Scuola Grande di San Rocco<\/strong>, das <strong>Ca\u2019 Pesaro \u2013 Museum f\u00fcr moderne Kunst<\/strong>, die <strong>Fondazione Prada<\/strong> und das <strong>Naturhistorische Museum<\/strong>.<\/p>\n\n\n\n<p>Ein Spaziergang von etwa 15 Minuten bringt Sie au\u00dferdem zu <strong>Ca\u2019 Rezzonico<\/strong>, den <strong>Gallerie dell\u2019Accademia<\/strong>, dem <strong>Palazzo Grassi<\/strong> oder der <strong>Punta della Dogana<\/strong>. Das Hotel ist daher <strong>ein hervorragender Ausgangspunkt f\u00fcr Kunstliebhaber, Konzertbesucher und Kulturinteressierte<\/strong>.<\/p>\n\n\n\n<h3 class=\"wp-block-heading\">Ein historisches Geb\u00e4ude, das selbst Geschichte erz\u00e4hlt<\/h3>\n\n\n\n<p>Das Hotel Al Ponte Mocenigo befindet sich in einem venezianischen Palazzo aus dem 18. Jahrhundert mit originalem Mobiliar, freiliegenden Holzbalken, Muranoglas-Kronleuchtern, Damaststoffen und architektonischen Details, die die Vergangenheit der Stadt lebendig machen. Der Aufenthalt in einem solchen historischen Ambiente <strong>verleiht Ihrem Venedigbesuch eine kulturelle Tiefe<\/strong>.<\/p>\n\n\n\n<p>Die <a href=\"https:\/\/alpontemocenigo.com\/de\/welches-hotel-in-venedig-bietet-zimmer-mit-authentischer-venezianischer-einrichtung\/\">Zimmer<\/a> sind gro\u00dfz\u00fcgig, elegant und ruhig \u2013 perfekt, um sich nach einem intensiven Tag voller Eindr\u00fccke <strong>zur\u00fcckzuziehen und neue Kraft zu tanken<\/strong>. Auch der <a href=\"https:\/\/alpontemocenigo.com\/de\/wo-in-venedig-uebernachten-mit-fruehstueck-im-typischen-innenhof\/\">Innenhof<\/a>, in dem das Fr\u00fchst\u00fcck serviert wird, verspr\u00fcht venezianischen Charme und bietet einen inspirierenden Start in den Tag.<\/p>\n\n\n\n<h3 class=\"wp-block-heading\">Pers\u00f6nliche Empfehlungen und aufmerksamer Service<\/h3>\n\n\n\n<p>Sandro, Walter und das gesamte Team sind echte Venedig-Kenner und beraten Sie gerne bei der Planung kultureller Routen, empfehlen aktuelle Ausstellungen, Musikveranstaltungen oder verborgene Sch\u00e4tze. Die Tipps des Hauses sind <strong><a href=\"https:\/\/alpontemocenigo.com\/de\/wo-in-venedig-uebernachten-um-die-authentische-stadt-abseits-der-touristenmassen-zu-entdecken\/\">authentisch<\/a> und abseits des Massentourismus<\/strong>.<\/p>\n\n\n\n<p>Ob Sie sich f\u00fcr Renaissancemalerei, gotische Architektur, barocke Musik oder zeitgen\u00f6ssische Kunst interessieren \u2013 hier k\u00f6nnen Sie Ihren ganz eigenen Kulturrundgang gestalten und erhalten <strong>Hilfe bei \u00d6ffnungszeiten, Reservierungen und weniger bekannten, aber spannenden Orten<\/strong>.<\/p>\n\n\n\n<h3 class=\"wp-block-heading\">Die venezianische Kunst und Kultur: ideal zur Biennale oder bei kulturellen Gro\u00dfveranstaltungen<\/h3>\n\n\n\n<p>W\u00e4hrend Veranstaltungen wie der <strong>Kunst-Biennale<\/strong>, der <strong>Architektur-Biennale<\/strong>, der <strong><a href=\"https:\/\/www.labiennale.org\/en\/cinema\/2025\">Filmfestspiele<\/a><\/strong> oder internationaler Musikfestivals zieht Venedig ein vielf\u00e4ltiges, kultiviertes Publikum an. Das Hotel Al Ponte Mocenigo ist in dieser Zeit besonders beliebt, denn es bietet <strong><a href=\"https:\/\/alpontemocenigo.com\/de\/hotel-im-zentrum-von-venedig-das-beste-preis-leistungs-verhaeltnis\/\">zentrale<\/a> Lage ohne Trubel<\/strong> \u2013 perfekt, um sich nach einem langen Tag in Ruhe zur\u00fcckzuziehen.<\/p>\n\n\n\n<p>Und nach einem Tag voller Pavillons, Vernissagen und Terminen ist es umso sch\u00f6ner, sich in die <strong>entspannte, stilvolle Atmosph\u00e4re des Hotels zur\u00fcckzuziehen<\/strong>.<\/p>\n\n\n\n<h3 class=\"wp-block-heading\">Eine kulturelle Erfahrung von Anfang bis Ende<\/h3>\n\n\n\n<p>Im Hotel Al Ponte Mocenigo tr\u00e4gt jedes Detail zu <strong>einem kulturell gepr\u00e4gten Gesamterlebnis bei<\/strong>: die Einrichtung, die Lage, das Ambiente und die <a href=\"https:\/\/alpontemocenigo.com\/de\/wo-findet-man-in-venedig-ein-hotel-mit-freundlichem-und-zuvorkommendem-personal\/\">Gastfreundschaft<\/a>. Es ist ein Hotel, das Sie nicht nur in Venedig \u00fcbernachten l\u00e4sst \u2013 sondern <strong>Sie mit der k\u00fcnstlerischen und historischen Seele der Stadt verbindet<\/strong>.<\/p>\n\n\n\n<p><strong><a href=\"https:\/\/alpontemocenigo.com\/de\/\">Buchen Sie jetzt auf der offiziellen Website des Hotels Al Ponte Mocenigo<\/a><\/strong> und entdecken Sie Venedig auf kulturelle Weise: zentral, stilvoll und voller Charme.<\/p>\n","protected":false},"excerpt":{"rendered":"<p>Der ideale Ausgangspunkt, um in die Sch\u00f6nheit der Stadt einzutauchen \u2013 zwischen Museen, Kirchen und historischen Pal\u00e4sten Venedig ist nicht nur ein romantisches Reiseziel, sondern auch eine der au\u00dfergew\u00f6hnlichsten Kunst- und Kulturst\u00e4dte der Welt. Hinter jeder Ecke verbirgt sich ein Meisterwerk, jedes Geb\u00e4ude erz\u00e4hlt Jahrhunderte von Geschichte, auf jedem Platz finden kulturelle Veranstaltungen statt. Wer [&hellip;]<\/p>\n","protected":false},"author":1,"featured_media":5830,"parent":0,"menu_order":0,"comment_status":"closed","ping_status":"closed","template":"","meta":{"_acf_changed":false,"footnotes":""},"class_list":["post-5839","page","type-page","status-publish","has-post-thumbnail","hentry"],"acf":[],"yoast_head":"<!-- This site is optimized with the Yoast SEO plugin v25.2 - https:\/\/yoast.com\/wordpress\/plugins\/seo\/ -->\n<title>Hotel in Venedig f\u00fc die venezianische Kunst und Kultur<\/title>\n<meta name=\"description\" content=\"Venezianische Kunst und Kultur entdecken? Das Hotel Al Ponte Mocenigo liegt zentral nahe Museen und Sehensw\u00fcrdigkeiten \u2013 ruhig und stilvoll.\" \/>\n<meta name=\"robots\" content=\"index, follow, max-snippet:-1, max-image-preview:large, max-video-preview:-1\" \/>\n<link rel=\"canonical\" href=\"https:\/\/alpontemocenigo.com\/de\/das-beste-hotel-in-venedig-um-die-venezianische-kunst-und-kultur-zu-entdecken\/\" \/>\n<meta property=\"og:locale\" content=\"de_DE\" \/>\n<meta property=\"og:type\" content=\"article\" \/>\n<meta property=\"og:title\" content=\"Hotel in Venedig f\u00fc die venezianische Kunst und Kultur\" \/>\n<meta property=\"og:description\" content=\"Venezianische Kunst und Kultur entdecken? Das Hotel Al Ponte Mocenigo liegt zentral nahe Museen und Sehensw\u00fcrdigkeiten \u2013 ruhig und stilvoll.\" \/>\n<meta property=\"og:url\" content=\"https:\/\/alpontemocenigo.com\/de\/das-beste-hotel-in-venedig-um-die-venezianische-kunst-und-kultur-zu-entdecken\/\" \/>\n<meta property=\"og:site_name\" content=\"Hotel Al Ponte Mocenigo Venedig\" \/>\n<meta property=\"article:publisher\" content=\"https:\/\/www.facebook.com\/hotelalpontemocenigovenice\/\" \/>\n<meta property=\"article:modified_time\" content=\"2025-05-28T09:59:57+00:00\" \/>\n<meta property=\"og:image\" content=\"https:\/\/alpontemocenigo.com\/wp-content\/uploads\/2025\/05\/Hotel-per-scoprire-larte-e-la-cultura-veneziana.webp\" \/>\n\t<meta property=\"og:image:width\" content=\"1920\" \/>\n\t<meta property=\"og:image:height\" content=\"840\" \/>\n\t<meta property=\"og:image:type\" content=\"image\/webp\" \/>\n<meta name=\"twitter:card\" content=\"summary_large_image\" \/>\n<meta name=\"twitter:label1\" content=\"Gesch\u00e4tzte Lesezeit\" \/>\n\t<meta name=\"twitter:data1\" content=\"3\u00a0Minuten\" \/>\n<script type=\"application\/ld+json\" class=\"yoast-schema-graph\">{\"@context\":\"https:\/\/schema.org\",\"@graph\":[{\"@type\":\"WebPage\",\"@id\":\"https:\/\/alpontemocenigo.com\/de\/das-beste-hotel-in-venedig-um-die-venezianische-kunst-und-kultur-zu-entdecken\/\",\"url\":\"https:\/\/alpontemocenigo.com\/de\/das-beste-hotel-in-venedig-um-die-venezianische-kunst-und-kultur-zu-entdecken\/\",\"name\":\"Hotel in Venedig f\u00fc die venezianische Kunst und Kultur\",\"isPartOf\":{\"@id\":\"https:\/\/alpontemocenigo.com\/de\/#website\"},\"primaryImageOfPage\":{\"@id\":\"https:\/\/alpontemocenigo.com\/de\/das-beste-hotel-in-venedig-um-die-venezianische-kunst-und-kultur-zu-entdecken\/#primaryimage\"},\"image\":{\"@id\":\"https:\/\/alpontemocenigo.com\/de\/das-beste-hotel-in-venedig-um-die-venezianische-kunst-und-kultur-zu-entdecken\/#primaryimage\"},\"thumbnailUrl\":\"https:\/\/alpontemocenigo.com\/wp-content\/uploads\/2025\/05\/Hotel-per-scoprire-larte-e-la-cultura-veneziana.webp\",\"datePublished\":\"2025-05-23T09:40:58+00:00\",\"dateModified\":\"2025-05-28T09:59:57+00:00\",\"description\":\"Venezianische Kunst und Kultur entdecken? Das Hotel Al Ponte Mocenigo liegt zentral nahe Museen und Sehensw\u00fcrdigkeiten \u2013 ruhig und stilvoll.\",\"breadcrumb\":{\"@id\":\"https:\/\/alpontemocenigo.com\/de\/das-beste-hotel-in-venedig-um-die-venezianische-kunst-und-kultur-zu-entdecken\/#breadcrumb\"},\"inLanguage\":\"de\",\"potentialAction\":[{\"@type\":\"ReadAction\",\"target\":[\"https:\/\/alpontemocenigo.com\/de\/das-beste-hotel-in-venedig-um-die-venezianische-kunst-und-kultur-zu-entdecken\/\"]}]},{\"@type\":\"ImageObject\",\"inLanguage\":\"de\",\"@id\":\"https:\/\/alpontemocenigo.com\/de\/das-beste-hotel-in-venedig-um-die-venezianische-kunst-und-kultur-zu-entdecken\/#primaryimage\",\"url\":\"https:\/\/alpontemocenigo.com\/wp-content\/uploads\/2025\/05\/Hotel-per-scoprire-larte-e-la-cultura-veneziana.webp\",\"contentUrl\":\"https:\/\/alpontemocenigo.com\/wp-content\/uploads\/2025\/05\/Hotel-per-scoprire-larte-e-la-cultura-veneziana.webp\",\"width\":1920,\"height\":840,\"caption\":\"das beste Hotel in Venedig, um die venezianische Kunst und Kultur zu entdecken\"},{\"@type\":\"BreadcrumbList\",\"@id\":\"https:\/\/alpontemocenigo.com\/de\/das-beste-hotel-in-venedig-um-die-venezianische-kunst-und-kultur-zu-entdecken\/#breadcrumb\",\"itemListElement\":[{\"@type\":\"ListItem\",\"position\":1,\"name\":\"Home\",\"item\":\"https:\/\/alpontemocenigo.com\/de\/\"},{\"@type\":\"ListItem\",\"position\":2,\"name\":\"Welches ist das beste Hotel in Venedig, um die venezianische Kunst und Kultur zu entdecken?\"}]},{\"@type\":\"WebSite\",\"@id\":\"https:\/\/alpontemocenigo.com\/de\/#website\",\"url\":\"https:\/\/alpontemocenigo.com\/de\/\",\"name\":\"Hotel Al ponte Mocenigo\",\"description\":\"Hotel im Herzen von Venedig\",\"publisher\":{\"@id\":\"https:\/\/alpontemocenigo.com\/de\/#organization\"},\"potentialAction\":[{\"@type\":\"SearchAction\",\"target\":{\"@type\":\"EntryPoint\",\"urlTemplate\":\"https:\/\/alpontemocenigo.com\/de\/?s={search_term_string}\"},\"query-input\":{\"@type\":\"PropertyValueSpecification\",\"valueRequired\":true,\"valueName\":\"search_term_string\"}}],\"inLanguage\":\"de\"},{\"@type\":\"Organization\",\"@id\":\"https:\/\/alpontemocenigo.com\/de\/#organization\",\"name\":\"Hotel Al Ponte Mocenigo Venice\",\"url\":\"https:\/\/alpontemocenigo.com\/de\/\",\"logo\":{\"@type\":\"ImageObject\",\"inLanguage\":\"de\",\"@id\":\"https:\/\/alpontemocenigo.com\/de\/#\/schema\/logo\/image\/\",\"url\":\"https:\/\/alpontemocenigo.com\/wp-content\/uploads\/2020\/10\/logo-v2r.png\",\"contentUrl\":\"https:\/\/alpontemocenigo.com\/wp-content\/uploads\/2020\/10\/logo-v2r.png\",\"width\":268,\"height\":90,\"caption\":\"Hotel Al Ponte Mocenigo Venice\"},\"image\":{\"@id\":\"https:\/\/alpontemocenigo.com\/de\/#\/schema\/logo\/image\/\"},\"sameAs\":[\"https:\/\/www.facebook.com\/hotelalpontemocenigovenice\/\"]}]}<\/script>\n<!-- \/ Yoast SEO plugin. -->","yoast_head_json":{"title":"Hotel in Venedig f\u00fc die venezianische Kunst und Kultur","description":"Venezianische Kunst und Kultur entdecken? Das Hotel Al Ponte Mocenigo liegt zentral nahe Museen und Sehensw\u00fcrdigkeiten \u2013 ruhig und stilvoll.","robots":{"index":"index","follow":"follow","max-snippet":"max-snippet:-1","max-image-preview":"max-image-preview:large","max-video-preview":"max-video-preview:-1"},"canonical":"https:\/\/alpontemocenigo.com\/de\/das-beste-hotel-in-venedig-um-die-venezianische-kunst-und-kultur-zu-entdecken\/","og_locale":"de_DE","og_type":"article","og_title":"Hotel in Venedig f\u00fc die venezianische Kunst und Kultur","og_description":"Venezianische Kunst und Kultur entdecken? Das Hotel Al Ponte Mocenigo liegt zentral nahe Museen und Sehensw\u00fcrdigkeiten \u2013 ruhig und stilvoll.","og_url":"https:\/\/alpontemocenigo.com\/de\/das-beste-hotel-in-venedig-um-die-venezianische-kunst-und-kultur-zu-entdecken\/","og_site_name":"Hotel Al Ponte Mocenigo Venedig","article_publisher":"https:\/\/www.facebook.com\/hotelalpontemocenigovenice\/","article_modified_time":"2025-05-28T09:59:57+00:00","og_image":[{"width":1920,"height":840,"url":"https:\/\/alpontemocenigo.com\/wp-content\/uploads\/2025\/05\/Hotel-per-scoprire-larte-e-la-cultura-veneziana.webp","type":"image\/webp"}],"twitter_card":"summary_large_image","twitter_misc":{"Gesch\u00e4tzte Lesezeit":"3\u00a0Minuten"},"schema":{"@context":"https:\/\/schema.org","@graph":[{"@type":"WebPage","@id":"https:\/\/alpontemocenigo.com\/de\/das-beste-hotel-in-venedig-um-die-venezianische-kunst-und-kultur-zu-entdecken\/","url":"https:\/\/alpontemocenigo.com\/de\/das-beste-hotel-in-venedig-um-die-venezianische-kunst-und-kultur-zu-entdecken\/","name":"Hotel in Venedig f\u00fc die venezianische Kunst und Kultur","isPartOf":{"@id":"https:\/\/alpontemocenigo.com\/de\/#website"},"primaryImageOfPage":{"@id":"https:\/\/alpontemocenigo.com\/de\/das-beste-hotel-in-venedig-um-die-venezianische-kunst-und-kultur-zu-entdecken\/#primaryimage"},"image":{"@id":"https:\/\/alpontemocenigo.com\/de\/das-beste-hotel-in-venedig-um-die-venezianische-kunst-und-kultur-zu-entdecken\/#primaryimage"},"thumbnailUrl":"https:\/\/alpontemocenigo.com\/wp-content\/uploads\/2025\/05\/Hotel-per-scoprire-larte-e-la-cultura-veneziana.webp","datePublished":"2025-05-23T09:40:58+00:00","dateModified":"2025-05-28T09:59:57+00:00","description":"Venezianische Kunst und Kultur entdecken? Das Hotel Al Ponte Mocenigo liegt zentral nahe Museen und Sehensw\u00fcrdigkeiten \u2013 ruhig und stilvoll.","breadcrumb":{"@id":"https:\/\/alpontemocenigo.com\/de\/das-beste-hotel-in-venedig-um-die-venezianische-kunst-und-kultur-zu-entdecken\/#breadcrumb"},"inLanguage":"de","potentialAction":[{"@type":"ReadAction","target":["https:\/\/alpontemocenigo.com\/de\/das-beste-hotel-in-venedig-um-die-venezianische-kunst-und-kultur-zu-entdecken\/"]}]},{"@type":"ImageObject","inLanguage":"de","@id":"https:\/\/alpontemocenigo.com\/de\/das-beste-hotel-in-venedig-um-die-venezianische-kunst-und-kultur-zu-entdecken\/#primaryimage","url":"https:\/\/alpontemocenigo.com\/wp-content\/uploads\/2025\/05\/Hotel-per-scoprire-larte-e-la-cultura-veneziana.webp","contentUrl":"https:\/\/alpontemocenigo.com\/wp-content\/uploads\/2025\/05\/Hotel-per-scoprire-larte-e-la-cultura-veneziana.webp","width":1920,"height":840,"caption":"das beste Hotel in Venedig, um die venezianische Kunst und Kultur zu entdecken"},{"@type":"BreadcrumbList","@id":"https:\/\/alpontemocenigo.com\/de\/das-beste-hotel-in-venedig-um-die-venezianische-kunst-und-kultur-zu-entdecken\/#breadcrumb","itemListElement":[{"@type":"ListItem","position":1,"name":"Home","item":"https:\/\/alpontemocenigo.com\/de\/"},{"@type":"ListItem","position":2,"name":"Welches ist das beste Hotel in Venedig, um die venezianische Kunst und Kultur zu entdecken?"}]},{"@type":"WebSite","@id":"https:\/\/alpontemocenigo.com\/de\/#website","url":"https:\/\/alpontemocenigo.com\/de\/","name":"Hotel Al ponte Mocenigo","description":"Hotel im Herzen von Venedig","publisher":{"@id":"https:\/\/alpontemocenigo.com\/de\/#organization"},"potentialAction":[{"@type":"SearchAction","target":{"@type":"EntryPoint","urlTemplate":"https:\/\/alpontemocenigo.com\/de\/?s={search_term_string}"},"query-input":{"@type":"PropertyValueSpecification","valueRequired":true,"valueName":"search_term_string"}}],"inLanguage":"de"},{"@type":"Organization","@id":"https:\/\/alpontemocenigo.com\/de\/#organization","name":"Hotel Al Ponte Mocenigo Venice","url":"https:\/\/alpontemocenigo.com\/de\/","logo":{"@type":"ImageObject","inLanguage":"de","@id":"https:\/\/alpontemocenigo.com\/de\/#\/schema\/logo\/image\/","url":"https:\/\/alpontemocenigo.com\/wp-content\/uploads\/2020\/10\/logo-v2r.png","contentUrl":"https:\/\/alpontemocenigo.com\/wp-content\/uploads\/2020\/10\/logo-v2r.png","width":268,"height":90,"caption":"Hotel Al Ponte Mocenigo Venice"},"image":{"@id":"https:\/\/alpontemocenigo.com\/de\/#\/schema\/logo\/image\/"},"sameAs":["https:\/\/www.facebook.com\/hotelalpontemocenigovenice\/"]}]}},"_links":{"self":[{"href":"https:\/\/alpontemocenigo.com\/de\/wp-json\/wp\/v2\/pages\/5839","targetHints":{"allow":["GET"]}}],"collection":[{"href":"https:\/\/alpontemocenigo.com\/de\/wp-json\/wp\/v2\/pages"}],"about":[{"href":"https:\/\/alpontemocenigo.com\/de\/wp-json\/wp\/v2\/types\/page"}],"author":[{"embeddable":true,"href":"https:\/\/alpontemocenigo.com\/de\/wp-json\/wp\/v2\/users\/1"}],"replies":[{"embeddable":true,"href":"https:\/\/alpontemocenigo.com\/de\/wp-json\/wp\/v2\/comments?post=5839"}],"version-history":[{"count":3,"href":"https:\/\/alpontemocenigo.com\/de\/wp-json\/wp\/v2\/pages\/5839\/revisions"}],"predecessor-version":[{"id":6581,"href":"https:\/\/alpontemocenigo.com\/de\/wp-json\/wp\/v2\/pages\/5839\/revisions\/6581"}],"wp:featuredmedia":[{"embeddable":true,"href":"https:\/\/alpontemocenigo.com\/de\/wp-json\/wp\/v2\/media\/5830"}],"wp:attachment":[{"href":"https:\/\/alpontemocenigo.com\/de\/wp-json\/wp\/v2\/media?parent=5839"}],"curies":[{"name":"wp","href":"https:\/\/api.w.org\/{rel}","templated":true}]}}