{"id":584,"date":"2020-10-14T09:42:43","date_gmt":"2020-10-14T09:42:43","guid":{"rendered":"https:\/\/alpontemocenigo.test\/?page_id=584"},"modified":"2020-12-07T09:55:19","modified_gmt":"2020-12-07T09:55:19","slug":"zimmer","status":"publish","type":"page","link":"https:\/\/alpontemocenigo.com\/de\/zimmer\/","title":{"rendered":"Zimmer"},"content":{"rendered":"\n<p><strong><strong>Venezianischer Stil, h\u00f6chster Komfort<\/strong><\/strong><\/p>\n\n\n\n<p>Im Hotel Al Ponte Mocenigo erlebt man eine typisch venezianische Atmosph\u00e4re, in der sich die Tradition harmonisch mit modernem Komfort kombiniert.<\/p>\n\n\n\n<p>Hier k\u00f6nnen sich unsere G\u00e4ste in Zimmern entspannen, die komplett im damals beliebten Stil des 18. Jahrhunderts eingerichtet sind, mit gro\u00dfen Betten, damastartigen Vorh\u00e4ngen und lackierten M\u00f6beln, in denen die vorherrschenden Farben pastellgr\u00fcn, cremewei\u00df und gold sind.<\/p>\n\n\n\n<p>Zur Vervollst\u00e4ndigung des Ambientes tragen in den R\u00e4umen des Erdgeschosses herrliche Deckenbalken und originelle venezianische B\u00f6den bei.<\/p>\n\n\n\n<p><strong>Every room is sanitized with Starcube by Jonix that destroys 99.9% of bacteria and viruses \u2013<\/strong><a href=\"https:\/\/www.alpontemocenigo.com\/wp-content\/uploads\/2020\/10\/al-ponte-mocenigo_safe-hotel.pdf\" target=\"_blank\" rel=\"noreferrer noopener\"> click for more info<\/a><\/p>\n\n\n\n<p><strong>Komfort<\/strong><\/p>\n\n\n\n<p>Kostenloser WLAN-Zugang &#8211; Einstellbare Klimaanlage &#8211; Satelliten- TV &#8211; Pflegeprodukte<\/p>\n\n\n\n<p><strong>Kurzinfo<\/strong><\/p>\n\n\n\n<p>Empfang rund um die Uhr &#8211; Check-in ab 14.00 Uhr &#8211; Check-out: bis 11.00 Uhr &#8211; Fr\u00fchst\u00fcck: 8.00 \u2013 10.00 Uhr<\/p>\n","protected":false},"excerpt":{"rendered":"<p>Venezianischer Stil, h\u00f6chster Komfort Im Hotel Al Ponte Mocenigo erlebt man eine typisch venezianische Atmosph\u00e4re, in der sich die Tradition harmonisch mit modernem Komfort kombiniert. Hier k\u00f6nnen sich unsere G\u00e4ste in Zimmern entspannen, die komplett im damals beliebten Stil des 18. Jahrhunderts eingerichtet sind, mit gro\u00dfen Betten, damastartigen Vorh\u00e4ngen und lackierten M\u00f6beln, in denen die [&hellip;]<\/p>\n","protected":false},"author":1,"featured_media":0,"parent":0,"menu_order":0,"comment_status":"closed","ping_status":"closed","template":"template-archive-camera.php","meta":{"_acf_changed":false,"footnotes":""},"class_list":["post-584","page","type-page","status-publish","hentry"],"acf":[],"yoast_head":"<!-- This site is optimized with the Yoast SEO plugin v25.2 - https:\/\/yoast.com\/wordpress\/plugins\/seo\/ -->\n<title>Zimmer | Hotel Al Ponte Mocenigo Venedig<\/title>\n<meta name=\"description\" content=\"Im Hotel Al Ponte Mocenigo erlebt man eine typisch venezianische Atmosph\u00e4re, in der sich die Tradition harmonisch mit modernem Komfort kombiniert.\" \/>\n<meta name=\"robots\" content=\"index, follow, max-snippet:-1, max-image-preview:large, max-video-preview:-1\" \/>\n<link rel=\"canonical\" href=\"https:\/\/alpontemocenigo.com\/de\/zimmer\/\" \/>\n<meta property=\"og:locale\" content=\"de_DE\" \/>\n<meta property=\"og:type\" content=\"article\" \/>\n<meta property=\"og:title\" content=\"Zimmer | Hotel Al Ponte Mocenigo Venedig\" \/>\n<meta property=\"og:description\" content=\"Im Hotel Al Ponte Mocenigo erlebt man eine typisch venezianische Atmosph\u00e4re, in der sich die Tradition harmonisch mit modernem Komfort kombiniert.\" \/>\n<meta property=\"og:url\" content=\"https:\/\/alpontemocenigo.com\/de\/zimmer\/\" \/>\n<meta property=\"og:site_name\" content=\"Hotel Al Ponte Mocenigo Venedig\" \/>\n<meta property=\"article:publisher\" content=\"https:\/\/www.facebook.com\/hotelalpontemocenigovenice\/\" \/>\n<meta property=\"article:modified_time\" content=\"2020-12-07T09:55:19+00:00\" \/>\n<meta name=\"twitter:card\" content=\"summary_large_image\" \/>\n<meta name=\"twitter:label1\" content=\"Gesch\u00e4tzte Lesezeit\" \/>\n\t<meta name=\"twitter:data1\" content=\"1\u00a0Minute\" \/>\n<script type=\"application\/ld+json\" class=\"yoast-schema-graph\">{\"@context\":\"https:\/\/schema.org\",\"@graph\":[{\"@type\":\"WebPage\",\"@id\":\"https:\/\/alpontemocenigo.com\/de\/zimmer\/\",\"url\":\"https:\/\/alpontemocenigo.com\/de\/zimmer\/\",\"name\":\"Zimmer | Hotel Al Ponte Mocenigo Venedig\",\"isPartOf\":{\"@id\":\"https:\/\/alpontemocenigo.com\/de\/#website\"},\"datePublished\":\"2020-10-14T09:42:43+00:00\",\"dateModified\":\"2020-12-07T09:55:19+00:00\",\"description\":\"Im Hotel Al Ponte Mocenigo erlebt man eine typisch venezianische Atmosph\u00e4re, in der sich die Tradition harmonisch mit modernem Komfort kombiniert.\",\"breadcrumb\":{\"@id\":\"https:\/\/alpontemocenigo.com\/de\/zimmer\/#breadcrumb\"},\"inLanguage\":\"de\",\"potentialAction\":[{\"@type\":\"ReadAction\",\"target\":[\"https:\/\/alpontemocenigo.com\/de\/zimmer\/\"]}]},{\"@type\":\"BreadcrumbList\",\"@id\":\"https:\/\/alpontemocenigo.com\/de\/zimmer\/#breadcrumb\",\"itemListElement\":[{\"@type\":\"ListItem\",\"position\":1,\"name\":\"Home\",\"item\":\"https:\/\/alpontemocenigo.com\/de\/\"},{\"@type\":\"ListItem\",\"position\":2,\"name\":\"Zimmer\"}]},{\"@type\":\"WebSite\",\"@id\":\"https:\/\/alpontemocenigo.com\/de\/#website\",\"url\":\"https:\/\/alpontemocenigo.com\/de\/\",\"name\":\"Hotel Al ponte Mocenigo\",\"description\":\"Hotel im Herzen von Venedig\",\"publisher\":{\"@id\":\"https:\/\/alpontemocenigo.com\/de\/#organization\"},\"potentialAction\":[{\"@type\":\"SearchAction\",\"target\":{\"@type\":\"EntryPoint\",\"urlTemplate\":\"https:\/\/alpontemocenigo.com\/de\/?s={search_term_string}\"},\"query-input\":{\"@type\":\"PropertyValueSpecification\",\"valueRequired\":true,\"valueName\":\"search_term_string\"}}],\"inLanguage\":\"de\"},{\"@type\":\"Organization\",\"@id\":\"https:\/\/alpontemocenigo.com\/de\/#organization\",\"name\":\"Hotel Al Ponte Mocenigo Venice\",\"url\":\"https:\/\/alpontemocenigo.com\/de\/\",\"logo\":{\"@type\":\"ImageObject\",\"inLanguage\":\"de\",\"@id\":\"https:\/\/alpontemocenigo.com\/de\/#\/schema\/logo\/image\/\",\"url\":\"https:\/\/alpontemocenigo.com\/wp-content\/uploads\/2020\/10\/logo-v2r.png\",\"contentUrl\":\"https:\/\/alpontemocenigo.com\/wp-content\/uploads\/2020\/10\/logo-v2r.png\",\"width\":268,\"height\":90,\"caption\":\"Hotel Al Ponte Mocenigo Venice\"},\"image\":{\"@id\":\"https:\/\/alpontemocenigo.com\/de\/#\/schema\/logo\/image\/\"},\"sameAs\":[\"https:\/\/www.facebook.com\/hotelalpontemocenigovenice\/\"]}]}<\/script>\n<!-- \/ Yoast SEO plugin. -->","yoast_head_json":{"title":"Zimmer | Hotel Al Ponte Mocenigo Venedig","description":"Im Hotel Al Ponte Mocenigo erlebt man eine typisch venezianische Atmosph\u00e4re, in der sich die Tradition harmonisch mit modernem Komfort kombiniert.","robots":{"index":"index","follow":"follow","max-snippet":"max-snippet:-1","max-image-preview":"max-image-preview:large","max-video-preview":"max-video-preview:-1"},"canonical":"https:\/\/alpontemocenigo.com\/de\/zimmer\/","og_locale":"de_DE","og_type":"article","og_title":"Zimmer | Hotel Al Ponte Mocenigo Venedig","og_description":"Im Hotel Al Ponte Mocenigo erlebt man eine typisch venezianische Atmosph\u00e4re, in der sich die Tradition harmonisch mit modernem Komfort kombiniert.","og_url":"https:\/\/alpontemocenigo.com\/de\/zimmer\/","og_site_name":"Hotel Al Ponte Mocenigo Venedig","article_publisher":"https:\/\/www.facebook.com\/hotelalpontemocenigovenice\/","article_modified_time":"2020-12-07T09:55:19+00:00","twitter_card":"summary_large_image","twitter_misc":{"Gesch\u00e4tzte Lesezeit":"1\u00a0Minute"},"schema":{"@context":"https:\/\/schema.org","@graph":[{"@type":"WebPage","@id":"https:\/\/alpontemocenigo.com\/de\/zimmer\/","url":"https:\/\/alpontemocenigo.com\/de\/zimmer\/","name":"Zimmer | Hotel Al Ponte Mocenigo Venedig","isPartOf":{"@id":"https:\/\/alpontemocenigo.com\/de\/#website"},"datePublished":"2020-10-14T09:42:43+00:00","dateModified":"2020-12-07T09:55:19+00:00","description":"Im Hotel Al Ponte Mocenigo erlebt man eine typisch venezianische Atmosph\u00e4re, in der sich die Tradition harmonisch mit modernem Komfort kombiniert.","breadcrumb":{"@id":"https:\/\/alpontemocenigo.com\/de\/zimmer\/#breadcrumb"},"inLanguage":"de","potentialAction":[{"@type":"ReadAction","target":["https:\/\/alpontemocenigo.com\/de\/zimmer\/"]}]},{"@type":"BreadcrumbList","@id":"https:\/\/alpontemocenigo.com\/de\/zimmer\/#breadcrumb","itemListElement":[{"@type":"ListItem","position":1,"name":"Home","item":"https:\/\/alpontemocenigo.com\/de\/"},{"@type":"ListItem","position":2,"name":"Zimmer"}]},{"@type":"WebSite","@id":"https:\/\/alpontemocenigo.com\/de\/#website","url":"https:\/\/alpontemocenigo.com\/de\/","name":"Hotel Al ponte Mocenigo","description":"Hotel im Herzen von Venedig","publisher":{"@id":"https:\/\/alpontemocenigo.com\/de\/#organization"},"potentialAction":[{"@type":"SearchAction","target":{"@type":"EntryPoint","urlTemplate":"https:\/\/alpontemocenigo.com\/de\/?s={search_term_string}"},"query-input":{"@type":"PropertyValueSpecification","valueRequired":true,"valueName":"search_term_string"}}],"inLanguage":"de"},{"@type":"Organization","@id":"https:\/\/alpontemocenigo.com\/de\/#organization","name":"Hotel Al Ponte Mocenigo Venice","url":"https:\/\/alpontemocenigo.com\/de\/","logo":{"@type":"ImageObject","inLanguage":"de","@id":"https:\/\/alpontemocenigo.com\/de\/#\/schema\/logo\/image\/","url":"https:\/\/alpontemocenigo.com\/wp-content\/uploads\/2020\/10\/logo-v2r.png","contentUrl":"https:\/\/alpontemocenigo.com\/wp-content\/uploads\/2020\/10\/logo-v2r.png","width":268,"height":90,"caption":"Hotel Al Ponte Mocenigo Venice"},"image":{"@id":"https:\/\/alpontemocenigo.com\/de\/#\/schema\/logo\/image\/"},"sameAs":["https:\/\/www.facebook.com\/hotelalpontemocenigovenice\/"]}]}},"_links":{"self":[{"href":"https:\/\/alpontemocenigo.com\/de\/wp-json\/wp\/v2\/pages\/584","targetHints":{"allow":["GET"]}}],"collection":[{"href":"https:\/\/alpontemocenigo.com\/de\/wp-json\/wp\/v2\/pages"}],"about":[{"href":"https:\/\/alpontemocenigo.com\/de\/wp-json\/wp\/v2\/types\/page"}],"author":[{"embeddable":true,"href":"https:\/\/alpontemocenigo.com\/de\/wp-json\/wp\/v2\/users\/1"}],"replies":[{"embeddable":true,"href":"https:\/\/alpontemocenigo.com\/de\/wp-json\/wp\/v2\/comments?post=584"}],"version-history":[{"count":4,"href":"https:\/\/alpontemocenigo.com\/de\/wp-json\/wp\/v2\/pages\/584\/revisions"}],"predecessor-version":[{"id":3582,"href":"https:\/\/alpontemocenigo.com\/de\/wp-json\/wp\/v2\/pages\/584\/revisions\/3582"}],"wp:attachment":[{"href":"https:\/\/alpontemocenigo.com\/de\/wp-json\/wp\/v2\/media?parent=584"}],"curies":[{"name":"wp","href":"https:\/\/api.w.org\/{rel}","templated":true}]}}