{"id":6536,"date":"2025-08-04T14:29:27","date_gmt":"2025-08-04T14:29:27","guid":{"rendered":"https:\/\/alpontemocenigo.com\/?page_id=6536"},"modified":"2025-08-04T14:29:28","modified_gmt":"2025-08-04T14:29:28","slug":"bewertungen-und-artikel","status":"publish","type":"page","link":"https:\/\/alpontemocenigo.com\/de\/bewertungen-und-artikel\/","title":{"rendered":"Bewertungen und Artikel aus den renommiertesten Reisemedien der Welt"},"content":{"rendered":"\n<p>Im Laufe der Jahre wurde das Hotel Al Ponte Mocenigo in einigen der renommiertesten Reisepublikationen weltweit vorgestellt. Von der romantischen Atmosph\u00e4re und dem traditionellen venezianischen Stil \u00fcber den ruhigen Innenhof bis hin zur herzlichen Gastfreundschaft \u2013 die Erlebnisse unserer G\u00e4ste haben die Aufmerksamkeit der <em>New York Times<\/em>, <em>The Telegraph<\/em>, <em>The Times<\/em> und <em>National Geographic Traveller<\/em> auf sich gezogen.<br>Wir freuen uns, diese Artikel mit Ihnen zu teilen \u2013 sie erz\u00e4hlen die Geschichte unseres Hotels und der zeitlosen, authentischen Stadt Venedig, die wir lieben.<\/p>\n\n\n\n<h3 class=\"wp-block-heading\">\ud83d\udcf0 <strong>The New York Times<\/strong><\/h3>\n\n\n\n<p><em>(USA, Juni 2025)<\/em><\/p>\n\n\n\n<p>\ud83d\udccc <em>\u201cWhere to Stay in Venice on a Budget\u201d<\/em><\/p>\n\n\n\n<blockquote class=\"wp-block-quote is-layout-flow wp-block-quote-is-layout-flow\">\n<p>In einem sorgf\u00e4ltig zusammengestellten Reisef\u00fchrer \u00fcber Europas charmanteste und erschwinglichste Hotels beschreibt die <em>New York Times<\/em> das Hotel Al Ponte Mocenigo als romantisches Refugium voller Geschichte und venezianischem Flair. Gelobt werden der ruhige Innenhof aus Stein, die eleganten Zimmer mit Murano-L\u00fcstern und die authentische Atmosph\u00e4re eines 500 Jahre alten Palastes \u2013 sogar mit der Gondel erreichbar. Ein perfekter R\u00fcckzugsort nur wenige Schritte vom Canal Grande entfernt.<\/p>\n\n\n\n<div style=\"height:50px\" aria-hidden=\"true\" class=\"wp-block-spacer\"><\/div>\n<\/blockquote>\n\n\n\n<p><strong>Zum vollst\u00e4ndigen Artikel:<\/strong> <a href=\"https:\/\/www.nytimes.com\/interactive\/2025\/06\/11\/travel\/europe-affordable-hotels.html\" target=\"_blank\" rel=\"noreferrer noopener\">https:\/\/www.nytimes.com\/interactive\/2025\/06\/11\/travel\/europe-affordable-hotels.html<\/a><\/p>\n\n\n\n<div style=\"height:50px\" aria-hidden=\"true\" class=\"wp-block-spacer\"><\/div>\n\n\n\n<figure class=\"wp-block-image size-full\"><img loading=\"lazy\" decoding=\"async\" width=\"250\" height=\"100\" src=\"https:\/\/alpontemocenigo.com\/wp-content\/uploads\/2025\/08\/2.png\" alt=\"Logo The New York Times\" class=\"wp-image-6519\"\/><\/figure>\n\n\n\n<hr class=\"wp-block-separator has-alpha-channel-opacity\"\/>\n\n\n\n<h3 class=\"wp-block-heading\">\ud83d\udcf0 <strong>The Telegraph<\/strong><\/h3>\n\n\n\n<p><em>(Gro\u00dfbritannien, Hotelbewertungen Venedig)<\/em><\/p>\n\n\n\n<p>\ud83d\udccc <em>\u201cAl Ponte Mocenigo Hotel Review, Venice\u201d<\/em><\/p>\n\n\n\n<blockquote class=\"wp-block-quote is-layout-flow wp-block-quote-is-layout-flow\">\n<p>Der <em>Telegraph<\/em> z\u00e4hlt Al Ponte Mocenigo zu den besten Boutique-Hotels Venedigs und hebt das gelungene Zusammenspiel von historischem Dekor und modernem Komfort hervor. Besonders gesch\u00e4tzt werden die ideale Lage im ruhigen, aber zentralen Stadtteil Santa Croce sowie die herzliche, pers\u00f6nliche Gastfreundschaft, durch die sich G\u00e4ste wie zu Hause f\u00fchlen. Ein perfekter R\u00fcckzugsort f\u00fcr Paare und anspruchsvolle Reisende.<\/p>\n\n\n\n<div style=\"height:50px\" aria-hidden=\"true\" class=\"wp-block-spacer\"><\/div>\n<\/blockquote>\n\n\n\n<p><strong>Zum vollst\u00e4ndigen Artikel: <\/strong><a href=\"https:\/\/www.telegraph.co.uk\/travel\/destinations\/europe\/italy\/veneto\/venice\/hotels\/al-ponte-mocenigo-hotel\/\" target=\"_blank\" rel=\"noreferrer noopener\">https:\/\/www.telegraph.co.uk\/travel\/destinations\/europe\/italy\/veneto\/venice\/hotels\/al-ponte-mocenigo-hotel\/<\/a><\/p>\n\n\n\n<div style=\"height:50px\" aria-hidden=\"true\" class=\"wp-block-spacer\"><\/div>\n\n\n\n<figure class=\"wp-block-image size-full\"><img loading=\"lazy\" decoding=\"async\" width=\"250\" height=\"100\" src=\"https:\/\/alpontemocenigo.com\/wp-content\/uploads\/2025\/08\/3.png\" alt=\"Logo The Telegraph\" class=\"wp-image-6500\"\/><\/figure>\n\n\n\n<hr class=\"wp-block-separator has-alpha-channel-opacity\"\/>\n\n\n\n<h3 class=\"wp-block-heading\">\ud83d\udcf0 <strong>National Geographic Traveller<\/strong><\/h3>\n\n\n\n<p><em>(Europ\u00e4ische Ausgabe \u2013 Juni 2025)<\/em><\/p>\n\n\n\n<p>\ud83d\udccc <em>\u201cWhere to Stay: Venice\u201d<\/em><\/p>\n\n\n\n<blockquote class=\"wp-block-quote is-layout-flow wp-block-quote-is-layout-flow\">\n<p>In der Auswahl der atmosph\u00e4rischsten Hotels Europas durch <em>National Geographic Traveller<\/em> wird Al Ponte Mocenigo f\u00fcr seine Authentizit\u00e4t, die gro\u00dfz\u00fcgigen Zimmer und seinen zeitlosen Charme hervorgehoben. Der Artikel empfiehlt das Hotel Reisenden, die auf der Suche nach einem kulturell bereichernden Erlebnis sind, und hebt die architektonischen Details sowie die stille Eleganz des Innenhofs hervor. Ein wahrer Geheimtipp f\u00fcr alle, die das echte Venedig entdecken m\u00f6chten.<\/p>\n\n\n\n<div style=\"height:50px\" aria-hidden=\"true\" class=\"wp-block-spacer\"><\/div>\n<\/blockquote>\n\n\n\n<p><strong>Zum vollst\u00e4ndigen Artikel:<\/strong> <a href=\"https:\/\/magazine.natgeotraveller.co.uk\/NGTC-European-Cities-June-2025\/hotel-al-ponte-mocenigo\/\" target=\"_blank\" rel=\"noreferrer noopener\">https:\/\/magazine.natgeotraveller.co.uk\/NGTC-European-Cities-June-2025\/hotel-al-ponte-mocenigo\/<\/a><\/p>\n\n\n\n<div style=\"height:50px\" aria-hidden=\"true\" class=\"wp-block-spacer\"><\/div>\n\n\n\n<figure class=\"wp-block-image size-full\"><img loading=\"lazy\" decoding=\"async\" width=\"250\" height=\"100\" src=\"https:\/\/alpontemocenigo.com\/wp-content\/uploads\/2025\/08\/4.png\" alt=\"Logo National Geographic\" class=\"wp-image-6506\"\/><\/figure>\n\n\n\n<hr class=\"wp-block-separator has-alpha-channel-opacity\"\/>\n\n\n\n<h3 class=\"wp-block-heading\">\ud83d\udcf0 <strong>The Times<\/strong><\/h3>\n\n\n\n<p><em>(Gro\u00dfbritannien, \u201cBest Places to Stay in Venice\u201d)<\/em><\/p>\n\n\n\n<p>\ud83d\udccc <em>\u201cThe Best Hotels in Venice for Any Budget\u201d<\/em><\/p>\n\n\n\n<blockquote class=\"wp-block-quote is-layout-flow wp-block-quote-is-layout-flow\">\n<p>Die <em>Times<\/em> f\u00fchrt Al Ponte Mocenigo in ihrer Liste der besten Hotels in Venedig auf und lobt die romantische Atmosph\u00e4re, die ger\u00e4umigen Zimmer und das entspannte Fr\u00fchst\u00fcck im Innenhof. Beschrieben als \u201eein venezianisches M\u00e4rchen\u201c, wird das Hotel f\u00fcr sein freundliches Personal und die ruhige, aber gut angebundene Lage gesch\u00e4tzt. Ein besonderer Ort, um den Zauber Venedigs abseits der Massen zu erleben.<\/p>\n\n\n\n<div style=\"height:50px\" aria-hidden=\"true\" class=\"wp-block-spacer\"><\/div>\n<\/blockquote>\n\n\n\n<p><strong>Zum vollst\u00e4ndigen Artikel:<\/strong> <a href=\"https:\/\/www.thetimes.com\/article\/12903acc-82f3-4646-9583-0e001bf2d5c2\">https:\/\/www.thetimes.com\/article\/12903acc-82f3-4646-9583-0e001bf2d5c2<\/a><\/p>\n\n\n\n<div style=\"height:50px\" aria-hidden=\"true\" class=\"wp-block-spacer\"><\/div>\n\n\n\n<figure class=\"wp-block-image size-full\"><img loading=\"lazy\" decoding=\"async\" width=\"250\" height=\"100\" src=\"https:\/\/alpontemocenigo.com\/wp-content\/uploads\/2025\/08\/1-1.png\" alt=\"Logo The Times\" class=\"wp-image-6512\"\/><\/figure>\n\n\n\n<p><\/p>\n\n","protected":false},"excerpt":{"rendered":"<p>Im Laufe der Jahre wurde das Hotel Al Ponte Mocenigo in einigen der renommiertesten Reisepublikationen weltweit vorgestellt. Von der romantischen Atmosph\u00e4re und dem traditionellen venezianischen Stil \u00fcber den ruhigen Innenhof bis hin zur herzlichen Gastfreundschaft \u2013 die Erlebnisse unserer G\u00e4ste haben die Aufmerksamkeit der New York Times, The Telegraph, The Times und National Geographic Traveller [&hellip;]<\/p>\n","protected":false},"author":1,"featured_media":0,"parent":0,"menu_order":0,"comment_status":"closed","ping_status":"closed","template":"","meta":{"_acf_changed":false,"footnotes":""},"class_list":["post-6536","page","type-page","status-publish","hentry"],"acf":[],"yoast_head":"<!-- This site is optimized with the Yoast SEO plugin v25.2 - https:\/\/yoast.com\/wordpress\/plugins\/seo\/ -->\n<title>Bewertungen und Artikel aus den renommiertesten Reisemedien der Welt | Hotel Al Ponte Mocenigo Venedig<\/title>\n<meta name=\"description\" content=\"Lesen Sie Bewertungen und Artikel \u00fcber das Hotel Al Ponte Mocenigo in The Times, NYT, Telegraph und National Geographic Traveller.\" \/>\n<meta name=\"robots\" content=\"index, follow, max-snippet:-1, max-image-preview:large, max-video-preview:-1\" \/>\n<link rel=\"canonical\" href=\"https:\/\/alpontemocenigo.com\/de\/bewertungen-und-artikel\/\" \/>\n<meta property=\"og:locale\" content=\"de_DE\" \/>\n<meta property=\"og:type\" content=\"article\" \/>\n<meta property=\"og:title\" content=\"Bewertungen und Artikel aus den renommiertesten Reisemedien der Welt | Hotel Al Ponte Mocenigo Venedig\" \/>\n<meta property=\"og:description\" content=\"Lesen Sie Bewertungen und Artikel \u00fcber das Hotel Al Ponte Mocenigo in The Times, NYT, Telegraph und National Geographic Traveller.\" \/>\n<meta property=\"og:url\" content=\"https:\/\/alpontemocenigo.com\/de\/bewertungen-und-artikel\/\" \/>\n<meta property=\"og:site_name\" content=\"Hotel Al Ponte Mocenigo Venedig\" \/>\n<meta property=\"article:publisher\" content=\"https:\/\/www.facebook.com\/hotelalpontemocenigovenice\/\" \/>\n<meta property=\"article:modified_time\" content=\"2025-08-04T14:29:28+00:00\" \/>\n<meta property=\"og:image\" content=\"https:\/\/alpontemocenigo.com\/wp-content\/uploads\/2025\/08\/2.png\" \/>\n\t<meta property=\"og:image:width\" content=\"250\" \/>\n\t<meta property=\"og:image:height\" content=\"100\" \/>\n\t<meta property=\"og:image:type\" content=\"image\/png\" \/>\n<meta name=\"twitter:card\" content=\"summary_large_image\" \/>\n<meta name=\"twitter:label1\" content=\"Gesch\u00e4tzte Lesezeit\" \/>\n\t<meta name=\"twitter:data1\" content=\"2\u00a0Minuten\" \/>\n<script type=\"application\/ld+json\" class=\"yoast-schema-graph\">{\"@context\":\"https:\/\/schema.org\",\"@graph\":[{\"@type\":\"WebPage\",\"@id\":\"https:\/\/alpontemocenigo.com\/de\/bewertungen-und-artikel\/\",\"url\":\"https:\/\/alpontemocenigo.com\/de\/bewertungen-und-artikel\/\",\"name\":\"Bewertungen und Artikel aus den renommiertesten Reisemedien der Welt | Hotel Al Ponte Mocenigo Venedig\",\"isPartOf\":{\"@id\":\"https:\/\/alpontemocenigo.com\/de\/#website\"},\"primaryImageOfPage\":{\"@id\":\"https:\/\/alpontemocenigo.com\/de\/bewertungen-und-artikel\/#primaryimage\"},\"image\":{\"@id\":\"https:\/\/alpontemocenigo.com\/de\/bewertungen-und-artikel\/#primaryimage\"},\"thumbnailUrl\":\"https:\/\/alpontemocenigo.com\/wp-content\/uploads\/2025\/08\/2.png\",\"datePublished\":\"2025-08-04T14:29:27+00:00\",\"dateModified\":\"2025-08-04T14:29:28+00:00\",\"description\":\"Lesen Sie Bewertungen und Artikel \u00fcber das Hotel Al Ponte Mocenigo in The Times, NYT, Telegraph und National Geographic Traveller.\",\"breadcrumb\":{\"@id\":\"https:\/\/alpontemocenigo.com\/de\/bewertungen-und-artikel\/#breadcrumb\"},\"inLanguage\":\"de\",\"potentialAction\":[{\"@type\":\"ReadAction\",\"target\":[\"https:\/\/alpontemocenigo.com\/de\/bewertungen-und-artikel\/\"]}]},{\"@type\":\"ImageObject\",\"inLanguage\":\"de\",\"@id\":\"https:\/\/alpontemocenigo.com\/de\/bewertungen-und-artikel\/#primaryimage\",\"url\":\"https:\/\/alpontemocenigo.com\/wp-content\/uploads\/2025\/08\/2.png\",\"contentUrl\":\"https:\/\/alpontemocenigo.com\/wp-content\/uploads\/2025\/08\/2.png\"},{\"@type\":\"BreadcrumbList\",\"@id\":\"https:\/\/alpontemocenigo.com\/de\/bewertungen-und-artikel\/#breadcrumb\",\"itemListElement\":[{\"@type\":\"ListItem\",\"position\":1,\"name\":\"Home\",\"item\":\"https:\/\/alpontemocenigo.com\/de\/\"},{\"@type\":\"ListItem\",\"position\":2,\"name\":\"Bewertungen und Artikel aus den renommiertesten Reisemedien der Welt\"}]},{\"@type\":\"WebSite\",\"@id\":\"https:\/\/alpontemocenigo.com\/de\/#website\",\"url\":\"https:\/\/alpontemocenigo.com\/de\/\",\"name\":\"Hotel Al ponte Mocenigo\",\"description\":\"Hotel im Herzen von Venedig\",\"publisher\":{\"@id\":\"https:\/\/alpontemocenigo.com\/de\/#organization\"},\"potentialAction\":[{\"@type\":\"SearchAction\",\"target\":{\"@type\":\"EntryPoint\",\"urlTemplate\":\"https:\/\/alpontemocenigo.com\/de\/?s={search_term_string}\"},\"query-input\":{\"@type\":\"PropertyValueSpecification\",\"valueRequired\":true,\"valueName\":\"search_term_string\"}}],\"inLanguage\":\"de\"},{\"@type\":\"Organization\",\"@id\":\"https:\/\/alpontemocenigo.com\/de\/#organization\",\"name\":\"Hotel Al Ponte Mocenigo Venice\",\"url\":\"https:\/\/alpontemocenigo.com\/de\/\",\"logo\":{\"@type\":\"ImageObject\",\"inLanguage\":\"de\",\"@id\":\"https:\/\/alpontemocenigo.com\/de\/#\/schema\/logo\/image\/\",\"url\":\"https:\/\/alpontemocenigo.com\/wp-content\/uploads\/2020\/10\/logo-v2r.png\",\"contentUrl\":\"https:\/\/alpontemocenigo.com\/wp-content\/uploads\/2020\/10\/logo-v2r.png\",\"width\":268,\"height\":90,\"caption\":\"Hotel Al Ponte Mocenigo Venice\"},\"image\":{\"@id\":\"https:\/\/alpontemocenigo.com\/de\/#\/schema\/logo\/image\/\"},\"sameAs\":[\"https:\/\/www.facebook.com\/hotelalpontemocenigovenice\/\"]}]}<\/script>\n<!-- \/ Yoast SEO plugin. -->","yoast_head_json":{"title":"Bewertungen und Artikel aus den renommiertesten Reisemedien der Welt | Hotel Al Ponte Mocenigo Venedig","description":"Lesen Sie Bewertungen und Artikel \u00fcber das Hotel Al Ponte Mocenigo in The Times, NYT, Telegraph und National Geographic Traveller.","robots":{"index":"index","follow":"follow","max-snippet":"max-snippet:-1","max-image-preview":"max-image-preview:large","max-video-preview":"max-video-preview:-1"},"canonical":"https:\/\/alpontemocenigo.com\/de\/bewertungen-und-artikel\/","og_locale":"de_DE","og_type":"article","og_title":"Bewertungen und Artikel aus den renommiertesten Reisemedien der Welt | Hotel Al Ponte Mocenigo Venedig","og_description":"Lesen Sie Bewertungen und Artikel \u00fcber das Hotel Al Ponte Mocenigo in The Times, NYT, Telegraph und National Geographic Traveller.","og_url":"https:\/\/alpontemocenigo.com\/de\/bewertungen-und-artikel\/","og_site_name":"Hotel Al Ponte Mocenigo Venedig","article_publisher":"https:\/\/www.facebook.com\/hotelalpontemocenigovenice\/","article_modified_time":"2025-08-04T14:29:28+00:00","og_image":[{"width":250,"height":100,"url":"https:\/\/alpontemocenigo.com\/wp-content\/uploads\/2025\/08\/2.png","type":"image\/png"}],"twitter_card":"summary_large_image","twitter_misc":{"Gesch\u00e4tzte Lesezeit":"2\u00a0Minuten"},"schema":{"@context":"https:\/\/schema.org","@graph":[{"@type":"WebPage","@id":"https:\/\/alpontemocenigo.com\/de\/bewertungen-und-artikel\/","url":"https:\/\/alpontemocenigo.com\/de\/bewertungen-und-artikel\/","name":"Bewertungen und Artikel aus den renommiertesten Reisemedien der Welt | Hotel Al Ponte Mocenigo Venedig","isPartOf":{"@id":"https:\/\/alpontemocenigo.com\/de\/#website"},"primaryImageOfPage":{"@id":"https:\/\/alpontemocenigo.com\/de\/bewertungen-und-artikel\/#primaryimage"},"image":{"@id":"https:\/\/alpontemocenigo.com\/de\/bewertungen-und-artikel\/#primaryimage"},"thumbnailUrl":"https:\/\/alpontemocenigo.com\/wp-content\/uploads\/2025\/08\/2.png","datePublished":"2025-08-04T14:29:27+00:00","dateModified":"2025-08-04T14:29:28+00:00","description":"Lesen Sie Bewertungen und Artikel \u00fcber das Hotel Al Ponte Mocenigo in The Times, NYT, Telegraph und National Geographic Traveller.","breadcrumb":{"@id":"https:\/\/alpontemocenigo.com\/de\/bewertungen-und-artikel\/#breadcrumb"},"inLanguage":"de","potentialAction":[{"@type":"ReadAction","target":["https:\/\/alpontemocenigo.com\/de\/bewertungen-und-artikel\/"]}]},{"@type":"ImageObject","inLanguage":"de","@id":"https:\/\/alpontemocenigo.com\/de\/bewertungen-und-artikel\/#primaryimage","url":"https:\/\/alpontemocenigo.com\/wp-content\/uploads\/2025\/08\/2.png","contentUrl":"https:\/\/alpontemocenigo.com\/wp-content\/uploads\/2025\/08\/2.png"},{"@type":"BreadcrumbList","@id":"https:\/\/alpontemocenigo.com\/de\/bewertungen-und-artikel\/#breadcrumb","itemListElement":[{"@type":"ListItem","position":1,"name":"Home","item":"https:\/\/alpontemocenigo.com\/de\/"},{"@type":"ListItem","position":2,"name":"Bewertungen und Artikel aus den renommiertesten Reisemedien der Welt"}]},{"@type":"WebSite","@id":"https:\/\/alpontemocenigo.com\/de\/#website","url":"https:\/\/alpontemocenigo.com\/de\/","name":"Hotel Al ponte Mocenigo","description":"Hotel im Herzen von Venedig","publisher":{"@id":"https:\/\/alpontemocenigo.com\/de\/#organization"},"potentialAction":[{"@type":"SearchAction","target":{"@type":"EntryPoint","urlTemplate":"https:\/\/alpontemocenigo.com\/de\/?s={search_term_string}"},"query-input":{"@type":"PropertyValueSpecification","valueRequired":true,"valueName":"search_term_string"}}],"inLanguage":"de"},{"@type":"Organization","@id":"https:\/\/alpontemocenigo.com\/de\/#organization","name":"Hotel Al Ponte Mocenigo Venice","url":"https:\/\/alpontemocenigo.com\/de\/","logo":{"@type":"ImageObject","inLanguage":"de","@id":"https:\/\/alpontemocenigo.com\/de\/#\/schema\/logo\/image\/","url":"https:\/\/alpontemocenigo.com\/wp-content\/uploads\/2020\/10\/logo-v2r.png","contentUrl":"https:\/\/alpontemocenigo.com\/wp-content\/uploads\/2020\/10\/logo-v2r.png","width":268,"height":90,"caption":"Hotel Al Ponte Mocenigo Venice"},"image":{"@id":"https:\/\/alpontemocenigo.com\/de\/#\/schema\/logo\/image\/"},"sameAs":["https:\/\/www.facebook.com\/hotelalpontemocenigovenice\/"]}]}},"_links":{"self":[{"href":"https:\/\/alpontemocenigo.com\/de\/wp-json\/wp\/v2\/pages\/6536","targetHints":{"allow":["GET"]}}],"collection":[{"href":"https:\/\/alpontemocenigo.com\/de\/wp-json\/wp\/v2\/pages"}],"about":[{"href":"https:\/\/alpontemocenigo.com\/de\/wp-json\/wp\/v2\/types\/page"}],"author":[{"embeddable":true,"href":"https:\/\/alpontemocenigo.com\/de\/wp-json\/wp\/v2\/users\/1"}],"replies":[{"embeddable":true,"href":"https:\/\/alpontemocenigo.com\/de\/wp-json\/wp\/v2\/comments?post=6536"}],"version-history":[{"count":1,"href":"https:\/\/alpontemocenigo.com\/de\/wp-json\/wp\/v2\/pages\/6536\/revisions"}],"predecessor-version":[{"id":6537,"href":"https:\/\/alpontemocenigo.com\/de\/wp-json\/wp\/v2\/pages\/6536\/revisions\/6537"}],"wp:attachment":[{"href":"https:\/\/alpontemocenigo.com\/de\/wp-json\/wp\/v2\/media?parent=6536"}],"curies":[{"name":"wp","href":"https:\/\/api.w.org\/{rel}","templated":true}]}}