{"id":599,"date":"2020-10-14T10:03:42","date_gmt":"2020-10-14T10:03:42","guid":{"rendered":"https:\/\/alpontemocenigo.test\/?page_id=599"},"modified":"2020-12-11T14:24:16","modified_gmt":"2020-12-11T14:24:16","slug":"home","status":"publish","type":"page","link":"https:\/\/alpontemocenigo.com\/es\/","title":{"rendered":"Home"},"content":{"rendered":"","protected":false},"excerpt":{"rendered":"","protected":false},"author":1,"featured_media":0,"parent":0,"menu_order":0,"comment_status":"closed","ping_status":"closed","template":"","meta":{"_acf_changed":false,"footnotes":""},"class_list":["post-599","page","type-page","status-publish","hentry"],"acf":[],"yoast_head":"<!-- This site is optimized with the Yoast SEO plugin v25.2 - https:\/\/yoast.com\/wordpress\/plugins\/seo\/ -->\n<title>Hotel Al Ponte Mocenigo Venecia Sitio Oficial | En el coraz\u00f3n de Venecia<\/title>\n<meta name=\"description\" content=\"El Hotel Al Ponte Mocenigo Venecia goza de una ubicaci\u00f3n excepcional en el coraz\u00f3n de Venecia a pocos minutos del puente de Rialto y a solo 15 minutos a pie de la plaza de San Marcos.\" \/>\n<meta name=\"robots\" content=\"index, follow, max-snippet:-1, max-image-preview:large, max-video-preview:-1\" \/>\n<link rel=\"canonical\" href=\"https:\/\/alpontemocenigo.com\/es\/\" \/>\n<meta property=\"og:locale\" content=\"es_ES\" \/>\n<meta property=\"og:type\" content=\"article\" \/>\n<meta property=\"og:title\" content=\"Hotel Al Ponte Mocenigo Venecia Sitio Oficial | En el coraz\u00f3n de Venecia\" \/>\n<meta property=\"og:description\" content=\"El Hotel Al Ponte Mocenigo Venecia goza de una ubicaci\u00f3n excepcional en el coraz\u00f3n de Venecia a pocos minutos del puente de Rialto y a solo 15 minutos a pie de la plaza de San Marcos.\" \/>\n<meta property=\"og:url\" content=\"https:\/\/alpontemocenigo.com\/es\/\" \/>\n<meta property=\"og:site_name\" content=\"Hotel Al Ponte Mocenigo Venecia Sitio Oficial\" \/>\n<meta property=\"article:publisher\" content=\"https:\/\/www.facebook.com\/hotelalpontemocenigovenice\/\" \/>\n<meta property=\"article:modified_time\" content=\"2020-12-11T14:24:16+00:00\" \/>\n<meta name=\"twitter:card\" content=\"summary_large_image\" \/>\n<script type=\"application\/ld+json\" class=\"yoast-schema-graph\">{\"@context\":\"https:\/\/schema.org\",\"@graph\":[{\"@type\":\"WebPage\",\"@id\":\"https:\/\/alpontemocenigo.com\/es\/\",\"url\":\"https:\/\/alpontemocenigo.com\/es\/\",\"name\":\"Hotel Al Ponte Mocenigo Venecia Sitio Oficial | En el coraz\u00f3n de Venecia\",\"isPartOf\":{\"@id\":\"https:\/\/alpontemocenigo.com\/es\/#website\"},\"datePublished\":\"2020-10-14T10:03:42+00:00\",\"dateModified\":\"2020-12-11T14:24:16+00:00\",\"description\":\"El Hotel Al Ponte Mocenigo Venecia goza de una ubicaci\u00f3n excepcional en el coraz\u00f3n de Venecia a pocos minutos del puente de Rialto y a solo 15 minutos a pie de la plaza de San Marcos.\",\"breadcrumb\":{\"@id\":\"https:\/\/alpontemocenigo.com\/es\/#breadcrumb\"},\"inLanguage\":\"es\",\"potentialAction\":[{\"@type\":\"ReadAction\",\"target\":[\"https:\/\/alpontemocenigo.com\/es\/\"]}]},{\"@type\":\"BreadcrumbList\",\"@id\":\"https:\/\/alpontemocenigo.com\/es\/#breadcrumb\",\"itemListElement\":[{\"@type\":\"ListItem\",\"position\":1,\"name\":\"Home\",\"item\":\"https:\/\/alpontemocenigo.com\/es\/\"},{\"@type\":\"ListItem\",\"position\":2,\"name\":\"Home\"}]},{\"@type\":\"WebSite\",\"@id\":\"https:\/\/alpontemocenigo.com\/es\/#website\",\"url\":\"https:\/\/alpontemocenigo.com\/es\/\",\"name\":\"Hotel Al ponte Mocenigo\",\"description\":\"En el coraz\u00f3n de Venecia\",\"publisher\":{\"@id\":\"https:\/\/alpontemocenigo.com\/es\/#organization\"},\"potentialAction\":[{\"@type\":\"SearchAction\",\"target\":{\"@type\":\"EntryPoint\",\"urlTemplate\":\"https:\/\/alpontemocenigo.com\/es\/?s={search_term_string}\"},\"query-input\":{\"@type\":\"PropertyValueSpecification\",\"valueRequired\":true,\"valueName\":\"search_term_string\"}}],\"inLanguage\":\"es\"},{\"@type\":\"Organization\",\"@id\":\"https:\/\/alpontemocenigo.com\/es\/#organization\",\"name\":\"Hotel Al Ponte Mocenigo Venice\",\"url\":\"https:\/\/alpontemocenigo.com\/es\/\",\"logo\":{\"@type\":\"ImageObject\",\"inLanguage\":\"es\",\"@id\":\"https:\/\/alpontemocenigo.com\/es\/#\/schema\/logo\/image\/\",\"url\":\"https:\/\/alpontemocenigo.com\/wp-content\/uploads\/2020\/10\/logo-v2r.png\",\"contentUrl\":\"https:\/\/alpontemocenigo.com\/wp-content\/uploads\/2020\/10\/logo-v2r.png\",\"width\":268,\"height\":90,\"caption\":\"Hotel Al Ponte Mocenigo Venice\"},\"image\":{\"@id\":\"https:\/\/alpontemocenigo.com\/es\/#\/schema\/logo\/image\/\"},\"sameAs\":[\"https:\/\/www.facebook.com\/hotelalpontemocenigovenice\/\"]}]}<\/script>\n<!-- \/ Yoast SEO plugin. -->","yoast_head_json":{"title":"Hotel Al Ponte Mocenigo Venecia Sitio Oficial | En el coraz\u00f3n de Venecia","description":"El Hotel Al Ponte Mocenigo Venecia goza de una ubicaci\u00f3n excepcional en el coraz\u00f3n de Venecia a pocos minutos del puente de Rialto y a solo 15 minutos a pie de la plaza de San Marcos.","robots":{"index":"index","follow":"follow","max-snippet":"max-snippet:-1","max-image-preview":"max-image-preview:large","max-video-preview":"max-video-preview:-1"},"canonical":"https:\/\/alpontemocenigo.com\/es\/","og_locale":"es_ES","og_type":"article","og_title":"Hotel Al Ponte Mocenigo Venecia Sitio Oficial | En el coraz\u00f3n de Venecia","og_description":"El Hotel Al Ponte Mocenigo Venecia goza de una ubicaci\u00f3n excepcional en el coraz\u00f3n de Venecia a pocos minutos del puente de Rialto y a solo 15 minutos a pie de la plaza de San Marcos.","og_url":"https:\/\/alpontemocenigo.com\/es\/","og_site_name":"Hotel Al Ponte Mocenigo Venecia Sitio Oficial","article_publisher":"https:\/\/www.facebook.com\/hotelalpontemocenigovenice\/","article_modified_time":"2020-12-11T14:24:16+00:00","twitter_card":"summary_large_image","schema":{"@context":"https:\/\/schema.org","@graph":[{"@type":"WebPage","@id":"https:\/\/alpontemocenigo.com\/es\/","url":"https:\/\/alpontemocenigo.com\/es\/","name":"Hotel Al Ponte Mocenigo Venecia Sitio Oficial | En el coraz\u00f3n de Venecia","isPartOf":{"@id":"https:\/\/alpontemocenigo.com\/es\/#website"},"datePublished":"2020-10-14T10:03:42+00:00","dateModified":"2020-12-11T14:24:16+00:00","description":"El Hotel Al Ponte Mocenigo Venecia goza de una ubicaci\u00f3n excepcional en el coraz\u00f3n de Venecia a pocos minutos del puente de Rialto y a solo 15 minutos a pie de la plaza de San Marcos.","breadcrumb":{"@id":"https:\/\/alpontemocenigo.com\/es\/#breadcrumb"},"inLanguage":"es","potentialAction":[{"@type":"ReadAction","target":["https:\/\/alpontemocenigo.com\/es\/"]}]},{"@type":"BreadcrumbList","@id":"https:\/\/alpontemocenigo.com\/es\/#breadcrumb","itemListElement":[{"@type":"ListItem","position":1,"name":"Home","item":"https:\/\/alpontemocenigo.com\/es\/"},{"@type":"ListItem","position":2,"name":"Home"}]},{"@type":"WebSite","@id":"https:\/\/alpontemocenigo.com\/es\/#website","url":"https:\/\/alpontemocenigo.com\/es\/","name":"Hotel Al ponte Mocenigo","description":"En el coraz\u00f3n de Venecia","publisher":{"@id":"https:\/\/alpontemocenigo.com\/es\/#organization"},"potentialAction":[{"@type":"SearchAction","target":{"@type":"EntryPoint","urlTemplate":"https:\/\/alpontemocenigo.com\/es\/?s={search_term_string}"},"query-input":{"@type":"PropertyValueSpecification","valueRequired":true,"valueName":"search_term_string"}}],"inLanguage":"es"},{"@type":"Organization","@id":"https:\/\/alpontemocenigo.com\/es\/#organization","name":"Hotel Al Ponte Mocenigo Venice","url":"https:\/\/alpontemocenigo.com\/es\/","logo":{"@type":"ImageObject","inLanguage":"es","@id":"https:\/\/alpontemocenigo.com\/es\/#\/schema\/logo\/image\/","url":"https:\/\/alpontemocenigo.com\/wp-content\/uploads\/2020\/10\/logo-v2r.png","contentUrl":"https:\/\/alpontemocenigo.com\/wp-content\/uploads\/2020\/10\/logo-v2r.png","width":268,"height":90,"caption":"Hotel Al Ponte Mocenigo Venice"},"image":{"@id":"https:\/\/alpontemocenigo.com\/es\/#\/schema\/logo\/image\/"},"sameAs":["https:\/\/www.facebook.com\/hotelalpontemocenigovenice\/"]}]}},"_links":{"self":[{"href":"https:\/\/alpontemocenigo.com\/es\/wp-json\/wp\/v2\/pages\/599","targetHints":{"allow":["GET"]}}],"collection":[{"href":"https:\/\/alpontemocenigo.com\/es\/wp-json\/wp\/v2\/pages"}],"about":[{"href":"https:\/\/alpontemocenigo.com\/es\/wp-json\/wp\/v2\/types\/page"}],"author":[{"embeddable":true,"href":"https:\/\/alpontemocenigo.com\/es\/wp-json\/wp\/v2\/users\/1"}],"replies":[{"embeddable":true,"href":"https:\/\/alpontemocenigo.com\/es\/wp-json\/wp\/v2\/comments?post=599"}],"version-history":[{"count":17,"href":"https:\/\/alpontemocenigo.com\/es\/wp-json\/wp\/v2\/pages\/599\/revisions"}],"predecessor-version":[{"id":3829,"href":"https:\/\/alpontemocenigo.com\/es\/wp-json\/wp\/v2\/pages\/599\/revisions\/3829"}],"wp:attachment":[{"href":"https:\/\/alpontemocenigo.com\/es\/wp-json\/wp\/v2\/media?parent=599"}],"curies":[{"name":"wp","href":"https:\/\/api.w.org\/{rel}","templated":true}]}}