{"id":603,"date":"2020-10-14T10:09:26","date_gmt":"2020-10-14T10:09:26","guid":{"rendered":"https:\/\/alpontemocenigo.test\/?page_id=603"},"modified":"2025-05-21T12:46:58","modified_gmt":"2025-05-21T12:46:58","slug":"ubicacion","status":"publish","type":"page","link":"https:\/\/alpontemocenigo.com\/es\/ubicacion\/","title":{"rendered":"Ubicaci\u00f3n"},"content":{"rendered":"\n<h3 class=\"wp-block-heading\">A unos minutos de Rialto<\/h3>\n\n\n\n<div style=\"height:20px\" aria-hidden=\"true\" class=\"wp-block-spacer\"><\/div>\n\n\n\n<div class=\"wp-block-group\"><div class=\"wp-block-group__inner-container is-layout-flow wp-block-group-is-layout-flow\">\n<figure class=\"wp-block-gallery columns-2 is-cropped wp-block-gallery-1 is-layout-flex wp-block-gallery-is-layout-flex\"><ul class=\"blocks-gallery-grid\"><li class=\"blocks-gallery-item\"><figure><img loading=\"lazy\" decoding=\"async\" width=\"800\" height=\"530\" src=\"https:\/\/alpontemocenigo.com\/wp-content\/uploads\/2020\/10\/Canal-grande-Venezia-55445-1.jpg\" alt=\"\" data-id=\"224\" data-full-url=\"https:\/\/alpontemocenigo.com\/wp-content\/uploads\/2020\/10\/Canal-grande-Venezia-55445-1.jpg\" data-link=\"https:\/\/alpontemocenigo.com\/?attachment_id=224\" class=\"wp-image-224\" srcset=\"https:\/\/alpontemocenigo.com\/wp-content\/uploads\/2020\/10\/Canal-grande-Venezia-55445-1.jpg 800w, https:\/\/alpontemocenigo.com\/wp-content\/uploads\/2020\/10\/Canal-grande-Venezia-55445-1-300x199.jpg 300w, https:\/\/alpontemocenigo.com\/wp-content\/uploads\/2020\/10\/Canal-grande-Venezia-55445-1-768x509.jpg 768w\" sizes=\"auto, (max-width: 800px) 100vw, 800px\" \/><\/figure><\/li><li class=\"blocks-gallery-item\"><figure><img loading=\"lazy\" decoding=\"async\" width=\"840\" height=\"560\" src=\"https:\/\/alpontemocenigo.com\/wp-content\/uploads\/2020\/10\/DSC_9666.jpg\" alt=\"\" data-id=\"664\" data-full-url=\"https:\/\/alpontemocenigo.com\/wp-content\/uploads\/2020\/10\/DSC_9666.jpg\" data-link=\"https:\/\/alpontemocenigo.com\/?attachment_id=664\" class=\"wp-image-664\" srcset=\"https:\/\/alpontemocenigo.com\/wp-content\/uploads\/2020\/10\/DSC_9666.jpg 840w, https:\/\/alpontemocenigo.com\/wp-content\/uploads\/2020\/10\/DSC_9666-300x200.jpg 300w, https:\/\/alpontemocenigo.com\/wp-content\/uploads\/2020\/10\/DSC_9666-768x512.jpg 768w\" sizes=\"auto, (max-width: 840px) 100vw, 840px\" \/><\/figure><\/li><\/ul><\/figure>\n\n\n\n<div style=\"height:20px\" aria-hidden=\"true\" class=\"wp-block-spacer\"><\/div>\n\n\n\n<p><\/p>\n<\/div><\/div>\n\n\n\n<p>El Hotel Al Ponte Mocenigo se encuentra a dos pasos del Puente de Rialto, detr\u00e1s de la preciosa Iglesia de San Stae, en una zona de Venecia extremadamente tranquila y caracter\u00edstica, fuera de los recorridos tur\u00edsticos convencionales, pero a\u00fan en el coraz\u00f3n de la ciudad. Paseando por las calles y las plazas que rodean el hotel, tendr\u00e1 la posibilidad de descubrir rincones desconocidos y encantadores que suelen escapar a la atenci\u00f3n.<\/p>\n\n\n\n<p><br>El Hotel Al Ponte Mocenigo se encuentra adem\u00e1s a 15 minutos de la Plaza de San Marcos, a la que puede llegar tanto a pie como en vaporeto, y constituye la base ideal para cualquier itinerario. El hotel est\u00e1 a menos de 50 metros de la parada de autob\u00fas acu\u00e1tico de San Stae (en servicio 24 horas al d\u00eda), a la que puede llegar sin cruzar ning\u00fan puente.<\/p>\n\n\n\n<div style=\"height:20px\" aria-hidden=\"true\" class=\"wp-block-spacer\"><\/div>\n\n\n\n<h3 class=\"wp-block-heading\">C\u00f3mo llegar<\/h3>\n\n\n\n<h3 class=\"wp-block-heading\">En avi\u00f3n<\/h3>\n\n\n\n<p>Para llegar al Hotel Al Ponte Mocenigo desde el Aeropuerto Marco Polo de Venecia puede tomar un taxi acu\u00e1tico privado, que puede dejarle en la misma puerta del hotel, o utilizar el servicio de transporte acu\u00e1tico \u00abAlilaguna\u00bb (l\u00ednea naranja) y bajar en la parada de San stae, a 50 metros del hotel. Tambi\u00e9n puede tomar el autob\u00fas directo \u00abVenezia Air Terminal\u00bb, que llega a Piazzale Roma en 20 minutos. Siga las indicaciones del apartado \u00abEn tren\u00bb.<\/p>\n\n\n\n<h3 class=\"wp-block-heading\">En coche<\/h3>\n\n\n\n<p>Pueden aparcar su coche en el Piazzale Roma, o bien en Tronchetto y coger la lancha n\u00b0 2 hasta Piazzale Roma. Siga las indicaciones del apartado \u00abEn tren\u00bb.<\/p>\n\n\n\n<h3 class=\"wp-block-heading\">En tren<\/h3>\n\n\n\n<p>Tome el vaporetto 1 (\u00abN\u00bb por la noche) y baje en la parada de San Stae. Desde aqu\u00ed, siga recto por Salizada San Stae unos 50 metros. A la izquierda, en el n\u00famero 1985 se encuentra la entrada del hotel.<\/p>\n\n\n\n<div style=\"height:20px\" aria-hidden=\"true\" class=\"wp-block-spacer\"><\/div>\n\n\n\n<iframe loading=\"lazy\" src=\"https:\/\/www.google.com\/maps\/embed?pb=!1m14!1m8!1m3!1d11197.71160823853!2d12.3301865!3d45.4410327!3m2!1i1024!2i768!4f13.1!3m3!1m2!1s0x0%3A0x16ba87828e3d21db!2sHotel%20Al%20Ponte%20Mocenigo!5e0!3m2!1sit!2sit!4v1606493382476!5m2!1sit!2sit\" width=\"100%\" height=\"300\" frameborder=\"0\" style=\"border:0;\" allowfullscreen=\"\" aria-hidden=\"false\" tabindex=\"0\"><\/iframe>\n\n\n\n<div style=\"height:20px\" aria-hidden=\"true\" class=\"wp-block-spacer\"><\/div>\n\n\n\n<h3 class=\"wp-block-heading\">Los alrededores<\/h3>\n\n\n\n<p>En los alrededores de este elegante y confortable <strong>hotel de Venecia<\/strong> se encuentran tambi\u00e9n muchos museos y palacios interesantes desde el punto de vista arquitect\u00f3nico, hist\u00f3rico y cultural. Un ejemplo excelente es el <strong>Ca\u2019 Pesaro<\/strong>, un espl\u00e9ndido palacio barroco que alberga nada menos que dos museos: el <strong>Museo de Arte Oriental<\/strong> y la <strong>Galer\u00eda Internacional de Arte Moderno<\/strong> de Venecia, donde podr\u00e1n contemplar entre otras cosas las pinturas y esculturas de Klimt, Chagall, Kandinsky y Rodin.<\/p>\n\n\n\n<p><br>Tambi\u00e9n hay que destacar, todav\u00eda en las inmediaciones del hotel, el <strong>Museo de Historia Natural<\/strong> y el <strong>Palacio Mocenigo<\/strong>, la antigua morada de la familia Mocenigo que alberga en la actualidad el Museo y el Centro de Historia del Tejido y del Traje. <\/p>\n\n\n\n<p><br>Les aconsejamos visitar igualmente el Campo San Giacomo, el <strong>Campo dei Frari, la plaza San Rocco<\/strong> y el Campo Santa Margherita, unas zonas muy \u00abvenecianas\u00bb y encantadoras, animadas tanto durante el d\u00eda como por la noche. Los mercados de pescado y de fruta con sus puestos multicolor que animan cada ma\u00f1ana la zona de Rialto resultan tambi\u00e9n muy pintorescos.<\/p>\n\n\n\n<div style=\"height:20px\" aria-hidden=\"true\" class=\"wp-block-spacer\"><\/div>\n\n\n\n<figure class=\"wp-block-gallery columns-3 is-cropped\"><ul class=\"blocks-gallery-grid\"><li class=\"blocks-gallery-item\"><figure><a href=\"https:\/\/alpontemocenigo.com\/wp-content\/uploads\/2020\/10\/rialto_pescheria_bdt.jpg\"><img loading=\"lazy\" decoding=\"async\" width=\"840\" height=\"560\" src=\"https:\/\/alpontemocenigo.com\/wp-content\/uploads\/2020\/10\/rialto_pescheria_bdt.jpg\" alt=\"\" data-id=\"676\" data-full-url=\"https:\/\/alpontemocenigo.com\/wp-content\/uploads\/2020\/10\/rialto_pescheria_bdt.jpg\" data-link=\"https:\/\/alpontemocenigo.com\/location\/rialto_pescheria_bdt\/\" class=\"wp-image-676\" srcset=\"https:\/\/alpontemocenigo.com\/wp-content\/uploads\/2020\/10\/rialto_pescheria_bdt.jpg 840w, https:\/\/alpontemocenigo.com\/wp-content\/uploads\/2020\/10\/rialto_pescheria_bdt-300x200.jpg 300w, https:\/\/alpontemocenigo.com\/wp-content\/uploads\/2020\/10\/rialto_pescheria_bdt-768x512.jpg 768w\" sizes=\"auto, (max-width: 840px) 100vw, 840px\" \/><\/a><\/figure><\/li><li class=\"blocks-gallery-item\"><figure><a href=\"https:\/\/alpontemocenigo.com\/wp-content\/uploads\/2020\/10\/Fotolia_68104054_L.jpg\"><img loading=\"lazy\" decoding=\"async\" width=\"840\" height=\"560\" src=\"https:\/\/alpontemocenigo.com\/wp-content\/uploads\/2020\/10\/Fotolia_68104054_L.jpg\" alt=\"\" data-id=\"670\" data-full-url=\"https:\/\/alpontemocenigo.com\/wp-content\/uploads\/2020\/10\/Fotolia_68104054_L.jpg\" data-link=\"https:\/\/alpontemocenigo.com\/location\/fotolia_68104054_l\/\" class=\"wp-image-670\" srcset=\"https:\/\/alpontemocenigo.com\/wp-content\/uploads\/2020\/10\/Fotolia_68104054_L.jpg 840w, https:\/\/alpontemocenigo.com\/wp-content\/uploads\/2020\/10\/Fotolia_68104054_L-300x200.jpg 300w, https:\/\/alpontemocenigo.com\/wp-content\/uploads\/2020\/10\/Fotolia_68104054_L-768x512.jpg 768w\" sizes=\"auto, (max-width: 840px) 100vw, 840px\" \/><\/a><\/figure><\/li><li class=\"blocks-gallery-item\"><figure><a href=\"https:\/\/alpontemocenigo.com\/wp-content\/uploads\/2020\/10\/DSC_9651.jpg\"><img loading=\"lazy\" decoding=\"async\" width=\"840\" height=\"560\" src=\"https:\/\/alpontemocenigo.com\/wp-content\/uploads\/2020\/10\/DSC_9651.jpg\" alt=\"\" data-id=\"658\" data-full-url=\"https:\/\/alpontemocenigo.com\/wp-content\/uploads\/2020\/10\/DSC_9651.jpg\" data-link=\"https:\/\/alpontemocenigo.com\/location\/dsc_9651\/\" class=\"wp-image-658\" srcset=\"https:\/\/alpontemocenigo.com\/wp-content\/uploads\/2020\/10\/DSC_9651.jpg 840w, https:\/\/alpontemocenigo.com\/wp-content\/uploads\/2020\/10\/DSC_9651-300x200.jpg 300w, https:\/\/alpontemocenigo.com\/wp-content\/uploads\/2020\/10\/DSC_9651-768x512.jpg 768w\" sizes=\"auto, (max-width: 840px) 100vw, 840px\" \/><\/a><\/figure><\/li><li class=\"blocks-gallery-item\"><figure><a href=\"https:\/\/alpontemocenigo.com\/wp-content\/uploads\/2020\/10\/ca-pesaro-1.jpg\"><img loading=\"lazy\" decoding=\"async\" width=\"840\" height=\"560\" src=\"https:\/\/alpontemocenigo.com\/wp-content\/uploads\/2020\/10\/ca-pesaro-1.jpg\" alt=\"\" data-id=\"652\" data-full-url=\"https:\/\/alpontemocenigo.com\/wp-content\/uploads\/2020\/10\/ca-pesaro-1.jpg\" data-link=\"https:\/\/alpontemocenigo.com\/location\/ca-pesaro-1\/\" class=\"wp-image-652\" srcset=\"https:\/\/alpontemocenigo.com\/wp-content\/uploads\/2020\/10\/ca-pesaro-1.jpg 840w, https:\/\/alpontemocenigo.com\/wp-content\/uploads\/2020\/10\/ca-pesaro-1-300x200.jpg 300w, https:\/\/alpontemocenigo.com\/wp-content\/uploads\/2020\/10\/ca-pesaro-1-768x512.jpg 768w\" sizes=\"auto, (max-width: 840px) 100vw, 840px\" \/><\/a><\/figure><\/li><li class=\"blocks-gallery-item\"><figure><a href=\"https:\/\/alpontemocenigo.com\/wp-content\/uploads\/2020\/10\/cadoro.jpg\"><img loading=\"lazy\" decoding=\"async\" width=\"840\" height=\"560\" src=\"https:\/\/alpontemocenigo.com\/wp-content\/uploads\/2020\/10\/cadoro.jpg\" alt=\"\" data-id=\"524\" data-full-url=\"https:\/\/alpontemocenigo.com\/wp-content\/uploads\/2020\/10\/cadoro.jpg\" data-link=\"https:\/\/alpontemocenigo.com\/home\/cadoro\/\" class=\"wp-image-524\" srcset=\"https:\/\/alpontemocenigo.com\/wp-content\/uploads\/2020\/10\/cadoro.jpg 840w, https:\/\/alpontemocenigo.com\/wp-content\/uploads\/2020\/10\/cadoro-300x200.jpg 300w, https:\/\/alpontemocenigo.com\/wp-content\/uploads\/2020\/10\/cadoro-768x512.jpg 768w\" sizes=\"auto, (max-width: 840px) 100vw, 840px\" \/><\/a><\/figure><\/li><li class=\"blocks-gallery-item\"><figure><a href=\"https:\/\/alpontemocenigo.com\/wp-content\/uploads\/2020\/10\/venezia_piazza_san_marco.jpg\"><img loading=\"lazy\" decoding=\"async\" width=\"840\" height=\"560\" src=\"https:\/\/alpontemocenigo.com\/wp-content\/uploads\/2020\/10\/venezia_piazza_san_marco.jpg\" alt=\"\" data-id=\"516\" data-full-url=\"https:\/\/alpontemocenigo.com\/wp-content\/uploads\/2020\/10\/venezia_piazza_san_marco.jpg\" data-link=\"https:\/\/alpontemocenigo.com\/home\/venezia_piazza_san_marco\/\" class=\"wp-image-516\" srcset=\"https:\/\/alpontemocenigo.com\/wp-content\/uploads\/2020\/10\/venezia_piazza_san_marco.jpg 840w, https:\/\/alpontemocenigo.com\/wp-content\/uploads\/2020\/10\/venezia_piazza_san_marco-300x200.jpg 300w, https:\/\/alpontemocenigo.com\/wp-content\/uploads\/2020\/10\/venezia_piazza_san_marco-768x512.jpg 768w\" sizes=\"auto, (max-width: 840px) 100vw, 840px\" \/><\/a><\/figure><\/li><\/ul><\/figure>\n\n\n\n<p><\/p>\n","protected":false},"excerpt":{"rendered":"<p>A unos minutos de Rialto El Hotel Al Ponte Mocenigo se encuentra a dos pasos del Puente de Rialto, detr\u00e1s de la preciosa Iglesia de San Stae, en una zona de Venecia extremadamente tranquila y caracter\u00edstica, fuera de los recorridos tur\u00edsticos convencionales, pero a\u00fan en el coraz\u00f3n de la ciudad. Paseando por las calles y [&hellip;]<\/p>\n","protected":false},"author":1,"featured_media":0,"parent":0,"menu_order":0,"comment_status":"closed","ping_status":"closed","template":"","meta":{"_acf_changed":false,"footnotes":""},"class_list":["post-603","page","type-page","status-publish","hentry"],"acf":[],"yoast_head":"<!-- This site is optimized with the Yoast SEO plugin v25.2 - https:\/\/yoast.com\/wordpress\/plugins\/seo\/ -->\n<title>Ubicaci\u00f3n | Hotel Al Ponte Mocenigo Venecia Sitio Oficial<\/title>\n<meta name=\"description\" content=\"Ubicaci\u00f3n: el Hotel Al Ponte Mocenigo se encuentra a dos pasos del Puente de Rialto, detr\u00e1s de la preciosa Iglesia de San Stae\" \/>\n<meta name=\"robots\" content=\"index, follow, max-snippet:-1, max-image-preview:large, max-video-preview:-1\" \/>\n<link rel=\"canonical\" href=\"https:\/\/alpontemocenigo.com\/es\/ubicacion\/\" \/>\n<meta property=\"og:locale\" content=\"es_ES\" \/>\n<meta property=\"og:type\" content=\"article\" \/>\n<meta property=\"og:title\" content=\"Ubicaci\u00f3n | Hotel Al Ponte Mocenigo Venecia Sitio Oficial\" \/>\n<meta property=\"og:description\" content=\"Ubicaci\u00f3n: el Hotel Al Ponte Mocenigo se encuentra a dos pasos del Puente de Rialto, detr\u00e1s de la preciosa Iglesia de San Stae\" \/>\n<meta property=\"og:url\" content=\"https:\/\/alpontemocenigo.com\/es\/ubicacion\/\" \/>\n<meta property=\"og:site_name\" content=\"Hotel Al Ponte Mocenigo Venecia Sitio Oficial\" \/>\n<meta property=\"article:publisher\" content=\"https:\/\/www.facebook.com\/hotelalpontemocenigovenice\/\" \/>\n<meta property=\"article:modified_time\" content=\"2025-05-21T12:46:58+00:00\" \/>\n<meta property=\"og:image\" content=\"https:\/\/alpontemocenigo.com\/wp-content\/uploads\/2020\/10\/Canal-grande-Venezia-55445-1.jpg\" \/>\n\t<meta property=\"og:image:width\" content=\"800\" \/>\n\t<meta property=\"og:image:height\" content=\"530\" \/>\n\t<meta property=\"og:image:type\" content=\"image\/jpeg\" \/>\n<meta name=\"twitter:card\" content=\"summary_large_image\" \/>\n<meta name=\"twitter:label1\" content=\"Tiempo de lectura\" \/>\n\t<meta name=\"twitter:data1\" content=\"4 minutos\" \/>\n<script type=\"application\/ld+json\" class=\"yoast-schema-graph\">{\"@context\":\"https:\/\/schema.org\",\"@graph\":[{\"@type\":\"WebPage\",\"@id\":\"https:\/\/alpontemocenigo.com\/es\/ubicacion\/\",\"url\":\"https:\/\/alpontemocenigo.com\/es\/ubicacion\/\",\"name\":\"Ubicaci\u00f3n | Hotel Al Ponte Mocenigo Venecia Sitio Oficial\",\"isPartOf\":{\"@id\":\"https:\/\/alpontemocenigo.com\/es\/#website\"},\"primaryImageOfPage\":{\"@id\":\"https:\/\/alpontemocenigo.com\/es\/ubicacion\/#primaryimage\"},\"image\":{\"@id\":\"https:\/\/alpontemocenigo.com\/es\/ubicacion\/#primaryimage\"},\"thumbnailUrl\":\"https:\/\/alpontemocenigo.com\/wp-content\/uploads\/2020\/10\/Canal-grande-Venezia-55445-1.jpg\",\"datePublished\":\"2020-10-14T10:09:26+00:00\",\"dateModified\":\"2025-05-21T12:46:58+00:00\",\"description\":\"Ubicaci\u00f3n: el Hotel Al Ponte Mocenigo se encuentra a dos pasos del Puente de Rialto, detr\u00e1s de la preciosa Iglesia de San Stae\",\"breadcrumb\":{\"@id\":\"https:\/\/alpontemocenigo.com\/es\/ubicacion\/#breadcrumb\"},\"inLanguage\":\"es\",\"potentialAction\":[{\"@type\":\"ReadAction\",\"target\":[\"https:\/\/alpontemocenigo.com\/es\/ubicacion\/\"]}]},{\"@type\":\"ImageObject\",\"inLanguage\":\"es\",\"@id\":\"https:\/\/alpontemocenigo.com\/es\/ubicacion\/#primaryimage\",\"url\":\"https:\/\/alpontemocenigo.com\/wp-content\/uploads\/2020\/10\/Canal-grande-Venezia-55445-1.jpg\",\"contentUrl\":\"https:\/\/alpontemocenigo.com\/wp-content\/uploads\/2020\/10\/Canal-grande-Venezia-55445-1.jpg\"},{\"@type\":\"BreadcrumbList\",\"@id\":\"https:\/\/alpontemocenigo.com\/es\/ubicacion\/#breadcrumb\",\"itemListElement\":[{\"@type\":\"ListItem\",\"position\":1,\"name\":\"Home\",\"item\":\"https:\/\/alpontemocenigo.com\/es\/\"},{\"@type\":\"ListItem\",\"position\":2,\"name\":\"Ubicaci\u00f3n\"}]},{\"@type\":\"WebSite\",\"@id\":\"https:\/\/alpontemocenigo.com\/es\/#website\",\"url\":\"https:\/\/alpontemocenigo.com\/es\/\",\"name\":\"Hotel Al ponte Mocenigo\",\"description\":\"En el coraz\u00f3n de Venecia\",\"publisher\":{\"@id\":\"https:\/\/alpontemocenigo.com\/es\/#organization\"},\"potentialAction\":[{\"@type\":\"SearchAction\",\"target\":{\"@type\":\"EntryPoint\",\"urlTemplate\":\"https:\/\/alpontemocenigo.com\/es\/?s={search_term_string}\"},\"query-input\":{\"@type\":\"PropertyValueSpecification\",\"valueRequired\":true,\"valueName\":\"search_term_string\"}}],\"inLanguage\":\"es\"},{\"@type\":\"Organization\",\"@id\":\"https:\/\/alpontemocenigo.com\/es\/#organization\",\"name\":\"Hotel Al Ponte Mocenigo Venice\",\"url\":\"https:\/\/alpontemocenigo.com\/es\/\",\"logo\":{\"@type\":\"ImageObject\",\"inLanguage\":\"es\",\"@id\":\"https:\/\/alpontemocenigo.com\/es\/#\/schema\/logo\/image\/\",\"url\":\"https:\/\/alpontemocenigo.com\/wp-content\/uploads\/2020\/10\/logo-v2r.png\",\"contentUrl\":\"https:\/\/alpontemocenigo.com\/wp-content\/uploads\/2020\/10\/logo-v2r.png\",\"width\":268,\"height\":90,\"caption\":\"Hotel Al Ponte Mocenigo Venice\"},\"image\":{\"@id\":\"https:\/\/alpontemocenigo.com\/es\/#\/schema\/logo\/image\/\"},\"sameAs\":[\"https:\/\/www.facebook.com\/hotelalpontemocenigovenice\/\"]}]}<\/script>\n<!-- \/ Yoast SEO plugin. -->","yoast_head_json":{"title":"Ubicaci\u00f3n | Hotel Al Ponte Mocenigo Venecia Sitio Oficial","description":"Ubicaci\u00f3n: el Hotel Al Ponte Mocenigo se encuentra a dos pasos del Puente de Rialto, detr\u00e1s de la preciosa Iglesia de San Stae","robots":{"index":"index","follow":"follow","max-snippet":"max-snippet:-1","max-image-preview":"max-image-preview:large","max-video-preview":"max-video-preview:-1"},"canonical":"https:\/\/alpontemocenigo.com\/es\/ubicacion\/","og_locale":"es_ES","og_type":"article","og_title":"Ubicaci\u00f3n | Hotel Al Ponte Mocenigo Venecia Sitio Oficial","og_description":"Ubicaci\u00f3n: el Hotel Al Ponte Mocenigo se encuentra a dos pasos del Puente de Rialto, detr\u00e1s de la preciosa Iglesia de San Stae","og_url":"https:\/\/alpontemocenigo.com\/es\/ubicacion\/","og_site_name":"Hotel Al Ponte Mocenigo Venecia Sitio Oficial","article_publisher":"https:\/\/www.facebook.com\/hotelalpontemocenigovenice\/","article_modified_time":"2025-05-21T12:46:58+00:00","og_image":[{"width":800,"height":530,"url":"https:\/\/alpontemocenigo.com\/wp-content\/uploads\/2020\/10\/Canal-grande-Venezia-55445-1.jpg","type":"image\/jpeg"}],"twitter_card":"summary_large_image","twitter_misc":{"Tiempo de lectura":"4 minutos"},"schema":{"@context":"https:\/\/schema.org","@graph":[{"@type":"WebPage","@id":"https:\/\/alpontemocenigo.com\/es\/ubicacion\/","url":"https:\/\/alpontemocenigo.com\/es\/ubicacion\/","name":"Ubicaci\u00f3n | Hotel Al Ponte Mocenigo Venecia Sitio Oficial","isPartOf":{"@id":"https:\/\/alpontemocenigo.com\/es\/#website"},"primaryImageOfPage":{"@id":"https:\/\/alpontemocenigo.com\/es\/ubicacion\/#primaryimage"},"image":{"@id":"https:\/\/alpontemocenigo.com\/es\/ubicacion\/#primaryimage"},"thumbnailUrl":"https:\/\/alpontemocenigo.com\/wp-content\/uploads\/2020\/10\/Canal-grande-Venezia-55445-1.jpg","datePublished":"2020-10-14T10:09:26+00:00","dateModified":"2025-05-21T12:46:58+00:00","description":"Ubicaci\u00f3n: el Hotel Al Ponte Mocenigo se encuentra a dos pasos del Puente de Rialto, detr\u00e1s de la preciosa Iglesia de San Stae","breadcrumb":{"@id":"https:\/\/alpontemocenigo.com\/es\/ubicacion\/#breadcrumb"},"inLanguage":"es","potentialAction":[{"@type":"ReadAction","target":["https:\/\/alpontemocenigo.com\/es\/ubicacion\/"]}]},{"@type":"ImageObject","inLanguage":"es","@id":"https:\/\/alpontemocenigo.com\/es\/ubicacion\/#primaryimage","url":"https:\/\/alpontemocenigo.com\/wp-content\/uploads\/2020\/10\/Canal-grande-Venezia-55445-1.jpg","contentUrl":"https:\/\/alpontemocenigo.com\/wp-content\/uploads\/2020\/10\/Canal-grande-Venezia-55445-1.jpg"},{"@type":"BreadcrumbList","@id":"https:\/\/alpontemocenigo.com\/es\/ubicacion\/#breadcrumb","itemListElement":[{"@type":"ListItem","position":1,"name":"Home","item":"https:\/\/alpontemocenigo.com\/es\/"},{"@type":"ListItem","position":2,"name":"Ubicaci\u00f3n"}]},{"@type":"WebSite","@id":"https:\/\/alpontemocenigo.com\/es\/#website","url":"https:\/\/alpontemocenigo.com\/es\/","name":"Hotel Al ponte Mocenigo","description":"En el coraz\u00f3n de Venecia","publisher":{"@id":"https:\/\/alpontemocenigo.com\/es\/#organization"},"potentialAction":[{"@type":"SearchAction","target":{"@type":"EntryPoint","urlTemplate":"https:\/\/alpontemocenigo.com\/es\/?s={search_term_string}"},"query-input":{"@type":"PropertyValueSpecification","valueRequired":true,"valueName":"search_term_string"}}],"inLanguage":"es"},{"@type":"Organization","@id":"https:\/\/alpontemocenigo.com\/es\/#organization","name":"Hotel Al Ponte Mocenigo Venice","url":"https:\/\/alpontemocenigo.com\/es\/","logo":{"@type":"ImageObject","inLanguage":"es","@id":"https:\/\/alpontemocenigo.com\/es\/#\/schema\/logo\/image\/","url":"https:\/\/alpontemocenigo.com\/wp-content\/uploads\/2020\/10\/logo-v2r.png","contentUrl":"https:\/\/alpontemocenigo.com\/wp-content\/uploads\/2020\/10\/logo-v2r.png","width":268,"height":90,"caption":"Hotel Al Ponte Mocenigo Venice"},"image":{"@id":"https:\/\/alpontemocenigo.com\/es\/#\/schema\/logo\/image\/"},"sameAs":["https:\/\/www.facebook.com\/hotelalpontemocenigovenice\/"]}]}},"_links":{"self":[{"href":"https:\/\/alpontemocenigo.com\/es\/wp-json\/wp\/v2\/pages\/603","targetHints":{"allow":["GET"]}}],"collection":[{"href":"https:\/\/alpontemocenigo.com\/es\/wp-json\/wp\/v2\/pages"}],"about":[{"href":"https:\/\/alpontemocenigo.com\/es\/wp-json\/wp\/v2\/types\/page"}],"author":[{"embeddable":true,"href":"https:\/\/alpontemocenigo.com\/es\/wp-json\/wp\/v2\/users\/1"}],"replies":[{"embeddable":true,"href":"https:\/\/alpontemocenigo.com\/es\/wp-json\/wp\/v2\/comments?post=603"}],"version-history":[{"count":5,"href":"https:\/\/alpontemocenigo.com\/es\/wp-json\/wp\/v2\/pages\/603\/revisions"}],"predecessor-version":[{"id":3476,"href":"https:\/\/alpontemocenigo.com\/es\/wp-json\/wp\/v2\/pages\/603\/revisions\/3476"}],"wp:attachment":[{"href":"https:\/\/alpontemocenigo.com\/es\/wp-json\/wp\/v2\/media?parent=603"}],"curies":[{"name":"wp","href":"https:\/\/api.w.org\/{rel}","templated":true}]}}