{"id":605,"date":"2020-10-14T10:10:09","date_gmt":"2020-10-14T10:10:09","guid":{"rendered":"https:\/\/alpontemocenigo.test\/?page_id=605"},"modified":"2020-12-07T10:00:24","modified_gmt":"2020-12-07T10:00:24","slug":"habitaciones","status":"publish","type":"page","link":"https:\/\/alpontemocenigo.com\/es\/habitaciones\/","title":{"rendered":"Habitaciones"},"content":{"rendered":"\n<p><strong><strong>Estilo veneciano, comodidad m\u00e1xima<\/strong><\/strong><\/p>\n\n\n\n<p>En el Hotel al Ponte Mocenigo se respira una atm\u00f3sfera t\u00edpicamente veneciana, donde la tradici\u00f3n se funde armoniosamente con el confort m\u00e1s moderno.<\/p>\n\n\n\n<p>Nuestros hu\u00e9spedes podr\u00e1n relajarse en habitaciones completamente amuebladas seg\u00fan un estilo muy de moda en la Venecia del s. XVIII, con grandes camas, cortinas adamascadas y muebles lacados con tonos verde pastel, blanco crema y dorados.<\/p>\n\n\n\n<p>Las vigas a la vista en las habitaciones de la planta baja y los suelos venecianos originales completan el magn\u00edfico entorno.<\/p>\n\n\n\n<p><strong>Every room is sanitized with Starcube by Jonix that destroys 99.9% of bacteria and viruses \u2013<\/strong><a href=\"https:\/\/www.alpontemocenigo.com\/wp-content\/uploads\/2020\/10\/al-ponte-mocenigo_safe-hotel.pdf\"> <\/a><a href=\"https:\/\/www.alpontemocenigo.com\/wp-content\/uploads\/2020\/10\/al-ponte-mocenigo_safe-hotel.pdf\" target=\"_blank\" rel=\"noreferrer noopener\">click for more info<\/a><\/p>\n\n\n\n<p><strong>Confort<\/strong><\/p>\n\n\n\n<p>Wi-Fi gratuito &#8211; Aire acondicionado regulable &#8211; TV v\u00eda sat\u00e9lite &#8211; Set de aseo<\/p>\n\n\n\n<p><strong>Informaci\u00f3n r\u00e1pida<\/strong><\/p>\n\n\n\n<p>Recepci\u00f3n: 24h &#8211; Entrada: 14:00 &#8211; Salida: 11:00 &#8211; Desayuno: 8:00-10:00<\/p>\n","protected":false},"excerpt":{"rendered":"<p>Estilo veneciano, comodidad m\u00e1xima En el Hotel al Ponte Mocenigo se respira una atm\u00f3sfera t\u00edpicamente veneciana, donde la tradici\u00f3n se funde armoniosamente con el confort m\u00e1s moderno. Nuestros hu\u00e9spedes podr\u00e1n relajarse en habitaciones completamente amuebladas seg\u00fan un estilo muy de moda en la Venecia del s. XVIII, con grandes camas, cortinas adamascadas y muebles lacados [&hellip;]<\/p>\n","protected":false},"author":1,"featured_media":0,"parent":0,"menu_order":0,"comment_status":"closed","ping_status":"closed","template":"template-archive-camera.php","meta":{"_acf_changed":false,"footnotes":""},"class_list":["post-605","page","type-page","status-publish","hentry"],"acf":[],"yoast_head":"<!-- This site is optimized with the Yoast SEO plugin v25.2 - https:\/\/yoast.com\/wordpress\/plugins\/seo\/ -->\n<title>Habitaciones | Hotel Al Ponte Mocenigo Venecia Sitio Oficial<\/title>\n<meta name=\"description\" content=\"En el Hotel al Ponte Mocenigo se respira una atm\u00f3sfera t\u00edpicamente veneciana, donde la tradici\u00f3n se funde armoniosamente con el confort m\u00e1s moderno.\" \/>\n<meta name=\"robots\" content=\"index, follow, max-snippet:-1, max-image-preview:large, max-video-preview:-1\" \/>\n<link rel=\"canonical\" href=\"https:\/\/alpontemocenigo.com\/es\/habitaciones\/\" \/>\n<meta property=\"og:locale\" content=\"es_ES\" \/>\n<meta property=\"og:type\" content=\"article\" \/>\n<meta property=\"og:title\" content=\"Habitaciones | Hotel Al Ponte Mocenigo Venecia Sitio Oficial\" \/>\n<meta property=\"og:description\" content=\"En el Hotel al Ponte Mocenigo se respira una atm\u00f3sfera t\u00edpicamente veneciana, donde la tradici\u00f3n se funde armoniosamente con el confort m\u00e1s moderno.\" \/>\n<meta property=\"og:url\" content=\"https:\/\/alpontemocenigo.com\/es\/habitaciones\/\" \/>\n<meta property=\"og:site_name\" content=\"Hotel Al Ponte Mocenigo Venecia Sitio Oficial\" \/>\n<meta property=\"article:publisher\" content=\"https:\/\/www.facebook.com\/hotelalpontemocenigovenice\/\" \/>\n<meta property=\"article:modified_time\" content=\"2020-12-07T10:00:24+00:00\" \/>\n<meta name=\"twitter:card\" content=\"summary_large_image\" \/>\n<meta name=\"twitter:label1\" content=\"Tiempo de lectura\" \/>\n\t<meta name=\"twitter:data1\" content=\"1 minuto\" \/>\n<script type=\"application\/ld+json\" class=\"yoast-schema-graph\">{\"@context\":\"https:\/\/schema.org\",\"@graph\":[{\"@type\":\"WebPage\",\"@id\":\"https:\/\/alpontemocenigo.com\/es\/habitaciones\/\",\"url\":\"https:\/\/alpontemocenigo.com\/es\/habitaciones\/\",\"name\":\"Habitaciones | Hotel Al Ponte Mocenigo Venecia Sitio Oficial\",\"isPartOf\":{\"@id\":\"https:\/\/alpontemocenigo.com\/es\/#website\"},\"datePublished\":\"2020-10-14T10:10:09+00:00\",\"dateModified\":\"2020-12-07T10:00:24+00:00\",\"description\":\"En el Hotel al Ponte Mocenigo se respira una atm\u00f3sfera t\u00edpicamente veneciana, donde la tradici\u00f3n se funde armoniosamente con el confort m\u00e1s moderno.\",\"breadcrumb\":{\"@id\":\"https:\/\/alpontemocenigo.com\/es\/habitaciones\/#breadcrumb\"},\"inLanguage\":\"es\",\"potentialAction\":[{\"@type\":\"ReadAction\",\"target\":[\"https:\/\/alpontemocenigo.com\/es\/habitaciones\/\"]}]},{\"@type\":\"BreadcrumbList\",\"@id\":\"https:\/\/alpontemocenigo.com\/es\/habitaciones\/#breadcrumb\",\"itemListElement\":[{\"@type\":\"ListItem\",\"position\":1,\"name\":\"Home\",\"item\":\"https:\/\/alpontemocenigo.com\/es\/\"},{\"@type\":\"ListItem\",\"position\":2,\"name\":\"Habitaciones\"}]},{\"@type\":\"WebSite\",\"@id\":\"https:\/\/alpontemocenigo.com\/es\/#website\",\"url\":\"https:\/\/alpontemocenigo.com\/es\/\",\"name\":\"Hotel Al ponte Mocenigo\",\"description\":\"En el coraz\u00f3n de Venecia\",\"publisher\":{\"@id\":\"https:\/\/alpontemocenigo.com\/es\/#organization\"},\"potentialAction\":[{\"@type\":\"SearchAction\",\"target\":{\"@type\":\"EntryPoint\",\"urlTemplate\":\"https:\/\/alpontemocenigo.com\/es\/?s={search_term_string}\"},\"query-input\":{\"@type\":\"PropertyValueSpecification\",\"valueRequired\":true,\"valueName\":\"search_term_string\"}}],\"inLanguage\":\"es\"},{\"@type\":\"Organization\",\"@id\":\"https:\/\/alpontemocenigo.com\/es\/#organization\",\"name\":\"Hotel Al Ponte Mocenigo Venice\",\"url\":\"https:\/\/alpontemocenigo.com\/es\/\",\"logo\":{\"@type\":\"ImageObject\",\"inLanguage\":\"es\",\"@id\":\"https:\/\/alpontemocenigo.com\/es\/#\/schema\/logo\/image\/\",\"url\":\"https:\/\/alpontemocenigo.com\/wp-content\/uploads\/2020\/10\/logo-v2r.png\",\"contentUrl\":\"https:\/\/alpontemocenigo.com\/wp-content\/uploads\/2020\/10\/logo-v2r.png\",\"width\":268,\"height\":90,\"caption\":\"Hotel Al Ponte Mocenigo Venice\"},\"image\":{\"@id\":\"https:\/\/alpontemocenigo.com\/es\/#\/schema\/logo\/image\/\"},\"sameAs\":[\"https:\/\/www.facebook.com\/hotelalpontemocenigovenice\/\"]}]}<\/script>\n<!-- \/ Yoast SEO plugin. -->","yoast_head_json":{"title":"Habitaciones | Hotel Al Ponte Mocenigo Venecia Sitio Oficial","description":"En el Hotel al Ponte Mocenigo se respira una atm\u00f3sfera t\u00edpicamente veneciana, donde la tradici\u00f3n se funde armoniosamente con el confort m\u00e1s moderno.","robots":{"index":"index","follow":"follow","max-snippet":"max-snippet:-1","max-image-preview":"max-image-preview:large","max-video-preview":"max-video-preview:-1"},"canonical":"https:\/\/alpontemocenigo.com\/es\/habitaciones\/","og_locale":"es_ES","og_type":"article","og_title":"Habitaciones | Hotel Al Ponte Mocenigo Venecia Sitio Oficial","og_description":"En el Hotel al Ponte Mocenigo se respira una atm\u00f3sfera t\u00edpicamente veneciana, donde la tradici\u00f3n se funde armoniosamente con el confort m\u00e1s moderno.","og_url":"https:\/\/alpontemocenigo.com\/es\/habitaciones\/","og_site_name":"Hotel Al Ponte Mocenigo Venecia Sitio Oficial","article_publisher":"https:\/\/www.facebook.com\/hotelalpontemocenigovenice\/","article_modified_time":"2020-12-07T10:00:24+00:00","twitter_card":"summary_large_image","twitter_misc":{"Tiempo de lectura":"1 minuto"},"schema":{"@context":"https:\/\/schema.org","@graph":[{"@type":"WebPage","@id":"https:\/\/alpontemocenigo.com\/es\/habitaciones\/","url":"https:\/\/alpontemocenigo.com\/es\/habitaciones\/","name":"Habitaciones | Hotel Al Ponte Mocenigo Venecia Sitio Oficial","isPartOf":{"@id":"https:\/\/alpontemocenigo.com\/es\/#website"},"datePublished":"2020-10-14T10:10:09+00:00","dateModified":"2020-12-07T10:00:24+00:00","description":"En el Hotel al Ponte Mocenigo se respira una atm\u00f3sfera t\u00edpicamente veneciana, donde la tradici\u00f3n se funde armoniosamente con el confort m\u00e1s moderno.","breadcrumb":{"@id":"https:\/\/alpontemocenigo.com\/es\/habitaciones\/#breadcrumb"},"inLanguage":"es","potentialAction":[{"@type":"ReadAction","target":["https:\/\/alpontemocenigo.com\/es\/habitaciones\/"]}]},{"@type":"BreadcrumbList","@id":"https:\/\/alpontemocenigo.com\/es\/habitaciones\/#breadcrumb","itemListElement":[{"@type":"ListItem","position":1,"name":"Home","item":"https:\/\/alpontemocenigo.com\/es\/"},{"@type":"ListItem","position":2,"name":"Habitaciones"}]},{"@type":"WebSite","@id":"https:\/\/alpontemocenigo.com\/es\/#website","url":"https:\/\/alpontemocenigo.com\/es\/","name":"Hotel Al ponte Mocenigo","description":"En el coraz\u00f3n de Venecia","publisher":{"@id":"https:\/\/alpontemocenigo.com\/es\/#organization"},"potentialAction":[{"@type":"SearchAction","target":{"@type":"EntryPoint","urlTemplate":"https:\/\/alpontemocenigo.com\/es\/?s={search_term_string}"},"query-input":{"@type":"PropertyValueSpecification","valueRequired":true,"valueName":"search_term_string"}}],"inLanguage":"es"},{"@type":"Organization","@id":"https:\/\/alpontemocenigo.com\/es\/#organization","name":"Hotel Al Ponte Mocenigo Venice","url":"https:\/\/alpontemocenigo.com\/es\/","logo":{"@type":"ImageObject","inLanguage":"es","@id":"https:\/\/alpontemocenigo.com\/es\/#\/schema\/logo\/image\/","url":"https:\/\/alpontemocenigo.com\/wp-content\/uploads\/2020\/10\/logo-v2r.png","contentUrl":"https:\/\/alpontemocenigo.com\/wp-content\/uploads\/2020\/10\/logo-v2r.png","width":268,"height":90,"caption":"Hotel Al Ponte Mocenigo Venice"},"image":{"@id":"https:\/\/alpontemocenigo.com\/es\/#\/schema\/logo\/image\/"},"sameAs":["https:\/\/www.facebook.com\/hotelalpontemocenigovenice\/"]}]}},"_links":{"self":[{"href":"https:\/\/alpontemocenigo.com\/es\/wp-json\/wp\/v2\/pages\/605","targetHints":{"allow":["GET"]}}],"collection":[{"href":"https:\/\/alpontemocenigo.com\/es\/wp-json\/wp\/v2\/pages"}],"about":[{"href":"https:\/\/alpontemocenigo.com\/es\/wp-json\/wp\/v2\/types\/page"}],"author":[{"embeddable":true,"href":"https:\/\/alpontemocenigo.com\/es\/wp-json\/wp\/v2\/users\/1"}],"replies":[{"embeddable":true,"href":"https:\/\/alpontemocenigo.com\/es\/wp-json\/wp\/v2\/comments?post=605"}],"version-history":[{"count":4,"href":"https:\/\/alpontemocenigo.com\/es\/wp-json\/wp\/v2\/pages\/605\/revisions"}],"predecessor-version":[{"id":3587,"href":"https:\/\/alpontemocenigo.com\/es\/wp-json\/wp\/v2\/pages\/605\/revisions\/3587"}],"wp:attachment":[{"href":"https:\/\/alpontemocenigo.com\/es\/wp-json\/wp\/v2\/media?parent=605"}],"curies":[{"name":"wp","href":"https:\/\/api.w.org\/{rel}","templated":true}]}}