{"id":6538,"date":"2025-08-04T14:30:25","date_gmt":"2025-08-04T14:30:25","guid":{"rendered":"https:\/\/alpontemocenigo.com\/?page_id=6538"},"modified":"2025-08-04T14:30:26","modified_gmt":"2025-08-04T14:30:26","slug":"resenas-y-articulos","status":"publish","type":"page","link":"https:\/\/alpontemocenigo.com\/es\/resenas-y-articulos\/","title":{"rendered":"Rese\u00f1as y art\u00edculos de los principales medios de viaje internacionales"},"content":{"rendered":"\n<p>A lo largo de los a\u00f1os, el Hotel Al Ponte Mocenigo ha aparecido en algunas de las publicaciones de viajes m\u00e1s prestigiosas del mundo. Desde su ambiente rom\u00e1ntico y decoraci\u00f3n tradicional veneciana hasta su tranquilo patio interior y c\u00e1lida hospitalidad, las experiencias de nuestros hu\u00e9spedes han llamado la atenci\u00f3n de <em>The New York Times<\/em>, <em>The Telegraph<\/em>, <em>The Times<\/em> y <em>National Geographic Traveller<\/em>.<br>Nos enorgullece compartir estos art\u00edculos que cuentan la historia de nuestro hotel y de la Venecia aut\u00e9ntica y atemporal que tanto amamos.<\/p>\n\n\n\n<h3 class=\"wp-block-heading\">\ud83d\udcf0 <strong>The New York Times<\/strong><\/h3>\n\n\n\n<p><em>(Estados Unidos, Junio de 2025)<\/em><\/p>\n\n\n\n<p>\ud83d\udccc <em>\u201cWhere to Stay in Venice on a Budget\u201d<\/em><\/p>\n\n\n\n<blockquote class=\"wp-block-quote is-layout-flow wp-block-quote-is-layout-flow\">\n<p>En una gu\u00eda cuidadosamente seleccionada de los hoteles m\u00e1s encantadores y asequibles de Europa, <em>The New York Times<\/em> describe el Hotel Al Ponte Mocenigo como un refugio rom\u00e1ntico lleno de historia y encanto veneciano. El art\u00edculo destaca el tranquilo patio de piedra, las elegantes habitaciones con l\u00e1mparas de Murano y la atm\u00f3sfera aut\u00e9ntica de un palacio de 500 a\u00f1os, al que incluso se puede llegar en g\u00f3ndola. Un retiro perfecto a pocos pasos del Gran Canal.<\/p>\n\n\n\n<div style=\"height:50px\" aria-hidden=\"true\" class=\"wp-block-spacer\"><\/div>\n<\/blockquote>\n\n\n\n<p><strong>Leer el art\u00edculo completo:<\/strong> <a href=\"https:\/\/www.nytimes.com\/interactive\/2025\/06\/11\/travel\/europe-affordable-hotels.html\" target=\"_blank\" rel=\"noreferrer noopener\">https:\/\/www.nytimes.com\/interactive\/2025\/06\/11\/travel\/europe-affordable-hotels.html<\/a><\/p>\n\n\n\n<div style=\"height:50px\" aria-hidden=\"true\" class=\"wp-block-spacer\"><\/div>\n\n\n\n<figure class=\"wp-block-image size-full\"><img loading=\"lazy\" decoding=\"async\" width=\"250\" height=\"100\" src=\"https:\/\/alpontemocenigo.com\/wp-content\/uploads\/2025\/08\/2.png\" alt=\"Logotipo The New York Times\" class=\"wp-image-6519\"\/><\/figure>\n\n\n\n<hr class=\"wp-block-separator has-alpha-channel-opacity\"\/>\n\n\n\n<h3 class=\"wp-block-heading\">\ud83d\udcf0 <strong>The Telegraph<\/strong><\/h3>\n\n\n\n<p><em>(Reino Unido, Rese\u00f1as de hoteles en Venecia)<\/em><\/p>\n\n\n\n<p>\ud83d\udccc <em>\u201cAl Ponte Mocenigo Hotel Review, Venice\u201d<\/em><\/p>\n\n\n\n<blockquote class=\"wp-block-quote is-layout-flow wp-block-quote-is-layout-flow\">\n<p><em>The Telegraph<\/em> incluye al Hotel Al Ponte Mocenigo entre los mejores hoteles boutique de Venecia, elogiando su equilibrio entre decoraci\u00f3n hist\u00f3rica y comodidad moderna. La rese\u00f1a destaca su ubicaci\u00f3n ideal en el tranquilo pero c\u00e9ntrico barrio de Santa Croce, as\u00ed como su c\u00e1lida y personalizada hospitalidad, que hace sentir a los hu\u00e9spedes como en casa. Un refugio perfecto para parejas y viajeros exigentes.<\/p>\n\n\n\n<div style=\"height:50px\" aria-hidden=\"true\" class=\"wp-block-spacer\"><\/div>\n<\/blockquote>\n\n\n\n<p><strong>Leer el art\u00edculo completo:<\/strong> <a href=\"https:\/\/www.telegraph.co.uk\/travel\/destinations\/europe\/italy\/veneto\/venice\/hotels\/al-ponte-mocenigo-hotel\/\" target=\"_blank\" rel=\"noreferrer noopener\">https:\/\/www.telegraph.co.uk\/travel\/destinations\/europe\/italy\/veneto\/venice\/hotels\/al-ponte-mocenigo-hotel\/<\/a><\/p>\n\n\n\n<div style=\"height:50px\" aria-hidden=\"true\" class=\"wp-block-spacer\"><\/div>\n\n\n\n<figure class=\"wp-block-image size-full\"><img loading=\"lazy\" decoding=\"async\" width=\"250\" height=\"100\" src=\"https:\/\/alpontemocenigo.com\/wp-content\/uploads\/2025\/08\/3.png\" alt=\"Logotipo The Telegraph\" class=\"wp-image-6500\"\/><\/figure>\n\n\n\n<hr class=\"wp-block-separator has-alpha-channel-opacity\"\/>\n\n\n\n<h3 class=\"wp-block-heading\">\ud83d\udcf0 <strong>National Geographic Traveller<\/strong><\/h3>\n\n\n\n<p><em>(Edici\u00f3n Europea \u2013 Junio de 2025)<\/em><\/p>\n\n\n\n<p>\ud83d\udccc <em>\u201cWhere to Stay: Venice\u201d<\/em><\/p>\n\n\n\n<blockquote class=\"wp-block-quote is-layout-flow wp-block-quote-is-layout-flow\">\n<p>Incluido en la selecci\u00f3n de <em>National Geographic Traveller<\/em> de los hoteles con m\u00e1s encanto de Europa, Al Ponte Mocenigo destaca por su autenticidad, habitaciones amplias y car\u00e1cter atemporal. Recomendado para viajeros que buscan una experiencia cultural enriquecedora, el art\u00edculo resalta los detalles arquitect\u00f3nicos y la elegancia tranquila de su patio interior. Una joya para quienes desean descubrir la Venecia m\u00e1s genuina.<\/p>\n\n\n\n<div style=\"height:50px\" aria-hidden=\"true\" class=\"wp-block-spacer\"><\/div>\n<\/blockquote>\n\n\n\n<p><strong>Leer el art\u00edculo completo:<\/strong> <a href=\"https:\/\/magazine.natgeotraveller.co.uk\/NGTC-European-Cities-June-2025\/hotel-al-ponte-mocenigo\/\" target=\"_blank\" rel=\"noreferrer noopener\">https:\/\/magazine.natgeotraveller.co.uk\/NGTC-European-Cities-June-2025\/hotel-al-ponte-mocenigo\/<\/a><\/p>\n\n\n\n<div style=\"height:50px\" aria-hidden=\"true\" class=\"wp-block-spacer\"><\/div>\n\n\n\n<figure class=\"wp-block-image size-full\"><img loading=\"lazy\" decoding=\"async\" width=\"250\" height=\"100\" src=\"https:\/\/alpontemocenigo.com\/wp-content\/uploads\/2025\/08\/4.png\" alt=\"Logotipo National Geographic\" class=\"wp-image-6506\"\/><\/figure>\n\n\n\n<hr class=\"wp-block-separator has-alpha-channel-opacity\"\/>\n\n\n\n<h3 class=\"wp-block-heading\">\ud83d\udcf0 <strong>The Times<\/strong><\/h3>\n\n\n\n<p><em>(Reino Unido, \u201cBest Places to Stay in Venice\u201d)<\/em><\/p>\n\n\n\n<p>\ud83d\udccc <em>\u201cThe Best Hotels in Venice for Any Budget\u201d<\/em><\/p>\n\n\n\n<blockquote class=\"wp-block-quote is-layout-flow wp-block-quote-is-layout-flow\">\n<p><em>The Times<\/em> incluye al Hotel Al Ponte Mocenigo en su lista de los mejores hoteles de Venecia, elogiando su ambiente rom\u00e1ntico, habitaciones espaciosas y los tranquilos desayunos en el patio. Descrito como \u201cun cuento de hadas veneciano\u201d, el hotel es valorado por su personal acogedor y su ubicaci\u00f3n tranquila pero bien conectada. Un lugar especial para disfrutar del encanto de la ciudad lejos de las multitudes.<\/p>\n\n\n\n<div style=\"height:50px\" aria-hidden=\"true\" class=\"wp-block-spacer\"><\/div>\n<\/blockquote>\n\n\n\n<p><strong>Leer el art\u00edculo completo:<\/strong> <a href=\"https:\/\/www.thetimes.com\/article\/12903acc-82f3-4646-9583-0e001bf2d5c2\">https:\/\/www.thetimes.com\/article\/12903acc-82f3-4646-9583-0e001bf2d5c2<\/a><\/p>\n\n\n\n<div style=\"height:50px\" aria-hidden=\"true\" class=\"wp-block-spacer\"><\/div>\n\n\n\n<figure class=\"wp-block-image size-full\"><img loading=\"lazy\" decoding=\"async\" width=\"250\" height=\"100\" src=\"https:\/\/alpontemocenigo.com\/wp-content\/uploads\/2025\/08\/1-1.png\" alt=\"Logotipo The Times\" class=\"wp-image-6512\"\/><\/figure>\n\n\n\n<p><\/p>\n\n","protected":false},"excerpt":{"rendered":"<p>A lo largo de los a\u00f1os, el Hotel Al Ponte Mocenigo ha aparecido en algunas de las publicaciones de viajes m\u00e1s prestigiosas del mundo. Desde su ambiente rom\u00e1ntico y decoraci\u00f3n tradicional veneciana hasta su tranquilo patio interior y c\u00e1lida hospitalidad, las experiencias de nuestros hu\u00e9spedes han llamado la atenci\u00f3n de The New York Times, The [&hellip;]<\/p>\n","protected":false},"author":1,"featured_media":0,"parent":0,"menu_order":0,"comment_status":"closed","ping_status":"closed","template":"","meta":{"_acf_changed":false,"footnotes":""},"class_list":["post-6538","page","type-page","status-publish","hentry"],"acf":[],"yoast_head":"<!-- This site is optimized with the Yoast SEO plugin v25.2 - https:\/\/yoast.com\/wordpress\/plugins\/seo\/ -->\n<title>Rese\u00f1as y art\u00edculos de los principales medios de viaje internacionales | Hotel Al Ponte Mocenigo Venecia Sitio Oficial<\/title>\n<meta name=\"description\" content=\"Descubre rese\u00f1as y art\u00edculos sobre el Hotel Al Ponte Mocenigo en The Times, NYT, Telegraph y National Geographic Traveller.\" \/>\n<meta name=\"robots\" content=\"index, follow, max-snippet:-1, max-image-preview:large, max-video-preview:-1\" \/>\n<link rel=\"canonical\" href=\"https:\/\/alpontemocenigo.com\/es\/resenas-y-articulos\/\" \/>\n<meta property=\"og:locale\" content=\"es_ES\" \/>\n<meta property=\"og:type\" content=\"article\" \/>\n<meta property=\"og:title\" content=\"Rese\u00f1as y art\u00edculos de los principales medios de viaje internacionales | Hotel Al Ponte Mocenigo Venecia Sitio Oficial\" \/>\n<meta property=\"og:description\" content=\"Descubre rese\u00f1as y art\u00edculos sobre el Hotel Al Ponte Mocenigo en The Times, NYT, Telegraph y National Geographic Traveller.\" \/>\n<meta property=\"og:url\" content=\"https:\/\/alpontemocenigo.com\/es\/resenas-y-articulos\/\" \/>\n<meta property=\"og:site_name\" content=\"Hotel Al Ponte Mocenigo Venecia Sitio Oficial\" \/>\n<meta property=\"article:publisher\" content=\"https:\/\/www.facebook.com\/hotelalpontemocenigovenice\/\" \/>\n<meta property=\"article:modified_time\" content=\"2025-08-04T14:30:26+00:00\" \/>\n<meta property=\"og:image\" content=\"https:\/\/alpontemocenigo.com\/wp-content\/uploads\/2025\/08\/2.png\" \/>\n\t<meta property=\"og:image:width\" content=\"250\" \/>\n\t<meta property=\"og:image:height\" content=\"100\" \/>\n\t<meta property=\"og:image:type\" content=\"image\/png\" \/>\n<meta name=\"twitter:card\" content=\"summary_large_image\" \/>\n<meta name=\"twitter:label1\" content=\"Tiempo de lectura\" \/>\n\t<meta name=\"twitter:data1\" content=\"2 minutos\" \/>\n<script type=\"application\/ld+json\" class=\"yoast-schema-graph\">{\"@context\":\"https:\/\/schema.org\",\"@graph\":[{\"@type\":\"WebPage\",\"@id\":\"https:\/\/alpontemocenigo.com\/es\/resenas-y-articulos\/\",\"url\":\"https:\/\/alpontemocenigo.com\/es\/resenas-y-articulos\/\",\"name\":\"Rese\u00f1as y art\u00edculos de los principales medios de viaje internacionales | Hotel Al Ponte Mocenigo Venecia Sitio Oficial\",\"isPartOf\":{\"@id\":\"https:\/\/alpontemocenigo.com\/es\/#website\"},\"primaryImageOfPage\":{\"@id\":\"https:\/\/alpontemocenigo.com\/es\/resenas-y-articulos\/#primaryimage\"},\"image\":{\"@id\":\"https:\/\/alpontemocenigo.com\/es\/resenas-y-articulos\/#primaryimage\"},\"thumbnailUrl\":\"https:\/\/alpontemocenigo.com\/wp-content\/uploads\/2025\/08\/2.png\",\"datePublished\":\"2025-08-04T14:30:25+00:00\",\"dateModified\":\"2025-08-04T14:30:26+00:00\",\"description\":\"Descubre rese\u00f1as y art\u00edculos sobre el Hotel Al Ponte Mocenigo en The Times, NYT, Telegraph y National Geographic Traveller.\",\"breadcrumb\":{\"@id\":\"https:\/\/alpontemocenigo.com\/es\/resenas-y-articulos\/#breadcrumb\"},\"inLanguage\":\"es\",\"potentialAction\":[{\"@type\":\"ReadAction\",\"target\":[\"https:\/\/alpontemocenigo.com\/es\/resenas-y-articulos\/\"]}]},{\"@type\":\"ImageObject\",\"inLanguage\":\"es\",\"@id\":\"https:\/\/alpontemocenigo.com\/es\/resenas-y-articulos\/#primaryimage\",\"url\":\"https:\/\/alpontemocenigo.com\/wp-content\/uploads\/2025\/08\/2.png\",\"contentUrl\":\"https:\/\/alpontemocenigo.com\/wp-content\/uploads\/2025\/08\/2.png\"},{\"@type\":\"BreadcrumbList\",\"@id\":\"https:\/\/alpontemocenigo.com\/es\/resenas-y-articulos\/#breadcrumb\",\"itemListElement\":[{\"@type\":\"ListItem\",\"position\":1,\"name\":\"Home\",\"item\":\"https:\/\/alpontemocenigo.com\/es\/\"},{\"@type\":\"ListItem\",\"position\":2,\"name\":\"Rese\u00f1as y art\u00edculos de los principales medios de viaje internacionales\"}]},{\"@type\":\"WebSite\",\"@id\":\"https:\/\/alpontemocenigo.com\/es\/#website\",\"url\":\"https:\/\/alpontemocenigo.com\/es\/\",\"name\":\"Hotel Al ponte Mocenigo\",\"description\":\"En el coraz\u00f3n de Venecia\",\"publisher\":{\"@id\":\"https:\/\/alpontemocenigo.com\/es\/#organization\"},\"potentialAction\":[{\"@type\":\"SearchAction\",\"target\":{\"@type\":\"EntryPoint\",\"urlTemplate\":\"https:\/\/alpontemocenigo.com\/es\/?s={search_term_string}\"},\"query-input\":{\"@type\":\"PropertyValueSpecification\",\"valueRequired\":true,\"valueName\":\"search_term_string\"}}],\"inLanguage\":\"es\"},{\"@type\":\"Organization\",\"@id\":\"https:\/\/alpontemocenigo.com\/es\/#organization\",\"name\":\"Hotel Al Ponte Mocenigo Venice\",\"url\":\"https:\/\/alpontemocenigo.com\/es\/\",\"logo\":{\"@type\":\"ImageObject\",\"inLanguage\":\"es\",\"@id\":\"https:\/\/alpontemocenigo.com\/es\/#\/schema\/logo\/image\/\",\"url\":\"https:\/\/alpontemocenigo.com\/wp-content\/uploads\/2020\/10\/logo-v2r.png\",\"contentUrl\":\"https:\/\/alpontemocenigo.com\/wp-content\/uploads\/2020\/10\/logo-v2r.png\",\"width\":268,\"height\":90,\"caption\":\"Hotel Al Ponte Mocenigo Venice\"},\"image\":{\"@id\":\"https:\/\/alpontemocenigo.com\/es\/#\/schema\/logo\/image\/\"},\"sameAs\":[\"https:\/\/www.facebook.com\/hotelalpontemocenigovenice\/\"]}]}<\/script>\n<!-- \/ Yoast SEO plugin. -->","yoast_head_json":{"title":"Rese\u00f1as y art\u00edculos de los principales medios de viaje internacionales | Hotel Al Ponte Mocenigo Venecia Sitio Oficial","description":"Descubre rese\u00f1as y art\u00edculos sobre el Hotel Al Ponte Mocenigo en The Times, NYT, Telegraph y National Geographic Traveller.","robots":{"index":"index","follow":"follow","max-snippet":"max-snippet:-1","max-image-preview":"max-image-preview:large","max-video-preview":"max-video-preview:-1"},"canonical":"https:\/\/alpontemocenigo.com\/es\/resenas-y-articulos\/","og_locale":"es_ES","og_type":"article","og_title":"Rese\u00f1as y art\u00edculos de los principales medios de viaje internacionales | Hotel Al Ponte Mocenigo Venecia Sitio Oficial","og_description":"Descubre rese\u00f1as y art\u00edculos sobre el Hotel Al Ponte Mocenigo en The Times, NYT, Telegraph y National Geographic Traveller.","og_url":"https:\/\/alpontemocenigo.com\/es\/resenas-y-articulos\/","og_site_name":"Hotel Al Ponte Mocenigo Venecia Sitio Oficial","article_publisher":"https:\/\/www.facebook.com\/hotelalpontemocenigovenice\/","article_modified_time":"2025-08-04T14:30:26+00:00","og_image":[{"width":250,"height":100,"url":"https:\/\/alpontemocenigo.com\/wp-content\/uploads\/2025\/08\/2.png","type":"image\/png"}],"twitter_card":"summary_large_image","twitter_misc":{"Tiempo de lectura":"2 minutos"},"schema":{"@context":"https:\/\/schema.org","@graph":[{"@type":"WebPage","@id":"https:\/\/alpontemocenigo.com\/es\/resenas-y-articulos\/","url":"https:\/\/alpontemocenigo.com\/es\/resenas-y-articulos\/","name":"Rese\u00f1as y art\u00edculos de los principales medios de viaje internacionales | Hotel Al Ponte Mocenigo Venecia Sitio Oficial","isPartOf":{"@id":"https:\/\/alpontemocenigo.com\/es\/#website"},"primaryImageOfPage":{"@id":"https:\/\/alpontemocenigo.com\/es\/resenas-y-articulos\/#primaryimage"},"image":{"@id":"https:\/\/alpontemocenigo.com\/es\/resenas-y-articulos\/#primaryimage"},"thumbnailUrl":"https:\/\/alpontemocenigo.com\/wp-content\/uploads\/2025\/08\/2.png","datePublished":"2025-08-04T14:30:25+00:00","dateModified":"2025-08-04T14:30:26+00:00","description":"Descubre rese\u00f1as y art\u00edculos sobre el Hotel Al Ponte Mocenigo en The Times, NYT, Telegraph y National Geographic Traveller.","breadcrumb":{"@id":"https:\/\/alpontemocenigo.com\/es\/resenas-y-articulos\/#breadcrumb"},"inLanguage":"es","potentialAction":[{"@type":"ReadAction","target":["https:\/\/alpontemocenigo.com\/es\/resenas-y-articulos\/"]}]},{"@type":"ImageObject","inLanguage":"es","@id":"https:\/\/alpontemocenigo.com\/es\/resenas-y-articulos\/#primaryimage","url":"https:\/\/alpontemocenigo.com\/wp-content\/uploads\/2025\/08\/2.png","contentUrl":"https:\/\/alpontemocenigo.com\/wp-content\/uploads\/2025\/08\/2.png"},{"@type":"BreadcrumbList","@id":"https:\/\/alpontemocenigo.com\/es\/resenas-y-articulos\/#breadcrumb","itemListElement":[{"@type":"ListItem","position":1,"name":"Home","item":"https:\/\/alpontemocenigo.com\/es\/"},{"@type":"ListItem","position":2,"name":"Rese\u00f1as y art\u00edculos de los principales medios de viaje internacionales"}]},{"@type":"WebSite","@id":"https:\/\/alpontemocenigo.com\/es\/#website","url":"https:\/\/alpontemocenigo.com\/es\/","name":"Hotel Al ponte Mocenigo","description":"En el coraz\u00f3n de Venecia","publisher":{"@id":"https:\/\/alpontemocenigo.com\/es\/#organization"},"potentialAction":[{"@type":"SearchAction","target":{"@type":"EntryPoint","urlTemplate":"https:\/\/alpontemocenigo.com\/es\/?s={search_term_string}"},"query-input":{"@type":"PropertyValueSpecification","valueRequired":true,"valueName":"search_term_string"}}],"inLanguage":"es"},{"@type":"Organization","@id":"https:\/\/alpontemocenigo.com\/es\/#organization","name":"Hotel Al Ponte Mocenigo Venice","url":"https:\/\/alpontemocenigo.com\/es\/","logo":{"@type":"ImageObject","inLanguage":"es","@id":"https:\/\/alpontemocenigo.com\/es\/#\/schema\/logo\/image\/","url":"https:\/\/alpontemocenigo.com\/wp-content\/uploads\/2020\/10\/logo-v2r.png","contentUrl":"https:\/\/alpontemocenigo.com\/wp-content\/uploads\/2020\/10\/logo-v2r.png","width":268,"height":90,"caption":"Hotel Al Ponte Mocenigo Venice"},"image":{"@id":"https:\/\/alpontemocenigo.com\/es\/#\/schema\/logo\/image\/"},"sameAs":["https:\/\/www.facebook.com\/hotelalpontemocenigovenice\/"]}]}},"_links":{"self":[{"href":"https:\/\/alpontemocenigo.com\/es\/wp-json\/wp\/v2\/pages\/6538","targetHints":{"allow":["GET"]}}],"collection":[{"href":"https:\/\/alpontemocenigo.com\/es\/wp-json\/wp\/v2\/pages"}],"about":[{"href":"https:\/\/alpontemocenigo.com\/es\/wp-json\/wp\/v2\/types\/page"}],"author":[{"embeddable":true,"href":"https:\/\/alpontemocenigo.com\/es\/wp-json\/wp\/v2\/users\/1"}],"replies":[{"embeddable":true,"href":"https:\/\/alpontemocenigo.com\/es\/wp-json\/wp\/v2\/comments?post=6538"}],"version-history":[{"count":1,"href":"https:\/\/alpontemocenigo.com\/es\/wp-json\/wp\/v2\/pages\/6538\/revisions"}],"predecessor-version":[{"id":6539,"href":"https:\/\/alpontemocenigo.com\/es\/wp-json\/wp\/v2\/pages\/6538\/revisions\/6539"}],"wp:attachment":[{"href":"https:\/\/alpontemocenigo.com\/es\/wp-json\/wp\/v2\/media?parent=6538"}],"curies":[{"name":"wp","href":"https:\/\/api.w.org\/{rel}","templated":true}]}}