{"id":3997,"date":"2021-02-10T13:39:35","date_gmt":"2021-02-10T13:39:35","guid":{"rendered":"https:\/\/alpontemocenigo.com\/taxi-acqueo-privato\/"},"modified":"2025-05-21T13:06:52","modified_gmt":"2025-05-21T13:06:52","slug":"taxi-eau-privee","status":"publish","type":"page","link":"https:\/\/alpontemocenigo.com\/fr\/taxi-eau-privee\/","title":{"rendered":"Taxi d\u2019eau priv\u00e9e"},"content":{"rendered":"\n<p>Les clients qui arrivent \u00e0 Venise en avion peuvent utiliser le service de taxi d\u2019eau priv\u00e9e, au d\u00e9part \u00e0 environ 500 m\u00e8tres du terminal de l\u2019a\u00e9roport, en arrivant par la porte d\u2019eau directement \u00e0 l\u2019H\u00f4tel Al Ponte Mocenigo, en environ 25 minutes.<\/p>\n","protected":false},"excerpt":{"rendered":"<p>Les clients qui arrivent \u00e0 Venise en avion peuvent utiliser le service de taxi d\u2019eau priv\u00e9e, au d\u00e9part \u00e0 environ 500 m\u00e8tres du terminal de l\u2019a\u00e9roport, en arrivant par la porte d\u2019eau directement \u00e0 l\u2019H\u00f4tel Al Ponte Mocenigo, en environ 25 minutes.<\/p>\n","protected":false},"author":1,"featured_media":3974,"parent":0,"menu_order":0,"comment_status":"closed","ping_status":"closed","template":"","meta":{"_acf_changed":false,"footnotes":""},"class_list":["post-3997","page","type-page","status-publish","has-post-thumbnail","hentry"],"acf":[],"yoast_head":"<!-- This site is optimized with the Yoast SEO plugin v25.2 - https:\/\/yoast.com\/wordpress\/plugins\/seo\/ -->\n<title>Taxi d\u2019eau priv\u00e9e | Hotel Al Ponte Mocenigo Venise Site Officiel<\/title>\n<meta name=\"description\" content=\"Rejoignez l\u2019h\u00f4tel Al Ponte Mocenigo en taxi d\u2019eau priv\u00e9e depuis l\u2019a\u00e9roport. Arriv\u00e9e directe par la porte d\u2019eau en seulement 25 minutes.\" \/>\n<meta name=\"robots\" content=\"index, follow, max-snippet:-1, max-image-preview:large, max-video-preview:-1\" \/>\n<link rel=\"canonical\" href=\"https:\/\/alpontemocenigo.com\/fr\/taxi-eau-privee\/\" \/>\n<meta property=\"og:locale\" content=\"fr_FR\" \/>\n<meta property=\"og:type\" content=\"article\" \/>\n<meta property=\"og:title\" content=\"Taxi d\u2019eau priv\u00e9e | Hotel Al Ponte Mocenigo Venise Site Officiel\" \/>\n<meta property=\"og:description\" content=\"Rejoignez l\u2019h\u00f4tel Al Ponte Mocenigo en taxi d\u2019eau priv\u00e9e depuis l\u2019a\u00e9roport. Arriv\u00e9e directe par la porte d\u2019eau en seulement 25 minutes.\" \/>\n<meta property=\"og:url\" content=\"https:\/\/alpontemocenigo.com\/fr\/taxi-eau-privee\/\" \/>\n<meta property=\"og:site_name\" content=\"Hotel Al Ponte Mocenigo Venise Site Officiel\" \/>\n<meta property=\"article:publisher\" content=\"https:\/\/www.facebook.com\/hotelalpontemocenigovenice\/\" \/>\n<meta property=\"article:modified_time\" content=\"2025-05-21T13:06:52+00:00\" \/>\n<meta property=\"og:image\" content=\"https:\/\/alpontemocenigo.com\/wp-content\/uploads\/2021\/02\/taxi2.jpg\" \/>\n\t<meta property=\"og:image:width\" content=\"1300\" \/>\n\t<meta property=\"og:image:height\" content=\"1200\" \/>\n\t<meta property=\"og:image:type\" content=\"image\/jpeg\" \/>\n<meta name=\"twitter:card\" content=\"summary_large_image\" \/>\n<meta name=\"twitter:label1\" content=\"Dur\u00e9e de lecture estim\u00e9e\" \/>\n\t<meta name=\"twitter:data1\" content=\"1 minute\" \/>\n<script type=\"application\/ld+json\" class=\"yoast-schema-graph\">{\"@context\":\"https:\/\/schema.org\",\"@graph\":[{\"@type\":\"WebPage\",\"@id\":\"https:\/\/alpontemocenigo.com\/fr\/taxi-eau-privee\/\",\"url\":\"https:\/\/alpontemocenigo.com\/fr\/taxi-eau-privee\/\",\"name\":\"Taxi d\u2019eau priv\u00e9e | Hotel Al Ponte Mocenigo Venise Site Officiel\",\"isPartOf\":{\"@id\":\"https:\/\/alpontemocenigo.com\/fr\/#website\"},\"primaryImageOfPage\":{\"@id\":\"https:\/\/alpontemocenigo.com\/fr\/taxi-eau-privee\/#primaryimage\"},\"image\":{\"@id\":\"https:\/\/alpontemocenigo.com\/fr\/taxi-eau-privee\/#primaryimage\"},\"thumbnailUrl\":\"https:\/\/alpontemocenigo.com\/wp-content\/uploads\/2021\/02\/taxi2.jpg\",\"datePublished\":\"2021-02-10T13:39:35+00:00\",\"dateModified\":\"2025-05-21T13:06:52+00:00\",\"description\":\"Rejoignez l\u2019h\u00f4tel Al Ponte Mocenigo en taxi d\u2019eau priv\u00e9e depuis l\u2019a\u00e9roport. Arriv\u00e9e directe par la porte d\u2019eau en seulement 25 minutes.\",\"breadcrumb\":{\"@id\":\"https:\/\/alpontemocenigo.com\/fr\/taxi-eau-privee\/#breadcrumb\"},\"inLanguage\":\"fr-FR\",\"potentialAction\":[{\"@type\":\"ReadAction\",\"target\":[\"https:\/\/alpontemocenigo.com\/fr\/taxi-eau-privee\/\"]}]},{\"@type\":\"ImageObject\",\"inLanguage\":\"fr-FR\",\"@id\":\"https:\/\/alpontemocenigo.com\/fr\/taxi-eau-privee\/#primaryimage\",\"url\":\"https:\/\/alpontemocenigo.com\/wp-content\/uploads\/2021\/02\/taxi2.jpg\",\"contentUrl\":\"https:\/\/alpontemocenigo.com\/wp-content\/uploads\/2021\/02\/taxi2.jpg\",\"width\":1300,\"height\":1200},{\"@type\":\"BreadcrumbList\",\"@id\":\"https:\/\/alpontemocenigo.com\/fr\/taxi-eau-privee\/#breadcrumb\",\"itemListElement\":[{\"@type\":\"ListItem\",\"position\":1,\"name\":\"Home\",\"item\":\"https:\/\/alpontemocenigo.com\/fr\/\"},{\"@type\":\"ListItem\",\"position\":2,\"name\":\"Taxi d\u2019eau priv\u00e9e\"}]},{\"@type\":\"WebSite\",\"@id\":\"https:\/\/alpontemocenigo.com\/fr\/#website\",\"url\":\"https:\/\/alpontemocenigo.com\/fr\/\",\"name\":\"Hotel Al ponte Mocenigo\",\"description\":\"Au c\u0153ur de Venise\",\"publisher\":{\"@id\":\"https:\/\/alpontemocenigo.com\/fr\/#organization\"},\"potentialAction\":[{\"@type\":\"SearchAction\",\"target\":{\"@type\":\"EntryPoint\",\"urlTemplate\":\"https:\/\/alpontemocenigo.com\/fr\/?s={search_term_string}\"},\"query-input\":{\"@type\":\"PropertyValueSpecification\",\"valueRequired\":true,\"valueName\":\"search_term_string\"}}],\"inLanguage\":\"fr-FR\"},{\"@type\":\"Organization\",\"@id\":\"https:\/\/alpontemocenigo.com\/fr\/#organization\",\"name\":\"Hotel Al Ponte Mocenigo Venice\",\"url\":\"https:\/\/alpontemocenigo.com\/fr\/\",\"logo\":{\"@type\":\"ImageObject\",\"inLanguage\":\"fr-FR\",\"@id\":\"https:\/\/alpontemocenigo.com\/fr\/#\/schema\/logo\/image\/\",\"url\":\"https:\/\/alpontemocenigo.com\/wp-content\/uploads\/2020\/10\/logo-v2r.png\",\"contentUrl\":\"https:\/\/alpontemocenigo.com\/wp-content\/uploads\/2020\/10\/logo-v2r.png\",\"width\":268,\"height\":90,\"caption\":\"Hotel Al Ponte Mocenigo Venice\"},\"image\":{\"@id\":\"https:\/\/alpontemocenigo.com\/fr\/#\/schema\/logo\/image\/\"},\"sameAs\":[\"https:\/\/www.facebook.com\/hotelalpontemocenigovenice\/\"]}]}<\/script>\n<!-- \/ Yoast SEO plugin. -->","yoast_head_json":{"title":"Taxi d\u2019eau priv\u00e9e | Hotel Al Ponte Mocenigo Venise Site Officiel","description":"Rejoignez l\u2019h\u00f4tel Al Ponte Mocenigo en taxi d\u2019eau priv\u00e9e depuis l\u2019a\u00e9roport. Arriv\u00e9e directe par la porte d\u2019eau en seulement 25 minutes.","robots":{"index":"index","follow":"follow","max-snippet":"max-snippet:-1","max-image-preview":"max-image-preview:large","max-video-preview":"max-video-preview:-1"},"canonical":"https:\/\/alpontemocenigo.com\/fr\/taxi-eau-privee\/","og_locale":"fr_FR","og_type":"article","og_title":"Taxi d\u2019eau priv\u00e9e | Hotel Al Ponte Mocenigo Venise Site Officiel","og_description":"Rejoignez l\u2019h\u00f4tel Al Ponte Mocenigo en taxi d\u2019eau priv\u00e9e depuis l\u2019a\u00e9roport. Arriv\u00e9e directe par la porte d\u2019eau en seulement 25 minutes.","og_url":"https:\/\/alpontemocenigo.com\/fr\/taxi-eau-privee\/","og_site_name":"Hotel Al Ponte Mocenigo Venise Site Officiel","article_publisher":"https:\/\/www.facebook.com\/hotelalpontemocenigovenice\/","article_modified_time":"2025-05-21T13:06:52+00:00","og_image":[{"width":1300,"height":1200,"url":"https:\/\/alpontemocenigo.com\/wp-content\/uploads\/2021\/02\/taxi2.jpg","type":"image\/jpeg"}],"twitter_card":"summary_large_image","twitter_misc":{"Dur\u00e9e de lecture estim\u00e9e":"1 minute"},"schema":{"@context":"https:\/\/schema.org","@graph":[{"@type":"WebPage","@id":"https:\/\/alpontemocenigo.com\/fr\/taxi-eau-privee\/","url":"https:\/\/alpontemocenigo.com\/fr\/taxi-eau-privee\/","name":"Taxi d\u2019eau priv\u00e9e | Hotel Al Ponte Mocenigo Venise Site Officiel","isPartOf":{"@id":"https:\/\/alpontemocenigo.com\/fr\/#website"},"primaryImageOfPage":{"@id":"https:\/\/alpontemocenigo.com\/fr\/taxi-eau-privee\/#primaryimage"},"image":{"@id":"https:\/\/alpontemocenigo.com\/fr\/taxi-eau-privee\/#primaryimage"},"thumbnailUrl":"https:\/\/alpontemocenigo.com\/wp-content\/uploads\/2021\/02\/taxi2.jpg","datePublished":"2021-02-10T13:39:35+00:00","dateModified":"2025-05-21T13:06:52+00:00","description":"Rejoignez l\u2019h\u00f4tel Al Ponte Mocenigo en taxi d\u2019eau priv\u00e9e depuis l\u2019a\u00e9roport. Arriv\u00e9e directe par la porte d\u2019eau en seulement 25 minutes.","breadcrumb":{"@id":"https:\/\/alpontemocenigo.com\/fr\/taxi-eau-privee\/#breadcrumb"},"inLanguage":"fr-FR","potentialAction":[{"@type":"ReadAction","target":["https:\/\/alpontemocenigo.com\/fr\/taxi-eau-privee\/"]}]},{"@type":"ImageObject","inLanguage":"fr-FR","@id":"https:\/\/alpontemocenigo.com\/fr\/taxi-eau-privee\/#primaryimage","url":"https:\/\/alpontemocenigo.com\/wp-content\/uploads\/2021\/02\/taxi2.jpg","contentUrl":"https:\/\/alpontemocenigo.com\/wp-content\/uploads\/2021\/02\/taxi2.jpg","width":1300,"height":1200},{"@type":"BreadcrumbList","@id":"https:\/\/alpontemocenigo.com\/fr\/taxi-eau-privee\/#breadcrumb","itemListElement":[{"@type":"ListItem","position":1,"name":"Home","item":"https:\/\/alpontemocenigo.com\/fr\/"},{"@type":"ListItem","position":2,"name":"Taxi d\u2019eau priv\u00e9e"}]},{"@type":"WebSite","@id":"https:\/\/alpontemocenigo.com\/fr\/#website","url":"https:\/\/alpontemocenigo.com\/fr\/","name":"Hotel Al ponte Mocenigo","description":"Au c\u0153ur de Venise","publisher":{"@id":"https:\/\/alpontemocenigo.com\/fr\/#organization"},"potentialAction":[{"@type":"SearchAction","target":{"@type":"EntryPoint","urlTemplate":"https:\/\/alpontemocenigo.com\/fr\/?s={search_term_string}"},"query-input":{"@type":"PropertyValueSpecification","valueRequired":true,"valueName":"search_term_string"}}],"inLanguage":"fr-FR"},{"@type":"Organization","@id":"https:\/\/alpontemocenigo.com\/fr\/#organization","name":"Hotel Al Ponte Mocenigo Venice","url":"https:\/\/alpontemocenigo.com\/fr\/","logo":{"@type":"ImageObject","inLanguage":"fr-FR","@id":"https:\/\/alpontemocenigo.com\/fr\/#\/schema\/logo\/image\/","url":"https:\/\/alpontemocenigo.com\/wp-content\/uploads\/2020\/10\/logo-v2r.png","contentUrl":"https:\/\/alpontemocenigo.com\/wp-content\/uploads\/2020\/10\/logo-v2r.png","width":268,"height":90,"caption":"Hotel Al Ponte Mocenigo Venice"},"image":{"@id":"https:\/\/alpontemocenigo.com\/fr\/#\/schema\/logo\/image\/"},"sameAs":["https:\/\/www.facebook.com\/hotelalpontemocenigovenice\/"]}]}},"_links":{"self":[{"href":"https:\/\/alpontemocenigo.com\/fr\/wp-json\/wp\/v2\/pages\/3997","targetHints":{"allow":["GET"]}}],"collection":[{"href":"https:\/\/alpontemocenigo.com\/fr\/wp-json\/wp\/v2\/pages"}],"about":[{"href":"https:\/\/alpontemocenigo.com\/fr\/wp-json\/wp\/v2\/types\/page"}],"author":[{"embeddable":true,"href":"https:\/\/alpontemocenigo.com\/fr\/wp-json\/wp\/v2\/users\/1"}],"replies":[{"embeddable":true,"href":"https:\/\/alpontemocenigo.com\/fr\/wp-json\/wp\/v2\/comments?post=3997"}],"version-history":[{"count":2,"href":"https:\/\/alpontemocenigo.com\/fr\/wp-json\/wp\/v2\/pages\/3997\/revisions"}],"predecessor-version":[{"id":5495,"href":"https:\/\/alpontemocenigo.com\/fr\/wp-json\/wp\/v2\/pages\/3997\/revisions\/5495"}],"wp:featuredmedia":[{"embeddable":true,"href":"https:\/\/alpontemocenigo.com\/fr\/wp-json\/wp\/v2\/media\/3974"}],"wp:attachment":[{"href":"https:\/\/alpontemocenigo.com\/fr\/wp-json\/wp\/v2\/media?parent=3997"}],"curies":[{"name":"wp","href":"https:\/\/api.w.org\/{rel}","templated":true}]}}