{"id":4965,"date":"2021-02-10T16:10:10","date_gmt":"2021-02-10T16:10:10","guid":{"rendered":"https:\/\/alpontemocenigo.com\/servizio-di-guida-turistica-privata\/"},"modified":"2025-05-21T12:58:51","modified_gmt":"2025-05-21T12:58:51","slug":"service-de-guide-touristique-prive","status":"publish","type":"page","link":"https:\/\/alpontemocenigo.com\/fr\/service-de-guide-touristique-prive\/","title":{"rendered":"Service de Guide Touristique Priv\u00e9"},"content":{"rendered":"\n<p>Profitez de nos services et r\u00e9servez un service de guide priv\u00e9.<\/p>\n\n\n\n<p>Le d\u00e9part se fait directement depuis l\u2019h\u00f4tel, et un guide local vous fera d\u00e9couvrir la ville \u00e0 travers un circuit con\u00e7u selon vos besoins et vos centres d\u2019int\u00e9r\u00eat.<\/p>\n\n\n\n<p>Visitez le site pour plus d\u2019informations : <a class=\"\" href=\"http:\/\/2guides4venice.com\">http:\/\/2guides4venice.com<\/a><\/p>\n","protected":false},"excerpt":{"rendered":"<p>Profitez de nos services et r\u00e9servez un service de guide priv\u00e9. Le d\u00e9part se fait directement depuis l\u2019h\u00f4tel, et un guide local vous fera d\u00e9couvrir la ville \u00e0 travers un circuit con\u00e7u selon vos besoins et vos centres d\u2019int\u00e9r\u00eat. Visitez le site pour plus d\u2019informations : http:\/\/2guides4venice.com<\/p>\n","protected":false},"author":1,"featured_media":0,"parent":0,"menu_order":0,"comment_status":"closed","ping_status":"closed","template":"","meta":{"_acf_changed":false,"footnotes":""},"class_list":["post-4965","page","type-page","status-publish","hentry"],"acf":[],"yoast_head":"<!-- This site is optimized with the Yoast SEO plugin v25.2 - https:\/\/yoast.com\/wordpress\/plugins\/seo\/ -->\n<title>Service de Guide Touristique Priv\u00e9 | Hotel Al Ponte Mocenigo Venise Site Officiel<\/title>\n<meta name=\"description\" content=\"D\u00e9couvrez Venise avec un guide priv\u00e9. Visites sur mesure au d\u00e9part de l\u2019h\u00f4tel. Plus d\u2019infos sur 2guides4venice.com\" \/>\n<meta name=\"robots\" content=\"index, follow, max-snippet:-1, max-image-preview:large, max-video-preview:-1\" \/>\n<link rel=\"canonical\" href=\"https:\/\/alpontemocenigo.com\/fr\/service-de-guide-touristique-prive\/\" \/>\n<meta property=\"og:locale\" content=\"fr_FR\" \/>\n<meta property=\"og:type\" content=\"article\" \/>\n<meta property=\"og:title\" content=\"Service de Guide Touristique Priv\u00e9 | Hotel Al Ponte Mocenigo Venise Site Officiel\" \/>\n<meta property=\"og:description\" content=\"D\u00e9couvrez Venise avec un guide priv\u00e9. Visites sur mesure au d\u00e9part de l\u2019h\u00f4tel. Plus d\u2019infos sur 2guides4venice.com\" \/>\n<meta property=\"og:url\" content=\"https:\/\/alpontemocenigo.com\/fr\/service-de-guide-touristique-prive\/\" \/>\n<meta property=\"og:site_name\" content=\"Hotel Al Ponte Mocenigo Venise Site Officiel\" \/>\n<meta property=\"article:publisher\" content=\"https:\/\/www.facebook.com\/hotelalpontemocenigovenice\/\" \/>\n<meta property=\"article:modified_time\" content=\"2025-05-21T12:58:51+00:00\" \/>\n<meta name=\"twitter:card\" content=\"summary_large_image\" \/>\n<meta name=\"twitter:label1\" content=\"Dur\u00e9e de lecture estim\u00e9e\" \/>\n\t<meta name=\"twitter:data1\" content=\"1 minute\" \/>\n<script type=\"application\/ld+json\" class=\"yoast-schema-graph\">{\"@context\":\"https:\/\/schema.org\",\"@graph\":[{\"@type\":\"WebPage\",\"@id\":\"https:\/\/alpontemocenigo.com\/fr\/service-de-guide-touristique-prive\/\",\"url\":\"https:\/\/alpontemocenigo.com\/fr\/service-de-guide-touristique-prive\/\",\"name\":\"Service de Guide Touristique Priv\u00e9 | Hotel Al Ponte Mocenigo Venise Site Officiel\",\"isPartOf\":{\"@id\":\"https:\/\/alpontemocenigo.com\/fr\/#website\"},\"datePublished\":\"2021-02-10T16:10:10+00:00\",\"dateModified\":\"2025-05-21T12:58:51+00:00\",\"description\":\"D\u00e9couvrez Venise avec un guide priv\u00e9. Visites sur mesure au d\u00e9part de l\u2019h\u00f4tel. Plus d\u2019infos sur 2guides4venice.com\",\"breadcrumb\":{\"@id\":\"https:\/\/alpontemocenigo.com\/fr\/service-de-guide-touristique-prive\/#breadcrumb\"},\"inLanguage\":\"fr-FR\",\"potentialAction\":[{\"@type\":\"ReadAction\",\"target\":[\"https:\/\/alpontemocenigo.com\/fr\/service-de-guide-touristique-prive\/\"]}]},{\"@type\":\"BreadcrumbList\",\"@id\":\"https:\/\/alpontemocenigo.com\/fr\/service-de-guide-touristique-prive\/#breadcrumb\",\"itemListElement\":[{\"@type\":\"ListItem\",\"position\":1,\"name\":\"Home\",\"item\":\"https:\/\/alpontemocenigo.com\/fr\/\"},{\"@type\":\"ListItem\",\"position\":2,\"name\":\"Service de Guide Touristique Priv\u00e9\"}]},{\"@type\":\"WebSite\",\"@id\":\"https:\/\/alpontemocenigo.com\/fr\/#website\",\"url\":\"https:\/\/alpontemocenigo.com\/fr\/\",\"name\":\"Hotel Al ponte Mocenigo\",\"description\":\"Au c\u0153ur de Venise\",\"publisher\":{\"@id\":\"https:\/\/alpontemocenigo.com\/fr\/#organization\"},\"potentialAction\":[{\"@type\":\"SearchAction\",\"target\":{\"@type\":\"EntryPoint\",\"urlTemplate\":\"https:\/\/alpontemocenigo.com\/fr\/?s={search_term_string}\"},\"query-input\":{\"@type\":\"PropertyValueSpecification\",\"valueRequired\":true,\"valueName\":\"search_term_string\"}}],\"inLanguage\":\"fr-FR\"},{\"@type\":\"Organization\",\"@id\":\"https:\/\/alpontemocenigo.com\/fr\/#organization\",\"name\":\"Hotel Al Ponte Mocenigo Venice\",\"url\":\"https:\/\/alpontemocenigo.com\/fr\/\",\"logo\":{\"@type\":\"ImageObject\",\"inLanguage\":\"fr-FR\",\"@id\":\"https:\/\/alpontemocenigo.com\/fr\/#\/schema\/logo\/image\/\",\"url\":\"https:\/\/alpontemocenigo.com\/wp-content\/uploads\/2020\/10\/logo-v2r.png\",\"contentUrl\":\"https:\/\/alpontemocenigo.com\/wp-content\/uploads\/2020\/10\/logo-v2r.png\",\"width\":268,\"height\":90,\"caption\":\"Hotel Al Ponte Mocenigo Venice\"},\"image\":{\"@id\":\"https:\/\/alpontemocenigo.com\/fr\/#\/schema\/logo\/image\/\"},\"sameAs\":[\"https:\/\/www.facebook.com\/hotelalpontemocenigovenice\/\"]}]}<\/script>\n<!-- \/ Yoast SEO plugin. -->","yoast_head_json":{"title":"Service de Guide Touristique Priv\u00e9 | Hotel Al Ponte Mocenigo Venise Site Officiel","description":"D\u00e9couvrez Venise avec un guide priv\u00e9. Visites sur mesure au d\u00e9part de l\u2019h\u00f4tel. Plus d\u2019infos sur 2guides4venice.com","robots":{"index":"index","follow":"follow","max-snippet":"max-snippet:-1","max-image-preview":"max-image-preview:large","max-video-preview":"max-video-preview:-1"},"canonical":"https:\/\/alpontemocenigo.com\/fr\/service-de-guide-touristique-prive\/","og_locale":"fr_FR","og_type":"article","og_title":"Service de Guide Touristique Priv\u00e9 | Hotel Al Ponte Mocenigo Venise Site Officiel","og_description":"D\u00e9couvrez Venise avec un guide priv\u00e9. Visites sur mesure au d\u00e9part de l\u2019h\u00f4tel. Plus d\u2019infos sur 2guides4venice.com","og_url":"https:\/\/alpontemocenigo.com\/fr\/service-de-guide-touristique-prive\/","og_site_name":"Hotel Al Ponte Mocenigo Venise Site Officiel","article_publisher":"https:\/\/www.facebook.com\/hotelalpontemocenigovenice\/","article_modified_time":"2025-05-21T12:58:51+00:00","twitter_card":"summary_large_image","twitter_misc":{"Dur\u00e9e de lecture estim\u00e9e":"1 minute"},"schema":{"@context":"https:\/\/schema.org","@graph":[{"@type":"WebPage","@id":"https:\/\/alpontemocenigo.com\/fr\/service-de-guide-touristique-prive\/","url":"https:\/\/alpontemocenigo.com\/fr\/service-de-guide-touristique-prive\/","name":"Service de Guide Touristique Priv\u00e9 | Hotel Al Ponte Mocenigo Venise Site Officiel","isPartOf":{"@id":"https:\/\/alpontemocenigo.com\/fr\/#website"},"datePublished":"2021-02-10T16:10:10+00:00","dateModified":"2025-05-21T12:58:51+00:00","description":"D\u00e9couvrez Venise avec un guide priv\u00e9. Visites sur mesure au d\u00e9part de l\u2019h\u00f4tel. Plus d\u2019infos sur 2guides4venice.com","breadcrumb":{"@id":"https:\/\/alpontemocenigo.com\/fr\/service-de-guide-touristique-prive\/#breadcrumb"},"inLanguage":"fr-FR","potentialAction":[{"@type":"ReadAction","target":["https:\/\/alpontemocenigo.com\/fr\/service-de-guide-touristique-prive\/"]}]},{"@type":"BreadcrumbList","@id":"https:\/\/alpontemocenigo.com\/fr\/service-de-guide-touristique-prive\/#breadcrumb","itemListElement":[{"@type":"ListItem","position":1,"name":"Home","item":"https:\/\/alpontemocenigo.com\/fr\/"},{"@type":"ListItem","position":2,"name":"Service de Guide Touristique Priv\u00e9"}]},{"@type":"WebSite","@id":"https:\/\/alpontemocenigo.com\/fr\/#website","url":"https:\/\/alpontemocenigo.com\/fr\/","name":"Hotel Al ponte Mocenigo","description":"Au c\u0153ur de Venise","publisher":{"@id":"https:\/\/alpontemocenigo.com\/fr\/#organization"},"potentialAction":[{"@type":"SearchAction","target":{"@type":"EntryPoint","urlTemplate":"https:\/\/alpontemocenigo.com\/fr\/?s={search_term_string}"},"query-input":{"@type":"PropertyValueSpecification","valueRequired":true,"valueName":"search_term_string"}}],"inLanguage":"fr-FR"},{"@type":"Organization","@id":"https:\/\/alpontemocenigo.com\/fr\/#organization","name":"Hotel Al Ponte Mocenigo Venice","url":"https:\/\/alpontemocenigo.com\/fr\/","logo":{"@type":"ImageObject","inLanguage":"fr-FR","@id":"https:\/\/alpontemocenigo.com\/fr\/#\/schema\/logo\/image\/","url":"https:\/\/alpontemocenigo.com\/wp-content\/uploads\/2020\/10\/logo-v2r.png","contentUrl":"https:\/\/alpontemocenigo.com\/wp-content\/uploads\/2020\/10\/logo-v2r.png","width":268,"height":90,"caption":"Hotel Al Ponte Mocenigo Venice"},"image":{"@id":"https:\/\/alpontemocenigo.com\/fr\/#\/schema\/logo\/image\/"},"sameAs":["https:\/\/www.facebook.com\/hotelalpontemocenigovenice\/"]}]}},"_links":{"self":[{"href":"https:\/\/alpontemocenigo.com\/fr\/wp-json\/wp\/v2\/pages\/4965","targetHints":{"allow":["GET"]}}],"collection":[{"href":"https:\/\/alpontemocenigo.com\/fr\/wp-json\/wp\/v2\/pages"}],"about":[{"href":"https:\/\/alpontemocenigo.com\/fr\/wp-json\/wp\/v2\/types\/page"}],"author":[{"embeddable":true,"href":"https:\/\/alpontemocenigo.com\/fr\/wp-json\/wp\/v2\/users\/1"}],"replies":[{"embeddable":true,"href":"https:\/\/alpontemocenigo.com\/fr\/wp-json\/wp\/v2\/comments?post=4965"}],"version-history":[{"count":2,"href":"https:\/\/alpontemocenigo.com\/fr\/wp-json\/wp\/v2\/pages\/4965\/revisions"}],"predecessor-version":[{"id":5491,"href":"https:\/\/alpontemocenigo.com\/fr\/wp-json\/wp\/v2\/pages\/4965\/revisions\/5491"}],"wp:attachment":[{"href":"https:\/\/alpontemocenigo.com\/fr\/wp-json\/wp\/v2\/media?parent=4965"}],"curies":[{"name":"wp","href":"https:\/\/api.w.org\/{rel}","templated":true}]}}