{"id":5572,"date":"2025-05-22T09:18:21","date_gmt":"2025-05-22T09:18:21","guid":{"rendered":"https:\/\/alpontemocenigo.com\/?page_id=5572"},"modified":"2025-05-28T09:18:54","modified_gmt":"2025-05-28T09:18:54","slug":"ou-dormir-a-venise-pour-decouvrir-la-ville-authentique-loin-de-la-foule","status":"publish","type":"page","link":"https:\/\/alpontemocenigo.com\/fr\/ou-dormir-a-venise-pour-decouvrir-la-ville-authentique-loin-de-la-foule\/","title":{"rendered":"O\u00f9 dormir \u00e0 Venise pour d\u00e9couvrir la ville authentique loin de la foule?"},"content":{"rendered":"\n<h3 class=\"wp-block-heading\">Une exp\u00e9rience v\u00e9nitienne authentique entre silence, histoire et vie de quartier<\/h3>\n\n\n\n<p>Les visiteurs qui viennent \u00e0 Venise pour la premi\u00e8re fois se concentrent souvent sur les sites les plus c\u00e9l\u00e8bres : la place Saint-Marc, le pont du Rialto, le Grand Canal. Mais ceux qui souhaitent vraiment comprendre l\u2019\u00e2me de la ville <strong>recherchent autre chose<\/strong> : une Venise faite de <strong>recoins intimes, de silences inattendus et d\u2019ambiances locales<\/strong>. Si votre d\u00e9sir est de vivre une exp\u00e9rience authentique, alors l\u2019H\u00f4tel Al Ponte Mocenigo est l\u2019endroit id\u00e9al o\u00f9 s\u00e9journer.<\/p>\n\n\n\n<h3 class=\"wp-block-heading\">Un havre de paix dans le quartier de Santa Croce<\/h3>\n\n\n\n<p>L\u2019h\u00f4tel se situe dans le quartier de <strong>Santa Croce<\/strong>, l\u2019un des plus authentiques et des <strong>moins touristiques <\/strong>de Venise. Ici, pas de foules avec des perches \u00e0 selfie, mais plut\u00f4t des habitants qui font leurs courses, des enfants qui jouent sur les petites places, et des ateliers artisanaux qui ont su r\u00e9sister au temps. C\u2019est la <strong>Venise des V\u00e9nitiens<\/strong> : faite de petites \u00e9glises, de ruelles ombrag\u00e9es et d\u2019osterie \u00e0 quelques tables o\u00f9 l\u2019on parle encore le dialecte local.<\/p>\n\n\n\n<p>Santa Croce est aussi un point strat\u00e9gique : vous \u00eates au <strong>c\u0153ur de la ville, sans en subir le bruit<\/strong>. De l\u00e0, vous pouvez rejoindre \u00e0 pied les lieux iconiques comme le <a href=\"https:\/\/alpontemocenigo.com\/fr\/ou-dormir-pres-du-pont-du-rialto-a-venise\/\">Rialto<\/a> et <a href=\"https:\/\/alpontemocenigo.com\/fr\/ou-dormir-a-venise-pres-de-la-place-saint-marc\/\">Saint-Marc<\/a>, mais aussi des zones plus <strong>authentiques<\/strong> comme San Polo ou le quartier des Frari, avec sa magnifique basilique et ses mus\u00e9es m\u00e9connus.<\/p>\n\n\n\n<h3 class=\"wp-block-heading\">Des chambres silencieuses et une atmosph\u00e8re d\u2019un autre temps<\/h3>\n\n\n\n<p>Rentrer \u00e0 l\u2019h\u00f4tel apr\u00e8s une journ\u00e9e pass\u00e9e \u00e0 arpenter Venise est un moment \u00e0 savourer pleinement \u2013 \u00e0 condition que l\u2019\u00e9tablissement vous offre calme et confort. Les <a href=\"https:\/\/alpontemocenigo.com\/fr\/quel-hotel-a-venise-propose-des-chambres-avec-une-decoration-venitienne-authentique\/\">chambres<\/a> de l\u2019H\u00f4tel Al Ponte Mocenigo sont d\u00e9cor\u00e9es dans un <strong>style v\u00e9nitien, avec lits \u00e0 baldaquin, tissus damass\u00e9s et lustres en verre de Murano<\/strong> \u2013 mais surtout, elles sont calmes, spacieuses et reposantes.<\/p>\n\n\n\n<p>Chaque chambre est diff\u00e9rente, soign\u00e9e dans les moindres d\u00e9tails, et d\u00e9gage une <strong>atmosph\u00e8re chaleureuse<\/strong> qui rend le s\u00e9jour unique. Que vous voyagiez <a href=\"https:\/\/alpontemocenigo.com\/fr\/le-meilleur-hotel-a-venise-pour-les-voyageurs-en-solo\/\">seul<\/a>, en <a href=\"https:\/\/alpontemocenigo.com\/fr\/hotel-ideal-pour-une-fuite-romantique-a-venise\/\">couple<\/a> ou en <a href=\"https:\/\/alpontemocenigo.com\/fr\/hotel-ideal-a-venise-pour-les-familles-avec-enfants\/\">famille<\/a>, vous y trouverez l\u2019espace et le calme n\u00e9cessaires pour vous ressourcer et voir la ville autrement.<\/p>\n\n\n\n<h3 class=\"wp-block-heading\">La Venise authentique que les habitants recommandent<\/h3>\n\n\n\n<p>L\u2019un des grands atouts de l\u2019H\u00f4tel Al Ponte Mocenigo est son <strong><a href=\"https:\/\/alpontemocenigo.com\/fr\/ou-trouver-un-hotel-a-venise-avec-un-personnel-aimable-et-accueillant\/\">personnel<\/a><\/strong>. Sandro, Walter et leur \u00e9quipe connaissent Venise comme leur poche et seront ravis de vous sugg\u00e9rer des itin\u00e9raires <strong>hors des sentiers battus<\/strong>. Ils vous parleront du Ghetto juif, des Fondamenta della Misericordia, de Ca\u2019 Pesaro ou encore du Mus\u00e9e de Palais Mocenigo \u2013 autant de lieux rarement mentionn\u00e9s dans les guides, mais qui r\u00e9v\u00e8lent une ville <strong>vivante, complexe et fascinante<\/strong>.<\/p>\n\n\n\n<p>Ils vous recommanderont \u00e9galement de bonnes adresses o\u00f9 manger sans se ruiner, les <strong>bacari<\/strong> qui proposent les meilleurs cicchetti, ou encore o\u00f9 \u00e9couter de la <strong>musique en direct<\/strong> dans un cadre authentique. Ce type d\u2019exp\u00e9rience ne s\u2019ach\u00e8te pas : il se vit, et il commence par un bon accueil.<\/p>\n\n\n\n<h3 class=\"wp-block-heading\">Facile d\u2019acc\u00e8s, mais \u00e0 l\u2019\u00e9cart du tumulte<\/h3>\n\n\n\n<p>Malgr\u00e9 son emplacement retir\u00e9, l\u2019h\u00f4tel est tr\u00e8s facile d\u2019acc\u00e8s. L\u2019arr\u00eat de <a href=\"https:\/\/actv.avmspa.it\/en\">vaporetto<\/a> San Stae se trouve \u00e0 une minute \u00e0 pied. De l\u00e0, vous rejoignez rapidement <a href=\"https:\/\/alpontemocenigo.com\/fr\/quel-est-un-hotel-a-venise-facilement-accessible-depuis-aeroport-ou-la-gare\/\">la gare, Piazzale Roma ou l\u2019a\u00e9roport<\/a>. Ceux qui arrivent en taxi nautique peuvent accoster directement au quai priv\u00e9 de l\u2019h\u00f4tel, \u00e9vitant ainsi le labyrinthe des ruelles avec leurs valises.<\/p>\n\n\n\n<p>Cet \u00e9quilibre entre <a href=\"https:\/\/alpontemocenigo.com\/fr\/hotel-avec-le-meilleur-rapport-qualite-prix-dans-le-centre-de-venise\/\"><strong>accessibilit\u00e9<\/strong> et <strong>tranquillit\u00e9<\/strong><\/a> est l\u2019une des raisons pour lesquelles les clients reviennent ou recommandent l\u2019h\u00f4tel \u00e0 leurs proches. Le sentiment qui en ressort est celui de vivre <strong>Venise<\/strong>, et non de simplement la visiter.<\/p>\n\n\n\n<h3 class=\"wp-block-heading\">Vivre Venise comme un habitant<\/h3>\n\n\n\n<p>S\u00e9journer \u00e0 l\u2019H\u00f4tel Al Ponte Mocenigo, c\u2019est s\u2019immerger dans la <strong>vraie<\/strong> Venise. C\u2019est se r\u00e9veiller au son de l\u2019eau, prendre son petit-d\u00e9jeuner dans une <strong><a href=\"https:\/\/alpontemocenigo.com\/fr\/ou-dormir-a-venise-avec-petit-dejeuner-inclus-dans-une-cour-typique\/\">cour<\/a><\/strong> paisible, puis partir \u00e0 la d\u00e9couverte de lieux impr\u00e9gn\u00e9s <strong>d\u2019histoire, d\u2019art et de quotidien<\/strong>. C\u2019est un choix parfait pour ceux qui veulent vraiment conna\u00eetre la ville, loin des itin\u00e9raires touristiques classiques.<\/p>\n\n\n\n<p><strong><a href=\"https:\/\/alpontemocenigo.com\/fr\/\">R\u00e9servez d\u00e8s maintenant sur le site officiel de l\u2019H\u00f4tel Al Ponte Mocenigo<\/a><\/strong> et d\u00e9couvrez une Venise <strong><a href=\"https:\/\/alpontemocenigo.com\/fr\/le-meilleur-hotel-a-venise-pour-decouvrir-art-et-la-culture-venitienne\/\">authentique<\/a><\/strong>, faite d\u2019\u00e9motions vraies, de rencontres sinc\u00e8res et de coins cach\u00e9s qui resteront \u00e0 jamais dans votre m\u00e9moire.<\/p>\n","protected":false},"excerpt":{"rendered":"<p>Une exp\u00e9rience v\u00e9nitienne authentique entre silence, histoire et vie de quartier Les visiteurs qui viennent \u00e0 Venise pour la premi\u00e8re fois se concentrent souvent sur les sites les plus c\u00e9l\u00e8bres : la place Saint-Marc, le pont du Rialto, le Grand Canal. Mais ceux qui souhaitent vraiment comprendre l\u2019\u00e2me de la ville recherchent autre chose : [&hellip;]<\/p>\n","protected":false},"author":1,"featured_media":5553,"parent":0,"menu_order":0,"comment_status":"closed","ping_status":"closed","template":"","meta":{"_acf_changed":false,"footnotes":""},"class_list":["post-5572","page","type-page","status-publish","has-post-thumbnail","hentry"],"acf":[],"yoast_head":"<!-- This site is optimized with the Yoast SEO plugin v25.2 - https:\/\/yoast.com\/wordpress\/plugins\/seo\/ -->\n<title>O\u00f9 s\u00e9journer \u00e0 Venise pour d\u00e9couvrir la ville authentique? | Hotel Al Ponte Mocenigo Venise Site Officiel<\/title>\n<meta name=\"description\" content=\"D\u00e9couvrez o\u00f9 s\u00e9journer \u00e0 Venise pour vivre la ville authentique. H\u00f4tel calme et central dans un quartier loin de la foule touristique.\" \/>\n<meta name=\"robots\" content=\"index, follow, max-snippet:-1, max-image-preview:large, max-video-preview:-1\" \/>\n<link rel=\"canonical\" href=\"https:\/\/alpontemocenigo.com\/fr\/ou-dormir-a-venise-pour-decouvrir-la-ville-authentique-loin-de-la-foule\/\" \/>\n<meta property=\"og:locale\" content=\"fr_FR\" \/>\n<meta property=\"og:type\" content=\"article\" \/>\n<meta property=\"og:title\" content=\"O\u00f9 s\u00e9journer \u00e0 Venise pour d\u00e9couvrir la ville authentique? | Hotel Al Ponte Mocenigo Venise Site Officiel\" \/>\n<meta property=\"og:description\" content=\"D\u00e9couvrez o\u00f9 s\u00e9journer \u00e0 Venise pour vivre la ville authentique. H\u00f4tel calme et central dans un quartier loin de la foule touristique.\" \/>\n<meta property=\"og:url\" content=\"https:\/\/alpontemocenigo.com\/fr\/ou-dormir-a-venise-pour-decouvrir-la-ville-authentique-loin-de-la-foule\/\" \/>\n<meta property=\"og:site_name\" content=\"Hotel Al Ponte Mocenigo Venise Site Officiel\" \/>\n<meta property=\"article:publisher\" content=\"https:\/\/www.facebook.com\/hotelalpontemocenigovenice\/\" \/>\n<meta property=\"article:modified_time\" content=\"2025-05-28T09:18:54+00:00\" \/>\n<meta property=\"og:image\" content=\"https:\/\/alpontemocenigo.com\/wp-content\/uploads\/2025\/05\/Venezia-autentica.webp\" \/>\n\t<meta property=\"og:image:width\" content=\"1920\" \/>\n\t<meta property=\"og:image:height\" content=\"840\" \/>\n\t<meta property=\"og:image:type\" content=\"image\/webp\" \/>\n<meta name=\"twitter:card\" content=\"summary_large_image\" \/>\n<meta name=\"twitter:label1\" content=\"Dur\u00e9e de lecture estim\u00e9e\" \/>\n\t<meta name=\"twitter:data1\" content=\"4 minutes\" \/>\n<script type=\"application\/ld+json\" class=\"yoast-schema-graph\">{\"@context\":\"https:\/\/schema.org\",\"@graph\":[{\"@type\":\"WebPage\",\"@id\":\"https:\/\/alpontemocenigo.com\/fr\/ou-dormir-a-venise-pour-decouvrir-la-ville-authentique-loin-de-la-foule\/\",\"url\":\"https:\/\/alpontemocenigo.com\/fr\/ou-dormir-a-venise-pour-decouvrir-la-ville-authentique-loin-de-la-foule\/\",\"name\":\"O\u00f9 s\u00e9journer \u00e0 Venise pour d\u00e9couvrir la ville authentique? | Hotel Al Ponte Mocenigo Venise Site Officiel\",\"isPartOf\":{\"@id\":\"https:\/\/alpontemocenigo.com\/fr\/#website\"},\"primaryImageOfPage\":{\"@id\":\"https:\/\/alpontemocenigo.com\/fr\/ou-dormir-a-venise-pour-decouvrir-la-ville-authentique-loin-de-la-foule\/#primaryimage\"},\"image\":{\"@id\":\"https:\/\/alpontemocenigo.com\/fr\/ou-dormir-a-venise-pour-decouvrir-la-ville-authentique-loin-de-la-foule\/#primaryimage\"},\"thumbnailUrl\":\"https:\/\/alpontemocenigo.com\/wp-content\/uploads\/2025\/05\/Venezia-autentica.webp\",\"datePublished\":\"2025-05-22T09:18:21+00:00\",\"dateModified\":\"2025-05-28T09:18:54+00:00\",\"description\":\"D\u00e9couvrez o\u00f9 s\u00e9journer \u00e0 Venise pour vivre la ville authentique. H\u00f4tel calme et central dans un quartier loin de la foule touristique.\",\"breadcrumb\":{\"@id\":\"https:\/\/alpontemocenigo.com\/fr\/ou-dormir-a-venise-pour-decouvrir-la-ville-authentique-loin-de-la-foule\/#breadcrumb\"},\"inLanguage\":\"fr-FR\",\"potentialAction\":[{\"@type\":\"ReadAction\",\"target\":[\"https:\/\/alpontemocenigo.com\/fr\/ou-dormir-a-venise-pour-decouvrir-la-ville-authentique-loin-de-la-foule\/\"]}]},{\"@type\":\"ImageObject\",\"inLanguage\":\"fr-FR\",\"@id\":\"https:\/\/alpontemocenigo.com\/fr\/ou-dormir-a-venise-pour-decouvrir-la-ville-authentique-loin-de-la-foule\/#primaryimage\",\"url\":\"https:\/\/alpontemocenigo.com\/wp-content\/uploads\/2025\/05\/Venezia-autentica.webp\",\"contentUrl\":\"https:\/\/alpontemocenigo.com\/wp-content\/uploads\/2025\/05\/Venezia-autentica.webp\",\"width\":1920,\"height\":840,\"caption\":\"Venise authentique\"},{\"@type\":\"BreadcrumbList\",\"@id\":\"https:\/\/alpontemocenigo.com\/fr\/ou-dormir-a-venise-pour-decouvrir-la-ville-authentique-loin-de-la-foule\/#breadcrumb\",\"itemListElement\":[{\"@type\":\"ListItem\",\"position\":1,\"name\":\"Home\",\"item\":\"https:\/\/alpontemocenigo.com\/fr\/\"},{\"@type\":\"ListItem\",\"position\":2,\"name\":\"O\u00f9 dormir \u00e0 Venise pour d\u00e9couvrir la ville authentique loin de la foule?\"}]},{\"@type\":\"WebSite\",\"@id\":\"https:\/\/alpontemocenigo.com\/fr\/#website\",\"url\":\"https:\/\/alpontemocenigo.com\/fr\/\",\"name\":\"Hotel Al ponte Mocenigo\",\"description\":\"Au c\u0153ur de Venise\",\"publisher\":{\"@id\":\"https:\/\/alpontemocenigo.com\/fr\/#organization\"},\"potentialAction\":[{\"@type\":\"SearchAction\",\"target\":{\"@type\":\"EntryPoint\",\"urlTemplate\":\"https:\/\/alpontemocenigo.com\/fr\/?s={search_term_string}\"},\"query-input\":{\"@type\":\"PropertyValueSpecification\",\"valueRequired\":true,\"valueName\":\"search_term_string\"}}],\"inLanguage\":\"fr-FR\"},{\"@type\":\"Organization\",\"@id\":\"https:\/\/alpontemocenigo.com\/fr\/#organization\",\"name\":\"Hotel Al Ponte Mocenigo Venice\",\"url\":\"https:\/\/alpontemocenigo.com\/fr\/\",\"logo\":{\"@type\":\"ImageObject\",\"inLanguage\":\"fr-FR\",\"@id\":\"https:\/\/alpontemocenigo.com\/fr\/#\/schema\/logo\/image\/\",\"url\":\"https:\/\/alpontemocenigo.com\/wp-content\/uploads\/2020\/10\/logo-v2r.png\",\"contentUrl\":\"https:\/\/alpontemocenigo.com\/wp-content\/uploads\/2020\/10\/logo-v2r.png\",\"width\":268,\"height\":90,\"caption\":\"Hotel Al Ponte Mocenigo Venice\"},\"image\":{\"@id\":\"https:\/\/alpontemocenigo.com\/fr\/#\/schema\/logo\/image\/\"},\"sameAs\":[\"https:\/\/www.facebook.com\/hotelalpontemocenigovenice\/\"]}]}<\/script>\n<!-- \/ Yoast SEO plugin. -->","yoast_head_json":{"title":"O\u00f9 s\u00e9journer \u00e0 Venise pour d\u00e9couvrir la ville authentique? | Hotel Al Ponte Mocenigo Venise Site Officiel","description":"D\u00e9couvrez o\u00f9 s\u00e9journer \u00e0 Venise pour vivre la ville authentique. H\u00f4tel calme et central dans un quartier loin de la foule touristique.","robots":{"index":"index","follow":"follow","max-snippet":"max-snippet:-1","max-image-preview":"max-image-preview:large","max-video-preview":"max-video-preview:-1"},"canonical":"https:\/\/alpontemocenigo.com\/fr\/ou-dormir-a-venise-pour-decouvrir-la-ville-authentique-loin-de-la-foule\/","og_locale":"fr_FR","og_type":"article","og_title":"O\u00f9 s\u00e9journer \u00e0 Venise pour d\u00e9couvrir la ville authentique? | Hotel Al Ponte Mocenigo Venise Site Officiel","og_description":"D\u00e9couvrez o\u00f9 s\u00e9journer \u00e0 Venise pour vivre la ville authentique. H\u00f4tel calme et central dans un quartier loin de la foule touristique.","og_url":"https:\/\/alpontemocenigo.com\/fr\/ou-dormir-a-venise-pour-decouvrir-la-ville-authentique-loin-de-la-foule\/","og_site_name":"Hotel Al Ponte Mocenigo Venise Site Officiel","article_publisher":"https:\/\/www.facebook.com\/hotelalpontemocenigovenice\/","article_modified_time":"2025-05-28T09:18:54+00:00","og_image":[{"width":1920,"height":840,"url":"https:\/\/alpontemocenigo.com\/wp-content\/uploads\/2025\/05\/Venezia-autentica.webp","type":"image\/webp"}],"twitter_card":"summary_large_image","twitter_misc":{"Dur\u00e9e de lecture estim\u00e9e":"4 minutes"},"schema":{"@context":"https:\/\/schema.org","@graph":[{"@type":"WebPage","@id":"https:\/\/alpontemocenigo.com\/fr\/ou-dormir-a-venise-pour-decouvrir-la-ville-authentique-loin-de-la-foule\/","url":"https:\/\/alpontemocenigo.com\/fr\/ou-dormir-a-venise-pour-decouvrir-la-ville-authentique-loin-de-la-foule\/","name":"O\u00f9 s\u00e9journer \u00e0 Venise pour d\u00e9couvrir la ville authentique? | Hotel Al Ponte Mocenigo Venise Site Officiel","isPartOf":{"@id":"https:\/\/alpontemocenigo.com\/fr\/#website"},"primaryImageOfPage":{"@id":"https:\/\/alpontemocenigo.com\/fr\/ou-dormir-a-venise-pour-decouvrir-la-ville-authentique-loin-de-la-foule\/#primaryimage"},"image":{"@id":"https:\/\/alpontemocenigo.com\/fr\/ou-dormir-a-venise-pour-decouvrir-la-ville-authentique-loin-de-la-foule\/#primaryimage"},"thumbnailUrl":"https:\/\/alpontemocenigo.com\/wp-content\/uploads\/2025\/05\/Venezia-autentica.webp","datePublished":"2025-05-22T09:18:21+00:00","dateModified":"2025-05-28T09:18:54+00:00","description":"D\u00e9couvrez o\u00f9 s\u00e9journer \u00e0 Venise pour vivre la ville authentique. H\u00f4tel calme et central dans un quartier loin de la foule touristique.","breadcrumb":{"@id":"https:\/\/alpontemocenigo.com\/fr\/ou-dormir-a-venise-pour-decouvrir-la-ville-authentique-loin-de-la-foule\/#breadcrumb"},"inLanguage":"fr-FR","potentialAction":[{"@type":"ReadAction","target":["https:\/\/alpontemocenigo.com\/fr\/ou-dormir-a-venise-pour-decouvrir-la-ville-authentique-loin-de-la-foule\/"]}]},{"@type":"ImageObject","inLanguage":"fr-FR","@id":"https:\/\/alpontemocenigo.com\/fr\/ou-dormir-a-venise-pour-decouvrir-la-ville-authentique-loin-de-la-foule\/#primaryimage","url":"https:\/\/alpontemocenigo.com\/wp-content\/uploads\/2025\/05\/Venezia-autentica.webp","contentUrl":"https:\/\/alpontemocenigo.com\/wp-content\/uploads\/2025\/05\/Venezia-autentica.webp","width":1920,"height":840,"caption":"Venise authentique"},{"@type":"BreadcrumbList","@id":"https:\/\/alpontemocenigo.com\/fr\/ou-dormir-a-venise-pour-decouvrir-la-ville-authentique-loin-de-la-foule\/#breadcrumb","itemListElement":[{"@type":"ListItem","position":1,"name":"Home","item":"https:\/\/alpontemocenigo.com\/fr\/"},{"@type":"ListItem","position":2,"name":"O\u00f9 dormir \u00e0 Venise pour d\u00e9couvrir la ville authentique loin de la foule?"}]},{"@type":"WebSite","@id":"https:\/\/alpontemocenigo.com\/fr\/#website","url":"https:\/\/alpontemocenigo.com\/fr\/","name":"Hotel Al ponte Mocenigo","description":"Au c\u0153ur de Venise","publisher":{"@id":"https:\/\/alpontemocenigo.com\/fr\/#organization"},"potentialAction":[{"@type":"SearchAction","target":{"@type":"EntryPoint","urlTemplate":"https:\/\/alpontemocenigo.com\/fr\/?s={search_term_string}"},"query-input":{"@type":"PropertyValueSpecification","valueRequired":true,"valueName":"search_term_string"}}],"inLanguage":"fr-FR"},{"@type":"Organization","@id":"https:\/\/alpontemocenigo.com\/fr\/#organization","name":"Hotel Al Ponte Mocenigo Venice","url":"https:\/\/alpontemocenigo.com\/fr\/","logo":{"@type":"ImageObject","inLanguage":"fr-FR","@id":"https:\/\/alpontemocenigo.com\/fr\/#\/schema\/logo\/image\/","url":"https:\/\/alpontemocenigo.com\/wp-content\/uploads\/2020\/10\/logo-v2r.png","contentUrl":"https:\/\/alpontemocenigo.com\/wp-content\/uploads\/2020\/10\/logo-v2r.png","width":268,"height":90,"caption":"Hotel Al Ponte Mocenigo Venice"},"image":{"@id":"https:\/\/alpontemocenigo.com\/fr\/#\/schema\/logo\/image\/"},"sameAs":["https:\/\/www.facebook.com\/hotelalpontemocenigovenice\/"]}]}},"_links":{"self":[{"href":"https:\/\/alpontemocenigo.com\/fr\/wp-json\/wp\/v2\/pages\/5572","targetHints":{"allow":["GET"]}}],"collection":[{"href":"https:\/\/alpontemocenigo.com\/fr\/wp-json\/wp\/v2\/pages"}],"about":[{"href":"https:\/\/alpontemocenigo.com\/fr\/wp-json\/wp\/v2\/types\/page"}],"author":[{"embeddable":true,"href":"https:\/\/alpontemocenigo.com\/fr\/wp-json\/wp\/v2\/users\/1"}],"replies":[{"embeddable":true,"href":"https:\/\/alpontemocenigo.com\/fr\/wp-json\/wp\/v2\/comments?post=5572"}],"version-history":[{"count":2,"href":"https:\/\/alpontemocenigo.com\/fr\/wp-json\/wp\/v2\/pages\/5572\/revisions"}],"predecessor-version":[{"id":6350,"href":"https:\/\/alpontemocenigo.com\/fr\/wp-json\/wp\/v2\/pages\/5572\/revisions\/6350"}],"wp:featuredmedia":[{"embeddable":true,"href":"https:\/\/alpontemocenigo.com\/fr\/wp-json\/wp\/v2\/media\/5553"}],"wp:attachment":[{"href":"https:\/\/alpontemocenigo.com\/fr\/wp-json\/wp\/v2\/media?parent=5572"}],"curies":[{"name":"wp","href":"https:\/\/api.w.org\/{rel}","templated":true}]}}