{"id":562,"date":"2020-10-14T09:30:12","date_gmt":"2020-10-14T09:30:12","guid":{"rendered":"https:\/\/alpontemocenigo.test\/?page_id=562"},"modified":"2025-05-21T12:45:38","modified_gmt":"2025-05-21T12:45:38","slug":"localisation","status":"publish","type":"page","link":"https:\/\/alpontemocenigo.com\/fr\/localisation\/","title":{"rendered":"Localisation"},"content":{"rendered":"\n<h3 class=\"wp-block-heading\">\u00c0 quelques minutes du Rialto<\/h3>\n\n\n\n<div style=\"height:20px\" aria-hidden=\"true\" class=\"wp-block-spacer\"><\/div>\n\n\n\n<div class=\"wp-block-group\"><div class=\"wp-block-group__inner-container is-layout-flow wp-block-group-is-layout-flow\">\n<figure class=\"wp-block-gallery columns-2 is-cropped wp-block-gallery-1 is-layout-flex wp-block-gallery-is-layout-flex\"><ul class=\"blocks-gallery-grid\"><li class=\"blocks-gallery-item\"><figure><a href=\"https:\/\/alpontemocenigo.com\/wp-content\/uploads\/2020\/10\/Canal-grande-Venezia-55445-1.jpg\"><img loading=\"lazy\" decoding=\"async\" width=\"800\" height=\"530\" src=\"https:\/\/alpontemocenigo.com\/wp-content\/uploads\/2020\/10\/Canal-grande-Venezia-55445-1.jpg\" alt=\"\" data-id=\"224\" data-full-url=\"https:\/\/alpontemocenigo.com\/wp-content\/uploads\/2020\/10\/Canal-grande-Venezia-55445-1.jpg\" data-link=\"https:\/\/alpontemocenigo.com\/?attachment_id=224\" class=\"wp-image-224\" srcset=\"https:\/\/alpontemocenigo.com\/wp-content\/uploads\/2020\/10\/Canal-grande-Venezia-55445-1.jpg 800w, https:\/\/alpontemocenigo.com\/wp-content\/uploads\/2020\/10\/Canal-grande-Venezia-55445-1-300x199.jpg 300w, https:\/\/alpontemocenigo.com\/wp-content\/uploads\/2020\/10\/Canal-grande-Venezia-55445-1-768x509.jpg 768w\" sizes=\"auto, (max-width: 800px) 100vw, 800px\" \/><\/a><\/figure><\/li><li class=\"blocks-gallery-item\"><figure><a href=\"https:\/\/alpontemocenigo.com\/wp-content\/uploads\/2020\/10\/DSC_9666.jpg\"><img loading=\"lazy\" decoding=\"async\" width=\"840\" height=\"560\" src=\"https:\/\/alpontemocenigo.com\/wp-content\/uploads\/2020\/10\/DSC_9666.jpg\" alt=\"\" data-id=\"664\" data-full-url=\"https:\/\/alpontemocenigo.com\/wp-content\/uploads\/2020\/10\/DSC_9666.jpg\" data-link=\"https:\/\/alpontemocenigo.com\/?attachment_id=664\" class=\"wp-image-664\" srcset=\"https:\/\/alpontemocenigo.com\/wp-content\/uploads\/2020\/10\/DSC_9666.jpg 840w, https:\/\/alpontemocenigo.com\/wp-content\/uploads\/2020\/10\/DSC_9666-300x200.jpg 300w, https:\/\/alpontemocenigo.com\/wp-content\/uploads\/2020\/10\/DSC_9666-768x512.jpg 768w\" sizes=\"auto, (max-width: 840px) 100vw, 840px\" \/><\/a><\/figure><\/li><\/ul><\/figure>\n\n\n\n<p><\/p>\n<\/div><\/div>\n\n\n\n<p><br>L\u2019h\u00f4tel Al Ponte Mocenigo se trouve \u00e0 deux pas du Pont du Rialto, derri\u00e8re la tr\u00e8s belle Eglise de San Stae, dans une zone de Venise \u00e9tonnement calme et pittoresque, et, bien qu\u2019au coeur de la ville, \u00e9loign\u00e9e des circuits touristiques traditionnels. En vous promenant dans les rues et sur les places qui entourent l\u2019h\u00f4tel, vous irez \u00e0 la rencontre d\u2019aspects m\u00e9connus et charmants qui n\u2019attirent pas toujours l\u2019attention.<\/p>\n\n\n\n<p>En outre, l\u2019h\u00f4tel Al Ponte Mocenigo se trouvant \u00e0 15 minutes de la Place Saint Marc, que vous pourrez rejoindre soit \u00e0 pied, soit en vaporetto, il constitue la base id\u00e9ale de toutes vos promenades.<\/p>\n\n\n\n<p>L\u2019h\u00f4tel se trouve \u00e0 moins de 50 m\u00e8tres de l\u2019arr\u00eat de vaporetto de San Stae (fonctionnant 24\/24), accessible sans traverser aucun pont.<\/p>\n\n\n\n<div style=\"height:20px\" aria-hidden=\"true\" class=\"wp-block-spacer\"><\/div>\n\n\n\n<h3 class=\"has-text-align-center wp-block-heading\"><strong><strong>Comment nous rejoindre<\/strong><\/strong><\/h3>\n\n\n\n<h3 class=\"wp-block-heading\">EN AVION<\/h3>\n\n\n\n<p>Pour rejoindre l\u2019H\u00f4tel Al Ponte Mocenigo de l\u2019a\u00e9roport Marco Polo de Venise, vous pouvez prendre un bateau-taxi qui vous d\u00e9posera devant l\u2019h\u00f4tel ou utiliser la navette fluviale \u00ab Alilaguna \u00bb \u2013 ligne orange, en descendant \u00e0 l\u2019arr\u00eat San Stae \u00e0 50 m\u00e8tres de l\u2019h\u00f4tel.<\/p>\n\n\n\n<p>L\u2019autobus Venezia Air Terminal vous emm\u00e8ne en 20 minutes \u00e0 Piazzale Roma. Poursuivez comme indiqu\u00e9 dans le paragraphe En train.<\/p>\n\n\n\n<h3 class=\"wp-block-heading\">EN VOITURE<\/h3>\n\n\n\n<p>Vous pouvez garer votre voiture \u00e0 Piazzale Roma ou \u00e0 Tronchetto et, dans ce cas, prendre un vaporetto de la ligne n\u00b02 jusqu\u2019\u00e0 Piazzale Roma. Poursuivez comme indiqu\u00e9 dans le paragraphe En train.<\/p>\n\n\n\n<h3 class=\"wp-block-heading\"><strong>EN TRAIN<\/strong><\/h3>\n\n\n\n<p>Prenez le vaporetto n\u00b01 (appel\u00e9 N, en service de nuit) et descendez \u00e0 l\u2019arr\u00eat San Stae. De l\u00e0, continuez tout droit le long de la Salizada San Stae sur environ 50 m\u00e8tres ; \u00e0 gauche, au num\u00e9ro 1985, vous trouverez l\u2019entr\u00e9e de l\u2019h\u00f4tel.<\/p>\n\n\n\n<div style=\"height:20px\" aria-hidden=\"true\" class=\"wp-block-spacer\"><\/div>\n\n\n\n<iframe loading=\"lazy\" src=\"https:\/\/www.google.com\/maps\/embed?pb=!1m14!1m8!1m3!1d11197.71160823853!2d12.3301865!3d45.4410327!3m2!1i1024!2i768!4f13.1!3m3!1m2!1s0x0%3A0x16ba87828e3d21db!2sHotel%20Al%20Ponte%20Mocenigo!5e0!3m2!1sit!2sit!4v1606493382476!5m2!1sit!2sit\" width=\"100%\" height=\"300\" frameborder=\"0\" style=\"border:0;\" allowfullscreen=\"\" aria-hidden=\"false\" tabindex=\"0\"><\/iframe>\n\n\n\n<div style=\"height:20px\" aria-hidden=\"true\" class=\"wp-block-spacer\"><\/div>\n\n\n\n<p class=\"has-text-align-center\"><strong><strong>A proximit\u00e9<\/strong><\/strong><\/p>\n\n\n\n<p><br>A proximit\u00e9 de cet <strong>h\u00f4tel de Venise<\/strong> confortable et \u00e9l\u00e9gant, on trouve aussi de tr\u00e8s nombreux mus\u00e9es et des palais int\u00e9ressants tant sur le plan architectural, qu\u2019historique et culturel. Citons, par exemple, la<strong> Ca\u2019 Pesaro<\/strong>, ce splendide palais baroque qui n\u2019abrite pas moins de deux mus\u00e9es : le <strong>Mus\u00e9e d\u2019Art Oriental<\/strong> et la <strong>Galerie Internationale d\u2019Art Moderne<\/strong> de Venise, o\u00f9 vous pourrez admirer entre autres des toiles et des sculptures de Klimt, Chagall, Kandinsky et Rodin.<\/p>\n\n\n\n<p><br>Il faut \u00e9galement mentionner, toujours \u00e0 proximit\u00e9 imm\u00e9diate de l\u2019h\u00f4tel, la pr\u00e9sence du <strong>Mus\u00e9um d\u2019Histoire Naturelle<\/strong> et du <strong>Palais Mocenigo<\/strong>, l\u2019ancienne demeure de la famille Mocenigo qui abrite aujourd\u2019hui le Mus\u00e9e du Tissu et du Costume et son Centre d\u2019Etudes \u00e9ponyme.<\/p>\n\n\n\n<p>A proximit\u00e9, nous vous conseillons de vous rendre sur le <strong>Campo San Giacomo, le Campo dei Frari, la place San Rocco et le Campo Santa Margherita<\/strong>, des lieux tr\u00e8s \u00ab v\u00e9nitiens \u00bb et charmants, anim\u00e9s \u00e0 toute heure du jour et de la nuit. Les march\u00e9s aux poissons et aux fruits et aux l\u00e9gumes voisins dont les \u00e9talages bigarr\u00e9s animent chaque matin la zone du Rialto sont \u00e9galement tr\u00e8s pittoresques.<\/p>\n\n\n\n<div style=\"height:20px\" aria-hidden=\"true\" class=\"wp-block-spacer\"><\/div>\n\n\n\n<figure class=\"wp-block-gallery columns-3 is-cropped\"><ul class=\"blocks-gallery-grid\"><li class=\"blocks-gallery-item\"><figure><a href=\"https:\/\/alpontemocenigo.com\/wp-content\/uploads\/2020\/10\/rialto_pescheria_bdt.jpg\"><img loading=\"lazy\" decoding=\"async\" width=\"840\" height=\"560\" src=\"https:\/\/alpontemocenigo.com\/wp-content\/uploads\/2020\/10\/rialto_pescheria_bdt.jpg\" alt=\"\" data-id=\"676\" data-full-url=\"https:\/\/alpontemocenigo.com\/wp-content\/uploads\/2020\/10\/rialto_pescheria_bdt.jpg\" data-link=\"https:\/\/alpontemocenigo.com\/location\/rialto_pescheria_bdt\/\" class=\"wp-image-676\" srcset=\"https:\/\/alpontemocenigo.com\/wp-content\/uploads\/2020\/10\/rialto_pescheria_bdt.jpg 840w, https:\/\/alpontemocenigo.com\/wp-content\/uploads\/2020\/10\/rialto_pescheria_bdt-300x200.jpg 300w, https:\/\/alpontemocenigo.com\/wp-content\/uploads\/2020\/10\/rialto_pescheria_bdt-768x512.jpg 768w\" sizes=\"auto, (max-width: 840px) 100vw, 840px\" \/><\/a><\/figure><\/li><li class=\"blocks-gallery-item\"><figure><a href=\"https:\/\/alpontemocenigo.com\/wp-content\/uploads\/2020\/10\/Fotolia_68104054_L.jpg\"><img loading=\"lazy\" decoding=\"async\" width=\"840\" height=\"560\" src=\"https:\/\/alpontemocenigo.com\/wp-content\/uploads\/2020\/10\/Fotolia_68104054_L.jpg\" alt=\"\" data-id=\"670\" data-full-url=\"https:\/\/alpontemocenigo.com\/wp-content\/uploads\/2020\/10\/Fotolia_68104054_L.jpg\" data-link=\"https:\/\/alpontemocenigo.com\/location\/fotolia_68104054_l\/\" class=\"wp-image-670\" srcset=\"https:\/\/alpontemocenigo.com\/wp-content\/uploads\/2020\/10\/Fotolia_68104054_L.jpg 840w, https:\/\/alpontemocenigo.com\/wp-content\/uploads\/2020\/10\/Fotolia_68104054_L-300x200.jpg 300w, https:\/\/alpontemocenigo.com\/wp-content\/uploads\/2020\/10\/Fotolia_68104054_L-768x512.jpg 768w\" sizes=\"auto, (max-width: 840px) 100vw, 840px\" \/><\/a><\/figure><\/li><li class=\"blocks-gallery-item\"><figure><a href=\"https:\/\/alpontemocenigo.com\/wp-content\/uploads\/2020\/10\/DSC_9651.jpg\"><img loading=\"lazy\" decoding=\"async\" width=\"840\" height=\"560\" src=\"https:\/\/alpontemocenigo.com\/wp-content\/uploads\/2020\/10\/DSC_9651.jpg\" alt=\"\" data-id=\"658\" data-full-url=\"https:\/\/alpontemocenigo.com\/wp-content\/uploads\/2020\/10\/DSC_9651.jpg\" data-link=\"https:\/\/alpontemocenigo.com\/location\/dsc_9651\/\" class=\"wp-image-658\" srcset=\"https:\/\/alpontemocenigo.com\/wp-content\/uploads\/2020\/10\/DSC_9651.jpg 840w, https:\/\/alpontemocenigo.com\/wp-content\/uploads\/2020\/10\/DSC_9651-300x200.jpg 300w, https:\/\/alpontemocenigo.com\/wp-content\/uploads\/2020\/10\/DSC_9651-768x512.jpg 768w\" sizes=\"auto, (max-width: 840px) 100vw, 840px\" \/><\/a><\/figure><\/li><li class=\"blocks-gallery-item\"><figure><a href=\"https:\/\/alpontemocenigo.com\/wp-content\/uploads\/2020\/10\/ca-pesaro-1.jpg\"><img loading=\"lazy\" decoding=\"async\" width=\"840\" height=\"560\" src=\"https:\/\/alpontemocenigo.com\/wp-content\/uploads\/2020\/10\/ca-pesaro-1.jpg\" alt=\"\" data-id=\"652\" data-full-url=\"https:\/\/alpontemocenigo.com\/wp-content\/uploads\/2020\/10\/ca-pesaro-1.jpg\" data-link=\"https:\/\/alpontemocenigo.com\/location\/ca-pesaro-1\/\" class=\"wp-image-652\" srcset=\"https:\/\/alpontemocenigo.com\/wp-content\/uploads\/2020\/10\/ca-pesaro-1.jpg 840w, https:\/\/alpontemocenigo.com\/wp-content\/uploads\/2020\/10\/ca-pesaro-1-300x200.jpg 300w, https:\/\/alpontemocenigo.com\/wp-content\/uploads\/2020\/10\/ca-pesaro-1-768x512.jpg 768w\" sizes=\"auto, (max-width: 840px) 100vw, 840px\" \/><\/a><\/figure><\/li><li class=\"blocks-gallery-item\"><figure><a href=\"https:\/\/alpontemocenigo.com\/wp-content\/uploads\/2020\/10\/cadoro.jpg\"><img loading=\"lazy\" decoding=\"async\" width=\"840\" height=\"560\" src=\"https:\/\/alpontemocenigo.com\/wp-content\/uploads\/2020\/10\/cadoro.jpg\" alt=\"\" data-id=\"524\" data-full-url=\"https:\/\/alpontemocenigo.com\/wp-content\/uploads\/2020\/10\/cadoro.jpg\" data-link=\"https:\/\/alpontemocenigo.com\/home\/cadoro\/\" class=\"wp-image-524\" srcset=\"https:\/\/alpontemocenigo.com\/wp-content\/uploads\/2020\/10\/cadoro.jpg 840w, https:\/\/alpontemocenigo.com\/wp-content\/uploads\/2020\/10\/cadoro-300x200.jpg 300w, https:\/\/alpontemocenigo.com\/wp-content\/uploads\/2020\/10\/cadoro-768x512.jpg 768w\" sizes=\"auto, (max-width: 840px) 100vw, 840px\" \/><\/a><\/figure><\/li><li class=\"blocks-gallery-item\"><figure><a href=\"https:\/\/alpontemocenigo.com\/wp-content\/uploads\/2020\/10\/venezia_piazza_san_marco.jpg\"><img loading=\"lazy\" decoding=\"async\" width=\"840\" height=\"560\" src=\"https:\/\/alpontemocenigo.com\/wp-content\/uploads\/2020\/10\/venezia_piazza_san_marco.jpg\" alt=\"\" data-id=\"516\" data-full-url=\"https:\/\/alpontemocenigo.com\/wp-content\/uploads\/2020\/10\/venezia_piazza_san_marco.jpg\" data-link=\"https:\/\/alpontemocenigo.com\/home\/venezia_piazza_san_marco\/\" class=\"wp-image-516\" srcset=\"https:\/\/alpontemocenigo.com\/wp-content\/uploads\/2020\/10\/venezia_piazza_san_marco.jpg 840w, https:\/\/alpontemocenigo.com\/wp-content\/uploads\/2020\/10\/venezia_piazza_san_marco-300x200.jpg 300w, https:\/\/alpontemocenigo.com\/wp-content\/uploads\/2020\/10\/venezia_piazza_san_marco-768x512.jpg 768w\" sizes=\"auto, (max-width: 840px) 100vw, 840px\" \/><\/a><\/figure><\/li><\/ul><\/figure>\n","protected":false},"excerpt":{"rendered":"<p>\u00c0 quelques minutes du Rialto L\u2019h\u00f4tel Al Ponte Mocenigo se trouve \u00e0 deux pas du Pont du Rialto, derri\u00e8re la tr\u00e8s belle Eglise de San Stae, dans une zone de Venise \u00e9tonnement calme et pittoresque, et, bien qu\u2019au coeur de la ville, \u00e9loign\u00e9e des circuits touristiques traditionnels. En vous promenant dans les rues et sur [&hellip;]<\/p>\n","protected":false},"author":1,"featured_media":0,"parent":0,"menu_order":0,"comment_status":"closed","ping_status":"closed","template":"","meta":{"_acf_changed":false,"footnotes":""},"class_list":["post-562","page","type-page","status-publish","hentry"],"acf":[],"yoast_head":"<!-- This site is optimized with the Yoast SEO plugin v25.2 - https:\/\/yoast.com\/wordpress\/plugins\/seo\/ -->\n<title>Localisation | Hotel Al Ponte Mocenigo Venise Site Officiel<\/title>\n<meta name=\"description\" content=\"Localisation: l&#039;h\u00f4tel Al Ponte Mocenigo se trouve \u00e0 deux pas du Pont du Rialto, derri\u00e8re la tr\u00e8s belle Eglise de San Stae\" \/>\n<meta name=\"robots\" content=\"index, follow, max-snippet:-1, max-image-preview:large, max-video-preview:-1\" \/>\n<link rel=\"canonical\" href=\"https:\/\/alpontemocenigo.com\/fr\/localisation\/\" \/>\n<meta property=\"og:locale\" content=\"fr_FR\" \/>\n<meta property=\"og:type\" content=\"article\" \/>\n<meta property=\"og:title\" content=\"Localisation | Hotel Al Ponte Mocenigo Venise Site Officiel\" \/>\n<meta property=\"og:description\" content=\"Localisation: l&#039;h\u00f4tel Al Ponte Mocenigo se trouve \u00e0 deux pas du Pont du Rialto, derri\u00e8re la tr\u00e8s belle Eglise de San Stae\" \/>\n<meta property=\"og:url\" content=\"https:\/\/alpontemocenigo.com\/fr\/localisation\/\" \/>\n<meta property=\"og:site_name\" content=\"Hotel Al Ponte Mocenigo Venise Site Officiel\" \/>\n<meta property=\"article:publisher\" content=\"https:\/\/www.facebook.com\/hotelalpontemocenigovenice\/\" \/>\n<meta property=\"article:modified_time\" content=\"2025-05-21T12:45:38+00:00\" \/>\n<meta property=\"og:image\" content=\"https:\/\/alpontemocenigo.com\/wp-content\/uploads\/2020\/10\/Canal-grande-Venezia-55445-1.jpg\" \/>\n\t<meta property=\"og:image:width\" content=\"800\" \/>\n\t<meta property=\"og:image:height\" content=\"530\" \/>\n\t<meta property=\"og:image:type\" content=\"image\/jpeg\" \/>\n<meta name=\"twitter:card\" content=\"summary_large_image\" \/>\n<meta name=\"twitter:label1\" content=\"Dur\u00e9e de lecture estim\u00e9e\" \/>\n\t<meta name=\"twitter:data1\" content=\"4 minutes\" \/>\n<script type=\"application\/ld+json\" class=\"yoast-schema-graph\">{\"@context\":\"https:\/\/schema.org\",\"@graph\":[{\"@type\":\"WebPage\",\"@id\":\"https:\/\/alpontemocenigo.com\/fr\/localisation\/\",\"url\":\"https:\/\/alpontemocenigo.com\/fr\/localisation\/\",\"name\":\"Localisation | Hotel Al Ponte Mocenigo Venise Site Officiel\",\"isPartOf\":{\"@id\":\"https:\/\/alpontemocenigo.com\/fr\/#website\"},\"primaryImageOfPage\":{\"@id\":\"https:\/\/alpontemocenigo.com\/fr\/localisation\/#primaryimage\"},\"image\":{\"@id\":\"https:\/\/alpontemocenigo.com\/fr\/localisation\/#primaryimage\"},\"thumbnailUrl\":\"https:\/\/alpontemocenigo.com\/wp-content\/uploads\/2020\/10\/Canal-grande-Venezia-55445-1.jpg\",\"datePublished\":\"2020-10-14T09:30:12+00:00\",\"dateModified\":\"2025-05-21T12:45:38+00:00\",\"description\":\"Localisation: l'h\u00f4tel Al Ponte Mocenigo se trouve \u00e0 deux pas du Pont du Rialto, derri\u00e8re la tr\u00e8s belle Eglise de San Stae\",\"breadcrumb\":{\"@id\":\"https:\/\/alpontemocenigo.com\/fr\/localisation\/#breadcrumb\"},\"inLanguage\":\"fr-FR\",\"potentialAction\":[{\"@type\":\"ReadAction\",\"target\":[\"https:\/\/alpontemocenigo.com\/fr\/localisation\/\"]}]},{\"@type\":\"ImageObject\",\"inLanguage\":\"fr-FR\",\"@id\":\"https:\/\/alpontemocenigo.com\/fr\/localisation\/#primaryimage\",\"url\":\"https:\/\/alpontemocenigo.com\/wp-content\/uploads\/2020\/10\/Canal-grande-Venezia-55445-1.jpg\",\"contentUrl\":\"https:\/\/alpontemocenigo.com\/wp-content\/uploads\/2020\/10\/Canal-grande-Venezia-55445-1.jpg\"},{\"@type\":\"BreadcrumbList\",\"@id\":\"https:\/\/alpontemocenigo.com\/fr\/localisation\/#breadcrumb\",\"itemListElement\":[{\"@type\":\"ListItem\",\"position\":1,\"name\":\"Home\",\"item\":\"https:\/\/alpontemocenigo.com\/fr\/\"},{\"@type\":\"ListItem\",\"position\":2,\"name\":\"Localisation\"}]},{\"@type\":\"WebSite\",\"@id\":\"https:\/\/alpontemocenigo.com\/fr\/#website\",\"url\":\"https:\/\/alpontemocenigo.com\/fr\/\",\"name\":\"Hotel Al ponte Mocenigo\",\"description\":\"Au c\u0153ur de Venise\",\"publisher\":{\"@id\":\"https:\/\/alpontemocenigo.com\/fr\/#organization\"},\"potentialAction\":[{\"@type\":\"SearchAction\",\"target\":{\"@type\":\"EntryPoint\",\"urlTemplate\":\"https:\/\/alpontemocenigo.com\/fr\/?s={search_term_string}\"},\"query-input\":{\"@type\":\"PropertyValueSpecification\",\"valueRequired\":true,\"valueName\":\"search_term_string\"}}],\"inLanguage\":\"fr-FR\"},{\"@type\":\"Organization\",\"@id\":\"https:\/\/alpontemocenigo.com\/fr\/#organization\",\"name\":\"Hotel Al Ponte Mocenigo Venice\",\"url\":\"https:\/\/alpontemocenigo.com\/fr\/\",\"logo\":{\"@type\":\"ImageObject\",\"inLanguage\":\"fr-FR\",\"@id\":\"https:\/\/alpontemocenigo.com\/fr\/#\/schema\/logo\/image\/\",\"url\":\"https:\/\/alpontemocenigo.com\/wp-content\/uploads\/2020\/10\/logo-v2r.png\",\"contentUrl\":\"https:\/\/alpontemocenigo.com\/wp-content\/uploads\/2020\/10\/logo-v2r.png\",\"width\":268,\"height\":90,\"caption\":\"Hotel Al Ponte Mocenigo Venice\"},\"image\":{\"@id\":\"https:\/\/alpontemocenigo.com\/fr\/#\/schema\/logo\/image\/\"},\"sameAs\":[\"https:\/\/www.facebook.com\/hotelalpontemocenigovenice\/\"]}]}<\/script>\n<!-- \/ Yoast SEO plugin. -->","yoast_head_json":{"title":"Localisation | Hotel Al Ponte Mocenigo Venise Site Officiel","description":"Localisation: l'h\u00f4tel Al Ponte Mocenigo se trouve \u00e0 deux pas du Pont du Rialto, derri\u00e8re la tr\u00e8s belle Eglise de San Stae","robots":{"index":"index","follow":"follow","max-snippet":"max-snippet:-1","max-image-preview":"max-image-preview:large","max-video-preview":"max-video-preview:-1"},"canonical":"https:\/\/alpontemocenigo.com\/fr\/localisation\/","og_locale":"fr_FR","og_type":"article","og_title":"Localisation | Hotel Al Ponte Mocenigo Venise Site Officiel","og_description":"Localisation: l'h\u00f4tel Al Ponte Mocenigo se trouve \u00e0 deux pas du Pont du Rialto, derri\u00e8re la tr\u00e8s belle Eglise de San Stae","og_url":"https:\/\/alpontemocenigo.com\/fr\/localisation\/","og_site_name":"Hotel Al Ponte Mocenigo Venise Site Officiel","article_publisher":"https:\/\/www.facebook.com\/hotelalpontemocenigovenice\/","article_modified_time":"2025-05-21T12:45:38+00:00","og_image":[{"width":800,"height":530,"url":"https:\/\/alpontemocenigo.com\/wp-content\/uploads\/2020\/10\/Canal-grande-Venezia-55445-1.jpg","type":"image\/jpeg"}],"twitter_card":"summary_large_image","twitter_misc":{"Dur\u00e9e de lecture estim\u00e9e":"4 minutes"},"schema":{"@context":"https:\/\/schema.org","@graph":[{"@type":"WebPage","@id":"https:\/\/alpontemocenigo.com\/fr\/localisation\/","url":"https:\/\/alpontemocenigo.com\/fr\/localisation\/","name":"Localisation | Hotel Al Ponte Mocenigo Venise Site Officiel","isPartOf":{"@id":"https:\/\/alpontemocenigo.com\/fr\/#website"},"primaryImageOfPage":{"@id":"https:\/\/alpontemocenigo.com\/fr\/localisation\/#primaryimage"},"image":{"@id":"https:\/\/alpontemocenigo.com\/fr\/localisation\/#primaryimage"},"thumbnailUrl":"https:\/\/alpontemocenigo.com\/wp-content\/uploads\/2020\/10\/Canal-grande-Venezia-55445-1.jpg","datePublished":"2020-10-14T09:30:12+00:00","dateModified":"2025-05-21T12:45:38+00:00","description":"Localisation: l'h\u00f4tel Al Ponte Mocenigo se trouve \u00e0 deux pas du Pont du Rialto, derri\u00e8re la tr\u00e8s belle Eglise de San Stae","breadcrumb":{"@id":"https:\/\/alpontemocenigo.com\/fr\/localisation\/#breadcrumb"},"inLanguage":"fr-FR","potentialAction":[{"@type":"ReadAction","target":["https:\/\/alpontemocenigo.com\/fr\/localisation\/"]}]},{"@type":"ImageObject","inLanguage":"fr-FR","@id":"https:\/\/alpontemocenigo.com\/fr\/localisation\/#primaryimage","url":"https:\/\/alpontemocenigo.com\/wp-content\/uploads\/2020\/10\/Canal-grande-Venezia-55445-1.jpg","contentUrl":"https:\/\/alpontemocenigo.com\/wp-content\/uploads\/2020\/10\/Canal-grande-Venezia-55445-1.jpg"},{"@type":"BreadcrumbList","@id":"https:\/\/alpontemocenigo.com\/fr\/localisation\/#breadcrumb","itemListElement":[{"@type":"ListItem","position":1,"name":"Home","item":"https:\/\/alpontemocenigo.com\/fr\/"},{"@type":"ListItem","position":2,"name":"Localisation"}]},{"@type":"WebSite","@id":"https:\/\/alpontemocenigo.com\/fr\/#website","url":"https:\/\/alpontemocenigo.com\/fr\/","name":"Hotel Al ponte Mocenigo","description":"Au c\u0153ur de Venise","publisher":{"@id":"https:\/\/alpontemocenigo.com\/fr\/#organization"},"potentialAction":[{"@type":"SearchAction","target":{"@type":"EntryPoint","urlTemplate":"https:\/\/alpontemocenigo.com\/fr\/?s={search_term_string}"},"query-input":{"@type":"PropertyValueSpecification","valueRequired":true,"valueName":"search_term_string"}}],"inLanguage":"fr-FR"},{"@type":"Organization","@id":"https:\/\/alpontemocenigo.com\/fr\/#organization","name":"Hotel Al Ponte Mocenigo Venice","url":"https:\/\/alpontemocenigo.com\/fr\/","logo":{"@type":"ImageObject","inLanguage":"fr-FR","@id":"https:\/\/alpontemocenigo.com\/fr\/#\/schema\/logo\/image\/","url":"https:\/\/alpontemocenigo.com\/wp-content\/uploads\/2020\/10\/logo-v2r.png","contentUrl":"https:\/\/alpontemocenigo.com\/wp-content\/uploads\/2020\/10\/logo-v2r.png","width":268,"height":90,"caption":"Hotel Al Ponte Mocenigo Venice"},"image":{"@id":"https:\/\/alpontemocenigo.com\/fr\/#\/schema\/logo\/image\/"},"sameAs":["https:\/\/www.facebook.com\/hotelalpontemocenigovenice\/"]}]}},"_links":{"self":[{"href":"https:\/\/alpontemocenigo.com\/fr\/wp-json\/wp\/v2\/pages\/562","targetHints":{"allow":["GET"]}}],"collection":[{"href":"https:\/\/alpontemocenigo.com\/fr\/wp-json\/wp\/v2\/pages"}],"about":[{"href":"https:\/\/alpontemocenigo.com\/fr\/wp-json\/wp\/v2\/types\/page"}],"author":[{"embeddable":true,"href":"https:\/\/alpontemocenigo.com\/fr\/wp-json\/wp\/v2\/users\/1"}],"replies":[{"embeddable":true,"href":"https:\/\/alpontemocenigo.com\/fr\/wp-json\/wp\/v2\/comments?post=562"}],"version-history":[{"count":3,"href":"https:\/\/alpontemocenigo.com\/fr\/wp-json\/wp\/v2\/pages\/562\/revisions"}],"predecessor-version":[{"id":5488,"href":"https:\/\/alpontemocenigo.com\/fr\/wp-json\/wp\/v2\/pages\/562\/revisions\/5488"}],"wp:attachment":[{"href":"https:\/\/alpontemocenigo.com\/fr\/wp-json\/wp\/v2\/media?parent=562"}],"curies":[{"name":"wp","href":"https:\/\/api.w.org\/{rel}","templated":true}]}}