{"id":564,"date":"2020-10-14T09:30:57","date_gmt":"2020-10-14T09:30:57","guid":{"rendered":"https:\/\/alpontemocenigo.test\/?page_id=564"},"modified":"2020-12-07T09:54:08","modified_gmt":"2020-12-07T09:54:08","slug":"chambres","status":"publish","type":"page","link":"https:\/\/alpontemocenigo.com\/fr\/chambres\/","title":{"rendered":"Chambres"},"content":{"rendered":"\n<p><strong><strong>Style v\u00e9nitien, confort maximum<\/strong><\/strong><\/p>\n\n\n\n<p>L\u2019h\u00f4tel Al Ponte Mocenigo exhale une atmosph\u00e8re typiquement v\u00e9nitienne o\u00f9 la tradition c\u00f4toie harmonieusement le confort le plus moderne.<\/p>\n\n\n\n<p>Nos h\u00f4tes pourront se d\u00e9tendre dans des chambres enti\u00e8rement meubl\u00e9es dans un style tr\u00e8s en vogue dans la Venise du 18\u00e8me si\u00e8cle, avec des grands lits, des tentures damass\u00e9es et des meubles en laque, dans des tons vert pastel, cr\u00e8me et or.<\/p>\n\n\n\n<p>Des poutres apparentes splendides dans les chambres du rez-de-chauss\u00e9e et le carrelage \u00e0 la v\u00e9nitienne d\u2019origine compl\u00e8tent l\u2019ensemble.<\/p>\n\n\n\n<p><strong>Every room is sanitized with Starcube by Jonix that destroys 99.9% of bacteria and viruses \u2013<\/strong><a href=\"https:\/\/www.alpontemocenigo.com\/wp-content\/uploads\/2020\/10\/al-ponte-mocenigo_safe-hotel.pdf\" target=\"_blank\" rel=\"noreferrer noopener\"> click for more info<\/a><\/p>\n\n\n\n<p><strong>Confort<\/strong><\/p>\n\n\n\n<p>Wi-Fi gratuit &#8211; Climatisation individuelle &#8211; TV par satellite &#8211; Kit de courtoisie <\/p>\n\n\n\n<p><strong>Informations rapides<\/strong><\/p>\n\n\n\n<p>R\u00e9ception 24h\/24 &#8211; Arriv\u00e9es : \u00e0 partir de 14h00 &#8211; D\u00e9parts : 11h00 &#8211; Petit-d\u00e9jeuner : 8h00-\u00e0-10h00 &#8211; Check-out: 11:00 am &#8211; Breakfast: 8:00 \u2013 10:00<\/p>\n","protected":false},"excerpt":{"rendered":"<p>Style v\u00e9nitien, confort maximum L\u2019h\u00f4tel Al Ponte Mocenigo exhale une atmosph\u00e8re typiquement v\u00e9nitienne o\u00f9 la tradition c\u00f4toie harmonieusement le confort le plus moderne. Nos h\u00f4tes pourront se d\u00e9tendre dans des chambres enti\u00e8rement meubl\u00e9es dans un style tr\u00e8s en vogue dans la Venise du 18\u00e8me si\u00e8cle, avec des grands lits, des tentures damass\u00e9es et des meubles [&hellip;]<\/p>\n","protected":false},"author":1,"featured_media":0,"parent":0,"menu_order":0,"comment_status":"closed","ping_status":"closed","template":"template-archive-camera.php","meta":{"_acf_changed":false,"footnotes":""},"class_list":["post-564","page","type-page","status-publish","hentry"],"acf":[],"yoast_head":"<!-- This site is optimized with the Yoast SEO plugin v25.2 - https:\/\/yoast.com\/wordpress\/plugins\/seo\/ -->\n<title>Chambres | Hotel Al Ponte Mocenigo Venise Site Officiel<\/title>\n<meta name=\"description\" content=\"L\u2019h\u00f4tel Al Ponte Mocenigo exhale une atmosph\u00e8re typiquement v\u00e9nitienne o\u00f9 la tradition c\u00f4toie harmonieusement le confort le plus moderne.\" \/>\n<meta name=\"robots\" content=\"index, follow, max-snippet:-1, max-image-preview:large, max-video-preview:-1\" \/>\n<link rel=\"canonical\" href=\"https:\/\/alpontemocenigo.com\/fr\/chambres\/\" \/>\n<meta property=\"og:locale\" content=\"fr_FR\" \/>\n<meta property=\"og:type\" content=\"article\" \/>\n<meta property=\"og:title\" content=\"Chambres | Hotel Al Ponte Mocenigo Venise Site Officiel\" \/>\n<meta property=\"og:description\" content=\"L\u2019h\u00f4tel Al Ponte Mocenigo exhale une atmosph\u00e8re typiquement v\u00e9nitienne o\u00f9 la tradition c\u00f4toie harmonieusement le confort le plus moderne.\" \/>\n<meta property=\"og:url\" content=\"https:\/\/alpontemocenigo.com\/fr\/chambres\/\" \/>\n<meta property=\"og:site_name\" content=\"Hotel Al Ponte Mocenigo Venise Site Officiel\" \/>\n<meta property=\"article:publisher\" content=\"https:\/\/www.facebook.com\/hotelalpontemocenigovenice\/\" \/>\n<meta property=\"article:modified_time\" content=\"2020-12-07T09:54:08+00:00\" \/>\n<meta name=\"twitter:card\" content=\"summary_large_image\" \/>\n<meta name=\"twitter:label1\" content=\"Dur\u00e9e de lecture estim\u00e9e\" \/>\n\t<meta name=\"twitter:data1\" content=\"1 minute\" \/>\n<script type=\"application\/ld+json\" class=\"yoast-schema-graph\">{\"@context\":\"https:\/\/schema.org\",\"@graph\":[{\"@type\":\"WebPage\",\"@id\":\"https:\/\/alpontemocenigo.com\/fr\/chambres\/\",\"url\":\"https:\/\/alpontemocenigo.com\/fr\/chambres\/\",\"name\":\"Chambres | Hotel Al Ponte Mocenigo Venise Site Officiel\",\"isPartOf\":{\"@id\":\"https:\/\/alpontemocenigo.com\/fr\/#website\"},\"datePublished\":\"2020-10-14T09:30:57+00:00\",\"dateModified\":\"2020-12-07T09:54:08+00:00\",\"description\":\"L\u2019h\u00f4tel Al Ponte Mocenigo exhale une atmosph\u00e8re typiquement v\u00e9nitienne o\u00f9 la tradition c\u00f4toie harmonieusement le confort le plus moderne.\",\"breadcrumb\":{\"@id\":\"https:\/\/alpontemocenigo.com\/fr\/chambres\/#breadcrumb\"},\"inLanguage\":\"fr-FR\",\"potentialAction\":[{\"@type\":\"ReadAction\",\"target\":[\"https:\/\/alpontemocenigo.com\/fr\/chambres\/\"]}]},{\"@type\":\"BreadcrumbList\",\"@id\":\"https:\/\/alpontemocenigo.com\/fr\/chambres\/#breadcrumb\",\"itemListElement\":[{\"@type\":\"ListItem\",\"position\":1,\"name\":\"Home\",\"item\":\"https:\/\/alpontemocenigo.com\/fr\/\"},{\"@type\":\"ListItem\",\"position\":2,\"name\":\"Chambres\"}]},{\"@type\":\"WebSite\",\"@id\":\"https:\/\/alpontemocenigo.com\/fr\/#website\",\"url\":\"https:\/\/alpontemocenigo.com\/fr\/\",\"name\":\"Hotel Al ponte Mocenigo\",\"description\":\"Au c\u0153ur de Venise\",\"publisher\":{\"@id\":\"https:\/\/alpontemocenigo.com\/fr\/#organization\"},\"potentialAction\":[{\"@type\":\"SearchAction\",\"target\":{\"@type\":\"EntryPoint\",\"urlTemplate\":\"https:\/\/alpontemocenigo.com\/fr\/?s={search_term_string}\"},\"query-input\":{\"@type\":\"PropertyValueSpecification\",\"valueRequired\":true,\"valueName\":\"search_term_string\"}}],\"inLanguage\":\"fr-FR\"},{\"@type\":\"Organization\",\"@id\":\"https:\/\/alpontemocenigo.com\/fr\/#organization\",\"name\":\"Hotel Al Ponte Mocenigo Venice\",\"url\":\"https:\/\/alpontemocenigo.com\/fr\/\",\"logo\":{\"@type\":\"ImageObject\",\"inLanguage\":\"fr-FR\",\"@id\":\"https:\/\/alpontemocenigo.com\/fr\/#\/schema\/logo\/image\/\",\"url\":\"https:\/\/alpontemocenigo.com\/wp-content\/uploads\/2020\/10\/logo-v2r.png\",\"contentUrl\":\"https:\/\/alpontemocenigo.com\/wp-content\/uploads\/2020\/10\/logo-v2r.png\",\"width\":268,\"height\":90,\"caption\":\"Hotel Al Ponte Mocenigo Venice\"},\"image\":{\"@id\":\"https:\/\/alpontemocenigo.com\/fr\/#\/schema\/logo\/image\/\"},\"sameAs\":[\"https:\/\/www.facebook.com\/hotelalpontemocenigovenice\/\"]}]}<\/script>\n<!-- \/ Yoast SEO plugin. -->","yoast_head_json":{"title":"Chambres | Hotel Al Ponte Mocenigo Venise Site Officiel","description":"L\u2019h\u00f4tel Al Ponte Mocenigo exhale une atmosph\u00e8re typiquement v\u00e9nitienne o\u00f9 la tradition c\u00f4toie harmonieusement le confort le plus moderne.","robots":{"index":"index","follow":"follow","max-snippet":"max-snippet:-1","max-image-preview":"max-image-preview:large","max-video-preview":"max-video-preview:-1"},"canonical":"https:\/\/alpontemocenigo.com\/fr\/chambres\/","og_locale":"fr_FR","og_type":"article","og_title":"Chambres | Hotel Al Ponte Mocenigo Venise Site Officiel","og_description":"L\u2019h\u00f4tel Al Ponte Mocenigo exhale une atmosph\u00e8re typiquement v\u00e9nitienne o\u00f9 la tradition c\u00f4toie harmonieusement le confort le plus moderne.","og_url":"https:\/\/alpontemocenigo.com\/fr\/chambres\/","og_site_name":"Hotel Al Ponte Mocenigo Venise Site Officiel","article_publisher":"https:\/\/www.facebook.com\/hotelalpontemocenigovenice\/","article_modified_time":"2020-12-07T09:54:08+00:00","twitter_card":"summary_large_image","twitter_misc":{"Dur\u00e9e de lecture estim\u00e9e":"1 minute"},"schema":{"@context":"https:\/\/schema.org","@graph":[{"@type":"WebPage","@id":"https:\/\/alpontemocenigo.com\/fr\/chambres\/","url":"https:\/\/alpontemocenigo.com\/fr\/chambres\/","name":"Chambres | Hotel Al Ponte Mocenigo Venise Site Officiel","isPartOf":{"@id":"https:\/\/alpontemocenigo.com\/fr\/#website"},"datePublished":"2020-10-14T09:30:57+00:00","dateModified":"2020-12-07T09:54:08+00:00","description":"L\u2019h\u00f4tel Al Ponte Mocenigo exhale une atmosph\u00e8re typiquement v\u00e9nitienne o\u00f9 la tradition c\u00f4toie harmonieusement le confort le plus moderne.","breadcrumb":{"@id":"https:\/\/alpontemocenigo.com\/fr\/chambres\/#breadcrumb"},"inLanguage":"fr-FR","potentialAction":[{"@type":"ReadAction","target":["https:\/\/alpontemocenigo.com\/fr\/chambres\/"]}]},{"@type":"BreadcrumbList","@id":"https:\/\/alpontemocenigo.com\/fr\/chambres\/#breadcrumb","itemListElement":[{"@type":"ListItem","position":1,"name":"Home","item":"https:\/\/alpontemocenigo.com\/fr\/"},{"@type":"ListItem","position":2,"name":"Chambres"}]},{"@type":"WebSite","@id":"https:\/\/alpontemocenigo.com\/fr\/#website","url":"https:\/\/alpontemocenigo.com\/fr\/","name":"Hotel Al ponte Mocenigo","description":"Au c\u0153ur de Venise","publisher":{"@id":"https:\/\/alpontemocenigo.com\/fr\/#organization"},"potentialAction":[{"@type":"SearchAction","target":{"@type":"EntryPoint","urlTemplate":"https:\/\/alpontemocenigo.com\/fr\/?s={search_term_string}"},"query-input":{"@type":"PropertyValueSpecification","valueRequired":true,"valueName":"search_term_string"}}],"inLanguage":"fr-FR"},{"@type":"Organization","@id":"https:\/\/alpontemocenigo.com\/fr\/#organization","name":"Hotel Al Ponte Mocenigo Venice","url":"https:\/\/alpontemocenigo.com\/fr\/","logo":{"@type":"ImageObject","inLanguage":"fr-FR","@id":"https:\/\/alpontemocenigo.com\/fr\/#\/schema\/logo\/image\/","url":"https:\/\/alpontemocenigo.com\/wp-content\/uploads\/2020\/10\/logo-v2r.png","contentUrl":"https:\/\/alpontemocenigo.com\/wp-content\/uploads\/2020\/10\/logo-v2r.png","width":268,"height":90,"caption":"Hotel Al Ponte Mocenigo Venice"},"image":{"@id":"https:\/\/alpontemocenigo.com\/fr\/#\/schema\/logo\/image\/"},"sameAs":["https:\/\/www.facebook.com\/hotelalpontemocenigovenice\/"]}]}},"_links":{"self":[{"href":"https:\/\/alpontemocenigo.com\/fr\/wp-json\/wp\/v2\/pages\/564","targetHints":{"allow":["GET"]}}],"collection":[{"href":"https:\/\/alpontemocenigo.com\/fr\/wp-json\/wp\/v2\/pages"}],"about":[{"href":"https:\/\/alpontemocenigo.com\/fr\/wp-json\/wp\/v2\/types\/page"}],"author":[{"embeddable":true,"href":"https:\/\/alpontemocenigo.com\/fr\/wp-json\/wp\/v2\/users\/1"}],"replies":[{"embeddable":true,"href":"https:\/\/alpontemocenigo.com\/fr\/wp-json\/wp\/v2\/comments?post=564"}],"version-history":[{"count":5,"href":"https:\/\/alpontemocenigo.com\/fr\/wp-json\/wp\/v2\/pages\/564\/revisions"}],"predecessor-version":[{"id":3581,"href":"https:\/\/alpontemocenigo.com\/fr\/wp-json\/wp\/v2\/pages\/564\/revisions\/3581"}],"wp:attachment":[{"href":"https:\/\/alpontemocenigo.com\/fr\/wp-json\/wp\/v2\/media?parent=564"}],"curies":[{"name":"wp","href":"https:\/\/api.w.org\/{rel}","templated":true}]}}