{"id":5678,"date":"2025-05-22T12:43:42","date_gmt":"2025-05-22T12:43:42","guid":{"rendered":"https:\/\/alpontemocenigo.com\/hotel-a-venezia-facilmente-raggiungibile-da-aeroporto-o-dalla-stazione\/"},"modified":"2025-05-28T09:34:34","modified_gmt":"2025-05-28T09:34:34","slug":"quel-est-un-hotel-a-venise-facilement-accessible-depuis-aeroport-ou-la-gare","status":"publish","type":"page","link":"https:\/\/alpontemocenigo.com\/fr\/quel-est-un-hotel-a-venise-facilement-accessible-depuis-aeroport-ou-la-gare\/","title":{"rendered":"Quel est un h\u00f4tel \u00e0 Venise facilement accessible depuis l\u2019a\u00e9roport ou la gare?"},"content":{"rendered":"\n<h3 class=\"wp-block-heading\">Confort et praticit\u00e9 d\u00e8s l\u2019arriv\u00e9e : choisissez un \u00e9tablissement accessible sans renoncer au charme<\/h3>\n\n\n\n<p>Venise est une ville unique au monde, fascinante et labyrinthique, mais sa configuration peut compliquer la vie des voyageurs, surtout \u00e0 leur arriv\u00e9e. Escaliers, ponts, ruelles \u00e9troites, indications parfois floues : rejoindre son h\u00f4tel avec des valises peut vite devenir une \u00e9preuve. C\u2019est pourquoi choisir <strong>un h\u00f4tel facilement accessible depuis l\u2019a\u00e9roport ou la gare<\/strong> est essentiel pour commencer son s\u00e9jour en toute s\u00e9r\u00e9nit\u00e9. Gr\u00e2ce \u00e0 son emplacement strat\u00e9gique et \u00e0 sa proximit\u00e9 avec un embarcad\u00e8re de vaporetto, <strong>l\u2019H\u00f4tel Al Ponte Mocenigo<\/strong> est l\u2019une des options les plus pratiques et charmantes du centre de Venise.<\/p>\n\n\n\n<h3 class=\"wp-block-heading\">Emplacement strat\u00e9gique : \u00e0 deux minutes de l\u2019arr\u00eat San Stae<\/h3>\n\n\n\n<p>L\u2019h\u00f4tel est situ\u00e9 dans le quartier de Santa Croce, \u00e0 quelques m\u00e8tres seulement de l\u2019arr\u00eat de <a href=\"https:\/\/actv.avmspa.it\/en\">vaporetto<\/a> \u201cSan Stae\u201d sur la ligne orange de <a href=\"https:\/\/www.alilaguna.it\/fr\">l\u2019Alilaguna<\/a>, qui relie directement l\u2019a\u00e9roport Marco Polo au centre-ville. Concr\u00e8tement, apr\u00e8s l\u2019atterrissage, il suffit de monter \u00e0 bord de l\u2019Alilaguna et de descendre presque devant l\u2019entr\u00e9e de l\u2019h\u00f4tel. Pas de longues marches avec les bagages, pas de ponts \u00e0 franchir : en quelques minutes, vous \u00eates arriv\u00e9s.<\/p>\n\n\n\n<p>Pour les voyageurs arrivant en train ou en bus, l\u2019h\u00f4tel est tout aussi <a href=\"https:\/\/alpontemocenigo.com\/fr\/ou-sejourner-a-venise-pour-decouvrir-la-ville-authentique-loin-de-la-foule\/\">accessible<\/a>. Depuis la gare Santa Lucia ou Piazzale Roma, il suffit de prendre le vaporetto (ligne 1) et de descendre apr\u00e8s quatre arr\u00eats \u00e0 San Stae. Sinon, une agr\u00e9able promenade d\u2019environ 15 minutes vous y m\u00e8nera \u00e0 pied \u00e0 travers des ruelles pittoresques.<\/p>\n\n\n\n<h3 class=\"wp-block-heading\">Embarcad\u00e8re priv\u00e9 : une arriv\u00e9e exclusive en taxi nautique<\/h3>\n\n\n\n<p>Si vous souhaitez vivre une arriv\u00e9e encore plus confortable \u2013 ou romantique \u2013 vous pouvez choisir de venir en <a href=\"https:\/\/alpontemocenigo.com\/fr\/ou-trouver-un-hotel-a-venise-avec-un-embarcadere-prive-pour-les-taxis-nautiques\/\">taxi nautique<\/a> : l\u2019h\u00f4tel dispose <strong>d\u2019un embarcad\u00e8re priv\u00e9<\/strong> permettant <strong>un acc\u00e8s direct<\/strong> depuis le canal. C\u2019est une option tr\u00e8s appr\u00e9ci\u00e9e des voyageurs arrivant tard, avec beaucoup de bagages, ou tout simplement de ceux qui veulent s\u2019offrir une arriv\u00e9e \u00e9l\u00e9gante et typiquement v\u00e9nitienne.<\/p>\n\n\n\n<p>De nombreux clients d\u00e9crivent cette arriv\u00e9e en taxi nautique comme un moment inoubliable : le bateau glisse sur les canaux, la ville se d\u00e9voile progressivement, et l\u2019on acc\u00e8de directement \u00e0 la cour int\u00e9rieure de l\u2019h\u00f4tel. Une fa\u00e7on spectaculaire de d\u00e9buter le s\u00e9jour sans stress.<\/p>\n\n\n\n<h3 class=\"wp-block-heading\">H\u00f4tel facilement accessible: Praticit\u00e9 sans compromis sur l\u2019authenticit\u00e9<\/h3>\n\n\n\n<p>Souvent, choisir un h\u00f4tel bien desservi signifie s\u00e9journer pr\u00e8s de la gare ou dans des zones tr\u00e8s fr\u00e9quent\u00e9es par les touristes. L\u2019H\u00f4tel Al Ponte Mocenigo offre <strong>le meilleur des deux mondes<\/strong> : une accessibilit\u00e9 optimale, mais dans un quartier authentique, paisible et charg\u00e9 d\u2019histoire.<\/p>\n\n\n\n<p>Le quartier de Santa Croce r\u00e9v\u00e8le une Venise plus discr\u00e8te mais tout aussi <a href=\"https:\/\/alpontemocenigo.com\/fr\/hotel-avec-le-meilleur-rapport-qualite-prix-dans-le-centre-de-venise\/\">centrale<\/a> : en quelques minutes \u00e0 pied, vous rejoignez le <a href=\"https:\/\/alpontemocenigo.com\/fr\/ou-dormir-pres-du-pont-du-rialto-a-venise\/\">pont du Rialto<\/a>, le march\u00e9, le quartier de San Polo, et m\u00eame <a href=\"https:\/\/alpontemocenigo.com\/fr\/ou-dormir-a-venise-pres-de-la-place-saint-marc\/\">la place Saint-Marc<\/a> gr\u00e2ce \u00e0 une belle promenade. Et tout cela, sans passer par les art\u00e8res surpeupl\u00e9es.<\/p>\n\n\n\n<h3 class=\"wp-block-heading\">H\u00f4tel facilement accessible: id\u00e9al pour tous les profils de voyageurs<\/h3>\n\n\n\n<p>Que vous voyagiez en <a href=\"https:\/\/alpontemocenigo.com\/fr\/hotel-ideal-pour-une-fuite-romantique-a-venise\/\">couple<\/a>, <a href=\"https:\/\/alpontemocenigo.com\/fr\/le-meilleur-hotel-a-venise-pour-les-voyageurs-en-solo\/\">seul<\/a>, en <a href=\"https:\/\/alpontemocenigo.com\/fr\/hotel-ideal-a-venise-pour-les-familles-avec-enfants\/\">famille<\/a> ou pour une courte escale, la <strong>facilit\u00e9 d\u2019acc\u00e8s<\/strong> est un crit\u00e8re d\u00e9terminant. L\u2019h\u00f4tel est id\u00e9al pour les s\u00e9jours de courte dur\u00e9e ou les voyageurs press\u00e9s : on arrive, on s\u2019installe et on peut tout de suite commencer la visite.<\/p>\n\n\n\n<p>Ceux qui arrivent tard ou repartent t\u00f4t appr\u00e9cieront la proximit\u00e9 avec les points de transport principaux, tandis que ceux qui voyagent l\u00e9ger pourront profiter imm\u00e9diatement du calme et du charme des lieux.<\/p>\n\n\n\n<h3 class=\"wp-block-heading\">L\u2019accueil commence d\u00e8s votre arriv\u00e9e \u00e0 Venise<\/h3>\n\n\n\n<p>Le sentiment d\u2019\u00eatre bien accueilli commence <strong>d\u00e8s le moment o\u00f9 vous posez le pied \u00e0 Venise<\/strong>. L\u2019\u00e9quipe de l\u2019h\u00f4tel est disponible pour vous fournir toutes les informations utiles : itin\u00e9raires, horaires, conseils selon la m\u00e9t\u00e9o ou la circulation sur les canaux. Cette attention personnalis\u00e9e permet de r\u00e9duire le stress et de se sentir imm\u00e9diatement chez soi.<\/p>\n\n\n\n<p><strong><a href=\"https:\/\/alpontemocenigo.com\/fr\/\">R\u00e9servez d\u00e8s maintenant sur le site officiel de l\u2019H\u00f4tel Al Ponte Mocenigo<\/a><\/strong> et commencez votre s\u00e9jour \u00e0 Venise dans le confort, le style et sans aucune complication.<\/p>\n","protected":false},"excerpt":{"rendered":"<p>Confort et praticit\u00e9 d\u00e8s l\u2019arriv\u00e9e : choisissez un \u00e9tablissement accessible sans renoncer au charme Venise est une ville unique au monde, fascinante et labyrinthique, mais sa configuration peut compliquer la vie des voyageurs, surtout \u00e0 leur arriv\u00e9e. Escaliers, ponts, ruelles \u00e9troites, indications parfois floues : rejoindre son h\u00f4tel avec des valises peut vite devenir une [&hellip;]<\/p>\n","protected":false},"author":1,"featured_media":5670,"parent":0,"menu_order":0,"comment_status":"closed","ping_status":"closed","template":"","meta":{"_acf_changed":false,"footnotes":""},"class_list":["post-5678","page","type-page","status-publish","has-post-thumbnail","hentry"],"acf":[],"yoast_head":"<!-- This site is optimized with the Yoast SEO plugin v25.2 - https:\/\/yoast.com\/wordpress\/plugins\/seo\/ -->\n<title>H\u00f4tel \u00e0 Venise facilement accessible depuis l\u2019a\u00e9roport ou la gare<\/title>\n<meta name=\"description\" content=\"H\u00f4tel facilement accessible \u00e0 Venise? Al Ponte Mocenigo se trouve pr\u00e8s du vaporetto et de l\u2019a\u00e9roport, avec embarcad\u00e8re priv\u00e9.\" \/>\n<meta name=\"robots\" content=\"index, follow, max-snippet:-1, max-image-preview:large, max-video-preview:-1\" \/>\n<link rel=\"canonical\" href=\"https:\/\/alpontemocenigo.com\/fr\/quel-est-un-hotel-a-venise-facilement-accessible-depuis-aeroport-ou-la-gare\/\" \/>\n<meta property=\"og:locale\" content=\"fr_FR\" \/>\n<meta property=\"og:type\" content=\"article\" \/>\n<meta property=\"og:title\" content=\"H\u00f4tel \u00e0 Venise facilement accessible depuis l\u2019a\u00e9roport ou la gare\" \/>\n<meta property=\"og:description\" content=\"H\u00f4tel facilement accessible \u00e0 Venise? Al Ponte Mocenigo se trouve pr\u00e8s du vaporetto et de l\u2019a\u00e9roport, avec embarcad\u00e8re priv\u00e9.\" \/>\n<meta property=\"og:url\" content=\"https:\/\/alpontemocenigo.com\/fr\/quel-est-un-hotel-a-venise-facilement-accessible-depuis-aeroport-ou-la-gare\/\" \/>\n<meta property=\"og:site_name\" content=\"Hotel Al Ponte Mocenigo Venise Site Officiel\" \/>\n<meta property=\"article:publisher\" content=\"https:\/\/www.facebook.com\/hotelalpontemocenigovenice\/\" \/>\n<meta property=\"article:modified_time\" content=\"2025-05-28T09:34:34+00:00\" \/>\n<meta property=\"og:image\" content=\"https:\/\/alpontemocenigo.com\/wp-content\/uploads\/2025\/05\/Dormire-vicino-la-stazione-di-Venezia-Santa-Lucia-1920x840-1.webp\" \/>\n\t<meta property=\"og:image:width\" content=\"1920\" \/>\n\t<meta property=\"og:image:height\" content=\"840\" \/>\n\t<meta property=\"og:image:type\" content=\"image\/webp\" \/>\n<meta name=\"twitter:card\" content=\"summary_large_image\" \/>\n<meta name=\"twitter:label1\" content=\"Dur\u00e9e de lecture estim\u00e9e\" \/>\n\t<meta name=\"twitter:data1\" content=\"3 minutes\" \/>\n<script type=\"application\/ld+json\" class=\"yoast-schema-graph\">{\"@context\":\"https:\/\/schema.org\",\"@graph\":[{\"@type\":\"WebPage\",\"@id\":\"https:\/\/alpontemocenigo.com\/fr\/quel-est-un-hotel-a-venise-facilement-accessible-depuis-aeroport-ou-la-gare\/\",\"url\":\"https:\/\/alpontemocenigo.com\/fr\/quel-est-un-hotel-a-venise-facilement-accessible-depuis-aeroport-ou-la-gare\/\",\"name\":\"H\u00f4tel \u00e0 Venise facilement accessible depuis l\u2019a\u00e9roport ou la gare\",\"isPartOf\":{\"@id\":\"https:\/\/alpontemocenigo.com\/fr\/#website\"},\"primaryImageOfPage\":{\"@id\":\"https:\/\/alpontemocenigo.com\/fr\/quel-est-un-hotel-a-venise-facilement-accessible-depuis-aeroport-ou-la-gare\/#primaryimage\"},\"image\":{\"@id\":\"https:\/\/alpontemocenigo.com\/fr\/quel-est-un-hotel-a-venise-facilement-accessible-depuis-aeroport-ou-la-gare\/#primaryimage\"},\"thumbnailUrl\":\"https:\/\/alpontemocenigo.com\/wp-content\/uploads\/2025\/05\/Dormire-vicino-la-stazione-di-Venezia-Santa-Lucia-1920x840-1.webp\",\"datePublished\":\"2025-05-22T12:43:42+00:00\",\"dateModified\":\"2025-05-28T09:34:34+00:00\",\"description\":\"H\u00f4tel facilement accessible \u00e0 Venise? Al Ponte Mocenigo se trouve pr\u00e8s du vaporetto et de l\u2019a\u00e9roport, avec embarcad\u00e8re priv\u00e9.\",\"breadcrumb\":{\"@id\":\"https:\/\/alpontemocenigo.com\/fr\/quel-est-un-hotel-a-venise-facilement-accessible-depuis-aeroport-ou-la-gare\/#breadcrumb\"},\"inLanguage\":\"fr-FR\",\"potentialAction\":[{\"@type\":\"ReadAction\",\"target\":[\"https:\/\/alpontemocenigo.com\/fr\/quel-est-un-hotel-a-venise-facilement-accessible-depuis-aeroport-ou-la-gare\/\"]}]},{\"@type\":\"ImageObject\",\"inLanguage\":\"fr-FR\",\"@id\":\"https:\/\/alpontemocenigo.com\/fr\/quel-est-un-hotel-a-venise-facilement-accessible-depuis-aeroport-ou-la-gare\/#primaryimage\",\"url\":\"https:\/\/alpontemocenigo.com\/wp-content\/uploads\/2025\/05\/Dormire-vicino-la-stazione-di-Venezia-Santa-Lucia-1920x840-1.webp\",\"contentUrl\":\"https:\/\/alpontemocenigo.com\/wp-content\/uploads\/2025\/05\/Dormire-vicino-la-stazione-di-Venezia-Santa-Lucia-1920x840-1.webp\",\"width\":1920,\"height\":840,\"caption\":\"h\u00f4tel \u00e0 Venise facilement accessible depuis l\u2019a\u00e9roport ou la gare\"},{\"@type\":\"BreadcrumbList\",\"@id\":\"https:\/\/alpontemocenigo.com\/fr\/quel-est-un-hotel-a-venise-facilement-accessible-depuis-aeroport-ou-la-gare\/#breadcrumb\",\"itemListElement\":[{\"@type\":\"ListItem\",\"position\":1,\"name\":\"Home\",\"item\":\"https:\/\/alpontemocenigo.com\/fr\/\"},{\"@type\":\"ListItem\",\"position\":2,\"name\":\"Quel est un h\u00f4tel \u00e0 Venise facilement accessible depuis l\u2019a\u00e9roport ou la gare?\"}]},{\"@type\":\"WebSite\",\"@id\":\"https:\/\/alpontemocenigo.com\/fr\/#website\",\"url\":\"https:\/\/alpontemocenigo.com\/fr\/\",\"name\":\"Hotel Al ponte Mocenigo\",\"description\":\"Au c\u0153ur de Venise\",\"publisher\":{\"@id\":\"https:\/\/alpontemocenigo.com\/fr\/#organization\"},\"potentialAction\":[{\"@type\":\"SearchAction\",\"target\":{\"@type\":\"EntryPoint\",\"urlTemplate\":\"https:\/\/alpontemocenigo.com\/fr\/?s={search_term_string}\"},\"query-input\":{\"@type\":\"PropertyValueSpecification\",\"valueRequired\":true,\"valueName\":\"search_term_string\"}}],\"inLanguage\":\"fr-FR\"},{\"@type\":\"Organization\",\"@id\":\"https:\/\/alpontemocenigo.com\/fr\/#organization\",\"name\":\"Hotel Al Ponte Mocenigo Venice\",\"url\":\"https:\/\/alpontemocenigo.com\/fr\/\",\"logo\":{\"@type\":\"ImageObject\",\"inLanguage\":\"fr-FR\",\"@id\":\"https:\/\/alpontemocenigo.com\/fr\/#\/schema\/logo\/image\/\",\"url\":\"https:\/\/alpontemocenigo.com\/wp-content\/uploads\/2020\/10\/logo-v2r.png\",\"contentUrl\":\"https:\/\/alpontemocenigo.com\/wp-content\/uploads\/2020\/10\/logo-v2r.png\",\"width\":268,\"height\":90,\"caption\":\"Hotel Al Ponte Mocenigo Venice\"},\"image\":{\"@id\":\"https:\/\/alpontemocenigo.com\/fr\/#\/schema\/logo\/image\/\"},\"sameAs\":[\"https:\/\/www.facebook.com\/hotelalpontemocenigovenice\/\"]}]}<\/script>\n<!-- \/ Yoast SEO plugin. -->","yoast_head_json":{"title":"H\u00f4tel \u00e0 Venise facilement accessible depuis l\u2019a\u00e9roport ou la gare","description":"H\u00f4tel facilement accessible \u00e0 Venise? Al Ponte Mocenigo se trouve pr\u00e8s du vaporetto et de l\u2019a\u00e9roport, avec embarcad\u00e8re priv\u00e9.","robots":{"index":"index","follow":"follow","max-snippet":"max-snippet:-1","max-image-preview":"max-image-preview:large","max-video-preview":"max-video-preview:-1"},"canonical":"https:\/\/alpontemocenigo.com\/fr\/quel-est-un-hotel-a-venise-facilement-accessible-depuis-aeroport-ou-la-gare\/","og_locale":"fr_FR","og_type":"article","og_title":"H\u00f4tel \u00e0 Venise facilement accessible depuis l\u2019a\u00e9roport ou la gare","og_description":"H\u00f4tel facilement accessible \u00e0 Venise? Al Ponte Mocenigo se trouve pr\u00e8s du vaporetto et de l\u2019a\u00e9roport, avec embarcad\u00e8re priv\u00e9.","og_url":"https:\/\/alpontemocenigo.com\/fr\/quel-est-un-hotel-a-venise-facilement-accessible-depuis-aeroport-ou-la-gare\/","og_site_name":"Hotel Al Ponte Mocenigo Venise Site Officiel","article_publisher":"https:\/\/www.facebook.com\/hotelalpontemocenigovenice\/","article_modified_time":"2025-05-28T09:34:34+00:00","og_image":[{"width":1920,"height":840,"url":"https:\/\/alpontemocenigo.com\/wp-content\/uploads\/2025\/05\/Dormire-vicino-la-stazione-di-Venezia-Santa-Lucia-1920x840-1.webp","type":"image\/webp"}],"twitter_card":"summary_large_image","twitter_misc":{"Dur\u00e9e de lecture estim\u00e9e":"3 minutes"},"schema":{"@context":"https:\/\/schema.org","@graph":[{"@type":"WebPage","@id":"https:\/\/alpontemocenigo.com\/fr\/quel-est-un-hotel-a-venise-facilement-accessible-depuis-aeroport-ou-la-gare\/","url":"https:\/\/alpontemocenigo.com\/fr\/quel-est-un-hotel-a-venise-facilement-accessible-depuis-aeroport-ou-la-gare\/","name":"H\u00f4tel \u00e0 Venise facilement accessible depuis l\u2019a\u00e9roport ou la gare","isPartOf":{"@id":"https:\/\/alpontemocenigo.com\/fr\/#website"},"primaryImageOfPage":{"@id":"https:\/\/alpontemocenigo.com\/fr\/quel-est-un-hotel-a-venise-facilement-accessible-depuis-aeroport-ou-la-gare\/#primaryimage"},"image":{"@id":"https:\/\/alpontemocenigo.com\/fr\/quel-est-un-hotel-a-venise-facilement-accessible-depuis-aeroport-ou-la-gare\/#primaryimage"},"thumbnailUrl":"https:\/\/alpontemocenigo.com\/wp-content\/uploads\/2025\/05\/Dormire-vicino-la-stazione-di-Venezia-Santa-Lucia-1920x840-1.webp","datePublished":"2025-05-22T12:43:42+00:00","dateModified":"2025-05-28T09:34:34+00:00","description":"H\u00f4tel facilement accessible \u00e0 Venise? Al Ponte Mocenigo se trouve pr\u00e8s du vaporetto et de l\u2019a\u00e9roport, avec embarcad\u00e8re priv\u00e9.","breadcrumb":{"@id":"https:\/\/alpontemocenigo.com\/fr\/quel-est-un-hotel-a-venise-facilement-accessible-depuis-aeroport-ou-la-gare\/#breadcrumb"},"inLanguage":"fr-FR","potentialAction":[{"@type":"ReadAction","target":["https:\/\/alpontemocenigo.com\/fr\/quel-est-un-hotel-a-venise-facilement-accessible-depuis-aeroport-ou-la-gare\/"]}]},{"@type":"ImageObject","inLanguage":"fr-FR","@id":"https:\/\/alpontemocenigo.com\/fr\/quel-est-un-hotel-a-venise-facilement-accessible-depuis-aeroport-ou-la-gare\/#primaryimage","url":"https:\/\/alpontemocenigo.com\/wp-content\/uploads\/2025\/05\/Dormire-vicino-la-stazione-di-Venezia-Santa-Lucia-1920x840-1.webp","contentUrl":"https:\/\/alpontemocenigo.com\/wp-content\/uploads\/2025\/05\/Dormire-vicino-la-stazione-di-Venezia-Santa-Lucia-1920x840-1.webp","width":1920,"height":840,"caption":"h\u00f4tel \u00e0 Venise facilement accessible depuis l\u2019a\u00e9roport ou la gare"},{"@type":"BreadcrumbList","@id":"https:\/\/alpontemocenigo.com\/fr\/quel-est-un-hotel-a-venise-facilement-accessible-depuis-aeroport-ou-la-gare\/#breadcrumb","itemListElement":[{"@type":"ListItem","position":1,"name":"Home","item":"https:\/\/alpontemocenigo.com\/fr\/"},{"@type":"ListItem","position":2,"name":"Quel est un h\u00f4tel \u00e0 Venise facilement accessible depuis l\u2019a\u00e9roport ou la gare?"}]},{"@type":"WebSite","@id":"https:\/\/alpontemocenigo.com\/fr\/#website","url":"https:\/\/alpontemocenigo.com\/fr\/","name":"Hotel Al ponte Mocenigo","description":"Au c\u0153ur de Venise","publisher":{"@id":"https:\/\/alpontemocenigo.com\/fr\/#organization"},"potentialAction":[{"@type":"SearchAction","target":{"@type":"EntryPoint","urlTemplate":"https:\/\/alpontemocenigo.com\/fr\/?s={search_term_string}"},"query-input":{"@type":"PropertyValueSpecification","valueRequired":true,"valueName":"search_term_string"}}],"inLanguage":"fr-FR"},{"@type":"Organization","@id":"https:\/\/alpontemocenigo.com\/fr\/#organization","name":"Hotel Al Ponte Mocenigo Venice","url":"https:\/\/alpontemocenigo.com\/fr\/","logo":{"@type":"ImageObject","inLanguage":"fr-FR","@id":"https:\/\/alpontemocenigo.com\/fr\/#\/schema\/logo\/image\/","url":"https:\/\/alpontemocenigo.com\/wp-content\/uploads\/2020\/10\/logo-v2r.png","contentUrl":"https:\/\/alpontemocenigo.com\/wp-content\/uploads\/2020\/10\/logo-v2r.png","width":268,"height":90,"caption":"Hotel Al Ponte Mocenigo Venice"},"image":{"@id":"https:\/\/alpontemocenigo.com\/fr\/#\/schema\/logo\/image\/"},"sameAs":["https:\/\/www.facebook.com\/hotelalpontemocenigovenice\/"]}]}},"_links":{"self":[{"href":"https:\/\/alpontemocenigo.com\/fr\/wp-json\/wp\/v2\/pages\/5678","targetHints":{"allow":["GET"]}}],"collection":[{"href":"https:\/\/alpontemocenigo.com\/fr\/wp-json\/wp\/v2\/pages"}],"about":[{"href":"https:\/\/alpontemocenigo.com\/fr\/wp-json\/wp\/v2\/types\/page"}],"author":[{"embeddable":true,"href":"https:\/\/alpontemocenigo.com\/fr\/wp-json\/wp\/v2\/users\/1"}],"replies":[{"embeddable":true,"href":"https:\/\/alpontemocenigo.com\/fr\/wp-json\/wp\/v2\/comments?post=5678"}],"version-history":[{"count":3,"href":"https:\/\/alpontemocenigo.com\/fr\/wp-json\/wp\/v2\/pages\/5678\/revisions"}],"predecessor-version":[{"id":6369,"href":"https:\/\/alpontemocenigo.com\/fr\/wp-json\/wp\/v2\/pages\/5678\/revisions\/6369"}],"wp:featuredmedia":[{"embeddable":true,"href":"https:\/\/alpontemocenigo.com\/fr\/wp-json\/wp\/v2\/media\/5670"}],"wp:attachment":[{"href":"https:\/\/alpontemocenigo.com\/fr\/wp-json\/wp\/v2\/media?parent=5678"}],"curies":[{"name":"wp","href":"https:\/\/api.w.org\/{rel}","templated":true}]}}