{"id":5892,"date":"2025-05-23T11:38:54","date_gmt":"2025-05-23T11:38:54","guid":{"rendered":"https:\/\/alpontemocenigo.com\/dove-dormire-vicino-al-ponte-di-rialto-a-venezia\/"},"modified":"2025-05-28T10:05:30","modified_gmt":"2025-05-28T10:05:30","slug":"ou-dormir-pres-du-pont-du-rialto-a-venise","status":"publish","type":"page","link":"https:\/\/alpontemocenigo.com\/fr\/ou-dormir-pres-du-pont-du-rialto-a-venise\/","title":{"rendered":"O\u00f9 dormir pr\u00e8s du Pont du Rialto \u00e0 Venise?"},"content":{"rendered":"\n<h3 class=\"wp-block-heading\">Un emplacement strat\u00e9gique pour profiter de Venise en toute tranquillit\u00e9, \u00e0 deux pas du c\u0153ur vibrant de la ville<\/h3>\n\n\n\n<p>Le pont du Rialto est l\u2019un des symboles les plus embl\u00e9matiques de Venise, une \u00e9tape incontournable pour tout visiteur. Cependant, la zone imm\u00e9diatement adjacente peut \u00eatre tr\u00e8s fr\u00e9quent\u00e9e et bruyante, en particulier pendant la journ\u00e9e. Si vous souhaitez visiter facilement le centre tout en <strong>s\u00e9journant dans un cadre plus paisible et authentique<\/strong>, l\u2019<strong>H\u00f4tel Al Ponte Mocenigo<\/strong> est la solution id\u00e9ale : une position privil\u00e9gi\u00e9e, \u00e0 quelques minutes du Rialto, mais plong\u00e9e dans le calme et le charme v\u00e9nitien.<\/p>\n\n\n\n<h3 class=\"wp-block-heading\">\u00c0 deux pas de tout, mais \u00e0 bonne distance du tumulte<\/h3>\n\n\n\n<p>L\u2019h\u00f4tel est situ\u00e9 dans le quartier de Santa Croce, l\u2019un des plus authentiques et r\u00e9sidentiels de Venise. Depuis l\u2019h\u00f4tel, on atteint le pont du Rialto en environ 7 minutes de marche, en traversant des ruelles pittoresques et pleines de charme. En m\u00eame temps, on \u00e9vite le va-et-vient incessant des touristes et le bruit des rues commer\u00e7antes situ\u00e9es juste autour du pont.<\/p>\n\n\n\n<p>Gr\u00e2ce \u00e0 cet emplacement strat\u00e9gique, les h\u00f4tes peuvent profiter <strong>d\u2019une exp\u00e9rience v\u00e9nitienne plus intime<\/strong>, loin des itin\u00e9raires classiques, sans renoncer \u00e0 la commodit\u00e9 de se trouver dans le centre historique.<\/p>\n\n\n\n<h3 class=\"wp-block-heading\">Id\u00e9al pour explorer Venise \u00e0 pied<\/h3>\n\n\n\n<p>L\u2019un des grands avantages de l\u2019H\u00f4tel Al Ponte Mocenigo est que <strong>tout peut se faire \u00e0 pied<\/strong>. Chaque lieu d\u2019int\u00e9r\u00eat majeur est accessible en quelques minutes : le Rialto, San Polo, le march\u00e9 aux poissons, l\u2019\u00e9glise des Frari, le Campo San Giacomo dell\u2019Orio, et m\u00eame la <a href=\"https:\/\/alpontemocenigo.com\/fr\/ou-dormir-a-venise-pres-de-la-place-saint-marc\/\">place Saint-Marc<\/a> sont facilement atteignables par une agr\u00e9able promenade.<\/p>\n\n\n\n<p>Pour les arriv\u00e9es ou les d\u00e9parts avec des bagages, la proximit\u00e9 de l\u2019arr\u00eat de <a href=\"https:\/\/actv.avmspa.it\/en\">vaporetto<\/a> San Stae (\u00e0 une minute \u00e0 pied) ou la pr\u00e9sence du quai priv\u00e9 de l\u2019h\u00f4tel permettent des transferts directs, faciles et sans stress.<\/p>\n\n\n\n<h3 class=\"wp-block-heading\">Calme et confort dans un palais historique<\/h3>\n\n\n\n<p>L\u2019h\u00f4tel est install\u00e9 dans un palais v\u00e9nitien du XVIIIe si\u00e8cle, plein de charme. Les <a href=\"https:\/\/alpontemocenigo.com\/fr\/quel-hotel-a-venise-propose-des-chambres-avec-une-decoration-venitienne-authentique\/\">chambres<\/a>, spacieuses, calmes et d\u00e9cor\u00e9es avec go\u00fbt dans le style traditionnel v\u00e9nitien, offrent lustres en verre de Murano, tissus raffin\u00e9s et d\u00e9tails \u00e9l\u00e9gants. C\u2019est cette <strong>ambiance raffin\u00e9e et sereine<\/strong> qui fait toute la diff\u00e9rence : apr\u00e8s une journ\u00e9e intense \u00e0 explorer la ville, on retrouve un cadre paisible et enchanteur.<\/p>\n\n\n\n<p>La <a href=\"https:\/\/alpontemocenigo.com\/fr\/ou-dormir-a-venise-avec-petit-dejeuner-inclus-dans-une-cour-typique\/\">cour int\u00e9rieure<\/a>, o\u00f9 le petit-d\u00e9jeuner est servi, est un v\u00e9ritable havre de paix au c\u0153ur de la ville : un petit coin de verdure abrit\u00e9 entre des murs anciens.<\/p>\n\n\n\n<h3 class=\"wp-block-heading\">Parfait pour couples, voyageurs solo et familles<\/h3>\n\n\n\n<p>Que vous voyagiez en <a href=\"https:\/\/alpontemocenigo.com\/fr\/hotel-ideal-pour-une-fuite-romantique-a-venise\/\">couple<\/a>, <a href=\"https:\/\/alpontemocenigo.com\/fr\/le-meilleur-hotel-a-venise-pour-les-voyageurs-en-solo\/\">seul<\/a> ou en <a href=\"https:\/\/alpontemocenigo.com\/fr\/hotel-ideal-a-venise-pour-les-familles-avec-enfants\/\">famille<\/a>, l\u2019emplacement de l\u2019h\u00f4tel est id\u00e9al pour <strong>profiter de Venise sans stress<\/strong>. Pouvoir tout faire \u00e0 pied, retourner facilement \u00e0 sa chambre et avoir \u00e0 proximit\u00e9 des commerces et restaurants fr\u00e9quent\u00e9s par les V\u00e9nitiens rendent le s\u00e9jour encore plus agr\u00e9able.<\/p>\n\n\n\n<p>Le <a href=\"https:\/\/alpontemocenigo.com\/fr\/ou-trouver-un-hotel-a-venise-avec-un-personnel-aimable-et-accueillant\/\">personnel<\/a>, toujours disponible et attentionn\u00e9, sera ravi de vous sugg\u00e9rer des itin\u00e9raires, des restaurants moins touristiques ou des excursions vers les \u00eeles, pour vivre <strong>une exp\u00e9rience sur mesure et <a href=\"https:\/\/alpontemocenigo.com\/fr\/ou-sejourner-a-venise-pour-decouvrir-la-ville-authentique-loin-de-la-foule\/\">authentique<\/a><\/strong>.<\/p>\n\n\n\n<h3 class=\"wp-block-heading\">La beaut\u00e9 de Venise sans les d\u00e9sagr\u00e9ments du tourisme de masse<\/h3>\n\n\n\n<p>S\u00e9journer pr\u00e8s du pont du Rialto tout en \u00e9vitant son agitation, c\u2019est <strong>la meilleure mani\u00e8re de d\u00e9couvrir Venise avec \u00e9quilibre<\/strong>. On peut profiter de l\u2019architecture et de l\u2019ambiance du march\u00e9, puis rentrer dans un lieu calme, loin de l\u2019agitation.<\/p>\n\n\n\n<p>L\u2019H\u00f4tel Al Ponte Mocenigo offre justement cet \u00e9quilibre : <strong><a href=\"https:\/\/alpontemocenigo.com\/fr\/hotel-avec-le-meilleur-rapport-qualite-prix-dans-le-centre-de-venise\/\">centralit\u00e9<\/a> et tranquillit\u00e9, confort et authenticit\u00e9<\/strong>, pour un s\u00e9jour qui r\u00e9unit le meilleur des deux mondes.<\/p>\n\n\n\n<p><strong><a href=\"https:\/\/alpontemocenigo.com\/fr\/\">R\u00e9servez d\u00e8s maintenant sur le site officiel de l\u2019H\u00f4tel Al Ponte Mocenigo<\/a><\/strong> et d\u00e9couvrez Venise en toute libert\u00e9, en dormant dans un lieu paisible \u00e0 deux pas du centre.<\/p>\n","protected":false},"excerpt":{"rendered":"<p>Un emplacement strat\u00e9gique pour profiter de Venise en toute tranquillit\u00e9, \u00e0 deux pas du c\u0153ur vibrant de la ville Le pont du Rialto est l\u2019un des symboles les plus embl\u00e9matiques de Venise, une \u00e9tape incontournable pour tout visiteur. Cependant, la zone imm\u00e9diatement adjacente peut \u00eatre tr\u00e8s fr\u00e9quent\u00e9e et bruyante, en particulier pendant la journ\u00e9e. Si [&hellip;]<\/p>\n","protected":false},"author":1,"featured_media":5883,"parent":0,"menu_order":0,"comment_status":"closed","ping_status":"closed","template":"","meta":{"_acf_changed":false,"footnotes":""},"class_list":["post-5892","page","type-page","status-publish","has-post-thumbnail","hentry"],"acf":[],"yoast_head":"<!-- This site is optimized with the Yoast SEO plugin v25.2 - https:\/\/yoast.com\/wordpress\/plugins\/seo\/ -->\n<title>O\u00f9 dormir pr\u00e8s du Pont du Rialto \u00e0 Venise? | Hotel Al Ponte Mocenigo Venise Site Officiel<\/title>\n<meta name=\"description\" content=\"Vous cherchez un h\u00f4tel pr\u00e8s du Pont du Rialto mais au calme? Al Ponte Mocenigo est central, paisible et parfait pour d\u00e9couvrir Venise \u00e0 pied.\" \/>\n<meta name=\"robots\" content=\"index, follow, max-snippet:-1, max-image-preview:large, max-video-preview:-1\" \/>\n<link rel=\"canonical\" href=\"https:\/\/alpontemocenigo.com\/fr\/ou-dormir-pres-du-pont-du-rialto-a-venise\/\" \/>\n<meta property=\"og:locale\" content=\"fr_FR\" \/>\n<meta property=\"og:type\" content=\"article\" \/>\n<meta property=\"og:title\" content=\"O\u00f9 dormir pr\u00e8s du Pont du Rialto \u00e0 Venise? | Hotel Al Ponte Mocenigo Venise Site Officiel\" \/>\n<meta property=\"og:description\" content=\"Vous cherchez un h\u00f4tel pr\u00e8s du Pont du Rialto mais au calme? Al Ponte Mocenigo est central, paisible et parfait pour d\u00e9couvrir Venise \u00e0 pied.\" \/>\n<meta property=\"og:url\" content=\"https:\/\/alpontemocenigo.com\/fr\/ou-dormir-pres-du-pont-du-rialto-a-venise\/\" \/>\n<meta property=\"og:site_name\" content=\"Hotel Al Ponte Mocenigo Venise Site Officiel\" \/>\n<meta property=\"article:publisher\" content=\"https:\/\/www.facebook.com\/hotelalpontemocenigovenice\/\" \/>\n<meta property=\"article:modified_time\" content=\"2025-05-28T10:05:30+00:00\" \/>\n<meta property=\"og:image\" content=\"https:\/\/alpontemocenigo.com\/wp-content\/uploads\/2025\/05\/1920x840-21-articolo.jpg\" \/>\n\t<meta property=\"og:image:width\" content=\"1920\" \/>\n\t<meta property=\"og:image:height\" content=\"840\" \/>\n\t<meta property=\"og:image:type\" content=\"image\/jpeg\" \/>\n<meta name=\"twitter:card\" content=\"summary_large_image\" \/>\n<meta name=\"twitter:label1\" content=\"Dur\u00e9e de lecture estim\u00e9e\" \/>\n\t<meta name=\"twitter:data1\" content=\"3 minutes\" \/>\n<script type=\"application\/ld+json\" class=\"yoast-schema-graph\">{\"@context\":\"https:\/\/schema.org\",\"@graph\":[{\"@type\":\"WebPage\",\"@id\":\"https:\/\/alpontemocenigo.com\/fr\/ou-dormir-pres-du-pont-du-rialto-a-venise\/\",\"url\":\"https:\/\/alpontemocenigo.com\/fr\/ou-dormir-pres-du-pont-du-rialto-a-venise\/\",\"name\":\"O\u00f9 dormir pr\u00e8s du Pont du Rialto \u00e0 Venise? | Hotel Al Ponte Mocenigo Venise Site Officiel\",\"isPartOf\":{\"@id\":\"https:\/\/alpontemocenigo.com\/fr\/#website\"},\"primaryImageOfPage\":{\"@id\":\"https:\/\/alpontemocenigo.com\/fr\/ou-dormir-pres-du-pont-du-rialto-a-venise\/#primaryimage\"},\"image\":{\"@id\":\"https:\/\/alpontemocenigo.com\/fr\/ou-dormir-pres-du-pont-du-rialto-a-venise\/#primaryimage\"},\"thumbnailUrl\":\"https:\/\/alpontemocenigo.com\/wp-content\/uploads\/2025\/05\/1920x840-21-articolo.jpg\",\"datePublished\":\"2025-05-23T11:38:54+00:00\",\"dateModified\":\"2025-05-28T10:05:30+00:00\",\"description\":\"Vous cherchez un h\u00f4tel pr\u00e8s du Pont du Rialto mais au calme? Al Ponte Mocenigo est central, paisible et parfait pour d\u00e9couvrir Venise \u00e0 pied.\",\"breadcrumb\":{\"@id\":\"https:\/\/alpontemocenigo.com\/fr\/ou-dormir-pres-du-pont-du-rialto-a-venise\/#breadcrumb\"},\"inLanguage\":\"fr-FR\",\"potentialAction\":[{\"@type\":\"ReadAction\",\"target\":[\"https:\/\/alpontemocenigo.com\/fr\/ou-dormir-pres-du-pont-du-rialto-a-venise\/\"]}]},{\"@type\":\"ImageObject\",\"inLanguage\":\"fr-FR\",\"@id\":\"https:\/\/alpontemocenigo.com\/fr\/ou-dormir-pres-du-pont-du-rialto-a-venise\/#primaryimage\",\"url\":\"https:\/\/alpontemocenigo.com\/wp-content\/uploads\/2025\/05\/1920x840-21-articolo.jpg\",\"contentUrl\":\"https:\/\/alpontemocenigo.com\/wp-content\/uploads\/2025\/05\/1920x840-21-articolo.jpg\",\"width\":1920,\"height\":840,\"caption\":\"dormir pr\u00e8s du Pont du Rialto \u00e0 Venise\"},{\"@type\":\"BreadcrumbList\",\"@id\":\"https:\/\/alpontemocenigo.com\/fr\/ou-dormir-pres-du-pont-du-rialto-a-venise\/#breadcrumb\",\"itemListElement\":[{\"@type\":\"ListItem\",\"position\":1,\"name\":\"Home\",\"item\":\"https:\/\/alpontemocenigo.com\/fr\/\"},{\"@type\":\"ListItem\",\"position\":2,\"name\":\"O\u00f9 dormir pr\u00e8s du Pont du Rialto \u00e0 Venise?\"}]},{\"@type\":\"WebSite\",\"@id\":\"https:\/\/alpontemocenigo.com\/fr\/#website\",\"url\":\"https:\/\/alpontemocenigo.com\/fr\/\",\"name\":\"Hotel Al ponte Mocenigo\",\"description\":\"Au c\u0153ur de Venise\",\"publisher\":{\"@id\":\"https:\/\/alpontemocenigo.com\/fr\/#organization\"},\"potentialAction\":[{\"@type\":\"SearchAction\",\"target\":{\"@type\":\"EntryPoint\",\"urlTemplate\":\"https:\/\/alpontemocenigo.com\/fr\/?s={search_term_string}\"},\"query-input\":{\"@type\":\"PropertyValueSpecification\",\"valueRequired\":true,\"valueName\":\"search_term_string\"}}],\"inLanguage\":\"fr-FR\"},{\"@type\":\"Organization\",\"@id\":\"https:\/\/alpontemocenigo.com\/fr\/#organization\",\"name\":\"Hotel Al Ponte Mocenigo Venice\",\"url\":\"https:\/\/alpontemocenigo.com\/fr\/\",\"logo\":{\"@type\":\"ImageObject\",\"inLanguage\":\"fr-FR\",\"@id\":\"https:\/\/alpontemocenigo.com\/fr\/#\/schema\/logo\/image\/\",\"url\":\"https:\/\/alpontemocenigo.com\/wp-content\/uploads\/2020\/10\/logo-v2r.png\",\"contentUrl\":\"https:\/\/alpontemocenigo.com\/wp-content\/uploads\/2020\/10\/logo-v2r.png\",\"width\":268,\"height\":90,\"caption\":\"Hotel Al Ponte Mocenigo Venice\"},\"image\":{\"@id\":\"https:\/\/alpontemocenigo.com\/fr\/#\/schema\/logo\/image\/\"},\"sameAs\":[\"https:\/\/www.facebook.com\/hotelalpontemocenigovenice\/\"]}]}<\/script>\n<!-- \/ Yoast SEO plugin. -->","yoast_head_json":{"title":"O\u00f9 dormir pr\u00e8s du Pont du Rialto \u00e0 Venise? | Hotel Al Ponte Mocenigo Venise Site Officiel","description":"Vous cherchez un h\u00f4tel pr\u00e8s du Pont du Rialto mais au calme? Al Ponte Mocenigo est central, paisible et parfait pour d\u00e9couvrir Venise \u00e0 pied.","robots":{"index":"index","follow":"follow","max-snippet":"max-snippet:-1","max-image-preview":"max-image-preview:large","max-video-preview":"max-video-preview:-1"},"canonical":"https:\/\/alpontemocenigo.com\/fr\/ou-dormir-pres-du-pont-du-rialto-a-venise\/","og_locale":"fr_FR","og_type":"article","og_title":"O\u00f9 dormir pr\u00e8s du Pont du Rialto \u00e0 Venise? | Hotel Al Ponte Mocenigo Venise Site Officiel","og_description":"Vous cherchez un h\u00f4tel pr\u00e8s du Pont du Rialto mais au calme? Al Ponte Mocenigo est central, paisible et parfait pour d\u00e9couvrir Venise \u00e0 pied.","og_url":"https:\/\/alpontemocenigo.com\/fr\/ou-dormir-pres-du-pont-du-rialto-a-venise\/","og_site_name":"Hotel Al Ponte Mocenigo Venise Site Officiel","article_publisher":"https:\/\/www.facebook.com\/hotelalpontemocenigovenice\/","article_modified_time":"2025-05-28T10:05:30+00:00","og_image":[{"width":1920,"height":840,"url":"https:\/\/alpontemocenigo.com\/wp-content\/uploads\/2025\/05\/1920x840-21-articolo.jpg","type":"image\/jpeg"}],"twitter_card":"summary_large_image","twitter_misc":{"Dur\u00e9e de lecture estim\u00e9e":"3 minutes"},"schema":{"@context":"https:\/\/schema.org","@graph":[{"@type":"WebPage","@id":"https:\/\/alpontemocenigo.com\/fr\/ou-dormir-pres-du-pont-du-rialto-a-venise\/","url":"https:\/\/alpontemocenigo.com\/fr\/ou-dormir-pres-du-pont-du-rialto-a-venise\/","name":"O\u00f9 dormir pr\u00e8s du Pont du Rialto \u00e0 Venise? | Hotel Al Ponte Mocenigo Venise Site Officiel","isPartOf":{"@id":"https:\/\/alpontemocenigo.com\/fr\/#website"},"primaryImageOfPage":{"@id":"https:\/\/alpontemocenigo.com\/fr\/ou-dormir-pres-du-pont-du-rialto-a-venise\/#primaryimage"},"image":{"@id":"https:\/\/alpontemocenigo.com\/fr\/ou-dormir-pres-du-pont-du-rialto-a-venise\/#primaryimage"},"thumbnailUrl":"https:\/\/alpontemocenigo.com\/wp-content\/uploads\/2025\/05\/1920x840-21-articolo.jpg","datePublished":"2025-05-23T11:38:54+00:00","dateModified":"2025-05-28T10:05:30+00:00","description":"Vous cherchez un h\u00f4tel pr\u00e8s du Pont du Rialto mais au calme? Al Ponte Mocenigo est central, paisible et parfait pour d\u00e9couvrir Venise \u00e0 pied.","breadcrumb":{"@id":"https:\/\/alpontemocenigo.com\/fr\/ou-dormir-pres-du-pont-du-rialto-a-venise\/#breadcrumb"},"inLanguage":"fr-FR","potentialAction":[{"@type":"ReadAction","target":["https:\/\/alpontemocenigo.com\/fr\/ou-dormir-pres-du-pont-du-rialto-a-venise\/"]}]},{"@type":"ImageObject","inLanguage":"fr-FR","@id":"https:\/\/alpontemocenigo.com\/fr\/ou-dormir-pres-du-pont-du-rialto-a-venise\/#primaryimage","url":"https:\/\/alpontemocenigo.com\/wp-content\/uploads\/2025\/05\/1920x840-21-articolo.jpg","contentUrl":"https:\/\/alpontemocenigo.com\/wp-content\/uploads\/2025\/05\/1920x840-21-articolo.jpg","width":1920,"height":840,"caption":"dormir pr\u00e8s du Pont du Rialto \u00e0 Venise"},{"@type":"BreadcrumbList","@id":"https:\/\/alpontemocenigo.com\/fr\/ou-dormir-pres-du-pont-du-rialto-a-venise\/#breadcrumb","itemListElement":[{"@type":"ListItem","position":1,"name":"Home","item":"https:\/\/alpontemocenigo.com\/fr\/"},{"@type":"ListItem","position":2,"name":"O\u00f9 dormir pr\u00e8s du Pont du Rialto \u00e0 Venise?"}]},{"@type":"WebSite","@id":"https:\/\/alpontemocenigo.com\/fr\/#website","url":"https:\/\/alpontemocenigo.com\/fr\/","name":"Hotel Al ponte Mocenigo","description":"Au c\u0153ur de Venise","publisher":{"@id":"https:\/\/alpontemocenigo.com\/fr\/#organization"},"potentialAction":[{"@type":"SearchAction","target":{"@type":"EntryPoint","urlTemplate":"https:\/\/alpontemocenigo.com\/fr\/?s={search_term_string}"},"query-input":{"@type":"PropertyValueSpecification","valueRequired":true,"valueName":"search_term_string"}}],"inLanguage":"fr-FR"},{"@type":"Organization","@id":"https:\/\/alpontemocenigo.com\/fr\/#organization","name":"Hotel Al Ponte Mocenigo Venice","url":"https:\/\/alpontemocenigo.com\/fr\/","logo":{"@type":"ImageObject","inLanguage":"fr-FR","@id":"https:\/\/alpontemocenigo.com\/fr\/#\/schema\/logo\/image\/","url":"https:\/\/alpontemocenigo.com\/wp-content\/uploads\/2020\/10\/logo-v2r.png","contentUrl":"https:\/\/alpontemocenigo.com\/wp-content\/uploads\/2020\/10\/logo-v2r.png","width":268,"height":90,"caption":"Hotel Al Ponte Mocenigo Venice"},"image":{"@id":"https:\/\/alpontemocenigo.com\/fr\/#\/schema\/logo\/image\/"},"sameAs":["https:\/\/www.facebook.com\/hotelalpontemocenigovenice\/"]}]}},"_links":{"self":[{"href":"https:\/\/alpontemocenigo.com\/fr\/wp-json\/wp\/v2\/pages\/5892","targetHints":{"allow":["GET"]}}],"collection":[{"href":"https:\/\/alpontemocenigo.com\/fr\/wp-json\/wp\/v2\/pages"}],"about":[{"href":"https:\/\/alpontemocenigo.com\/fr\/wp-json\/wp\/v2\/types\/page"}],"author":[{"embeddable":true,"href":"https:\/\/alpontemocenigo.com\/fr\/wp-json\/wp\/v2\/users\/1"}],"replies":[{"embeddable":true,"href":"https:\/\/alpontemocenigo.com\/fr\/wp-json\/wp\/v2\/comments?post=5892"}],"version-history":[{"count":3,"href":"https:\/\/alpontemocenigo.com\/fr\/wp-json\/wp\/v2\/pages\/5892\/revisions"}],"predecessor-version":[{"id":6398,"href":"https:\/\/alpontemocenigo.com\/fr\/wp-json\/wp\/v2\/pages\/5892\/revisions\/6398"}],"wp:featuredmedia":[{"embeddable":true,"href":"https:\/\/alpontemocenigo.com\/fr\/wp-json\/wp\/v2\/media\/5883"}],"wp:attachment":[{"href":"https:\/\/alpontemocenigo.com\/fr\/wp-json\/wp\/v2\/media?parent=5892"}],"curies":[{"name":"wp","href":"https:\/\/api.w.org\/{rel}","templated":true}]}}