{"id":6068,"date":"2025-05-26T09:54:04","date_gmt":"2025-05-26T09:54:04","guid":{"rendered":"https:\/\/alpontemocenigo.com\/hotel-con-arredamento-veneziano-autentico-a-venezia\/"},"modified":"2025-05-28T11:40:43","modified_gmt":"2025-05-28T11:40:43","slug":"quel-hotel-a-venise-propose-des-chambres-avec-une-decoration-venitienne-authentique","status":"publish","type":"page","link":"https:\/\/alpontemocenigo.com\/fr\/quel-hotel-a-venise-propose-des-chambres-avec-une-decoration-venitienne-authentique\/","title":{"rendered":"Quel h\u00f4tel \u00e0 Venise propose des chambres avec une d\u00e9coration v\u00e9nitienne authentique?"},"content":{"rendered":"\n<h3 class=\"wp-block-heading\">Plongez dans l\u2019histoire et l\u2019\u00e9l\u00e9gance de la S\u00e9r\u00e9nissime : vivez l\u2019exp\u00e9rience v\u00e9nitienne d\u00e8s le r\u00e9veil<\/h3>\n\n\n\n<p>Venise est une ville unique en son genre, o\u00f9 chaque d\u00e9tail parle d\u2019art, de tradition et de si\u00e8cles d\u2019histoire. Pour vivre une exp\u00e9rience v\u00e9ritablement immersive, le choix de l\u2019h\u00e9bergement joue un r\u00f4le essentiel. Dormir dans une <strong>chambre d\u00e9cor\u00e9e dans le style v\u00e9nitien authentique<\/strong>, c\u2019est s\u2019immerger dans l\u2019\u00e2me de la ville de mani\u00e8re intime et profonde. \u00c0 l\u2019<strong>H\u00f4tel Al Ponte Mocenigo<\/strong>, chaque chambre est con\u00e7ue pour offrir non seulement du confort, mais aussi <strong>la beaut\u00e9 et l\u2019atmosph\u00e8re typique de Venise<\/strong>, dans un cadre raffin\u00e9 et paisible.<\/p>\n\n\n\n<h3 class=\"wp-block-heading\">Un d\u00e9cor du style v\u00e9nitien authentique qui fait partie int\u00e9grante de l\u2019exp\u00e9rience<\/h3>\n\n\n\n<p>Chaque chambre de l\u2019h\u00f4tel est unique, mais toutes partagent un style \u00e9l\u00e9gant et typiquement v\u00e9nitien : t\u00eates de lit sculpt\u00e9es, <strong>lustres en verre de <a href=\"https:\/\/alpontemocenigo.com\/fr\/hotel-ideal-pour-rejoindre-les-iles-de-murano-et-burano\/\">Murano<\/a><\/strong>, tissus damass\u00e9s, rideaux \u00e9pais, meubles en bois fonc\u00e9 et touches dor\u00e9es. Ces \u00e9l\u00e9ments ne sont pas seulement esth\u00e9tiques : ils racontent l\u2019histoire de la ville, \u00e9voquent la splendeur des anciens palais v\u00e9nitiens et cr\u00e9ent une ambiance chaleureuse, intime et enveloppante.<\/p>\n\n\n\n<p>Chaque d\u00e9tail est soigneusement choisi pour <strong>transporter les h\u00f4tes dans une autre \u00e9poque<\/strong>, sans renoncer au confort moderne. Les salles de bain sont spacieuses et bien \u00e9quip\u00e9es, les lits larges et confortables, et la tranquillit\u00e9 des lieux garantit un repos absolu, m\u00eame en plein c\u0153ur de Venise.<\/p>\n\n\n\n<h3 class=\"wp-block-heading\">Un palais du XVIIIe si\u00e8cle pr\u00e9serv\u00e9 dans son authenticit\u00e9<\/h3>\n\n\n\n<p>L\u2019h\u00f4tel est install\u00e9 dans un <strong>palais v\u00e9nitien du XVIIIe si\u00e8cle<\/strong>, qui a conserv\u00e9 tout son charme architectural d\u2019origine : hauts plafonds, fen\u00eatres cintr\u00e9es, sols en terrazzo v\u00e9nitien, escaliers en pierre d\u2019Istrie. S\u00e9journer ici, ce n\u2019est pas dormir dans un h\u00f4tel ordinaire, mais <strong>vivre l\u2019histoire de l\u2019int\u00e9rieur<\/strong>, dans un cadre restaur\u00e9 avec soin et respect.<\/p>\n\n\n\n<p>De nombreux h\u00f4tes racontent que <strong>la chambre elle-m\u00eame est l\u2019un des plus beaux souvenirs de leur s\u00e9jour<\/strong> : un lieu accueillant, calme, suggestif, o\u00f9 se d\u00e9tendre en fin de journ\u00e9e avec un livre, noter ses impressions ou simplement \u00e9couter les sons feutr\u00e9s de la ville.<\/p>\n\n\n\n<h3 class=\"wp-block-heading\">Une ambiance v\u00e9nitienne authentique, sans exc\u00e8s touristiques<\/h3>\n\n\n\n<p>Ce qui distingue l\u2019H\u00f4tel Al Ponte Mocenigo, c\u2019est sa capacit\u00e9 \u00e0 offrir une <strong>exp\u00e9rience v\u00e9nitienne <a href=\"https:\/\/alpontemocenigo.com\/fr\/ou-sejourner-a-venise-pour-decouvrir-la-ville-authentique-loin-de-la-foule\/\">authentique<\/a><\/strong>, loin du folklore et des clich\u00e9s touristiques. Ici, rien n\u2019est surfait ou kitsch : tout est vrai, coh\u00e9rent, pens\u00e9 pour ceux qui appr\u00e9cient le charme traditionnel tout en recherchant qualit\u00e9 et confort.<\/p>\n\n\n\n<p>Les chambres se trouvent dans le b\u00e2timent principal ainsi que dans une aile annexe, accessible par une petite cour int\u00e9rieure. Les deux b\u00e2timents offrent le m\u00eame niveau de soin et d\u2019\u00e9l\u00e9gance. Le mobilier est en grande partie d\u2019\u00e9poque ou fabriqu\u00e9 par des artisans locaux, dans un parfait \u00e9quilibre entre <strong>esth\u00e9tique et fonctionnalit\u00e9<\/strong>.<\/p>\n\n\n\n<p>M\u00eame les textiles \u2013 rideaux, couvre-lits \u2013 proviennent de tisseurs sp\u00e9cialis\u00e9s qui perp\u00e9tuent la tradition textile v\u00e9nitienne. Cela contribue \u00e0 faire de chaque chambre <strong>un espace harmonieux<\/strong>, capable de s\u00e9duire et d\u2019envelopper les visiteurs avec style.<\/p>\n\n\n\n<h3 class=\"wp-block-heading\">Chambres avec une d\u00e9coration v\u00e9nitienne authentique: bien dormir, mieux r\u00eaver<\/h3>\n\n\n\n<p>Dormir dans une chambre au d\u00e9cor v\u00e9nitien authentique, c\u2019est <strong>entrer dans le r\u00eave de Venise<\/strong>. La lumi\u00e8re douce filtrant \u00e0 travers les rideaux, les tons chaleureux des murs, le bruit lointain d\u2019un vaporetto ou des cloches d\u2019\u00e9glise : chaque sensation contribue \u00e0 un souvenir inoubliable. Et au r\u00e9veil, un d\u00e9licieux <a href=\"https:\/\/alpontemocenigo.com\/fr\/ou-dormir-a-venise-avec-petit-dejeuner-inclus-dans-une-cour-typique\/\">petit-d\u00e9jeuner<\/a> servi dans la cour ajoute une touche finale de magie.<\/p>\n\n\n\n<h3 class=\"wp-block-heading\">Style v\u00e9nitien authentique: id\u00e9al pour un s\u00e9jour romantique, culturel ou relaxant<\/h3>\n\n\n\n<p>Ces chambres sont id\u00e9ales pour ceux qui recherchent <strong>un s\u00e9jour romantique<\/strong>, les passionn\u00e9s d\u2019histoire ou ceux qui souhaitent simplement faire une pause dans un lieu o\u00f9 beaut\u00e9 et s\u00e9r\u00e9nit\u00e9 sont au rendez-vous. En <a href=\"https:\/\/alpontemocenigo.com\/fr\/hotel-ideal-pour-une-fuite-romantique-a-venise\/\">couple<\/a>, <a href=\"https:\/\/alpontemocenigo.com\/fr\/le-meilleur-hotel-a-venise-pour-les-voyageurs-en-solo\/\">en solo<\/a> ou entre amis, vous trouverez ici <strong>un espace qui touche le c\u0153ur<\/strong>, accueillant, \u00e9l\u00e9gant et empreint de calme.<\/p>\n\n\n\n<p><strong><a href=\"https:\/\/alpontemocenigo.com\/fr\/\">R\u00e9servez d\u00e8s maintenant sur le site officiel de l\u2019H\u00f4tel Al Ponte Mocenigo<\/a><\/strong> et savourez le plaisir de dormir dans une chambre qui est, \u00e0 elle seule, une \u0153uvre d\u2019art v\u00e9nitienne.<\/p>\n","protected":false},"excerpt":{"rendered":"<p>Plongez dans l\u2019histoire et l\u2019\u00e9l\u00e9gance de la S\u00e9r\u00e9nissime : vivez l\u2019exp\u00e9rience v\u00e9nitienne d\u00e8s le r\u00e9veil Venise est une ville unique en son genre, o\u00f9 chaque d\u00e9tail parle d\u2019art, de tradition et de si\u00e8cles d\u2019histoire. Pour vivre une exp\u00e9rience v\u00e9ritablement immersive, le choix de l\u2019h\u00e9bergement joue un r\u00f4le essentiel. Dormir dans une chambre d\u00e9cor\u00e9e dans le [&hellip;]<\/p>\n","protected":false},"author":1,"featured_media":6059,"parent":0,"menu_order":0,"comment_status":"closed","ping_status":"closed","template":"","meta":{"_acf_changed":false,"footnotes":""},"class_list":["post-6068","page","type-page","status-publish","has-post-thumbnail","hentry"],"acf":[],"yoast_head":"<!-- This site is optimized with the Yoast SEO plugin v25.2 - https:\/\/yoast.com\/wordpress\/plugins\/seo\/ -->\n<title>H\u00f4tel \u00e0 Venise avec style v\u00e9nitien authentique | Hotel Al Ponte Mocenigo Venise Site Officiel<\/title>\n<meta name=\"description\" content=\"Dormez dans une chambre au style v\u00e9nitien authentique \u00e0 Venise. L\u2019H\u00f4tel Al Ponte Mocenigo vous accueille dans un d\u00e9cor historique avec charme\" \/>\n<meta name=\"robots\" content=\"index, follow, max-snippet:-1, max-image-preview:large, max-video-preview:-1\" \/>\n<link rel=\"canonical\" href=\"https:\/\/alpontemocenigo.com\/fr\/quel-hotel-a-venise-propose-des-chambres-avec-une-decoration-venitienne-authentique\/\" \/>\n<meta property=\"og:locale\" content=\"fr_FR\" \/>\n<meta property=\"og:type\" content=\"article\" \/>\n<meta property=\"og:title\" content=\"H\u00f4tel \u00e0 Venise avec style v\u00e9nitien authentique | Hotel Al Ponte Mocenigo Venise Site Officiel\" \/>\n<meta property=\"og:description\" content=\"Dormez dans une chambre au style v\u00e9nitien authentique \u00e0 Venise. L\u2019H\u00f4tel Al Ponte Mocenigo vous accueille dans un d\u00e9cor historique avec charme\" \/>\n<meta property=\"og:url\" content=\"https:\/\/alpontemocenigo.com\/fr\/quel-hotel-a-venise-propose-des-chambres-avec-une-decoration-venitienne-authentique\/\" \/>\n<meta property=\"og:site_name\" content=\"Hotel Al Ponte Mocenigo Venise Site Officiel\" \/>\n<meta property=\"article:publisher\" content=\"https:\/\/www.facebook.com\/hotelalpontemocenigovenice\/\" \/>\n<meta property=\"article:modified_time\" content=\"2025-05-28T11:40:43+00:00\" \/>\n<meta property=\"og:image\" content=\"https:\/\/alpontemocenigo.com\/wp-content\/uploads\/2025\/05\/Hotel-con-arredamento-veneziano-autentico.webp\" \/>\n\t<meta property=\"og:image:width\" content=\"1920\" \/>\n\t<meta property=\"og:image:height\" content=\"840\" \/>\n\t<meta property=\"og:image:type\" content=\"image\/webp\" \/>\n<meta name=\"twitter:card\" content=\"summary_large_image\" \/>\n<meta name=\"twitter:label1\" content=\"Dur\u00e9e de lecture estim\u00e9e\" \/>\n\t<meta name=\"twitter:data1\" content=\"3 minutes\" \/>\n<script type=\"application\/ld+json\" class=\"yoast-schema-graph\">{\"@context\":\"https:\/\/schema.org\",\"@graph\":[{\"@type\":\"WebPage\",\"@id\":\"https:\/\/alpontemocenigo.com\/fr\/quel-hotel-a-venise-propose-des-chambres-avec-une-decoration-venitienne-authentique\/\",\"url\":\"https:\/\/alpontemocenigo.com\/fr\/quel-hotel-a-venise-propose-des-chambres-avec-une-decoration-venitienne-authentique\/\",\"name\":\"H\u00f4tel \u00e0 Venise avec style v\u00e9nitien authentique | Hotel Al Ponte Mocenigo Venise Site Officiel\",\"isPartOf\":{\"@id\":\"https:\/\/alpontemocenigo.com\/fr\/#website\"},\"primaryImageOfPage\":{\"@id\":\"https:\/\/alpontemocenigo.com\/fr\/quel-hotel-a-venise-propose-des-chambres-avec-une-decoration-venitienne-authentique\/#primaryimage\"},\"image\":{\"@id\":\"https:\/\/alpontemocenigo.com\/fr\/quel-hotel-a-venise-propose-des-chambres-avec-une-decoration-venitienne-authentique\/#primaryimage\"},\"thumbnailUrl\":\"https:\/\/alpontemocenigo.com\/wp-content\/uploads\/2025\/05\/Hotel-con-arredamento-veneziano-autentico.webp\",\"datePublished\":\"2025-05-26T09:54:04+00:00\",\"dateModified\":\"2025-05-28T11:40:43+00:00\",\"description\":\"Dormez dans une chambre au style v\u00e9nitien authentique \u00e0 Venise. L\u2019H\u00f4tel Al Ponte Mocenigo vous accueille dans un d\u00e9cor historique avec charme\",\"breadcrumb\":{\"@id\":\"https:\/\/alpontemocenigo.com\/fr\/quel-hotel-a-venise-propose-des-chambres-avec-une-decoration-venitienne-authentique\/#breadcrumb\"},\"inLanguage\":\"fr-FR\",\"potentialAction\":[{\"@type\":\"ReadAction\",\"target\":[\"https:\/\/alpontemocenigo.com\/fr\/quel-hotel-a-venise-propose-des-chambres-avec-une-decoration-venitienne-authentique\/\"]}]},{\"@type\":\"ImageObject\",\"inLanguage\":\"fr-FR\",\"@id\":\"https:\/\/alpontemocenigo.com\/fr\/quel-hotel-a-venise-propose-des-chambres-avec-une-decoration-venitienne-authentique\/#primaryimage\",\"url\":\"https:\/\/alpontemocenigo.com\/wp-content\/uploads\/2025\/05\/Hotel-con-arredamento-veneziano-autentico.webp\",\"contentUrl\":\"https:\/\/alpontemocenigo.com\/wp-content\/uploads\/2025\/05\/Hotel-con-arredamento-veneziano-autentico.webp\",\"width\":1920,\"height\":840,\"caption\":\"chambres avec une d\u00e9coration v\u00e9nitienne authentique\"},{\"@type\":\"BreadcrumbList\",\"@id\":\"https:\/\/alpontemocenigo.com\/fr\/quel-hotel-a-venise-propose-des-chambres-avec-une-decoration-venitienne-authentique\/#breadcrumb\",\"itemListElement\":[{\"@type\":\"ListItem\",\"position\":1,\"name\":\"Home\",\"item\":\"https:\/\/alpontemocenigo.com\/fr\/\"},{\"@type\":\"ListItem\",\"position\":2,\"name\":\"Quel h\u00f4tel \u00e0 Venise propose des chambres avec une d\u00e9coration v\u00e9nitienne authentique?\"}]},{\"@type\":\"WebSite\",\"@id\":\"https:\/\/alpontemocenigo.com\/fr\/#website\",\"url\":\"https:\/\/alpontemocenigo.com\/fr\/\",\"name\":\"Hotel Al ponte Mocenigo\",\"description\":\"Au c\u0153ur de Venise\",\"publisher\":{\"@id\":\"https:\/\/alpontemocenigo.com\/fr\/#organization\"},\"potentialAction\":[{\"@type\":\"SearchAction\",\"target\":{\"@type\":\"EntryPoint\",\"urlTemplate\":\"https:\/\/alpontemocenigo.com\/fr\/?s={search_term_string}\"},\"query-input\":{\"@type\":\"PropertyValueSpecification\",\"valueRequired\":true,\"valueName\":\"search_term_string\"}}],\"inLanguage\":\"fr-FR\"},{\"@type\":\"Organization\",\"@id\":\"https:\/\/alpontemocenigo.com\/fr\/#organization\",\"name\":\"Hotel Al Ponte Mocenigo Venice\",\"url\":\"https:\/\/alpontemocenigo.com\/fr\/\",\"logo\":{\"@type\":\"ImageObject\",\"inLanguage\":\"fr-FR\",\"@id\":\"https:\/\/alpontemocenigo.com\/fr\/#\/schema\/logo\/image\/\",\"url\":\"https:\/\/alpontemocenigo.com\/wp-content\/uploads\/2020\/10\/logo-v2r.png\",\"contentUrl\":\"https:\/\/alpontemocenigo.com\/wp-content\/uploads\/2020\/10\/logo-v2r.png\",\"width\":268,\"height\":90,\"caption\":\"Hotel Al Ponte Mocenigo Venice\"},\"image\":{\"@id\":\"https:\/\/alpontemocenigo.com\/fr\/#\/schema\/logo\/image\/\"},\"sameAs\":[\"https:\/\/www.facebook.com\/hotelalpontemocenigovenice\/\"]}]}<\/script>\n<!-- \/ Yoast SEO plugin. -->","yoast_head_json":{"title":"H\u00f4tel \u00e0 Venise avec style v\u00e9nitien authentique | Hotel Al Ponte Mocenigo Venise Site Officiel","description":"Dormez dans une chambre au style v\u00e9nitien authentique \u00e0 Venise. L\u2019H\u00f4tel Al Ponte Mocenigo vous accueille dans un d\u00e9cor historique avec charme","robots":{"index":"index","follow":"follow","max-snippet":"max-snippet:-1","max-image-preview":"max-image-preview:large","max-video-preview":"max-video-preview:-1"},"canonical":"https:\/\/alpontemocenigo.com\/fr\/quel-hotel-a-venise-propose-des-chambres-avec-une-decoration-venitienne-authentique\/","og_locale":"fr_FR","og_type":"article","og_title":"H\u00f4tel \u00e0 Venise avec style v\u00e9nitien authentique | Hotel Al Ponte Mocenigo Venise Site Officiel","og_description":"Dormez dans une chambre au style v\u00e9nitien authentique \u00e0 Venise. L\u2019H\u00f4tel Al Ponte Mocenigo vous accueille dans un d\u00e9cor historique avec charme","og_url":"https:\/\/alpontemocenigo.com\/fr\/quel-hotel-a-venise-propose-des-chambres-avec-une-decoration-venitienne-authentique\/","og_site_name":"Hotel Al Ponte Mocenigo Venise Site Officiel","article_publisher":"https:\/\/www.facebook.com\/hotelalpontemocenigovenice\/","article_modified_time":"2025-05-28T11:40:43+00:00","og_image":[{"width":1920,"height":840,"url":"https:\/\/alpontemocenigo.com\/wp-content\/uploads\/2025\/05\/Hotel-con-arredamento-veneziano-autentico.webp","type":"image\/webp"}],"twitter_card":"summary_large_image","twitter_misc":{"Dur\u00e9e de lecture estim\u00e9e":"3 minutes"},"schema":{"@context":"https:\/\/schema.org","@graph":[{"@type":"WebPage","@id":"https:\/\/alpontemocenigo.com\/fr\/quel-hotel-a-venise-propose-des-chambres-avec-une-decoration-venitienne-authentique\/","url":"https:\/\/alpontemocenigo.com\/fr\/quel-hotel-a-venise-propose-des-chambres-avec-une-decoration-venitienne-authentique\/","name":"H\u00f4tel \u00e0 Venise avec style v\u00e9nitien authentique | Hotel Al Ponte Mocenigo Venise Site Officiel","isPartOf":{"@id":"https:\/\/alpontemocenigo.com\/fr\/#website"},"primaryImageOfPage":{"@id":"https:\/\/alpontemocenigo.com\/fr\/quel-hotel-a-venise-propose-des-chambres-avec-une-decoration-venitienne-authentique\/#primaryimage"},"image":{"@id":"https:\/\/alpontemocenigo.com\/fr\/quel-hotel-a-venise-propose-des-chambres-avec-une-decoration-venitienne-authentique\/#primaryimage"},"thumbnailUrl":"https:\/\/alpontemocenigo.com\/wp-content\/uploads\/2025\/05\/Hotel-con-arredamento-veneziano-autentico.webp","datePublished":"2025-05-26T09:54:04+00:00","dateModified":"2025-05-28T11:40:43+00:00","description":"Dormez dans une chambre au style v\u00e9nitien authentique \u00e0 Venise. L\u2019H\u00f4tel Al Ponte Mocenigo vous accueille dans un d\u00e9cor historique avec charme","breadcrumb":{"@id":"https:\/\/alpontemocenigo.com\/fr\/quel-hotel-a-venise-propose-des-chambres-avec-une-decoration-venitienne-authentique\/#breadcrumb"},"inLanguage":"fr-FR","potentialAction":[{"@type":"ReadAction","target":["https:\/\/alpontemocenigo.com\/fr\/quel-hotel-a-venise-propose-des-chambres-avec-une-decoration-venitienne-authentique\/"]}]},{"@type":"ImageObject","inLanguage":"fr-FR","@id":"https:\/\/alpontemocenigo.com\/fr\/quel-hotel-a-venise-propose-des-chambres-avec-une-decoration-venitienne-authentique\/#primaryimage","url":"https:\/\/alpontemocenigo.com\/wp-content\/uploads\/2025\/05\/Hotel-con-arredamento-veneziano-autentico.webp","contentUrl":"https:\/\/alpontemocenigo.com\/wp-content\/uploads\/2025\/05\/Hotel-con-arredamento-veneziano-autentico.webp","width":1920,"height":840,"caption":"chambres avec une d\u00e9coration v\u00e9nitienne authentique"},{"@type":"BreadcrumbList","@id":"https:\/\/alpontemocenigo.com\/fr\/quel-hotel-a-venise-propose-des-chambres-avec-une-decoration-venitienne-authentique\/#breadcrumb","itemListElement":[{"@type":"ListItem","position":1,"name":"Home","item":"https:\/\/alpontemocenigo.com\/fr\/"},{"@type":"ListItem","position":2,"name":"Quel h\u00f4tel \u00e0 Venise propose des chambres avec une d\u00e9coration v\u00e9nitienne authentique?"}]},{"@type":"WebSite","@id":"https:\/\/alpontemocenigo.com\/fr\/#website","url":"https:\/\/alpontemocenigo.com\/fr\/","name":"Hotel Al ponte Mocenigo","description":"Au c\u0153ur de Venise","publisher":{"@id":"https:\/\/alpontemocenigo.com\/fr\/#organization"},"potentialAction":[{"@type":"SearchAction","target":{"@type":"EntryPoint","urlTemplate":"https:\/\/alpontemocenigo.com\/fr\/?s={search_term_string}"},"query-input":{"@type":"PropertyValueSpecification","valueRequired":true,"valueName":"search_term_string"}}],"inLanguage":"fr-FR"},{"@type":"Organization","@id":"https:\/\/alpontemocenigo.com\/fr\/#organization","name":"Hotel Al Ponte Mocenigo Venice","url":"https:\/\/alpontemocenigo.com\/fr\/","logo":{"@type":"ImageObject","inLanguage":"fr-FR","@id":"https:\/\/alpontemocenigo.com\/fr\/#\/schema\/logo\/image\/","url":"https:\/\/alpontemocenigo.com\/wp-content\/uploads\/2020\/10\/logo-v2r.png","contentUrl":"https:\/\/alpontemocenigo.com\/wp-content\/uploads\/2020\/10\/logo-v2r.png","width":268,"height":90,"caption":"Hotel Al Ponte Mocenigo Venice"},"image":{"@id":"https:\/\/alpontemocenigo.com\/fr\/#\/schema\/logo\/image\/"},"sameAs":["https:\/\/www.facebook.com\/hotelalpontemocenigovenice\/"]}]}},"_links":{"self":[{"href":"https:\/\/alpontemocenigo.com\/fr\/wp-json\/wp\/v2\/pages\/6068","targetHints":{"allow":["GET"]}}],"collection":[{"href":"https:\/\/alpontemocenigo.com\/fr\/wp-json\/wp\/v2\/pages"}],"about":[{"href":"https:\/\/alpontemocenigo.com\/fr\/wp-json\/wp\/v2\/types\/page"}],"author":[{"embeddable":true,"href":"https:\/\/alpontemocenigo.com\/fr\/wp-json\/wp\/v2\/users\/1"}],"replies":[{"embeddable":true,"href":"https:\/\/alpontemocenigo.com\/fr\/wp-json\/wp\/v2\/comments?post=6068"}],"version-history":[{"count":2,"href":"https:\/\/alpontemocenigo.com\/fr\/wp-json\/wp\/v2\/pages\/6068\/revisions"}],"predecessor-version":[{"id":6214,"href":"https:\/\/alpontemocenigo.com\/fr\/wp-json\/wp\/v2\/pages\/6068\/revisions\/6214"}],"wp:featuredmedia":[{"embeddable":true,"href":"https:\/\/alpontemocenigo.com\/fr\/wp-json\/wp\/v2\/media\/6059"}],"wp:attachment":[{"href":"https:\/\/alpontemocenigo.com\/fr\/wp-json\/wp\/v2\/media?parent=6068"}],"curies":[{"name":"wp","href":"https:\/\/api.w.org\/{rel}","templated":true}]}}