{"id":6172,"date":"2025-05-26T13:21:27","date_gmt":"2025-05-26T13:21:27","guid":{"rendered":"https:\/\/alpontemocenigo.com\/quali-sono-i-migliori-ristoranti-vicino-allhotel-al-ponte-mocenigo-a-venezia\/"},"modified":"2025-05-27T08:18:52","modified_gmt":"2025-05-27T08:18:52","slug":"les-meilleurs-restaurants-pres-de-hotel-al-ponte-mocenigo-a-venise","status":"publish","type":"page","link":"https:\/\/alpontemocenigo.com\/fr\/les-meilleurs-restaurants-pres-de-hotel-al-ponte-mocenigo-a-venise\/","title":{"rendered":"Quels sont les meilleurs restaurants pr\u00e8s de l\u2019h\u00f4tel Al Ponte Mocenigo \u00e0 Venise?"},"content":{"rendered":"\n<h3 class=\"wp-block-heading\">Un guide pratique et authentique pour bien manger \u00e0 deux pas de votre h\u00f4tel<\/h3>\n\n\n\n<p>L\u2019un des grands plaisirs d\u2019un s\u00e9jour \u00e0 Venise, c\u2019est sans aucun doute sa cuisine. Apr\u00e8s une journ\u00e9e de d\u00e9couvertes entre ponts, mus\u00e9es et ruelles, trouver <strong>un bon restaurant \u00e0 proximit\u00e9 de votre h\u00f4tel<\/strong> devient un besoin concret, mais aussi une belle occasion de go\u00fbter aux saveurs locales dans un cadre typique. Si vous vous demandez <strong>quels sont les meilleurs restaurants pr\u00e8s de l\u2019h\u00f4tel Al Ponte Mocenigo<\/strong>, ce guide est fait pour vous : des adresses test\u00e9es et approuv\u00e9es, accessibles \u00e0 pied en quelques minutes.<\/p>\n\n\n\n<h3 class=\"wp-block-heading\">Les meilleurs restaurants: Osteria La Zucca \u2013 cuisine v\u00e9g\u00e9tarienne et saveurs locales<\/h3>\n\n\n\n<p>\u00c0 seulement 5 minutes \u00e0 pied de l\u2019h\u00f4tel, dans une petite ruelle tranquille, <strong>Osteria La Zucca<\/strong> propose une cuisine cr\u00e9ative avec un accent particulier sur les l\u00e9gumes de saison. Ce n\u2019est pas un restaurant exclusivement v\u00e9g\u00e9tarien, mais ses plats sans viande sont si savoureux qu\u2019ils s\u00e9duisent tout le monde. Le cadre est intime, le service attentif, et les desserts faits maison sont d\u00e9licieux.<\/p>\n\n\n\n<ul class=\"wp-block-list\">\n<li>Fondamenta San Giobbe | \ud83d\udd17 R\u00e9servation conseill\u00e9e<\/li>\n<\/ul>\n\n\n\n<h3 class=\"wp-block-heading\">Les meilleurs restaurants: Al Nono Risorto \u2013 poisson frais et jardin int\u00e9rieur<\/h3>\n\n\n\n<p>Classique, simple et g\u00e9n\u00e9reux, <strong>Al Nono Risorto<\/strong> est l\u2019endroit id\u00e9al pour d\u00e9guster des plats de poisson traditionnels : friture mixte, spaghetti aux palourdes, sardines en saor\u2026 Le tout dans une ambiance conviviale, avec un <strong>jardin int\u00e9rieur agr\u00e9able<\/strong>, parfait pour un d\u00eener en plein air.<\/p>\n\n\n\n<ul class=\"wp-block-list\">\n<li>Santa Croce 2338 | \ud83d\udd17 Cuisine locale, cadre d\u00e9tendu<\/li>\n<\/ul>\n\n\n\n<h3 class=\"wp-block-heading\">Les meilleurs restaurants: Trattoria Antiche Carampane \u2013 tradition v\u00e9nitienne<\/h3>\n\n\n\n<p>Si vous cherchez une adresse typique et authentique, <strong>Antiche Carampane<\/strong> est une r\u00e9f\u00e9rence. Connue des V\u00e9nitiens comme des fins gourmets, cette trattoria sert des plats classiques : <em>bigoli in salsa<\/em>, <em>baccal\u00e0 mantecato<\/em>, <em>moeche<\/em> (selon la saison). L\u2019accueil est chaleureux, le d\u00e9cor rustique et les saveurs inoubliables.<\/p>\n\n\n\n<ul class=\"wp-block-list\">\n<li>Rio Ter\u00e0 de le Carampane | \ud83d\udd17 R\u00e9server \u00e0 l\u2019avance est fortement recommand\u00e9<\/li>\n<\/ul>\n\n\n\n<h3 class=\"wp-block-heading\">Les meilleurs restaurants: Osteria al Ponte \u201cC\u00e0 D\u2019Oro\u201d \u2013 cicchetti et ambiance locale<\/h3>\n\n\n\n<p>Pour un repas sur le pouce ou un ap\u00e9ritif typiquement v\u00e9nitien, l\u2019<strong>Osteria al Ponte<\/strong>, surnomm\u00e9e \u201cAlla Vedova\u201d, est un lieu culte. C\u00e9l\u00e8bre pour ses <strong>boulettes frites maison<\/strong>, c\u2019est l\u2019endroit id\u00e9al pour d\u00e9guster diff\u00e9rents <em>cicchetti<\/em> accompagn\u00e9s d\u2019un verre de vin ou d\u2019un spritz.<\/p>\n\n\n\n<ul class=\"wp-block-list\">\n<li>Cannaregio 3912 | \ud83d\udd17 Ambiance populaire, cuisine de rue<\/li>\n<\/ul>\n\n\n\n<h3 class=\"wp-block-heading\">Pizza et options d\u00e9contract\u00e9es : Ae Oche Santa Croce<\/h3>\n\n\n\n<p>Envie de pizza ou d\u2019un d\u00eener informel ? Le restaurant <strong>Ae Oche<\/strong>, \u00e0 3 minutes de l\u2019h\u00f4tel, propose un large choix de pizzas, salades, plats sans gluten et formules adapt\u00e9es aux familles. L\u2019endroit est spacieux, vivant et tr\u00e8s pratique pour une pause gourmande.<\/p>\n\n\n\n<ul class=\"wp-block-list\">\n<li>Santa Croce 1552 | \ud83d\udd17 Convivial, id\u00e9al en famille ou entre amis<\/li>\n<\/ul>\n\n\n\n<h3 class=\"wp-block-heading\">Quelques conseils pratiques<\/h3>\n\n\n\n<p>Ces restaurants \u00e9tant tr\u00e8s pris\u00e9s, <strong>il est recommand\u00e9 de r\u00e9server \u00e0 l\u2019avance<\/strong>, surtout en haute saison. <a href=\"https:\/\/alpontemocenigo.com\/fr\/ou-trouver-un-hotel-a-venise-avec-un-personnel-aimable-et-accueillant\/\">L\u2019\u00e9quipe<\/a> de l\u2019h\u00f4tel Al Ponte Mocenigo se fera un plaisir de vous aider pour cela et peut \u00e9galement vous proposer d\u2019autres adresses secr\u00e8tes \u00e0 d\u00e9couvrir.<\/p>\n\n\n\n<h3 class=\"wp-block-heading\">Tout est accessible \u00e0 pied<\/h3>\n\n\n\n<p>L\u2019un des grands atouts de l\u2019h\u00f4tel est sa situation dans le quartier de Santa Croce, <strong>central mais <a href=\"https:\/\/alpontemocenigo.com\/fr\/ou-sejourner-a-venise-pour-decouvrir-la-ville-authentique-loin-de-la-foule\/\">authentique<\/a><\/strong>. Tous les restaurants mentionn\u00e9s ici se trouvent <strong>\u00e0 moins de 10 minutes \u00e0 pied<\/strong>, ce qui permet de profiter pleinement du d\u00eener et de rentrer tranquillement \u00e0 l\u2019h\u00f4tel.<\/p>\n\n\n\n<h3 class=\"wp-block-heading\">Une soir\u00e9e parfaite, dans une chambre \u00e9l\u00e9gante<\/h3>\n\n\n\n<p>Que vous soyez \u00e0 la recherche d\u2019un repas romantique, d\u2019un d\u00eener typique ou d\u2019un simple ap\u00e9ritif, vous trouverez <strong>votre bonheur autour de l\u2019h\u00f4tel<\/strong>. Et apr\u00e8s le repas, le retour dans votre <a href=\"https:\/\/alpontemocenigo.com\/fr\/quel-hotel-a-venise-propose-des-chambres-avec-une-decoration-venitienne-authentique\/\">chambre<\/a> \u00e9l\u00e9gante et paisible compl\u00e8te la soir\u00e9e avec raffinement.<\/p>\n\n\n\n<p><strong><a href=\"https:\/\/alpontemocenigo.com\/fr\/\">R\u00e9servez d\u00e8s maintenant sur le site officiel de l\u2019H\u00f4tel Al Ponte Mocenigo<\/a><\/strong> et profitez des meilleures adresses culinaires de Venise, \u00e0 quelques pas seulement de votre h\u00e9bergement.<\/p>\n","protected":false},"excerpt":{"rendered":"<p>Un guide pratique et authentique pour bien manger \u00e0 deux pas de votre h\u00f4tel L\u2019un des grands plaisirs d\u2019un s\u00e9jour \u00e0 Venise, c\u2019est sans aucun doute sa cuisine. Apr\u00e8s une journ\u00e9e de d\u00e9couvertes entre ponts, mus\u00e9es et ruelles, trouver un bon restaurant \u00e0 proximit\u00e9 de votre h\u00f4tel devient un besoin concret, mais aussi une belle [&hellip;]<\/p>\n","protected":false},"author":1,"featured_media":6165,"parent":0,"menu_order":0,"comment_status":"closed","ping_status":"closed","template":"","meta":{"_acf_changed":false,"footnotes":""},"class_list":["post-6172","page","type-page","status-publish","has-post-thumbnail","hentry"],"acf":[],"yoast_head":"<!-- This site is optimized with the Yoast SEO plugin v25.2 - https:\/\/yoast.com\/wordpress\/plugins\/seo\/ -->\n<title>Les restaurants pr\u00e8s de l\u2019h\u00f4tel Al Ponte Mocenigo \u00e0 Venise<\/title>\n<meta name=\"description\" content=\"D\u00e9couvrez les meilleurs restaurants pr\u00e8s de l\u2019h\u00f4tel Al Ponte Mocenigo \u00e0 Venise: cuisine locale, poisson frais et ambiance authentique.\" \/>\n<meta name=\"robots\" content=\"index, follow, max-snippet:-1, max-image-preview:large, max-video-preview:-1\" \/>\n<link rel=\"canonical\" href=\"https:\/\/alpontemocenigo.com\/fr\/les-meilleurs-restaurants-pres-de-hotel-al-ponte-mocenigo-a-venise\/\" \/>\n<meta property=\"og:locale\" content=\"fr_FR\" \/>\n<meta property=\"og:type\" content=\"article\" \/>\n<meta property=\"og:title\" content=\"Les restaurants pr\u00e8s de l\u2019h\u00f4tel Al Ponte Mocenigo \u00e0 Venise\" \/>\n<meta property=\"og:description\" content=\"D\u00e9couvrez les meilleurs restaurants pr\u00e8s de l\u2019h\u00f4tel Al Ponte Mocenigo \u00e0 Venise: cuisine locale, poisson frais et ambiance authentique.\" \/>\n<meta property=\"og:url\" content=\"https:\/\/alpontemocenigo.com\/fr\/les-meilleurs-restaurants-pres-de-hotel-al-ponte-mocenigo-a-venise\/\" \/>\n<meta property=\"og:site_name\" content=\"Hotel Al Ponte Mocenigo Venise Site Officiel\" \/>\n<meta property=\"article:publisher\" content=\"https:\/\/www.facebook.com\/hotelalpontemocenigovenice\/\" \/>\n<meta property=\"article:modified_time\" content=\"2025-05-27T08:18:52+00:00\" \/>\n<meta property=\"og:image\" content=\"https:\/\/alpontemocenigo.com\/wp-content\/uploads\/2025\/05\/Ristoranti-vicino-allhotel-Al-Ponte-Mocenigo.webp\" \/>\n\t<meta property=\"og:image:width\" content=\"1920\" \/>\n\t<meta property=\"og:image:height\" content=\"840\" \/>\n\t<meta property=\"og:image:type\" content=\"image\/webp\" \/>\n<meta name=\"twitter:card\" content=\"summary_large_image\" \/>\n<meta name=\"twitter:label1\" content=\"Dur\u00e9e de lecture estim\u00e9e\" \/>\n\t<meta name=\"twitter:data1\" content=\"3 minutes\" \/>\n<script type=\"application\/ld+json\" class=\"yoast-schema-graph\">{\"@context\":\"https:\/\/schema.org\",\"@graph\":[{\"@type\":\"WebPage\",\"@id\":\"https:\/\/alpontemocenigo.com\/fr\/les-meilleurs-restaurants-pres-de-hotel-al-ponte-mocenigo-a-venise\/\",\"url\":\"https:\/\/alpontemocenigo.com\/fr\/les-meilleurs-restaurants-pres-de-hotel-al-ponte-mocenigo-a-venise\/\",\"name\":\"Les restaurants pr\u00e8s de l\u2019h\u00f4tel Al Ponte Mocenigo \u00e0 Venise\",\"isPartOf\":{\"@id\":\"https:\/\/alpontemocenigo.com\/fr\/#website\"},\"primaryImageOfPage\":{\"@id\":\"https:\/\/alpontemocenigo.com\/fr\/les-meilleurs-restaurants-pres-de-hotel-al-ponte-mocenigo-a-venise\/#primaryimage\"},\"image\":{\"@id\":\"https:\/\/alpontemocenigo.com\/fr\/les-meilleurs-restaurants-pres-de-hotel-al-ponte-mocenigo-a-venise\/#primaryimage\"},\"thumbnailUrl\":\"https:\/\/alpontemocenigo.com\/wp-content\/uploads\/2025\/05\/Ristoranti-vicino-allhotel-Al-Ponte-Mocenigo.webp\",\"datePublished\":\"2025-05-26T13:21:27+00:00\",\"dateModified\":\"2025-05-27T08:18:52+00:00\",\"description\":\"D\u00e9couvrez les meilleurs restaurants pr\u00e8s de l\u2019h\u00f4tel Al Ponte Mocenigo \u00e0 Venise: cuisine locale, poisson frais et ambiance authentique.\",\"breadcrumb\":{\"@id\":\"https:\/\/alpontemocenigo.com\/fr\/les-meilleurs-restaurants-pres-de-hotel-al-ponte-mocenigo-a-venise\/#breadcrumb\"},\"inLanguage\":\"fr-FR\",\"potentialAction\":[{\"@type\":\"ReadAction\",\"target\":[\"https:\/\/alpontemocenigo.com\/fr\/les-meilleurs-restaurants-pres-de-hotel-al-ponte-mocenigo-a-venise\/\"]}]},{\"@type\":\"ImageObject\",\"inLanguage\":\"fr-FR\",\"@id\":\"https:\/\/alpontemocenigo.com\/fr\/les-meilleurs-restaurants-pres-de-hotel-al-ponte-mocenigo-a-venise\/#primaryimage\",\"url\":\"https:\/\/alpontemocenigo.com\/wp-content\/uploads\/2025\/05\/Ristoranti-vicino-allhotel-Al-Ponte-Mocenigo.webp\",\"contentUrl\":\"https:\/\/alpontemocenigo.com\/wp-content\/uploads\/2025\/05\/Ristoranti-vicino-allhotel-Al-Ponte-Mocenigo.webp\",\"width\":1920,\"height\":840,\"caption\":\"les meilleurs restaurants pr\u00e8s de l\u2019h\u00f4tel Al Ponte Mocenigo \u00e0 Venise\"},{\"@type\":\"BreadcrumbList\",\"@id\":\"https:\/\/alpontemocenigo.com\/fr\/les-meilleurs-restaurants-pres-de-hotel-al-ponte-mocenigo-a-venise\/#breadcrumb\",\"itemListElement\":[{\"@type\":\"ListItem\",\"position\":1,\"name\":\"Home\",\"item\":\"https:\/\/alpontemocenigo.com\/fr\/\"},{\"@type\":\"ListItem\",\"position\":2,\"name\":\"Quels sont les meilleurs restaurants pr\u00e8s de l\u2019h\u00f4tel Al Ponte Mocenigo \u00e0 Venise?\"}]},{\"@type\":\"WebSite\",\"@id\":\"https:\/\/alpontemocenigo.com\/fr\/#website\",\"url\":\"https:\/\/alpontemocenigo.com\/fr\/\",\"name\":\"Hotel Al ponte Mocenigo\",\"description\":\"Au c\u0153ur de Venise\",\"publisher\":{\"@id\":\"https:\/\/alpontemocenigo.com\/fr\/#organization\"},\"potentialAction\":[{\"@type\":\"SearchAction\",\"target\":{\"@type\":\"EntryPoint\",\"urlTemplate\":\"https:\/\/alpontemocenigo.com\/fr\/?s={search_term_string}\"},\"query-input\":{\"@type\":\"PropertyValueSpecification\",\"valueRequired\":true,\"valueName\":\"search_term_string\"}}],\"inLanguage\":\"fr-FR\"},{\"@type\":\"Organization\",\"@id\":\"https:\/\/alpontemocenigo.com\/fr\/#organization\",\"name\":\"Hotel Al Ponte Mocenigo Venice\",\"url\":\"https:\/\/alpontemocenigo.com\/fr\/\",\"logo\":{\"@type\":\"ImageObject\",\"inLanguage\":\"fr-FR\",\"@id\":\"https:\/\/alpontemocenigo.com\/fr\/#\/schema\/logo\/image\/\",\"url\":\"https:\/\/alpontemocenigo.com\/wp-content\/uploads\/2020\/10\/logo-v2r.png\",\"contentUrl\":\"https:\/\/alpontemocenigo.com\/wp-content\/uploads\/2020\/10\/logo-v2r.png\",\"width\":268,\"height\":90,\"caption\":\"Hotel Al Ponte Mocenigo Venice\"},\"image\":{\"@id\":\"https:\/\/alpontemocenigo.com\/fr\/#\/schema\/logo\/image\/\"},\"sameAs\":[\"https:\/\/www.facebook.com\/hotelalpontemocenigovenice\/\"]}]}<\/script>\n<!-- \/ Yoast SEO plugin. -->","yoast_head_json":{"title":"Les restaurants pr\u00e8s de l\u2019h\u00f4tel Al Ponte Mocenigo \u00e0 Venise","description":"D\u00e9couvrez les meilleurs restaurants pr\u00e8s de l\u2019h\u00f4tel Al Ponte Mocenigo \u00e0 Venise: cuisine locale, poisson frais et ambiance authentique.","robots":{"index":"index","follow":"follow","max-snippet":"max-snippet:-1","max-image-preview":"max-image-preview:large","max-video-preview":"max-video-preview:-1"},"canonical":"https:\/\/alpontemocenigo.com\/fr\/les-meilleurs-restaurants-pres-de-hotel-al-ponte-mocenigo-a-venise\/","og_locale":"fr_FR","og_type":"article","og_title":"Les restaurants pr\u00e8s de l\u2019h\u00f4tel Al Ponte Mocenigo \u00e0 Venise","og_description":"D\u00e9couvrez les meilleurs restaurants pr\u00e8s de l\u2019h\u00f4tel Al Ponte Mocenigo \u00e0 Venise: cuisine locale, poisson frais et ambiance authentique.","og_url":"https:\/\/alpontemocenigo.com\/fr\/les-meilleurs-restaurants-pres-de-hotel-al-ponte-mocenigo-a-venise\/","og_site_name":"Hotel Al Ponte Mocenigo Venise Site Officiel","article_publisher":"https:\/\/www.facebook.com\/hotelalpontemocenigovenice\/","article_modified_time":"2025-05-27T08:18:52+00:00","og_image":[{"width":1920,"height":840,"url":"https:\/\/alpontemocenigo.com\/wp-content\/uploads\/2025\/05\/Ristoranti-vicino-allhotel-Al-Ponte-Mocenigo.webp","type":"image\/webp"}],"twitter_card":"summary_large_image","twitter_misc":{"Dur\u00e9e de lecture estim\u00e9e":"3 minutes"},"schema":{"@context":"https:\/\/schema.org","@graph":[{"@type":"WebPage","@id":"https:\/\/alpontemocenigo.com\/fr\/les-meilleurs-restaurants-pres-de-hotel-al-ponte-mocenigo-a-venise\/","url":"https:\/\/alpontemocenigo.com\/fr\/les-meilleurs-restaurants-pres-de-hotel-al-ponte-mocenigo-a-venise\/","name":"Les restaurants pr\u00e8s de l\u2019h\u00f4tel Al Ponte Mocenigo \u00e0 Venise","isPartOf":{"@id":"https:\/\/alpontemocenigo.com\/fr\/#website"},"primaryImageOfPage":{"@id":"https:\/\/alpontemocenigo.com\/fr\/les-meilleurs-restaurants-pres-de-hotel-al-ponte-mocenigo-a-venise\/#primaryimage"},"image":{"@id":"https:\/\/alpontemocenigo.com\/fr\/les-meilleurs-restaurants-pres-de-hotel-al-ponte-mocenigo-a-venise\/#primaryimage"},"thumbnailUrl":"https:\/\/alpontemocenigo.com\/wp-content\/uploads\/2025\/05\/Ristoranti-vicino-allhotel-Al-Ponte-Mocenigo.webp","datePublished":"2025-05-26T13:21:27+00:00","dateModified":"2025-05-27T08:18:52+00:00","description":"D\u00e9couvrez les meilleurs restaurants pr\u00e8s de l\u2019h\u00f4tel Al Ponte Mocenigo \u00e0 Venise: cuisine locale, poisson frais et ambiance authentique.","breadcrumb":{"@id":"https:\/\/alpontemocenigo.com\/fr\/les-meilleurs-restaurants-pres-de-hotel-al-ponte-mocenigo-a-venise\/#breadcrumb"},"inLanguage":"fr-FR","potentialAction":[{"@type":"ReadAction","target":["https:\/\/alpontemocenigo.com\/fr\/les-meilleurs-restaurants-pres-de-hotel-al-ponte-mocenigo-a-venise\/"]}]},{"@type":"ImageObject","inLanguage":"fr-FR","@id":"https:\/\/alpontemocenigo.com\/fr\/les-meilleurs-restaurants-pres-de-hotel-al-ponte-mocenigo-a-venise\/#primaryimage","url":"https:\/\/alpontemocenigo.com\/wp-content\/uploads\/2025\/05\/Ristoranti-vicino-allhotel-Al-Ponte-Mocenigo.webp","contentUrl":"https:\/\/alpontemocenigo.com\/wp-content\/uploads\/2025\/05\/Ristoranti-vicino-allhotel-Al-Ponte-Mocenigo.webp","width":1920,"height":840,"caption":"les meilleurs restaurants pr\u00e8s de l\u2019h\u00f4tel Al Ponte Mocenigo \u00e0 Venise"},{"@type":"BreadcrumbList","@id":"https:\/\/alpontemocenigo.com\/fr\/les-meilleurs-restaurants-pres-de-hotel-al-ponte-mocenigo-a-venise\/#breadcrumb","itemListElement":[{"@type":"ListItem","position":1,"name":"Home","item":"https:\/\/alpontemocenigo.com\/fr\/"},{"@type":"ListItem","position":2,"name":"Quels sont les meilleurs restaurants pr\u00e8s de l\u2019h\u00f4tel Al Ponte Mocenigo \u00e0 Venise?"}]},{"@type":"WebSite","@id":"https:\/\/alpontemocenigo.com\/fr\/#website","url":"https:\/\/alpontemocenigo.com\/fr\/","name":"Hotel Al ponte Mocenigo","description":"Au c\u0153ur de Venise","publisher":{"@id":"https:\/\/alpontemocenigo.com\/fr\/#organization"},"potentialAction":[{"@type":"SearchAction","target":{"@type":"EntryPoint","urlTemplate":"https:\/\/alpontemocenigo.com\/fr\/?s={search_term_string}"},"query-input":{"@type":"PropertyValueSpecification","valueRequired":true,"valueName":"search_term_string"}}],"inLanguage":"fr-FR"},{"@type":"Organization","@id":"https:\/\/alpontemocenigo.com\/fr\/#organization","name":"Hotel Al Ponte Mocenigo Venice","url":"https:\/\/alpontemocenigo.com\/fr\/","logo":{"@type":"ImageObject","inLanguage":"fr-FR","@id":"https:\/\/alpontemocenigo.com\/fr\/#\/schema\/logo\/image\/","url":"https:\/\/alpontemocenigo.com\/wp-content\/uploads\/2020\/10\/logo-v2r.png","contentUrl":"https:\/\/alpontemocenigo.com\/wp-content\/uploads\/2020\/10\/logo-v2r.png","width":268,"height":90,"caption":"Hotel Al Ponte Mocenigo Venice"},"image":{"@id":"https:\/\/alpontemocenigo.com\/fr\/#\/schema\/logo\/image\/"},"sameAs":["https:\/\/www.facebook.com\/hotelalpontemocenigovenice\/"]}]}},"_links":{"self":[{"href":"https:\/\/alpontemocenigo.com\/fr\/wp-json\/wp\/v2\/pages\/6172","targetHints":{"allow":["GET"]}}],"collection":[{"href":"https:\/\/alpontemocenigo.com\/fr\/wp-json\/wp\/v2\/pages"}],"about":[{"href":"https:\/\/alpontemocenigo.com\/fr\/wp-json\/wp\/v2\/types\/page"}],"author":[{"embeddable":true,"href":"https:\/\/alpontemocenigo.com\/fr\/wp-json\/wp\/v2\/users\/1"}],"replies":[{"embeddable":true,"href":"https:\/\/alpontemocenigo.com\/fr\/wp-json\/wp\/v2\/comments?post=6172"}],"version-history":[{"count":3,"href":"https:\/\/alpontemocenigo.com\/fr\/wp-json\/wp\/v2\/pages\/6172\/revisions"}],"predecessor-version":[{"id":6240,"href":"https:\/\/alpontemocenigo.com\/fr\/wp-json\/wp\/v2\/pages\/6172\/revisions\/6240"}],"wp:featuredmedia":[{"embeddable":true,"href":"https:\/\/alpontemocenigo.com\/fr\/wp-json\/wp\/v2\/media\/6165"}],"wp:attachment":[{"href":"https:\/\/alpontemocenigo.com\/fr\/wp-json\/wp\/v2\/media?parent=6172"}],"curies":[{"name":"wp","href":"https:\/\/api.w.org\/{rel}","templated":true}]}}