{"id":6534,"date":"2025-08-04T14:24:56","date_gmt":"2025-08-04T14:24:56","guid":{"rendered":"https:\/\/alpontemocenigo.com\/?page_id=6534"},"modified":"2025-08-04T14:24:57","modified_gmt":"2025-08-04T14:24:57","slug":"articles-et-critiques","status":"publish","type":"page","link":"https:\/\/alpontemocenigo.com\/fr\/articles-et-critiques\/","title":{"rendered":"Articles et critiques des plus grands m\u00e9dias de voyage internationaux"},"content":{"rendered":"\n<p>Au fil des ann\u00e9es, l\u2019h\u00f4tel Al Ponte Mocenigo a \u00e9t\u00e9 mis en avant par certaines des publications de voyage les plus prestigieuses au monde. De son atmosph\u00e8re romantique \u00e0 son d\u00e9cor v\u00e9nitien traditionnel, en passant par son paisible patio int\u00e9rieur et son accueil chaleureux, les exp\u00e9riences de nos h\u00f4tes ont attir\u00e9 l\u2019attention du <em>New York Times<\/em>, du <em>Telegraph<\/em>, du <em>Times<\/em> et de <em>National Geographic Traveller<\/em>.<br>Nous sommes fiers de partager avec vous ces articles qui racontent l\u2019histoire de notre h\u00f4tel \u2013 et celle de la Venise authentique et intemporelle que nous aimons.<\/p>\n\n\n\n<h3 class=\"wp-block-heading\">\ud83d\udcf0 <strong>The New York Times<\/strong><\/h3>\n\n\n\n<p><em>(\u00c9tats-Unis, Juin 2025)<\/em><\/p>\n\n\n\n<p>\ud83d\udccc <em>\u201cWhere to Stay in Venice on a Budget\u201d<\/em><\/p>\n\n\n\n<blockquote class=\"wp-block-quote is-layout-flow wp-block-quote-is-layout-flow\">\n<p>Dans un guide soigneusement s\u00e9lectionn\u00e9 des h\u00f4tels les plus charmants et abordables d\u2019Europe, le <em>New York Times<\/em> d\u00e9crit l\u2019h\u00f4tel Al Ponte Mocenigo comme un refuge romantique empreint d\u2019histoire et de charme v\u00e9nitien. L\u2019article loue le calme du patio en pierre, les chambres \u00e9l\u00e9gantes orn\u00e9es de lustres de Murano, et l\u2019ambiance authentique d\u2019un palais vieux de 500 ans \u2013 accessible m\u00eame en gondole. Un havre parfait \u00e0 deux pas du Grand Canal.<\/p>\n\n\n\n<div style=\"height:50px\" aria-hidden=\"true\" class=\"wp-block-spacer\"><\/div>\n<\/blockquote>\n\n\n\n<p><strong>Lire l\u2019article complet :<\/strong> <a href=\"https:\/\/www.nytimes.com\/interactive\/2025\/06\/11\/travel\/europe-affordable-hotels.html\" target=\"_blank\" rel=\"noreferrer noopener\">https:\/\/www.nytimes.com\/interactive\/2025\/06\/11\/travel\/europe-affordable-hotels.html<\/a><\/p>\n\n\n\n<div style=\"height:50px\" aria-hidden=\"true\" class=\"wp-block-spacer\"><\/div>\n\n\n\n<figure class=\"wp-block-image size-full\"><img loading=\"lazy\" decoding=\"async\" width=\"250\" height=\"100\" src=\"https:\/\/alpontemocenigo.com\/wp-content\/uploads\/2025\/08\/2.png\" alt=\"Logo The New York Times\" class=\"wp-image-6519\"\/><\/figure>\n\n\n\n<hr class=\"wp-block-separator has-alpha-channel-opacity\"\/>\n\n\n\n<h3 class=\"wp-block-heading\">\ud83d\udcf0 <strong>The Telegraph<\/strong><\/h3>\n\n\n\n<p><em>(Royaume-Uni, critiques d\u2019h\u00f4tels \u00e0 Venise)<\/em><\/p>\n\n\n\n<p>\ud83d\udccc <em>\u201cAl Ponte Mocenigo Hotel Review, Venice\u201d<\/em><\/p>\n\n\n\n<blockquote class=\"wp-block-quote is-layout-flow wp-block-quote-is-layout-flow\">\n<p>Le <em>Telegraph<\/em> cite Al Ponte Mocenigo parmi les meilleurs h\u00f4tels de charme de Venise, saluant sa combinaison de d\u00e9cor d\u2019\u00e9poque et de confort moderne. La critique met en avant son emplacement id\u00e9al dans le quartier de Santa Croce \u2013 paisible mais central \u2013 et l\u2019hospitalit\u00e9 chaleureuse et personnalis\u00e9e qui fait que les clients s\u2019y sentent chez eux. Un refuge parfait pour les couples et les voyageurs exigeants.<\/p>\n\n\n\n<div style=\"height:50px\" aria-hidden=\"true\" class=\"wp-block-spacer\"><\/div>\n<\/blockquote>\n\n\n\n<p><strong>Lire l\u2019article complet : <\/strong><a href=\"https:\/\/www.telegraph.co.uk\/travel\/destinations\/europe\/italy\/veneto\/venice\/hotels\/al-ponte-mocenigo-hotel\/\" target=\"_blank\" rel=\"noreferrer noopener\">https:\/\/www.telegraph.co.uk\/travel\/destinations\/europe\/italy\/veneto\/venice\/hotels\/al-ponte-mocenigo-hotel\/<\/a><\/p>\n\n\n\n<div style=\"height:50px\" aria-hidden=\"true\" class=\"wp-block-spacer\"><\/div>\n\n\n\n<figure class=\"wp-block-image size-full\"><img loading=\"lazy\" decoding=\"async\" width=\"250\" height=\"100\" src=\"https:\/\/alpontemocenigo.com\/wp-content\/uploads\/2025\/08\/3.png\" alt=\"Logo The Telegraph\" class=\"wp-image-6500\"\/><\/figure>\n\n\n\n<hr class=\"wp-block-separator has-alpha-channel-opacity\"\/>\n\n\n\n<h3 class=\"wp-block-heading\">\ud83d\udcf0 <strong>National Geographic Traveller<\/strong><\/h3>\n\n\n\n<p><em>(\u00c9dition europ\u00e9enne \u2013 Juin 2025)<\/em><\/p>\n\n\n\n<p>\ud83d\udccc <em>\u201cWhere to Stay: Venice\u201d<\/em><\/p>\n\n\n\n<blockquote class=\"wp-block-quote is-layout-flow wp-block-quote-is-layout-flow\">\n<p>Pr\u00e9sent\u00e9 dans la s\u00e9lection de <em>National Geographic Traveller<\/em> des h\u00f4tels les plus atmosph\u00e9riques d\u2019Europe, Al Ponte Mocenigo se distingue par son authenticit\u00e9, ses chambres spacieuses et son charme intemporel. Recommand\u00e9 aux voyageurs \u00e0 la recherche d\u2019une exp\u00e9rience riche culturellement, l\u2019article met en lumi\u00e8re les d\u00e9tails architecturaux et l\u2019\u00e9l\u00e9gance paisible de notre cour int\u00e9rieure. Un v\u00e9ritable joyau pour ceux qui souhaitent d\u00e9couvrir la vraie Venise.<\/p>\n\n\n\n<div style=\"height:50px\" aria-hidden=\"true\" class=\"wp-block-spacer\"><\/div>\n<\/blockquote>\n\n\n\n<p><strong>Lire l\u2019article complet :<\/strong> <a href=\"https:\/\/magazine.natgeotraveller.co.uk\/NGTC-European-Cities-June-2025\/hotel-al-ponte-mocenigo\/\" target=\"_blank\" rel=\"noreferrer noopener\">https:\/\/magazine.natgeotraveller.co.uk\/NGTC-European-Cities-June-2025\/hotel-al-ponte-mocenigo\/<\/a><\/p>\n\n\n\n<div style=\"height:50px\" aria-hidden=\"true\" class=\"wp-block-spacer\"><\/div>\n\n\n\n<figure class=\"wp-block-image size-full\"><img loading=\"lazy\" decoding=\"async\" width=\"250\" height=\"100\" src=\"https:\/\/alpontemocenigo.com\/wp-content\/uploads\/2025\/08\/4.png\" alt=\"Logo National Geographic\" class=\"wp-image-6506\"\/><\/figure>\n\n\n\n<hr class=\"wp-block-separator has-alpha-channel-opacity\"\/>\n\n\n\n<h3 class=\"wp-block-heading\">\ud83d\udcf0 <strong>The Times<\/strong><\/h3>\n\n\n\n<p><em>(Royaume-Uni, \u201cBest Places to Stay in Venice\u201d)<\/em><\/p>\n\n\n\n<p>\ud83d\udccc <em>\u201cThe Best Hotels in Venice for Any Budget\u201d<\/em><\/p>\n\n\n\n<blockquote class=\"wp-block-quote is-layout-flow wp-block-quote-is-layout-flow\">\n<p>Le <em>Times<\/em> inclut Al Ponte Mocenigo dans sa s\u00e9lection des meilleurs h\u00f4tels de Venise, saluant son cadre romantique, ses chambres spacieuses et ses petits-d\u00e9jeuners servis dans la cour int\u00e9rieure. D\u00e9crit comme \u00ab un conte de f\u00e9es v\u00e9nitien \u00bb, l\u2019h\u00f4tel est lou\u00e9 pour son personnel accueillant et son emplacement paisible mais bien desservi. Un lieu unique pour d\u00e9couvrir tout le charme de la ville, loin de la foule.<\/p>\n\n\n\n<div style=\"height:50px\" aria-hidden=\"true\" class=\"wp-block-spacer\"><\/div>\n<\/blockquote>\n\n\n\n<p><strong>Lire l\u2019article complet :<\/strong> <a href=\"https:\/\/www.thetimes.com\/article\/12903acc-82f3-4646-9583-0e001bf2d5c2\">https:\/\/www.thetimes.com\/article\/12903acc-82f3-4646-9583-0e001bf2d5c2<\/a><\/p>\n\n\n\n<div style=\"height:50px\" aria-hidden=\"true\" class=\"wp-block-spacer\"><\/div>\n\n\n\n<figure class=\"wp-block-image size-full\"><img loading=\"lazy\" decoding=\"async\" width=\"250\" height=\"100\" src=\"https:\/\/alpontemocenigo.com\/wp-content\/uploads\/2025\/08\/1-1.png\" alt=\"Logo The Times\" class=\"wp-image-6512\"\/><\/figure>\n\n\n\n<p><\/p>\n\n","protected":false},"excerpt":{"rendered":"<p>Au fil des ann\u00e9es, l\u2019h\u00f4tel Al Ponte Mocenigo a \u00e9t\u00e9 mis en avant par certaines des publications de voyage les plus prestigieuses au monde. De son atmosph\u00e8re romantique \u00e0 son d\u00e9cor v\u00e9nitien traditionnel, en passant par son paisible patio int\u00e9rieur et son accueil chaleureux, les exp\u00e9riences de nos h\u00f4tes ont attir\u00e9 l\u2019attention du New York [&hellip;]<\/p>\n","protected":false},"author":1,"featured_media":0,"parent":0,"menu_order":0,"comment_status":"closed","ping_status":"closed","template":"","meta":{"_acf_changed":false,"footnotes":""},"class_list":["post-6534","page","type-page","status-publish","hentry"],"acf":[],"yoast_head":"<!-- This site is optimized with the Yoast SEO plugin v25.2 - https:\/\/yoast.com\/wordpress\/plugins\/seo\/ -->\n<title>Articles et critiques des plus grands m\u00e9dias de voyage internationaux | Hotel Al Ponte Mocenigo Venise Site Officiel<\/title>\n<meta name=\"description\" content=\"D\u00e9couvrez les avis et articles sur l\u2019h\u00f4tel Al Ponte Mocenigo, cit\u00e9s dans The Times, NYT, Telegraph et National Geographic Traveller.\" \/>\n<meta name=\"robots\" content=\"index, follow, max-snippet:-1, max-image-preview:large, max-video-preview:-1\" \/>\n<link rel=\"canonical\" href=\"https:\/\/alpontemocenigo.com\/fr\/articles-et-critiques\/\" \/>\n<meta property=\"og:locale\" content=\"fr_FR\" \/>\n<meta property=\"og:type\" content=\"article\" \/>\n<meta property=\"og:title\" content=\"Articles et critiques des plus grands m\u00e9dias de voyage internationaux | Hotel Al Ponte Mocenigo Venise Site Officiel\" \/>\n<meta property=\"og:description\" content=\"D\u00e9couvrez les avis et articles sur l\u2019h\u00f4tel Al Ponte Mocenigo, cit\u00e9s dans The Times, NYT, Telegraph et National Geographic Traveller.\" \/>\n<meta property=\"og:url\" content=\"https:\/\/alpontemocenigo.com\/fr\/articles-et-critiques\/\" \/>\n<meta property=\"og:site_name\" content=\"Hotel Al Ponte Mocenigo Venise Site Officiel\" \/>\n<meta property=\"article:publisher\" content=\"https:\/\/www.facebook.com\/hotelalpontemocenigovenice\/\" \/>\n<meta property=\"article:modified_time\" content=\"2025-08-04T14:24:57+00:00\" \/>\n<meta property=\"og:image\" content=\"https:\/\/alpontemocenigo.com\/wp-content\/uploads\/2025\/08\/2.png\" \/>\n\t<meta property=\"og:image:width\" content=\"250\" \/>\n\t<meta property=\"og:image:height\" content=\"100\" \/>\n\t<meta property=\"og:image:type\" content=\"image\/png\" \/>\n<meta name=\"twitter:card\" content=\"summary_large_image\" \/>\n<meta name=\"twitter:label1\" content=\"Dur\u00e9e de lecture estim\u00e9e\" \/>\n\t<meta name=\"twitter:data1\" content=\"2 minutes\" \/>\n<script type=\"application\/ld+json\" class=\"yoast-schema-graph\">{\"@context\":\"https:\/\/schema.org\",\"@graph\":[{\"@type\":\"WebPage\",\"@id\":\"https:\/\/alpontemocenigo.com\/fr\/articles-et-critiques\/\",\"url\":\"https:\/\/alpontemocenigo.com\/fr\/articles-et-critiques\/\",\"name\":\"Articles et critiques des plus grands m\u00e9dias de voyage internationaux | Hotel Al Ponte Mocenigo Venise Site Officiel\",\"isPartOf\":{\"@id\":\"https:\/\/alpontemocenigo.com\/fr\/#website\"},\"primaryImageOfPage\":{\"@id\":\"https:\/\/alpontemocenigo.com\/fr\/articles-et-critiques\/#primaryimage\"},\"image\":{\"@id\":\"https:\/\/alpontemocenigo.com\/fr\/articles-et-critiques\/#primaryimage\"},\"thumbnailUrl\":\"https:\/\/alpontemocenigo.com\/wp-content\/uploads\/2025\/08\/2.png\",\"datePublished\":\"2025-08-04T14:24:56+00:00\",\"dateModified\":\"2025-08-04T14:24:57+00:00\",\"description\":\"D\u00e9couvrez les avis et articles sur l\u2019h\u00f4tel Al Ponte Mocenigo, cit\u00e9s dans The Times, NYT, Telegraph et National Geographic Traveller.\",\"breadcrumb\":{\"@id\":\"https:\/\/alpontemocenigo.com\/fr\/articles-et-critiques\/#breadcrumb\"},\"inLanguage\":\"fr-FR\",\"potentialAction\":[{\"@type\":\"ReadAction\",\"target\":[\"https:\/\/alpontemocenigo.com\/fr\/articles-et-critiques\/\"]}]},{\"@type\":\"ImageObject\",\"inLanguage\":\"fr-FR\",\"@id\":\"https:\/\/alpontemocenigo.com\/fr\/articles-et-critiques\/#primaryimage\",\"url\":\"https:\/\/alpontemocenigo.com\/wp-content\/uploads\/2025\/08\/2.png\",\"contentUrl\":\"https:\/\/alpontemocenigo.com\/wp-content\/uploads\/2025\/08\/2.png\"},{\"@type\":\"BreadcrumbList\",\"@id\":\"https:\/\/alpontemocenigo.com\/fr\/articles-et-critiques\/#breadcrumb\",\"itemListElement\":[{\"@type\":\"ListItem\",\"position\":1,\"name\":\"Home\",\"item\":\"https:\/\/alpontemocenigo.com\/fr\/\"},{\"@type\":\"ListItem\",\"position\":2,\"name\":\"Articles et critiques des plus grands m\u00e9dias de voyage internationaux\"}]},{\"@type\":\"WebSite\",\"@id\":\"https:\/\/alpontemocenigo.com\/fr\/#website\",\"url\":\"https:\/\/alpontemocenigo.com\/fr\/\",\"name\":\"Hotel Al ponte Mocenigo\",\"description\":\"Au c\u0153ur de Venise\",\"publisher\":{\"@id\":\"https:\/\/alpontemocenigo.com\/fr\/#organization\"},\"potentialAction\":[{\"@type\":\"SearchAction\",\"target\":{\"@type\":\"EntryPoint\",\"urlTemplate\":\"https:\/\/alpontemocenigo.com\/fr\/?s={search_term_string}\"},\"query-input\":{\"@type\":\"PropertyValueSpecification\",\"valueRequired\":true,\"valueName\":\"search_term_string\"}}],\"inLanguage\":\"fr-FR\"},{\"@type\":\"Organization\",\"@id\":\"https:\/\/alpontemocenigo.com\/fr\/#organization\",\"name\":\"Hotel Al Ponte Mocenigo Venice\",\"url\":\"https:\/\/alpontemocenigo.com\/fr\/\",\"logo\":{\"@type\":\"ImageObject\",\"inLanguage\":\"fr-FR\",\"@id\":\"https:\/\/alpontemocenigo.com\/fr\/#\/schema\/logo\/image\/\",\"url\":\"https:\/\/alpontemocenigo.com\/wp-content\/uploads\/2020\/10\/logo-v2r.png\",\"contentUrl\":\"https:\/\/alpontemocenigo.com\/wp-content\/uploads\/2020\/10\/logo-v2r.png\",\"width\":268,\"height\":90,\"caption\":\"Hotel Al Ponte Mocenigo Venice\"},\"image\":{\"@id\":\"https:\/\/alpontemocenigo.com\/fr\/#\/schema\/logo\/image\/\"},\"sameAs\":[\"https:\/\/www.facebook.com\/hotelalpontemocenigovenice\/\"]}]}<\/script>\n<!-- \/ Yoast SEO plugin. -->","yoast_head_json":{"title":"Articles et critiques des plus grands m\u00e9dias de voyage internationaux | Hotel Al Ponte Mocenigo Venise Site Officiel","description":"D\u00e9couvrez les avis et articles sur l\u2019h\u00f4tel Al Ponte Mocenigo, cit\u00e9s dans The Times, NYT, Telegraph et National Geographic Traveller.","robots":{"index":"index","follow":"follow","max-snippet":"max-snippet:-1","max-image-preview":"max-image-preview:large","max-video-preview":"max-video-preview:-1"},"canonical":"https:\/\/alpontemocenigo.com\/fr\/articles-et-critiques\/","og_locale":"fr_FR","og_type":"article","og_title":"Articles et critiques des plus grands m\u00e9dias de voyage internationaux | Hotel Al Ponte Mocenigo Venise Site Officiel","og_description":"D\u00e9couvrez les avis et articles sur l\u2019h\u00f4tel Al Ponte Mocenigo, cit\u00e9s dans The Times, NYT, Telegraph et National Geographic Traveller.","og_url":"https:\/\/alpontemocenigo.com\/fr\/articles-et-critiques\/","og_site_name":"Hotel Al Ponte Mocenigo Venise Site Officiel","article_publisher":"https:\/\/www.facebook.com\/hotelalpontemocenigovenice\/","article_modified_time":"2025-08-04T14:24:57+00:00","og_image":[{"width":250,"height":100,"url":"https:\/\/alpontemocenigo.com\/wp-content\/uploads\/2025\/08\/2.png","type":"image\/png"}],"twitter_card":"summary_large_image","twitter_misc":{"Dur\u00e9e de lecture estim\u00e9e":"2 minutes"},"schema":{"@context":"https:\/\/schema.org","@graph":[{"@type":"WebPage","@id":"https:\/\/alpontemocenigo.com\/fr\/articles-et-critiques\/","url":"https:\/\/alpontemocenigo.com\/fr\/articles-et-critiques\/","name":"Articles et critiques des plus grands m\u00e9dias de voyage internationaux | Hotel Al Ponte Mocenigo Venise Site Officiel","isPartOf":{"@id":"https:\/\/alpontemocenigo.com\/fr\/#website"},"primaryImageOfPage":{"@id":"https:\/\/alpontemocenigo.com\/fr\/articles-et-critiques\/#primaryimage"},"image":{"@id":"https:\/\/alpontemocenigo.com\/fr\/articles-et-critiques\/#primaryimage"},"thumbnailUrl":"https:\/\/alpontemocenigo.com\/wp-content\/uploads\/2025\/08\/2.png","datePublished":"2025-08-04T14:24:56+00:00","dateModified":"2025-08-04T14:24:57+00:00","description":"D\u00e9couvrez les avis et articles sur l\u2019h\u00f4tel Al Ponte Mocenigo, cit\u00e9s dans The Times, NYT, Telegraph et National Geographic Traveller.","breadcrumb":{"@id":"https:\/\/alpontemocenigo.com\/fr\/articles-et-critiques\/#breadcrumb"},"inLanguage":"fr-FR","potentialAction":[{"@type":"ReadAction","target":["https:\/\/alpontemocenigo.com\/fr\/articles-et-critiques\/"]}]},{"@type":"ImageObject","inLanguage":"fr-FR","@id":"https:\/\/alpontemocenigo.com\/fr\/articles-et-critiques\/#primaryimage","url":"https:\/\/alpontemocenigo.com\/wp-content\/uploads\/2025\/08\/2.png","contentUrl":"https:\/\/alpontemocenigo.com\/wp-content\/uploads\/2025\/08\/2.png"},{"@type":"BreadcrumbList","@id":"https:\/\/alpontemocenigo.com\/fr\/articles-et-critiques\/#breadcrumb","itemListElement":[{"@type":"ListItem","position":1,"name":"Home","item":"https:\/\/alpontemocenigo.com\/fr\/"},{"@type":"ListItem","position":2,"name":"Articles et critiques des plus grands m\u00e9dias de voyage internationaux"}]},{"@type":"WebSite","@id":"https:\/\/alpontemocenigo.com\/fr\/#website","url":"https:\/\/alpontemocenigo.com\/fr\/","name":"Hotel Al ponte Mocenigo","description":"Au c\u0153ur de Venise","publisher":{"@id":"https:\/\/alpontemocenigo.com\/fr\/#organization"},"potentialAction":[{"@type":"SearchAction","target":{"@type":"EntryPoint","urlTemplate":"https:\/\/alpontemocenigo.com\/fr\/?s={search_term_string}"},"query-input":{"@type":"PropertyValueSpecification","valueRequired":true,"valueName":"search_term_string"}}],"inLanguage":"fr-FR"},{"@type":"Organization","@id":"https:\/\/alpontemocenigo.com\/fr\/#organization","name":"Hotel Al Ponte Mocenigo Venice","url":"https:\/\/alpontemocenigo.com\/fr\/","logo":{"@type":"ImageObject","inLanguage":"fr-FR","@id":"https:\/\/alpontemocenigo.com\/fr\/#\/schema\/logo\/image\/","url":"https:\/\/alpontemocenigo.com\/wp-content\/uploads\/2020\/10\/logo-v2r.png","contentUrl":"https:\/\/alpontemocenigo.com\/wp-content\/uploads\/2020\/10\/logo-v2r.png","width":268,"height":90,"caption":"Hotel Al Ponte Mocenigo Venice"},"image":{"@id":"https:\/\/alpontemocenigo.com\/fr\/#\/schema\/logo\/image\/"},"sameAs":["https:\/\/www.facebook.com\/hotelalpontemocenigovenice\/"]}]}},"_links":{"self":[{"href":"https:\/\/alpontemocenigo.com\/fr\/wp-json\/wp\/v2\/pages\/6534","targetHints":{"allow":["GET"]}}],"collection":[{"href":"https:\/\/alpontemocenigo.com\/fr\/wp-json\/wp\/v2\/pages"}],"about":[{"href":"https:\/\/alpontemocenigo.com\/fr\/wp-json\/wp\/v2\/types\/page"}],"author":[{"embeddable":true,"href":"https:\/\/alpontemocenigo.com\/fr\/wp-json\/wp\/v2\/users\/1"}],"replies":[{"embeddable":true,"href":"https:\/\/alpontemocenigo.com\/fr\/wp-json\/wp\/v2\/comments?post=6534"}],"version-history":[{"count":1,"href":"https:\/\/alpontemocenigo.com\/fr\/wp-json\/wp\/v2\/pages\/6534\/revisions"}],"predecessor-version":[{"id":6535,"href":"https:\/\/alpontemocenigo.com\/fr\/wp-json\/wp\/v2\/pages\/6534\/revisions\/6535"}],"wp:attachment":[{"href":"https:\/\/alpontemocenigo.com\/fr\/wp-json\/wp\/v2\/media?parent=6534"}],"curies":[{"name":"wp","href":"https:\/\/api.w.org\/{rel}","templated":true}]}}