{"id":787,"date":"2020-10-14T13:42:39","date_gmt":"2020-10-14T13:42:39","guid":{"rendered":"https:\/\/alpontemocenigo.test\/?page_id=787"},"modified":"2025-05-21T12:31:20","modified_gmt":"2025-05-21T12:31:20","slug":"nous-contacter","status":"publish","type":"page","link":"https:\/\/alpontemocenigo.com\/fr\/nous-contacter\/","title":{"rendered":"Nous Contacter"},"content":{"rendered":"\n<p><strong>Nous Contacter <br><strong>Tel .: <a href=\"tel:+390415244797\">+39.041.5244797<\/a><br>Mob .: <a href=\"tel:+393483020942\">+39.348.3020942<\/a><br>E-mail: <a href=\"mailto:info@alpontemocenigo.com\">info@alpontemocenigo.com<\/a><\/strong><\/strong><\/p>\n\n\n\n<hr class=\"wp-block-separator\"\/>\n\n\n\n<p>Pr\u00e9f\u00e9rez-vous plut\u00f4t demander des informations par courrier \u00e9lectronique \u00e0 notre personnel? Avez-vous certaines exigences particuli\u00e8res que notre syst\u00e8me de r\u00e9servation en ligne ne r\u00e9ussit pas \u00e0 satisfaire? Remplissez le formulaire de demande de disponibilit\u00e9, et vous recevrez toutes les r\u00e9ponses que vous attendez directement dans votre messagerie \u00e9lectronique.<\/p>\n\n\n\n<hr class=\"wp-block-separator\"\/>\n","protected":false},"excerpt":{"rendered":"<p>Nous Contacter Tel .: +39.041.5244797Mob .: +39.348.3020942E-mail: info@alpontemocenigo.com Pr\u00e9f\u00e9rez-vous plut\u00f4t demander des informations par courrier \u00e9lectronique \u00e0 notre personnel? Avez-vous certaines exigences particuli\u00e8res que notre syst\u00e8me de r\u00e9servation en ligne ne r\u00e9ussit pas \u00e0 satisfaire? Remplissez le formulaire de demande de disponibilit\u00e9, et vous recevrez toutes les r\u00e9ponses que vous attendez directement dans votre messagerie [&hellip;]<\/p>\n","protected":false},"author":1,"featured_media":0,"parent":0,"menu_order":0,"comment_status":"closed","ping_status":"closed","template":"template-contatti.php","meta":{"_acf_changed":false,"footnotes":""},"class_list":["post-787","page","type-page","status-publish","hentry"],"acf":[],"yoast_head":"<!-- This site is optimized with the Yoast SEO plugin v25.2 - https:\/\/yoast.com\/wordpress\/plugins\/seo\/ -->\n<title>Nous Contacter | Hotel Al Ponte Mocenigo Venise Site Officiel<\/title>\n<meta name=\"description\" content=\"Nous contacter: L&#039;h\u00f4tel Al Ponte Mocenigo \u00e0 Venise pour toute demande. Emplacement central, service attentionn\u00e9, r\u00e9ponse rapide garantie.\" \/>\n<meta name=\"robots\" content=\"index, follow, max-snippet:-1, max-image-preview:large, max-video-preview:-1\" \/>\n<link rel=\"canonical\" href=\"https:\/\/alpontemocenigo.com\/fr\/nous-contacter\/\" \/>\n<meta property=\"og:locale\" content=\"fr_FR\" \/>\n<meta property=\"og:type\" content=\"article\" \/>\n<meta property=\"og:title\" content=\"Nous Contacter | Hotel Al Ponte Mocenigo Venise Site Officiel\" \/>\n<meta property=\"og:description\" content=\"Nous contacter: L&#039;h\u00f4tel Al Ponte Mocenigo \u00e0 Venise pour toute demande. Emplacement central, service attentionn\u00e9, r\u00e9ponse rapide garantie.\" \/>\n<meta property=\"og:url\" content=\"https:\/\/alpontemocenigo.com\/fr\/nous-contacter\/\" \/>\n<meta property=\"og:site_name\" content=\"Hotel Al Ponte Mocenigo Venise Site Officiel\" \/>\n<meta property=\"article:publisher\" content=\"https:\/\/www.facebook.com\/hotelalpontemocenigovenice\/\" \/>\n<meta property=\"article:modified_time\" content=\"2025-05-21T12:31:20+00:00\" \/>\n<meta name=\"twitter:card\" content=\"summary_large_image\" \/>\n<meta name=\"twitter:label1\" content=\"Dur\u00e9e de lecture estim\u00e9e\" \/>\n\t<meta name=\"twitter:data1\" content=\"1 minute\" \/>\n<script type=\"application\/ld+json\" class=\"yoast-schema-graph\">{\"@context\":\"https:\/\/schema.org\",\"@graph\":[{\"@type\":\"WebPage\",\"@id\":\"https:\/\/alpontemocenigo.com\/fr\/nous-contacter\/\",\"url\":\"https:\/\/alpontemocenigo.com\/fr\/nous-contacter\/\",\"name\":\"Nous Contacter | Hotel Al Ponte Mocenigo Venise Site Officiel\",\"isPartOf\":{\"@id\":\"https:\/\/alpontemocenigo.com\/fr\/#website\"},\"datePublished\":\"2020-10-14T13:42:39+00:00\",\"dateModified\":\"2025-05-21T12:31:20+00:00\",\"description\":\"Nous contacter: L'h\u00f4tel Al Ponte Mocenigo \u00e0 Venise pour toute demande. Emplacement central, service attentionn\u00e9, r\u00e9ponse rapide garantie.\",\"breadcrumb\":{\"@id\":\"https:\/\/alpontemocenigo.com\/fr\/nous-contacter\/#breadcrumb\"},\"inLanguage\":\"fr-FR\",\"potentialAction\":[{\"@type\":\"ReadAction\",\"target\":[\"https:\/\/alpontemocenigo.com\/fr\/nous-contacter\/\"]}]},{\"@type\":\"BreadcrumbList\",\"@id\":\"https:\/\/alpontemocenigo.com\/fr\/nous-contacter\/#breadcrumb\",\"itemListElement\":[{\"@type\":\"ListItem\",\"position\":1,\"name\":\"Home\",\"item\":\"https:\/\/alpontemocenigo.com\/fr\/\"},{\"@type\":\"ListItem\",\"position\":2,\"name\":\"Nous Contacter\"}]},{\"@type\":\"WebSite\",\"@id\":\"https:\/\/alpontemocenigo.com\/fr\/#website\",\"url\":\"https:\/\/alpontemocenigo.com\/fr\/\",\"name\":\"Hotel Al ponte Mocenigo\",\"description\":\"Au c\u0153ur de Venise\",\"publisher\":{\"@id\":\"https:\/\/alpontemocenigo.com\/fr\/#organization\"},\"potentialAction\":[{\"@type\":\"SearchAction\",\"target\":{\"@type\":\"EntryPoint\",\"urlTemplate\":\"https:\/\/alpontemocenigo.com\/fr\/?s={search_term_string}\"},\"query-input\":{\"@type\":\"PropertyValueSpecification\",\"valueRequired\":true,\"valueName\":\"search_term_string\"}}],\"inLanguage\":\"fr-FR\"},{\"@type\":\"Organization\",\"@id\":\"https:\/\/alpontemocenigo.com\/fr\/#organization\",\"name\":\"Hotel Al Ponte Mocenigo Venice\",\"url\":\"https:\/\/alpontemocenigo.com\/fr\/\",\"logo\":{\"@type\":\"ImageObject\",\"inLanguage\":\"fr-FR\",\"@id\":\"https:\/\/alpontemocenigo.com\/fr\/#\/schema\/logo\/image\/\",\"url\":\"https:\/\/alpontemocenigo.com\/wp-content\/uploads\/2020\/10\/logo-v2r.png\",\"contentUrl\":\"https:\/\/alpontemocenigo.com\/wp-content\/uploads\/2020\/10\/logo-v2r.png\",\"width\":268,\"height\":90,\"caption\":\"Hotel Al Ponte Mocenigo Venice\"},\"image\":{\"@id\":\"https:\/\/alpontemocenigo.com\/fr\/#\/schema\/logo\/image\/\"},\"sameAs\":[\"https:\/\/www.facebook.com\/hotelalpontemocenigovenice\/\"]}]}<\/script>\n<!-- \/ Yoast SEO plugin. -->","yoast_head_json":{"title":"Nous Contacter | Hotel Al Ponte Mocenigo Venise Site Officiel","description":"Nous contacter: L'h\u00f4tel Al Ponte Mocenigo \u00e0 Venise pour toute demande. Emplacement central, service attentionn\u00e9, r\u00e9ponse rapide garantie.","robots":{"index":"index","follow":"follow","max-snippet":"max-snippet:-1","max-image-preview":"max-image-preview:large","max-video-preview":"max-video-preview:-1"},"canonical":"https:\/\/alpontemocenigo.com\/fr\/nous-contacter\/","og_locale":"fr_FR","og_type":"article","og_title":"Nous Contacter | Hotel Al Ponte Mocenigo Venise Site Officiel","og_description":"Nous contacter: L'h\u00f4tel Al Ponte Mocenigo \u00e0 Venise pour toute demande. Emplacement central, service attentionn\u00e9, r\u00e9ponse rapide garantie.","og_url":"https:\/\/alpontemocenigo.com\/fr\/nous-contacter\/","og_site_name":"Hotel Al Ponte Mocenigo Venise Site Officiel","article_publisher":"https:\/\/www.facebook.com\/hotelalpontemocenigovenice\/","article_modified_time":"2025-05-21T12:31:20+00:00","twitter_card":"summary_large_image","twitter_misc":{"Dur\u00e9e de lecture estim\u00e9e":"1 minute"},"schema":{"@context":"https:\/\/schema.org","@graph":[{"@type":"WebPage","@id":"https:\/\/alpontemocenigo.com\/fr\/nous-contacter\/","url":"https:\/\/alpontemocenigo.com\/fr\/nous-contacter\/","name":"Nous Contacter | Hotel Al Ponte Mocenigo Venise Site Officiel","isPartOf":{"@id":"https:\/\/alpontemocenigo.com\/fr\/#website"},"datePublished":"2020-10-14T13:42:39+00:00","dateModified":"2025-05-21T12:31:20+00:00","description":"Nous contacter: L'h\u00f4tel Al Ponte Mocenigo \u00e0 Venise pour toute demande. Emplacement central, service attentionn\u00e9, r\u00e9ponse rapide garantie.","breadcrumb":{"@id":"https:\/\/alpontemocenigo.com\/fr\/nous-contacter\/#breadcrumb"},"inLanguage":"fr-FR","potentialAction":[{"@type":"ReadAction","target":["https:\/\/alpontemocenigo.com\/fr\/nous-contacter\/"]}]},{"@type":"BreadcrumbList","@id":"https:\/\/alpontemocenigo.com\/fr\/nous-contacter\/#breadcrumb","itemListElement":[{"@type":"ListItem","position":1,"name":"Home","item":"https:\/\/alpontemocenigo.com\/fr\/"},{"@type":"ListItem","position":2,"name":"Nous Contacter"}]},{"@type":"WebSite","@id":"https:\/\/alpontemocenigo.com\/fr\/#website","url":"https:\/\/alpontemocenigo.com\/fr\/","name":"Hotel Al ponte Mocenigo","description":"Au c\u0153ur de Venise","publisher":{"@id":"https:\/\/alpontemocenigo.com\/fr\/#organization"},"potentialAction":[{"@type":"SearchAction","target":{"@type":"EntryPoint","urlTemplate":"https:\/\/alpontemocenigo.com\/fr\/?s={search_term_string}"},"query-input":{"@type":"PropertyValueSpecification","valueRequired":true,"valueName":"search_term_string"}}],"inLanguage":"fr-FR"},{"@type":"Organization","@id":"https:\/\/alpontemocenigo.com\/fr\/#organization","name":"Hotel Al Ponte Mocenigo Venice","url":"https:\/\/alpontemocenigo.com\/fr\/","logo":{"@type":"ImageObject","inLanguage":"fr-FR","@id":"https:\/\/alpontemocenigo.com\/fr\/#\/schema\/logo\/image\/","url":"https:\/\/alpontemocenigo.com\/wp-content\/uploads\/2020\/10\/logo-v2r.png","contentUrl":"https:\/\/alpontemocenigo.com\/wp-content\/uploads\/2020\/10\/logo-v2r.png","width":268,"height":90,"caption":"Hotel Al Ponte Mocenigo Venice"},"image":{"@id":"https:\/\/alpontemocenigo.com\/fr\/#\/schema\/logo\/image\/"},"sameAs":["https:\/\/www.facebook.com\/hotelalpontemocenigovenice\/"]}]}},"_links":{"self":[{"href":"https:\/\/alpontemocenigo.com\/fr\/wp-json\/wp\/v2\/pages\/787","targetHints":{"allow":["GET"]}}],"collection":[{"href":"https:\/\/alpontemocenigo.com\/fr\/wp-json\/wp\/v2\/pages"}],"about":[{"href":"https:\/\/alpontemocenigo.com\/fr\/wp-json\/wp\/v2\/types\/page"}],"author":[{"embeddable":true,"href":"https:\/\/alpontemocenigo.com\/fr\/wp-json\/wp\/v2\/users\/1"}],"replies":[{"embeddable":true,"href":"https:\/\/alpontemocenigo.com\/fr\/wp-json\/wp\/v2\/comments?post=787"}],"version-history":[{"count":4,"href":"https:\/\/alpontemocenigo.com\/fr\/wp-json\/wp\/v2\/pages\/787\/revisions"}],"predecessor-version":[{"id":3900,"href":"https:\/\/alpontemocenigo.com\/fr\/wp-json\/wp\/v2\/pages\/787\/revisions\/3900"}],"wp:attachment":[{"href":"https:\/\/alpontemocenigo.com\/fr\/wp-json\/wp\/v2\/media?parent=787"}],"curies":[{"name":"wp","href":"https:\/\/api.w.org\/{rel}","templated":true}]}}