{"id":3400,"date":"2020-11-27T09:10:40","date_gmt":"2020-11-27T09:10:40","guid":{"rendered":"https:\/\/alpontemocenigo.test\/?page_id=3400"},"modified":"2025-05-21T13:15:18","modified_gmt":"2025-05-21T13:15:18","slug":"privacy-policy","status":"publish","type":"page","link":"https:\/\/alpontemocenigo.com\/it\/privacy-policy\/","title":{"rendered":"Privacy Policy"},"content":{"rendered":"\n<p>ARCAZA SNC ha sviluppato questa Policy Privacy Internet al fine di conformare la propria attivit\u00e0 a quella di soggetto fidato che assicura, rispetta e mantiene il diritto alla privacy dei Visitatori nell\u2019ambiente on-line.<\/p>\n\n\n\n<p>ARCAZA SNC, con sede legale in S. Croce 1985 &#8211; 30135 Venezia, Italia (VE), C.F. e P.IVA 03469370278, \u00e8 il titolare del trattamento dei dati personali eventualmente raccolti attraverso questo sito secondo quanto definito dal Regolamento UE 2016\/679. Il titolare tratter\u00e0 i dati eventualmente raccolti attraverso questo sito web (www.alpontemocenigo.com) per finalit\u00e0, con modalit\u00e0 e secondo quanto specificamente illustrato nel seguito.<\/p>\n\n\n\n<p>Raccolta dei dati personali, finalit\u00e0 del trattamento e base giuridica del trattamento<\/p>\n\n\n\n<p>ARCAZA SNC raccoglier\u00e0 e tratter\u00e0 solamente dati personali volontariamente forniti dai Visitatori di questo sito. I Visitatori sono in grado di navigare nel sito anche senza rivelare informazioni e dati personali. Ciascun Visitatore del sito pu\u00f2 scegliere di fornire a ARCAZA SNC limitati dati personali secondo quanto richiesto al fine di ottenere informazioni sui nostri servizi. Una volta registrati, i dati personali raccolti saranno utilizzati solamente per i servizi indicati nell\u2019informativa disponibile.<\/p>\n\n\n\n<p>I Visitatori del sito possono fornire i loro dati per le seguenti finalit\u00e0:<\/p>\n\n\n\n<p>attivit\u00e0 connesse alla richiesta di disponibilit\u00e0. Esempi di attivit\u00e0 sono: l\u2019invio di una e-mail che comportano il trattamento dei dati personali come, ad esempio, il nome, cognome, indirizzo di posta elettronica; la base giuridica della predetta finalit\u00e0 si individua nell\u2019art. 6.1, lettere a, b, f del regolamento UE 2016\/679;<\/p>\n\n\n\n<p>attivit\u00e0 connesse alla prenotazione presso il nostro albergo. Le attivit\u00e0 riguardano la conclusione di un contratto relativo alla prenotazione di un soggiorno presso la nostra struttura che comporta il trattamento dei dati personali quali il nome, il cognome, l\u2019indirizzo di posta elettronica, l\u2019indirizzo di residenza, il codice fiscale, il numero di telefono, i dati della carta di credito o dell\u2019account Paypal; la base giuridica della predetta finalit\u00e0 si individua nell\u2019art. 6.1. lettere a, b, c, f del Regolamento UE 2016\/679;<\/p>\n\n\n\n<p>attivit\u00e0 connesse alla iscrizione alla nostra newsletter: le attivit\u00e0 riguardano la gestione del suo indirizzo di posta elettronica per l\u2019iscrizione e l\u2019invio di newsletter periodiche relative a offerte e promozioni, eventi, presentazioni di nuovi prodotti e servizi; la base giuridica della predetta finalit\u00e0 si individua nell\u2019art. 6.1. lettere a, b, f del Regolamento UE 2016\/679<\/p>\n\n\n\n<p>visualizzazione sito e navigazione(si tratta di attivit\u00e0 connesse alla corretta erogazione delle varie funzionalit\u00e0 da te richieste, per ragioni di sicurezza e di accertamento di responsabilit\u00e0 in caso di ipotetici reati informatici ai danni del Sito, nonch\u00e9 a ricavare informazioni statistiche anonime sull\u2019uso del Sito e per controllarne il corretto funzionamento); la base giuridica della predetta finalit\u00e0 si individua nell\u2019art. 6.1, lettere a, c, f del regolamento UE 2016\/679);<\/p>\n\n\n\n<p>ricerche\/analisi statistiche su dati aggregati o anonimi(si tratta di un\u2019attivit\u00e0 che non implicano il trattamento di dati personali, poich\u00e9 non comportano l\u2019identificazione dell\u2019utente e servono, ad esempio, per misurare il funzionamento del Sito, misurare il traffico e valutare l\u2019interesse);<\/p>\n\n\n\n<p>attivit\u00e0 connesse all\u2019accertamento e\/o all\u2019esercizio e\/o alla difesa di diritti(esempi di attivit\u00e0 sono: controversie relative al corretto adempimento del rapporto contrattuale, diffide, recupero crediti); la base giuridica della predetta finalit\u00e0 si individua nel legittimo interesse (art. 6.1, lettera f, del regolamento UE 2016\/679);<\/p>\n\n\n\n<p>altre attivit\u00e0 in esecuzione di obbligo di legge\/ordini Autorit\u00e0(come ad esempio la comunicazione a terzi); la base giuridica si individua nell\u2019obbligo di legge (art. 6.1, lettera c, del regolamento UE 2016\/679);<\/p>\n\n\n\n<p>manutenzione sistemi informatici e dispositivi(i soggetti incaricati di eseguire manutenzione e riparazioni sul Sito potrebbero avere accidentalmente accesso ai Tuoi dati personali. Si tratta di eventi del tutto occasionali e non prevedibili e in ogni caso privi di finalit\u00e0 di identificazione e di durata limitata all\u2019esecuzione dell\u2019intervento di manutenzione\/riparazione); la base giuridica della predetta finalit\u00e0 si individua nell\u2019interesse legittimo (art. 6.1, lettera f, del regolamento UE 2016\/679).<\/p>\n\n\n\n<p>Periodo di conservazione dei dati<\/p>\n\n\n\n<p>I dati personali che il visitatore decider\u00e0 di comunicare a ARCAZA SNC verranno trattati e conservati per i seguenti periodi di tempo:<\/p>\n\n\n\n<p>attivit\u00e0 connesse alla gestione del contatto: fino ad espletamento della richiesta;<\/p>\n\n\n\n<p>attivit\u00e0 connesse alla prenotazione presso il nostro albergo: per il tempo necessario alla esecuzione del contratto e all\u2019espletamento degli obblighi di legge;<\/p>\n\n\n\n<p>attivit\u00e0 connesse alla iscrizione alla nostra newsletter: i dati raccolti e trattati saranno conservati per un periodo non superiore ai 5 anni dall\u2019iscrizione ovvero fino al momento della sua cancellazione dalla nostra newsletter;<\/p>\n\n\n\n<p>visualizzazione sito e navigazione: i dati saranno conservati per un tempo massimo di 24 mesi;<\/p>\n\n\n\n<p>ricerche\/analisi statistiche su dati aggregati o anonimi: i dati eventualmente raccolti saranno conservati per un tempo massimo di 24 mesi;<\/p>\n\n\n\n<p>attivit\u00e0 connesse all\u2019accertamento e\/o all\u2019esercizio e\/o alla difesa di diritti: i dati saranno conservati per il tempo necessario alla conclusione della controversia e comunque per il tempo necessario all\u2019espletamento degli obblighi di legge;<\/p>\n\n\n\n<p>altre attivit\u00e0 in esecuzione di obbligo di legge\/ordini Autorit\u00e0: i dati saranno conservati per il tempo necessario alla conclusione dell\u2019attivit\u00e0 investigativa e comunque per il tempo necessario all\u2019espletamento degli obblighi di legge;<\/p>\n\n\n\n<p>manutenzione sistemi informatici e dispositivi: i dati eventualmente raccolti saranno conservati per il tempo necessario all\u2019esecuzione delle attivit\u00e0 di manutenzione dei sistemi informatici e dispositivi.<\/p>\n\n\n\n<p>Trasferimenti di dati personali verso paesi terzi o organizzazioni internazionali<\/p>\n\n\n\n<p>I dati personali forniti dal visitatore del presente sito saranno conservati nei nostri server aziendali e nei nostri archivi cartacei e comunque sul territorio europeo per i trattamenti affidati a terzi o per i servizi di delocalizzazione del data center. Non sono previsti trasferimenti di dati personali verso paesi terzi o organizzazioni internazionali.<\/p>\n\n\n\n<p>Comunicazione a terzi<\/p>\n\n\n\n<p>I dati personali da Voi forniti non saranno oggetto di diffusione a terzi.<\/p>\n\n\n\n<p>I dati personali da Voi forniti potranno essere comunicati per la gestione della vostra richiesta e per l\u2019espletamento di eventuali obblighi di legge a Enti Pubblici centrali e territoriali a professionisti del settore webmaketing. Qualora volesse maggiori informazioni in merito ai soggetti cui vengono comunicati i dati La preghiamo di contattarci all\u2019indirizzo di posta elettronica info@alpontemocenigo.com.<\/p>\n\n\n\n<p>Dati personali particolari<\/p>\n\n\n\n<p>ARCAZA SNC non raccoglie deliberatamente, attraverso il sito web, dati personali particolari quali, per esempio, quelli idonei a rivelare lo stato di salute.<\/p>\n\n\n\n<p>I Dati personali, ai sensi dell\u2019art. 4 e 9 del Regolamento UE 2016\/679, includono i dati personali idonei a rivelare l\u2019origine razziale ed etnica, le convinzioni religiose, filosofiche o di altro genere, le opinioni politiche, l\u2019adesione a partiti, sindacati, associazioni od organizzazioni a carattere religioso, filosofico, politico o sindacale, nonch\u00e9 i dati personali idonei a rivelare lo stato di salute e la vita sessuale. I dati giudiziari, sempre ai sensi dell\u2019art. 4 e 10 del Regolamento UE 2016\/679, includono i dati personali idonei a rivelare provvedimenti di cui all\u2019articolo 3, comma 1, lettere da a) a o) e da r) a u), del D.P.R. 14 novembre 2002, n. 313, in materia di casellario giudiziale, di anagrafe delle sanzioni amministrative dipendenti da reato e dei relativi carichi pendenti, o la qualit\u00e0 di imputato o di indagato ai sensi degli articoli 60 e 61 del codice di procedura penale.<\/p>\n\n\n\n<p>Vi raccomandiamo di non fornire tali informazioni attraverso il nostro sito. Nel caso in cui ci\u00f2 sia necessario vi invitiamo a trasmetterci a mezzo mail dichiarazione con l\u2019espressione del vostro consenso in forma scritta al trattamento di queste informazioni.<\/p>\n\n\n\n<p>Collegamenti con siti terzi<\/p>\n\n\n\n<p>Si prega di notare che www.alpontemocenigo.com pu\u00f2 contenere collegamenti (links) ad altri siti i quali non sono governati da questa policy privacy (per es. Paypal).<\/p>\n\n\n\n<p>Esercizio dei diritti dell\u2019interessato<\/p>\n\n\n\n<p>In qualsiasi momento, ai sensi dell\u2019art. 15 e seguenti del Regolamento UE 2016\/679, sar\u00e0 possibile verificare i propri dati personali raccolti attraverso questo sito ed eventualmente farli correggere, aggiornare o cancellare, o esercitare gli altri diritti riconosciuti per legge, tra i quali i diritti di accesso, di rettifica e cancellazione, di limitazione al trattamento e di opposizione nonch\u00e9 il diritto di proporre reclamo ai sensi dell\u2019art. 77 e di ricorso giurisdizionale ai sensi dell\u2019art. 78 contattandoci via e-mail all\u2019indirizzo info@alpontemocenigo.com.<\/p>\n\n\n\n<p>Sicurezza dei dati<\/p>\n\n\n\n<p>ARCAZA SNC protegge i dati personali attraverso l\u2019applicazione di livelli di sicurezza riconosciuti a livello internazionale, nonch\u00e9 attraverso procedure di sicurezza che proteggono I dati personali contro:<\/p>\n\n\n\n<p>o L\u2019accesso non autorizzato<\/p>\n\n\n\n<p>o L\u2019utilizzo improprio o la divulgazione<\/p>\n\n\n\n<p>o La modifica non autorizzata<\/p>\n\n\n\n<p>o La perdita o la distruzione accidentale o causata da atto illecito<br><br><\/p>\n\n\n\n<p>Misure dell\u2019utilizzo del sito www.alpontemocenigo.com&nbsp;<\/p>\n\n\n\n<p>Nell\u2019ambito del sito&nbsp; www.alpontemocenigo.com vengono raccolte alcune informazioni personali relative agli accessi web a questo sito tramite l\u2019utilizzo di cookies o tramite la tracciatura di dati relativi al traffico, al tipo di browser e al computer utilizzato in relazione all\u2019indirizzo IP del visitatore. Queste informazioni sono raccolte per indagini statistiche generali e anonime. Ulteriori approfondimenti sono indicati nelle nostre politiche dei cookie che pu\u00f2 trovare nel footer del nostro sito internet.<\/p>\n\n\n\n<p>Tutela dei minori<\/p>\n\n\n\n<p>Il sito&nbsp; www.alpontemocenigo.com disciplinato da questa privacy policy non \u00e8 finalizzato all\u2019utilizzo da parte di minori di anni 18 anni relativamente alla prenotazione di soggiorni presso la nostra struttura e di 14 anni per l\u2019iscrizione alla newsletter. Comprendiamo l\u2019importanza di proteggere le informazioni destinate ai minori, specialmente in un ambiente on-line e pertanto non raccogliamo n\u00e9 manteniamo deliberatamente dati personali riferiti a minori di anni 18 anni relativamente alle prenotazioni n\u00e9 di minori di 14 anni per l\u2019iscrizione alla newsletter.<\/p>\n","protected":false},"excerpt":{"rendered":"<p>ARCAZA SNC ha sviluppato questa Policy Privacy Internet al fine di conformare la propria attivit\u00e0 a quella di soggetto fidato che assicura, rispetta e mantiene il diritto alla privacy dei Visitatori nell\u2019ambiente on-line. ARCAZA SNC, con sede legale in S. Croce 1985 &#8211; 30135 Venezia, Italia (VE), C.F. e P.IVA 03469370278, \u00e8 il titolare del [&hellip;]<\/p>\n","protected":false},"author":1,"featured_media":0,"parent":0,"menu_order":0,"comment_status":"closed","ping_status":"closed","template":"","meta":{"_acf_changed":false,"footnotes":""},"class_list":["post-3400","page","type-page","status-publish","hentry"],"acf":[],"yoast_head":"<!-- This site is optimized with the Yoast SEO plugin v25.2 - https:\/\/yoast.com\/wordpress\/plugins\/seo\/ -->\n<title>Privacy Policy | Hotel Al Ponte Mocenigo Venezia Sito Ufficiale<\/title>\n<meta name=\"description\" content=\"Leggi la nostra informativa sulla privacy per sapere come proteggiamo i tuoi dati personali nel rispetto della normativa vigente.\" \/>\n<meta name=\"robots\" content=\"index, follow, max-snippet:-1, max-image-preview:large, max-video-preview:-1\" \/>\n<link rel=\"canonical\" href=\"https:\/\/alpontemocenigo.com\/it\/privacy-policy\/\" \/>\n<meta property=\"og:locale\" content=\"it_IT\" \/>\n<meta property=\"og:type\" content=\"article\" \/>\n<meta property=\"og:title\" content=\"Privacy Policy | Hotel Al Ponte Mocenigo Venezia Sito Ufficiale\" \/>\n<meta property=\"og:description\" content=\"Leggi la nostra informativa sulla privacy per sapere come proteggiamo i tuoi dati personali nel rispetto della normativa vigente.\" \/>\n<meta property=\"og:url\" content=\"https:\/\/alpontemocenigo.com\/it\/privacy-policy\/\" \/>\n<meta property=\"og:site_name\" content=\"Hotel Al Ponte Mocenigo Venezia Sito Ufficiale\" \/>\n<meta property=\"article:publisher\" content=\"https:\/\/www.facebook.com\/hotelalpontemocenigovenice\/\" \/>\n<meta property=\"article:modified_time\" content=\"2025-05-21T13:15:18+00:00\" \/>\n<meta name=\"twitter:card\" content=\"summary_large_image\" \/>\n<meta name=\"twitter:label1\" content=\"Tempo di lettura stimato\" \/>\n\t<meta name=\"twitter:data1\" content=\"7 minuti\" \/>\n<script type=\"application\/ld+json\" class=\"yoast-schema-graph\">{\"@context\":\"https:\/\/schema.org\",\"@graph\":[{\"@type\":\"WebPage\",\"@id\":\"https:\/\/alpontemocenigo.com\/it\/privacy-policy\/\",\"url\":\"https:\/\/alpontemocenigo.com\/it\/privacy-policy\/\",\"name\":\"Privacy Policy | Hotel Al Ponte Mocenigo Venezia Sito Ufficiale\",\"isPartOf\":{\"@id\":\"https:\/\/alpontemocenigo.com\/it\/#website\"},\"datePublished\":\"2020-11-27T09:10:40+00:00\",\"dateModified\":\"2025-05-21T13:15:18+00:00\",\"description\":\"Leggi la nostra informativa sulla privacy per sapere come proteggiamo i tuoi dati personali nel rispetto della normativa vigente.\",\"breadcrumb\":{\"@id\":\"https:\/\/alpontemocenigo.com\/it\/privacy-policy\/#breadcrumb\"},\"inLanguage\":\"it-IT\",\"potentialAction\":[{\"@type\":\"ReadAction\",\"target\":[\"https:\/\/alpontemocenigo.com\/it\/privacy-policy\/\"]}]},{\"@type\":\"BreadcrumbList\",\"@id\":\"https:\/\/alpontemocenigo.com\/it\/privacy-policy\/#breadcrumb\",\"itemListElement\":[{\"@type\":\"ListItem\",\"position\":1,\"name\":\"Home\",\"item\":\"https:\/\/alpontemocenigo.com\/it\/\"},{\"@type\":\"ListItem\",\"position\":2,\"name\":\"Privacy Policy\"}]},{\"@type\":\"WebSite\",\"@id\":\"https:\/\/alpontemocenigo.com\/it\/#website\",\"url\":\"https:\/\/alpontemocenigo.com\/it\/\",\"name\":\"Hotel Al ponte Mocenigo\",\"description\":\"Hotel nel cuore di Venezia\",\"publisher\":{\"@id\":\"https:\/\/alpontemocenigo.com\/it\/#organization\"},\"potentialAction\":[{\"@type\":\"SearchAction\",\"target\":{\"@type\":\"EntryPoint\",\"urlTemplate\":\"https:\/\/alpontemocenigo.com\/it\/?s={search_term_string}\"},\"query-input\":{\"@type\":\"PropertyValueSpecification\",\"valueRequired\":true,\"valueName\":\"search_term_string\"}}],\"inLanguage\":\"it-IT\"},{\"@type\":\"Organization\",\"@id\":\"https:\/\/alpontemocenigo.com\/it\/#organization\",\"name\":\"Hotel Al Ponte Mocenigo Venice\",\"url\":\"https:\/\/alpontemocenigo.com\/it\/\",\"logo\":{\"@type\":\"ImageObject\",\"inLanguage\":\"it-IT\",\"@id\":\"https:\/\/alpontemocenigo.com\/it\/#\/schema\/logo\/image\/\",\"url\":\"https:\/\/alpontemocenigo.com\/wp-content\/uploads\/2020\/10\/logo-v2r.png\",\"contentUrl\":\"https:\/\/alpontemocenigo.com\/wp-content\/uploads\/2020\/10\/logo-v2r.png\",\"width\":268,\"height\":90,\"caption\":\"Hotel Al Ponte Mocenigo Venice\"},\"image\":{\"@id\":\"https:\/\/alpontemocenigo.com\/it\/#\/schema\/logo\/image\/\"},\"sameAs\":[\"https:\/\/www.facebook.com\/hotelalpontemocenigovenice\/\"]}]}<\/script>\n<!-- \/ Yoast SEO plugin. -->","yoast_head_json":{"title":"Privacy Policy | Hotel Al Ponte Mocenigo Venezia Sito Ufficiale","description":"Leggi la nostra informativa sulla privacy per sapere come proteggiamo i tuoi dati personali nel rispetto della normativa vigente.","robots":{"index":"index","follow":"follow","max-snippet":"max-snippet:-1","max-image-preview":"max-image-preview:large","max-video-preview":"max-video-preview:-1"},"canonical":"https:\/\/alpontemocenigo.com\/it\/privacy-policy\/","og_locale":"it_IT","og_type":"article","og_title":"Privacy Policy | Hotel Al Ponte Mocenigo Venezia Sito Ufficiale","og_description":"Leggi la nostra informativa sulla privacy per sapere come proteggiamo i tuoi dati personali nel rispetto della normativa vigente.","og_url":"https:\/\/alpontemocenigo.com\/it\/privacy-policy\/","og_site_name":"Hotel Al Ponte Mocenigo Venezia Sito Ufficiale","article_publisher":"https:\/\/www.facebook.com\/hotelalpontemocenigovenice\/","article_modified_time":"2025-05-21T13:15:18+00:00","twitter_card":"summary_large_image","twitter_misc":{"Tempo di lettura stimato":"7 minuti"},"schema":{"@context":"https:\/\/schema.org","@graph":[{"@type":"WebPage","@id":"https:\/\/alpontemocenigo.com\/it\/privacy-policy\/","url":"https:\/\/alpontemocenigo.com\/it\/privacy-policy\/","name":"Privacy Policy | Hotel Al Ponte Mocenigo Venezia Sito Ufficiale","isPartOf":{"@id":"https:\/\/alpontemocenigo.com\/it\/#website"},"datePublished":"2020-11-27T09:10:40+00:00","dateModified":"2025-05-21T13:15:18+00:00","description":"Leggi la nostra informativa sulla privacy per sapere come proteggiamo i tuoi dati personali nel rispetto della normativa vigente.","breadcrumb":{"@id":"https:\/\/alpontemocenigo.com\/it\/privacy-policy\/#breadcrumb"},"inLanguage":"it-IT","potentialAction":[{"@type":"ReadAction","target":["https:\/\/alpontemocenigo.com\/it\/privacy-policy\/"]}]},{"@type":"BreadcrumbList","@id":"https:\/\/alpontemocenigo.com\/it\/privacy-policy\/#breadcrumb","itemListElement":[{"@type":"ListItem","position":1,"name":"Home","item":"https:\/\/alpontemocenigo.com\/it\/"},{"@type":"ListItem","position":2,"name":"Privacy Policy"}]},{"@type":"WebSite","@id":"https:\/\/alpontemocenigo.com\/it\/#website","url":"https:\/\/alpontemocenigo.com\/it\/","name":"Hotel Al ponte Mocenigo","description":"Hotel nel cuore di Venezia","publisher":{"@id":"https:\/\/alpontemocenigo.com\/it\/#organization"},"potentialAction":[{"@type":"SearchAction","target":{"@type":"EntryPoint","urlTemplate":"https:\/\/alpontemocenigo.com\/it\/?s={search_term_string}"},"query-input":{"@type":"PropertyValueSpecification","valueRequired":true,"valueName":"search_term_string"}}],"inLanguage":"it-IT"},{"@type":"Organization","@id":"https:\/\/alpontemocenigo.com\/it\/#organization","name":"Hotel Al Ponte Mocenigo Venice","url":"https:\/\/alpontemocenigo.com\/it\/","logo":{"@type":"ImageObject","inLanguage":"it-IT","@id":"https:\/\/alpontemocenigo.com\/it\/#\/schema\/logo\/image\/","url":"https:\/\/alpontemocenigo.com\/wp-content\/uploads\/2020\/10\/logo-v2r.png","contentUrl":"https:\/\/alpontemocenigo.com\/wp-content\/uploads\/2020\/10\/logo-v2r.png","width":268,"height":90,"caption":"Hotel Al Ponte Mocenigo Venice"},"image":{"@id":"https:\/\/alpontemocenigo.com\/it\/#\/schema\/logo\/image\/"},"sameAs":["https:\/\/www.facebook.com\/hotelalpontemocenigovenice\/"]}]}},"_links":{"self":[{"href":"https:\/\/alpontemocenigo.com\/it\/wp-json\/wp\/v2\/pages\/3400","targetHints":{"allow":["GET"]}}],"collection":[{"href":"https:\/\/alpontemocenigo.com\/it\/wp-json\/wp\/v2\/pages"}],"about":[{"href":"https:\/\/alpontemocenigo.com\/it\/wp-json\/wp\/v2\/types\/page"}],"author":[{"embeddable":true,"href":"https:\/\/alpontemocenigo.com\/it\/wp-json\/wp\/v2\/users\/1"}],"replies":[{"embeddable":true,"href":"https:\/\/alpontemocenigo.com\/it\/wp-json\/wp\/v2\/comments?post=3400"}],"version-history":[{"count":1,"href":"https:\/\/alpontemocenigo.com\/it\/wp-json\/wp\/v2\/pages\/3400\/revisions"}],"predecessor-version":[{"id":3401,"href":"https:\/\/alpontemocenigo.com\/it\/wp-json\/wp\/v2\/pages\/3400\/revisions\/3401"}],"wp:attachment":[{"href":"https:\/\/alpontemocenigo.com\/it\/wp-json\/wp\/v2\/media?parent=3400"}],"curies":[{"name":"wp","href":"https:\/\/api.w.org\/{rel}","templated":true}]}}